{"id":12403,"date":"2025-04-16T09:36:39","date_gmt":"2025-04-16T07:36:39","guid":{"rendered":"https:\/\/fontaineo.eu\/?post_type=product&#038;p=12403"},"modified":"2025-06-06T14:16:43","modified_gmt":"2025-06-06T12:16:43","slug":"trailo","status":"publish","type":"product","link":"https:\/\/fontaineo.eu\/it\/product-2\/trailo","title":{"rendered":"Trail&rsquo;O"},"content":{"rendered":"<p style=\"text-align: left\" class=\"translation-block\"><span style=\"color: #4c4c4c\"><span style=\"font-size: 17px\"><b>D\u00e9bit : <\/b>Jusqu\u2019\u00e0 400 litres d\u2019eau fra\u00eeche par heure<\/span><\/span><\/p>\n<p><span style=\"color: #000000\"><span style=\"font-weight: bold;font-size: 17px\">Poids : <\/span><span style=\"font-size: 17px\">750<\/span><span style=\"font-size: 17px\">kg<\/span><\/span><\/p>\n<p><span style=\"color: #000000\"><span style=\"font-weight: bold;font-size: 17px\">Largeur : <\/span><span style=\"font-size: 17px\">1830 mm<\/span><\/span><\/p>\n<p><span style=\"color: #000000\"><strong>Longueur<\/strong> : 3 300 mm<\/span><\/p>\n<p><span style=\"color: #000000\"><strong>Hauteur :\u00a0<\/strong>1600 mm<\/span><\/p>\n<p><span style=\"color: #000000\"><span style=\"font-weight: bold;font-size: 17px\">Panneau :<\/span><span style=\"font-size: 17px\"> Inox 304 L ou 316 L <\/span><\/span><\/p>\n<p><span style=\"color: #000000\"><span style=\"font-weight: bold;font-size: 17px\">Carcasse : <\/span><span style=\"font-size: 17px\">Acier \u00e9lectrozingu\u00e9<\/span><\/span><\/p>\n<p><span style=\"color: #000000\"><strong>Installation<\/strong> : Ext\u00e9rieur\u00a0<\/span><\/p>\n<p><span style=\"color: #93c11e\"><span style=\"font-weight: bold;font-size: 17px\">Consommation :<\/span><span style=\"font-size: 17px\"> 1500w<\/span><\/span><\/p>\n<p class=\"translation-block\"><span style=\"color: #99cc00\"><strong>Alimentation<\/strong> : 230 V monophas\u00e9e<\/span><\/p>\n<p>&nbsp;<\/p>","protected":false},"excerpt":{"rendered":"<p>La\u00a0fontaine mobile TRAIL\u2019O\u00a0est la solution id\u00e9ale pour assurer une hydratation optimale lors d\u2019\u00e9v\u00e9nements, chantiers ou zones temporaires, avec un d\u00e9bit performant et une autonomie adapt\u00e9e aux besoins mobiles.<\/p>\n<p>Transportable avec un simple permis B, elle allie flexibilit\u00e9 et efficacit\u00e9, offrant une eau fra\u00eeche en tout lieu. Sa large surface de communication permet une visibilit\u00e9 maximale pour valoriser votre marque ou vos engagements.<\/p>","protected":false},"featured_media":12406,"comment_status":"closed","ping_status":"closed","template":"","meta":{"_acf_changed":false},"product_brand":[],"product_cat":[33,29],"product_tag":[30,31,37,35,36,32],"class_list":{"0":"post-12403","1":"product","2":"type-product","3":"status-publish","4":"has-post-thumbnail","6":"product_cat-fontaine-a-eau-exterieure","7":"product_cat-fontaine-a-eau-reseau","8":"product_tag-fontaine-a-eau-exterieure","9":"product_tag-fontaine-compacte","10":"product_tag-fontaine-pour-parc","11":"product_tag-fontaine-publique","12":"product_tag-fontaine-secteur-prive","13":"product_tag-primo","15":"first","16":"instock","17":"shipping-taxable","18":"product-type-external"},"acf":[],"yoast_head":"<!-- This site is optimized with the Yoast SEO plugin v27.4 - https:\/\/yoast.com\/product\/yoast-seo-wordpress\/ -->\n<title>Trail&#039;O - Fontaineo<\/title>\n<meta name=\"robots\" content=\"index, follow, max-snippet:-1, max-image-preview:large, max-video-preview:-1\" \/>\n<link rel=\"canonical\" href=\"https:\/\/fontaineo.eu\/it\/product-2\/trailo\" \/>\n<meta property=\"og:locale\" content=\"it_IT\" \/>\n<meta property=\"og:type\" content=\"article\" \/>\n<meta property=\"og:title\" content=\"Trail&#039;O - Fontaineo\" \/>\n<meta property=\"og:description\" content=\"La\u00a0fontaine mobile TRAIL\u2019O\u00a0est la solution id\u00e9ale pour assurer une hydratation optimale lors d\u2019\u00e9v\u00e9nements, chantiers ou zones temporaires, avec un d\u00e9bit performant et une autonomie adapt\u00e9e aux besoins mobiles.  Transportable avec un simple permis B, elle allie flexibilit\u00e9 et efficacit\u00e9, offrant une eau fra\u00eeche en tout lieu. Sa large surface de communication permet une visibilit\u00e9 maximale pour valoriser votre marque ou vos engagements.\" \/>\n<meta property=\"og:url\" content=\"https:\/\/fontaineo.eu\/it\/product-2\/trailo\" \/>\n<meta property=\"og:site_name\" content=\"Fontaineo\" \/>\n<meta property=\"article:modified_time\" content=\"2025-06-06T12:16:43+00:00\" \/>\n<meta property=\"og:image\" content=\"https:\/\/fontaineo.eu\/wp-content\/uploads\/2025\/03\/remorque-fontaine-trailo.png\" \/>\n\t<meta property=\"og:image:width\" content=\"600\" \/>\n\t<meta property=\"og:image:height\" content=\"600\" \/>\n\t<meta property=\"og:image:type\" content=\"image\/png\" \/>\n<meta name=\"twitter:card\" content=\"summary_large_image\" \/>\n<meta name=\"twitter:label1\" content=\"Est. reading time\" \/>\n\t<meta name=\"twitter:data1\" content=\"1 minuto\" \/>\n<script type=\"application\/ld+json\" class=\"yoast-schema-graph\">{\"@context\":\"https:\\\/\\\/schema.org\",\"@graph\":[{\"@type\":\"WebPage\",\"@id\":\"https:\\\/\\\/fontaineo.eu\\\/produit\\\/trailo\",\"url\":\"https:\\\/\\\/fontaineo.eu\\\/produit\\\/trailo\",\"name\":\"Trail'O - Fontaineo\",\"isPartOf\":{\"@id\":\"https:\\\/\\\/fontaineo.eu\\\/#website\"},\"primaryImageOfPage\":{\"@id\":\"https:\\\/\\\/fontaineo.eu\\\/produit\\\/trailo#primaryimage\"},\"image\":{\"@id\":\"https:\\\/\\\/fontaineo.eu\\\/produit\\\/trailo#primaryimage\"},\"thumbnailUrl\":\"https:\\\/\\\/fontaineo.eu\\\/wp-content\\\/uploads\\\/2025\\\/03\\\/remorque-fontaine-trailo.png\",\"datePublished\":\"2025-04-16T07:36:39+00:00\",\"dateModified\":\"2025-06-06T12:16:43+00:00\",\"breadcrumb\":{\"@id\":\"https:\\\/\\\/fontaineo.eu\\\/produit\\\/trailo#breadcrumb\"},\"inLanguage\":\"it-IT\",\"potentialAction\":[{\"@type\":\"ReadAction\",\"target\":[\"https:\\\/\\\/fontaineo.eu\\\/produit\\\/trailo\"]}]},{\"@type\":\"ImageObject\",\"inLanguage\":\"it-IT\",\"@id\":\"https:\\\/\\\/fontaineo.eu\\\/produit\\\/trailo#primaryimage\",\"url\":\"https:\\\/\\\/fontaineo.eu\\\/wp-content\\\/uploads\\\/2025\\\/03\\\/remorque-fontaine-trailo.png\",\"contentUrl\":\"https:\\\/\\\/fontaineo.eu\\\/wp-content\\\/uploads\\\/2025\\\/03\\\/remorque-fontaine-trailo.png\",\"width\":600,\"height\":600,\"caption\":\"Une caravane blanche, orn\u00e9e de l'image d'un homme buvant \u00e0 la bouteille, est gar\u00e9e sous un grand arbre. La caravane est dot\u00e9e d'une fen\u00eatre affichant les boissons propos\u00e9es. Un feuillage vert occupe l'arri\u00e8re-plan.\"},{\"@type\":\"BreadcrumbList\",\"@id\":\"https:\\\/\\\/fontaineo.eu\\\/produit\\\/trailo#breadcrumb\",\"itemListElement\":[{\"@type\":\"ListItem\",\"position\":1,\"name\":\"Accueil\",\"item\":\"https:\\\/\\\/fontaineo.eu\\\/\"},{\"@type\":\"ListItem\",\"position\":2,\"name\":\"Boutique\",\"item\":\"https:\\\/\\\/fontaineo.eu\\\/boutique\"},{\"@type\":\"ListItem\",\"position\":3,\"name\":\"Trail&rsquo;O\"}]},{\"@type\":\"WebSite\",\"@id\":\"https:\\\/\\\/fontaineo.eu\\\/#website\",\"url\":\"https:\\\/\\\/fontaineo.eu\\\/\",\"name\":\"Fontaineo\",\"description\":\"Des fontaines \u00e0 eau pour tous vos projets\",\"publisher\":{\"@id\":\"https:\\\/\\\/fontaineo.eu\\\/#organization\"},\"potentialAction\":[{\"@type\":\"SearchAction\",\"target\":{\"@type\":\"EntryPoint\",\"urlTemplate\":\"https:\\\/\\\/fontaineo.eu\\\/?s={search_term_string}\"},\"query-input\":{\"@type\":\"PropertyValueSpecification\",\"valueRequired\":true,\"valueName\":\"search_term_string\"}}],\"inLanguage\":\"it-IT\"},{\"@type\":\"Organization\",\"@id\":\"https:\\\/\\\/fontaineo.eu\\\/#organization\",\"name\":\"Fontaineo\",\"url\":\"https:\\\/\\\/fontaineo.eu\\\/\",\"logo\":{\"@type\":\"ImageObject\",\"inLanguage\":\"it-IT\",\"@id\":\"https:\\\/\\\/fontaineo.eu\\\/#\\\/schema\\\/logo\\\/image\\\/\",\"url\":\"https:\\\/\\\/fontaineo.eu\\\/wp-content\\\/uploads\\\/2020\\\/04\\\/cropped-Fontaineo-logo-1.png\",\"contentUrl\":\"https:\\\/\\\/fontaineo.eu\\\/wp-content\\\/uploads\\\/2020\\\/04\\\/cropped-Fontaineo-logo-1.png\",\"width\":3208,\"height\":2692,\"caption\":\"Fontaineo\"},\"image\":{\"@id\":\"https:\\\/\\\/fontaineo.eu\\\/#\\\/schema\\\/logo\\\/image\\\/\"}}]}<\/script>\n<!-- \/ Yoast SEO plugin. -->","yoast_head_json":{"title":"Trail'O - Fontaineo","robots":{"index":"index","follow":"follow","max-snippet":"max-snippet:-1","max-image-preview":"max-image-preview:large","max-video-preview":"max-video-preview:-1"},"canonical":"https:\/\/fontaineo.eu\/it\/product-2\/trailo","og_locale":"it_IT","og_type":"article","og_title":"Trail'O - Fontaineo","og_description":"La\u00a0fontaine mobile TRAIL\u2019O\u00a0est la solution id\u00e9ale pour assurer une hydratation optimale lors d\u2019\u00e9v\u00e9nements, chantiers ou zones temporaires, avec un d\u00e9bit performant et une autonomie adapt\u00e9e aux besoins mobiles.  Transportable avec un simple permis B, elle allie flexibilit\u00e9 et efficacit\u00e9, offrant une eau fra\u00eeche en tout lieu. Sa large surface de communication permet une visibilit\u00e9 maximale pour valoriser votre marque ou vos engagements.","og_url":"https:\/\/fontaineo.eu\/it\/product-2\/trailo","og_site_name":"Fontaineo","article_modified_time":"2025-06-06T12:16:43+00:00","og_image":[{"width":600,"height":600,"url":"https:\/\/fontaineo.eu\/wp-content\/uploads\/2025\/03\/remorque-fontaine-trailo.png","type":"image\/png"}],"twitter_card":"summary_large_image","twitter_misc":{"Est. reading time":"1 minuto"},"schema":{"@context":"https:\/\/schema.org","@graph":[{"@type":"WebPage","@id":"https:\/\/fontaineo.eu\/produit\/trailo","url":"https:\/\/fontaineo.eu\/produit\/trailo","name":"Trail'O - Fontaineo","isPartOf":{"@id":"https:\/\/fontaineo.eu\/#website"},"primaryImageOfPage":{"@id":"https:\/\/fontaineo.eu\/produit\/trailo#primaryimage"},"image":{"@id":"https:\/\/fontaineo.eu\/produit\/trailo#primaryimage"},"thumbnailUrl":"https:\/\/fontaineo.eu\/wp-content\/uploads\/2025\/03\/remorque-fontaine-trailo.png","datePublished":"2025-04-16T07:36:39+00:00","dateModified":"2025-06-06T12:16:43+00:00","breadcrumb":{"@id":"https:\/\/fontaineo.eu\/produit\/trailo#breadcrumb"},"inLanguage":"it-IT","potentialAction":[{"@type":"ReadAction","target":["https:\/\/fontaineo.eu\/produit\/trailo"]}]},{"@type":"ImageObject","inLanguage":"it-IT","@id":"https:\/\/fontaineo.eu\/produit\/trailo#primaryimage","url":"https:\/\/fontaineo.eu\/wp-content\/uploads\/2025\/03\/remorque-fontaine-trailo.png","contentUrl":"https:\/\/fontaineo.eu\/wp-content\/uploads\/2025\/03\/remorque-fontaine-trailo.png","width":600,"height":600,"caption":"Une caravane blanche, orn\u00e9e de l'image d'un homme buvant \u00e0 la bouteille, est gar\u00e9e sous un grand arbre. La caravane est dot\u00e9e d'une fen\u00eatre affichant les boissons propos\u00e9es. Un feuillage vert occupe l'arri\u00e8re-plan."},{"@type":"BreadcrumbList","@id":"https:\/\/fontaineo.eu\/produit\/trailo#breadcrumb","itemListElement":[{"@type":"ListItem","position":1,"name":"Accueil","item":"https:\/\/fontaineo.eu\/"},{"@type":"ListItem","position":2,"name":"Boutique","item":"https:\/\/fontaineo.eu\/boutique"},{"@type":"ListItem","position":3,"name":"Trail&rsquo;O"}]},{"@type":"WebSite","@id":"https:\/\/fontaineo.eu\/#website","url":"https:\/\/fontaineo.eu\/","name":"Fontaineo","description":"Des fontaines \u00e0 eau pour tous vos projets","publisher":{"@id":"https:\/\/fontaineo.eu\/#organization"},"potentialAction":[{"@type":"SearchAction","target":{"@type":"EntryPoint","urlTemplate":"https:\/\/fontaineo.eu\/?s={search_term_string}"},"query-input":{"@type":"PropertyValueSpecification","valueRequired":true,"valueName":"search_term_string"}}],"inLanguage":"it-IT"},{"@type":"Organization","@id":"https:\/\/fontaineo.eu\/#organization","name":"Fontaineo","url":"https:\/\/fontaineo.eu\/","logo":{"@type":"ImageObject","inLanguage":"it-IT","@id":"https:\/\/fontaineo.eu\/#\/schema\/logo\/image\/","url":"https:\/\/fontaineo.eu\/wp-content\/uploads\/2020\/04\/cropped-Fontaineo-logo-1.png","contentUrl":"https:\/\/fontaineo.eu\/wp-content\/uploads\/2020\/04\/cropped-Fontaineo-logo-1.png","width":3208,"height":2692,"caption":"Fontaineo"},"image":{"@id":"https:\/\/fontaineo.eu\/#\/schema\/logo\/image\/"}}]}},"_links":{"self":[{"href":"https:\/\/fontaineo.eu\/it\/wp-json\/wp\/v2\/product\/12403","targetHints":{"allow":["GET"]}}],"collection":[{"href":"https:\/\/fontaineo.eu\/it\/wp-json\/wp\/v2\/product"}],"about":[{"href":"https:\/\/fontaineo.eu\/it\/wp-json\/wp\/v2\/types\/product"}],"replies":[{"embeddable":true,"href":"https:\/\/fontaineo.eu\/it\/wp-json\/wp\/v2\/comments?post=12403"}],"wp:featuredmedia":[{"embeddable":true,"href":"https:\/\/fontaineo.eu\/it\/wp-json\/wp\/v2\/media\/12406"}],"wp:attachment":[{"href":"https:\/\/fontaineo.eu\/it\/wp-json\/wp\/v2\/media?parent=12403"}],"wp:term":[{"taxonomy":"product_brand","embeddable":true,"href":"https:\/\/fontaineo.eu\/it\/wp-json\/wp\/v2\/product_brand?post=12403"},{"taxonomy":"product_cat","embeddable":true,"href":"https:\/\/fontaineo.eu\/it\/wp-json\/wp\/v2\/product_cat?post=12403"},{"taxonomy":"product_tag","embeddable":true,"href":"https:\/\/fontaineo.eu\/it\/wp-json\/wp\/v2\/product_tag?post=12403"}],"curies":[{"name":"wp","href":"https:\/\/api.w.org\/{rel}","templated":true}]}}