{"id":12361,"date":"2025-04-16T09:36:39","date_gmt":"2025-04-16T07:36:39","guid":{"rendered":"https:\/\/fontaineo.eu\/?post_type=product&#038;p=12361"},"modified":"2025-06-06T14:08:41","modified_gmt":"2025-06-06T12:08:41","slug":"contemporaine","status":"publish","type":"product","link":"https:\/\/fontaineo.eu\/it\/product-2\/contemporaine","title":{"rendered":"Contemporaine"},"content":{"rendered":"<p class=\"translation-block\"><span style=\"color: #4c4c4c\"><span style=\"font-size: 17px\"><b>D\u00e9bit : <\/b>Jusqu\u2019\u00e0 200 litres d\u2019eau fra\u00eeche \/ heure<\/span><\/span><\/p>\n<p><span style=\"font-weight: bold;color: #4c4c4c;font-size: 17px\">Poids : <\/span><span style=\"color: #4c4c4c;font-size: 17px\">1 100 kg<\/span><\/p>\n<p class=\"translation-block\"><span style=\"font-weight: bold;color: #4c4c4c;font-size: 17px\">Largeur : <\/span><span style=\"color: #4c4c4c;font-size: 17px\">1 500 mm<\/span><span style=\"color: #4c4c4c;font-size: 17px\"><br>\r\n<\/span><\/p>\n<p><span style=\"font-weight: bold;color: #4c4c4c;font-size: 17px\">Hauteur : <\/span><span style=\"color: #4c4c4c;font-size: 17px\">2 700 mm<\/span><span style=\"color: #4c4c4c;font-size: 17px\"><br \/>\n<\/span><\/p>\n<p><span style=\"font-weight: bold;color: #4c4c4c;font-size: 17px\">Panneau : <\/span><span style=\"color: #4c4c4c;font-size: 17px\">Inox 304 L ou 316 L<\/span><\/p>\n<p><span style=\"font-weight: bold;color: #4c4c4c;font-size: 17px\">Carcasse : <\/span><span style=\"color: #4c4c4c;font-size: 17px\">Acier \u00e9lectrozingu\u00e9<\/span><\/p>\n<p><span style=\"color: #4c4c4c\"><span style=\"font-size: 17px\"><span style=\"font-weight: bold\">Installation : <\/span><\/span><\/span><span style=\"color: #4c4c4c\"><span style=\"font-size: 17px\">Ext\u00e9rieur, pose au sol sur pieds r\u00e9glables<\/span><\/span><span style=\"color: #4c4c4c;font-size: 17px\"><br \/>\n<\/span><\/p>\n<p><span style=\"color: #93c11e\"><span style=\"font-weight: bold;font-size: 17px\">Consommation : <\/span><span style=\"font-size: 17px\">900 W<\/span><\/span><\/p>\n<p><span style=\"color: #93c11e\"><span style=\"font-weight: bold;font-size: 17px\">Alimentation : <\/span><span style=\"font-size: 17px\">230 V<\/span><\/span><\/p>","protected":false},"excerpt":{"rendered":"<p style=\"text-align: left\" class=\"translation-block\"><span style=\"font-size: 17px;color: #4c4c4c;font-family: var( --e-global-typography-text-font-family ), Sans-serif;background-color: var( --e-global-color-bfe335f )\">La <\/span><b style=\"font-size: 17px;color: #4c4c4c;font-family: var( --e-global-typography-text-font-family ), Sans-serif;background-color: var( --e-global-color-bfe335f )\">Contemporaine <\/b><span style=\"font-size: 17px;color: #4c4c4c;font-family: var( --e-global-typography-text-font-family ), Sans-serif;background-color: var( --e-global-color-bfe335f )\">est une <\/span><a style=\"font-size: 17px;font-family: var( --e-global-typography-text-font-family ), Sans-serif\" href=\"https:\/\/fontaineo.eu\/it\/fontaines-reseau\/\" target=\"_self\">fontaine \u00e0 eau r\u00e9seau<\/a><span style=\"font-size: 17px;color: #4c4c4c;font-family: var( --e-global-typography-text-font-family ), Sans-serif;background-color: var( --e-global-color-bfe335f )\"> moderne qui propose la plus large surface de personnalisation de notre gamme. Id\u00e9al pour v\u00e9hiculer votre image ! <\/span><\/p>\n<p style=\"text-align: left\" class=\"translation-block\"><span style=\"font-size: 17px;color: #4c4c4c;font-family: var( --e-global-typography-text-font-family ), Sans-serif;background-color: var( --e-global-color-bfe335f )\">Elle s\u2019adapte ainsi \u00e0 votre environnement, qu\u2019il soit urbain ou rural <\/span><span style=\"color: #4c4c4c\"><span style=\"font-size: 17px\">avec un <b>affichage possible jusqu\u2019\u00e0 12 m2<\/b>.<\/span><\/span><\/p>","protected":false},"featured_media":4591,"comment_status":"closed","ping_status":"closed","template":"","meta":{"_acf_changed":false},"product_brand":[],"product_cat":[33,29],"product_tag":[30,31,37,35,36,32],"class_list":{"0":"post-12361","1":"product","2":"type-product","3":"status-publish","4":"has-post-thumbnail","6":"product_cat-fontaine-a-eau-exterieure","7":"product_cat-fontaine-a-eau-reseau","8":"product_tag-fontaine-a-eau-exterieure","9":"product_tag-fontaine-compacte","10":"product_tag-fontaine-pour-parc","11":"product_tag-fontaine-publique","12":"product_tag-fontaine-secteur-prive","13":"product_tag-primo","15":"first","16":"instock","17":"shipping-taxable","18":"product-type-external"},"acf":[],"yoast_head":"<!-- This site is optimized with the Yoast SEO plugin v27.4 - https:\/\/yoast.com\/product\/yoast-seo-wordpress\/ -->\n<title>Contemporaine - Fontaineo<\/title>\n<meta name=\"robots\" content=\"index, follow, max-snippet:-1, max-image-preview:large, max-video-preview:-1\" \/>\n<link rel=\"canonical\" href=\"https:\/\/fontaineo.eu\/it\/product-2\/contemporaine\" \/>\n<meta property=\"og:locale\" content=\"it_IT\" \/>\n<meta property=\"og:type\" content=\"article\" \/>\n<meta property=\"og:title\" content=\"Contemporaine - Fontaineo\" \/>\n<meta property=\"og:description\" content=\"La Contemporaine est une fontaine \u00e0 eau r\u00e9seau moderne qui propose la plus large surface de personnalisation de notre gamme. Id\u00e9al pour v\u00e9hiculer votre image !  Elle s&#039;adapte ainsi \u00e0 votre environnement, qu&#039;il soit urbain ou rural avec un affichage possible jusqu&#039;\u00e0 12 m2.\" \/>\n<meta property=\"og:url\" content=\"https:\/\/fontaineo.eu\/it\/product-2\/contemporaine\" \/>\n<meta property=\"og:site_name\" content=\"Fontaineo\" \/>\n<meta property=\"article:modified_time\" content=\"2025-06-06T12:08:41+00:00\" \/>\n<meta property=\"og:image\" content=\"https:\/\/fontaineo.eu\/wp-content\/uploads\/2023\/02\/fontaine-a-eau-ville-beauvais-contemporaine.jpg\" \/>\n\t<meta property=\"og:image:width\" content=\"721\" \/>\n\t<meta property=\"og:image:height\" content=\"1600\" \/>\n\t<meta property=\"og:image:type\" content=\"image\/jpeg\" \/>\n<meta name=\"twitter:card\" content=\"summary_large_image\" \/>\n<meta name=\"twitter:label1\" content=\"Est. reading time\" \/>\n\t<meta name=\"twitter:data1\" content=\"1 minuto\" \/>\n<script type=\"application\/ld+json\" class=\"yoast-schema-graph\">{\"@context\":\"https:\\\/\\\/schema.org\",\"@graph\":[{\"@type\":\"WebPage\",\"@id\":\"https:\\\/\\\/fontaineo.eu\\\/produit\\\/contemporaine\",\"url\":\"https:\\\/\\\/fontaineo.eu\\\/produit\\\/contemporaine\",\"name\":\"Contemporaine - Fontaineo\",\"isPartOf\":{\"@id\":\"https:\\\/\\\/fontaineo.eu\\\/#website\"},\"primaryImageOfPage\":{\"@id\":\"https:\\\/\\\/fontaineo.eu\\\/produit\\\/contemporaine#primaryimage\"},\"image\":{\"@id\":\"https:\\\/\\\/fontaineo.eu\\\/produit\\\/contemporaine#primaryimage\"},\"thumbnailUrl\":\"https:\\\/\\\/fontaineo.eu\\\/wp-content\\\/uploads\\\/2023\\\/02\\\/fontaine-a-eau-ville-beauvais-contemporaine.jpg\",\"datePublished\":\"2025-04-16T07:36:39+00:00\",\"dateModified\":\"2025-06-06T12:08:41+00:00\",\"breadcrumb\":{\"@id\":\"https:\\\/\\\/fontaineo.eu\\\/produit\\\/contemporaine#breadcrumb\"},\"inLanguage\":\"it-IT\",\"potentialAction\":[{\"@type\":\"ReadAction\",\"target\":[\"https:\\\/\\\/fontaineo.eu\\\/produit\\\/contemporaine\"]}]},{\"@type\":\"ImageObject\",\"inLanguage\":\"it-IT\",\"@id\":\"https:\\\/\\\/fontaineo.eu\\\/produit\\\/contemporaine#primaryimage\",\"url\":\"https:\\\/\\\/fontaineo.eu\\\/wp-content\\\/uploads\\\/2023\\\/02\\\/fontaine-a-eau-ville-beauvais-contemporaine.jpg\",\"contentUrl\":\"https:\\\/\\\/fontaineo.eu\\\/wp-content\\\/uploads\\\/2023\\\/02\\\/fontaine-a-eau-ville-beauvais-contemporaine.jpg\",\"width\":721,\"height\":1600},{\"@type\":\"BreadcrumbList\",\"@id\":\"https:\\\/\\\/fontaineo.eu\\\/produit\\\/contemporaine#breadcrumb\",\"itemListElement\":[{\"@type\":\"ListItem\",\"position\":1,\"name\":\"Accueil\",\"item\":\"https:\\\/\\\/fontaineo.eu\\\/\"},{\"@type\":\"ListItem\",\"position\":2,\"name\":\"Boutique\",\"item\":\"https:\\\/\\\/fontaineo.eu\\\/boutique\"},{\"@type\":\"ListItem\",\"position\":3,\"name\":\"Contemporaine\"}]},{\"@type\":\"WebSite\",\"@id\":\"https:\\\/\\\/fontaineo.eu\\\/#website\",\"url\":\"https:\\\/\\\/fontaineo.eu\\\/\",\"name\":\"Fontaineo\",\"description\":\"Des fontaines \u00e0 eau pour tous vos projets\",\"publisher\":{\"@id\":\"https:\\\/\\\/fontaineo.eu\\\/#organization\"},\"potentialAction\":[{\"@type\":\"SearchAction\",\"target\":{\"@type\":\"EntryPoint\",\"urlTemplate\":\"https:\\\/\\\/fontaineo.eu\\\/?s={search_term_string}\"},\"query-input\":{\"@type\":\"PropertyValueSpecification\",\"valueRequired\":true,\"valueName\":\"search_term_string\"}}],\"inLanguage\":\"it-IT\"},{\"@type\":\"Organization\",\"@id\":\"https:\\\/\\\/fontaineo.eu\\\/#organization\",\"name\":\"Fontaineo\",\"url\":\"https:\\\/\\\/fontaineo.eu\\\/\",\"logo\":{\"@type\":\"ImageObject\",\"inLanguage\":\"it-IT\",\"@id\":\"https:\\\/\\\/fontaineo.eu\\\/#\\\/schema\\\/logo\\\/image\\\/\",\"url\":\"https:\\\/\\\/fontaineo.eu\\\/wp-content\\\/uploads\\\/2020\\\/04\\\/cropped-Fontaineo-logo-1.png\",\"contentUrl\":\"https:\\\/\\\/fontaineo.eu\\\/wp-content\\\/uploads\\\/2020\\\/04\\\/cropped-Fontaineo-logo-1.png\",\"width\":3208,\"height\":2692,\"caption\":\"Fontaineo\"},\"image\":{\"@id\":\"https:\\\/\\\/fontaineo.eu\\\/#\\\/schema\\\/logo\\\/image\\\/\"}}]}<\/script>\n<!-- \/ Yoast SEO plugin. -->","yoast_head_json":{"title":"Contemporaine - Fontaineo","robots":{"index":"index","follow":"follow","max-snippet":"max-snippet:-1","max-image-preview":"max-image-preview:large","max-video-preview":"max-video-preview:-1"},"canonical":"https:\/\/fontaineo.eu\/it\/product-2\/contemporaine","og_locale":"it_IT","og_type":"article","og_title":"Contemporaine - Fontaineo","og_description":"La Contemporaine est une fontaine \u00e0 eau r\u00e9seau moderne qui propose la plus large surface de personnalisation de notre gamme. Id\u00e9al pour v\u00e9hiculer votre image !  Elle s'adapte ainsi \u00e0 votre environnement, qu'il soit urbain ou rural avec un affichage possible jusqu'\u00e0 12 m2.","og_url":"https:\/\/fontaineo.eu\/it\/product-2\/contemporaine","og_site_name":"Fontaineo","article_modified_time":"2025-06-06T12:08:41+00:00","og_image":[{"width":721,"height":1600,"url":"https:\/\/fontaineo.eu\/wp-content\/uploads\/2023\/02\/fontaine-a-eau-ville-beauvais-contemporaine.jpg","type":"image\/jpeg"}],"twitter_card":"summary_large_image","twitter_misc":{"Est. reading time":"1 minuto"},"schema":{"@context":"https:\/\/schema.org","@graph":[{"@type":"WebPage","@id":"https:\/\/fontaineo.eu\/produit\/contemporaine","url":"https:\/\/fontaineo.eu\/produit\/contemporaine","name":"Contemporaine - Fontaineo","isPartOf":{"@id":"https:\/\/fontaineo.eu\/#website"},"primaryImageOfPage":{"@id":"https:\/\/fontaineo.eu\/produit\/contemporaine#primaryimage"},"image":{"@id":"https:\/\/fontaineo.eu\/produit\/contemporaine#primaryimage"},"thumbnailUrl":"https:\/\/fontaineo.eu\/wp-content\/uploads\/2023\/02\/fontaine-a-eau-ville-beauvais-contemporaine.jpg","datePublished":"2025-04-16T07:36:39+00:00","dateModified":"2025-06-06T12:08:41+00:00","breadcrumb":{"@id":"https:\/\/fontaineo.eu\/produit\/contemporaine#breadcrumb"},"inLanguage":"it-IT","potentialAction":[{"@type":"ReadAction","target":["https:\/\/fontaineo.eu\/produit\/contemporaine"]}]},{"@type":"ImageObject","inLanguage":"it-IT","@id":"https:\/\/fontaineo.eu\/produit\/contemporaine#primaryimage","url":"https:\/\/fontaineo.eu\/wp-content\/uploads\/2023\/02\/fontaine-a-eau-ville-beauvais-contemporaine.jpg","contentUrl":"https:\/\/fontaineo.eu\/wp-content\/uploads\/2023\/02\/fontaine-a-eau-ville-beauvais-contemporaine.jpg","width":721,"height":1600},{"@type":"BreadcrumbList","@id":"https:\/\/fontaineo.eu\/produit\/contemporaine#breadcrumb","itemListElement":[{"@type":"ListItem","position":1,"name":"Accueil","item":"https:\/\/fontaineo.eu\/"},{"@type":"ListItem","position":2,"name":"Boutique","item":"https:\/\/fontaineo.eu\/boutique"},{"@type":"ListItem","position":3,"name":"Contemporaine"}]},{"@type":"WebSite","@id":"https:\/\/fontaineo.eu\/#website","url":"https:\/\/fontaineo.eu\/","name":"Fontaineo","description":"Des fontaines \u00e0 eau pour tous vos projets","publisher":{"@id":"https:\/\/fontaineo.eu\/#organization"},"potentialAction":[{"@type":"SearchAction","target":{"@type":"EntryPoint","urlTemplate":"https:\/\/fontaineo.eu\/?s={search_term_string}"},"query-input":{"@type":"PropertyValueSpecification","valueRequired":true,"valueName":"search_term_string"}}],"inLanguage":"it-IT"},{"@type":"Organization","@id":"https:\/\/fontaineo.eu\/#organization","name":"Fontaineo","url":"https:\/\/fontaineo.eu\/","logo":{"@type":"ImageObject","inLanguage":"it-IT","@id":"https:\/\/fontaineo.eu\/#\/schema\/logo\/image\/","url":"https:\/\/fontaineo.eu\/wp-content\/uploads\/2020\/04\/cropped-Fontaineo-logo-1.png","contentUrl":"https:\/\/fontaineo.eu\/wp-content\/uploads\/2020\/04\/cropped-Fontaineo-logo-1.png","width":3208,"height":2692,"caption":"Fontaineo"},"image":{"@id":"https:\/\/fontaineo.eu\/#\/schema\/logo\/image\/"}}]}},"_links":{"self":[{"href":"https:\/\/fontaineo.eu\/it\/wp-json\/wp\/v2\/product\/12361","targetHints":{"allow":["GET"]}}],"collection":[{"href":"https:\/\/fontaineo.eu\/it\/wp-json\/wp\/v2\/product"}],"about":[{"href":"https:\/\/fontaineo.eu\/it\/wp-json\/wp\/v2\/types\/product"}],"replies":[{"embeddable":true,"href":"https:\/\/fontaineo.eu\/it\/wp-json\/wp\/v2\/comments?post=12361"}],"wp:featuredmedia":[{"embeddable":true,"href":"https:\/\/fontaineo.eu\/it\/wp-json\/wp\/v2\/media\/4591"}],"wp:attachment":[{"href":"https:\/\/fontaineo.eu\/it\/wp-json\/wp\/v2\/media?parent=12361"}],"wp:term":[{"taxonomy":"product_brand","embeddable":true,"href":"https:\/\/fontaineo.eu\/it\/wp-json\/wp\/v2\/product_brand?post=12361"},{"taxonomy":"product_cat","embeddable":true,"href":"https:\/\/fontaineo.eu\/it\/wp-json\/wp\/v2\/product_cat?post=12361"},{"taxonomy":"product_tag","embeddable":true,"href":"https:\/\/fontaineo.eu\/it\/wp-json\/wp\/v2\/product_tag?post=12361"}],"curies":[{"name":"wp","href":"https:\/\/api.w.org\/{rel}","templated":true}]}}