{"id":12346,"date":"2025-04-16T09:36:39","date_gmt":"2025-04-16T07:36:39","guid":{"rendered":"https:\/\/fontaineo.eu\/?post_type=product&#038;p=12346"},"modified":"2025-06-06T14:14:46","modified_gmt":"2025-06-06T12:14:46","slug":"sourceo-plus","status":"publish","type":"product","link":"https:\/\/fontaineo.eu\/it\/product-2\/sourceo-plus","title":{"rendered":"Sourceo +"},"content":{"rendered":"<p style=\"text-align: left\"><span style=\"color: #4c4c4c\"><span style=\"font-size: 17px\"><b>D\u00e9bit : <\/b> 200 litres d&rsquo;eau fra\u00eeche \/ heure<\/span><\/span><\/p>\n<p><span style=\"font-weight: bold;color: #4c4c4c;font-size: 17px\">Poids : <\/span><span style=\"color: #4c4c4c;font-size: 17px\">250 kg<\/span><\/p>\n<p><span style=\"font-weight: bold;color: #4c4c4c;font-size: 17px\">Largeur : <\/span><span style=\"color: #4c4c4c;font-size: 17px\">600 mm <\/span><span style=\"color: #4c4c4c;font-size: 17px\"><br \/>\n<\/span><\/p>\n<p><span style=\"color: #4c4c4c;font-size: 17px\"><strong>Longueur<\/strong> <strong>:<\/strong> 800 mm<\/span><\/p>\n<p><span style=\"font-weight: bold;color: #4c4c4c;font-size: 17px\">Hauteur : <\/span><span style=\"color: #4c4c4c;font-size: 17px\">1 800 mm<\/span><span style=\"color: #4c4c4c;font-size: 17px\"><br \/>\n<\/span><\/p>\n<p><span style=\"font-weight: bold;color: #4c4c4c;font-size: 17px\">Panneau : <\/span><span style=\"color: #4c4c4c;font-size: 17px\">Inox 304 L ou 316 L, m<\/span><span style=\"color: #4c4c4c;font-size: 17px;font-family: var( --e-global-typography-text-font-family ), Sans-serif\">at\u00e9riaux recycl\u00e9s et recyclables<\/span><\/p>\n<p><span style=\"font-weight: bold;color: #4c4c4c;font-size: 17px\">Carcasse : <\/span><span style=\"color: #4c4c4c;font-size: 17px\">Acier peint<\/span><\/p>\n<p><span style=\"color: #4c4c4c\"><span style=\"font-size: 17px\"><span style=\"font-weight: bold\">Installation : <\/span><\/span><\/span><span style=\"color: #4c4c4c\"><span style=\"font-size: 17px\">Int\u00e9rieur \/ ext\u00e9rieur, pose au sol sur pieds r\u00e9glables<\/span><\/span><span style=\"color: #4c4c4c;font-size: 17px\"><br \/>\n<\/span><\/p>\n<p><span style=\"color: #93c11e\"><span style=\"font-weight: bold;font-size: 17px\">Consommation : <\/span><span style=\"font-size: 17px\">900 W<\/span><\/span><\/p>\n<p><span style=\"color: #93c11e\"><span style=\"font-weight: bold;font-size: 17px\">Alimentation : <\/span><span style=\"font-size: 17px\">230 V<\/span><\/span><\/p>\n<p>&nbsp;<\/p>","protected":false},"excerpt":{"rendered":"<p style=\"text-align: left\" class=\"translation-block\"><span style=\"color: #4c4c4c\"><span style=\"font-size: 17px\">Vous souhaitez un <strong>support de communication mobile et l\u00e9ger<\/strong> ? <\/span><\/span><\/p>\n<p class=\"translation-block\"><span style=\"color: #000000\">La fontaine SOURCEO+ allie <strong>performance et robustesse<\/strong> avec un d\u00e9bit de 200 L\/h d\u2019eau fra\u00eeche, id\u00e9ale pour les environnements \u00e0 forte fr\u00e9quentation. Son syst\u00e8me de distribution par <strong>d\u00e9tection des contenants<\/strong> garantit une utilisation<strong> fluide et hygi\u00e9nique.<\/strong> Con\u00e7ue pour une <strong>implantation facile<\/strong>, elle s\u2019adapte \u00e0 tous les espaces tout en offrant une <strong>personnalisation compl\u00e8te<\/strong> pour valoriser votre image de marque.<\/span><\/p>\n<p style=\"text-align: left\" class=\"translation-block\">Une <a href=\"https:\/\/fontaineo.eu\/it\/fontaines-reseau\/\" target=\"_self\">fontaine \u00e0 eau r\u00e9seau<\/a> id\u00e9ale pour l\u2019int\u00e9rieur comme pour l\u2019ext\u00e9rieur.<\/p>\n<p style=\"text-align: center\">","protected":false},"featured_media":12388,"comment_status":"closed","ping_status":"closed","template":"","meta":{"_acf_changed":false},"product_brand":[],"product_cat":[33,29],"product_tag":[30,31,37,35,36,32],"class_list":{"0":"post-12346","1":"product","2":"type-product","3":"status-publish","4":"has-post-thumbnail","6":"product_cat-fontaine-a-eau-exterieure","7":"product_cat-fontaine-a-eau-reseau","8":"product_tag-fontaine-a-eau-exterieure","9":"product_tag-fontaine-compacte","10":"product_tag-fontaine-pour-parc","11":"product_tag-fontaine-publique","12":"product_tag-fontaine-secteur-prive","13":"product_tag-primo","15":"first","16":"instock","17":"shipping-taxable","18":"product-type-external"},"acf":[],"yoast_head":"<!-- This site is optimized with the Yoast SEO plugin v27.4 - https:\/\/yoast.com\/product\/yoast-seo-wordpress\/ -->\n<title>Sourceo + - Fontaineo<\/title>\n<meta name=\"robots\" content=\"index, follow, max-snippet:-1, max-image-preview:large, max-video-preview:-1\" \/>\n<link rel=\"canonical\" href=\"https:\/\/fontaineo.eu\/it\/product-2\/sourceo-plus\" \/>\n<meta property=\"og:locale\" content=\"it_IT\" \/>\n<meta property=\"og:type\" content=\"article\" \/>\n<meta property=\"og:title\" content=\"Sourceo + - Fontaineo\" \/>\n<meta property=\"og:description\" content=\"Vous souhaitez un support de communication mobile et l\u00e9ger ?  La fontaine SOURCEO+ allie performance et robustesse avec un d\u00e9bit de 200 L\/h d\u2019eau fra\u00eeche, id\u00e9ale pour les environnements \u00e0 forte fr\u00e9quentation. Son syst\u00e8me de distribution par d\u00e9tection des contenants garantit une utilisation fluide et hygi\u00e9nique. Con\u00e7ue pour une implantation facile, elle s\u2019adapte \u00e0 tous les espaces tout en offrant une personnalisation compl\u00e8te pour valoriser votre image de marque. Une fontaine \u00e0 eau r\u00e9seau id\u00e9ale pour l\u2019int\u00e9rieur comme pour l\u2019ext\u00e9rieur.\" \/>\n<meta property=\"og:url\" content=\"https:\/\/fontaineo.eu\/it\/product-2\/sourceo-plus\" \/>\n<meta property=\"og:site_name\" content=\"Fontaineo\" \/>\n<meta property=\"article:modified_time\" content=\"2025-06-06T12:14:46+00:00\" \/>\n<meta property=\"og:image\" content=\"https:\/\/fontaineo.eu\/wp-content\/uploads\/2025\/03\/sourceo-light-eau47.png\" \/>\n\t<meta property=\"og:image:width\" content=\"600\" \/>\n\t<meta property=\"og:image:height\" content=\"600\" \/>\n\t<meta property=\"og:image:type\" content=\"image\/png\" \/>\n<meta name=\"twitter:card\" content=\"summary_large_image\" \/>\n<meta name=\"twitter:label1\" content=\"Est. reading time\" \/>\n\t<meta name=\"twitter:data1\" content=\"1 minuto\" \/>\n<script type=\"application\/ld+json\" class=\"yoast-schema-graph\">{\"@context\":\"https:\\\/\\\/schema.org\",\"@graph\":[{\"@type\":\"WebPage\",\"@id\":\"https:\\\/\\\/fontaineo.eu\\\/produit\\\/sourceo-plus\",\"url\":\"https:\\\/\\\/fontaineo.eu\\\/produit\\\/sourceo-plus\",\"name\":\"Sourceo + - Fontaineo\",\"isPartOf\":{\"@id\":\"https:\\\/\\\/fontaineo.eu\\\/#website\"},\"primaryImageOfPage\":{\"@id\":\"https:\\\/\\\/fontaineo.eu\\\/produit\\\/sourceo-plus#primaryimage\"},\"image\":{\"@id\":\"https:\\\/\\\/fontaineo.eu\\\/produit\\\/sourceo-plus#primaryimage\"},\"thumbnailUrl\":\"https:\\\/\\\/fontaineo.eu\\\/wp-content\\\/uploads\\\/2025\\\/03\\\/sourceo-light-eau47.png\",\"datePublished\":\"2025-04-16T07:36:39+00:00\",\"dateModified\":\"2025-06-06T12:14:46+00:00\",\"breadcrumb\":{\"@id\":\"https:\\\/\\\/fontaineo.eu\\\/produit\\\/sourceo-plus#breadcrumb\"},\"inLanguage\":\"it-IT\",\"potentialAction\":[{\"@type\":\"ReadAction\",\"target\":[\"https:\\\/\\\/fontaineo.eu\\\/produit\\\/sourceo-plus\"]}]},{\"@type\":\"ImageObject\",\"inLanguage\":\"it-IT\",\"@id\":\"https:\\\/\\\/fontaineo.eu\\\/produit\\\/sourceo-plus#primaryimage\",\"url\":\"https:\\\/\\\/fontaineo.eu\\\/wp-content\\\/uploads\\\/2025\\\/03\\\/sourceo-light-eau47.png\",\"contentUrl\":\"https:\\\/\\\/fontaineo.eu\\\/wp-content\\\/uploads\\\/2025\\\/03\\\/sourceo-light-eau47.png\",\"width\":600,\"height\":600,\"caption\":\"Un distributeur d'eau rectangulaire, baptis\u00e9 \u00ab\u00a0Eau4\u00a0\u00bb, est install\u00e9 sur un trottoir. Il arbore un logo et la photo d'une personne buvant de l'eau. Un texte en fran\u00e7ais est visible, encourageant l'acc\u00e8s \u00e0 l'eau. Le distributeur dispose d'une zone de distribution \u00e0 l'avant.\"},{\"@type\":\"BreadcrumbList\",\"@id\":\"https:\\\/\\\/fontaineo.eu\\\/produit\\\/sourceo-plus#breadcrumb\",\"itemListElement\":[{\"@type\":\"ListItem\",\"position\":1,\"name\":\"Accueil\",\"item\":\"https:\\\/\\\/fontaineo.eu\\\/\"},{\"@type\":\"ListItem\",\"position\":2,\"name\":\"Boutique\",\"item\":\"https:\\\/\\\/fontaineo.eu\\\/boutique\"},{\"@type\":\"ListItem\",\"position\":3,\"name\":\"Sourceo +\"}]},{\"@type\":\"WebSite\",\"@id\":\"https:\\\/\\\/fontaineo.eu\\\/#website\",\"url\":\"https:\\\/\\\/fontaineo.eu\\\/\",\"name\":\"Fontaineo\",\"description\":\"Des fontaines \u00e0 eau pour tous vos projets\",\"publisher\":{\"@id\":\"https:\\\/\\\/fontaineo.eu\\\/#organization\"},\"potentialAction\":[{\"@type\":\"SearchAction\",\"target\":{\"@type\":\"EntryPoint\",\"urlTemplate\":\"https:\\\/\\\/fontaineo.eu\\\/?s={search_term_string}\"},\"query-input\":{\"@type\":\"PropertyValueSpecification\",\"valueRequired\":true,\"valueName\":\"search_term_string\"}}],\"inLanguage\":\"it-IT\"},{\"@type\":\"Organization\",\"@id\":\"https:\\\/\\\/fontaineo.eu\\\/#organization\",\"name\":\"Fontaineo\",\"url\":\"https:\\\/\\\/fontaineo.eu\\\/\",\"logo\":{\"@type\":\"ImageObject\",\"inLanguage\":\"it-IT\",\"@id\":\"https:\\\/\\\/fontaineo.eu\\\/#\\\/schema\\\/logo\\\/image\\\/\",\"url\":\"https:\\\/\\\/fontaineo.eu\\\/wp-content\\\/uploads\\\/2020\\\/04\\\/cropped-Fontaineo-logo-1.png\",\"contentUrl\":\"https:\\\/\\\/fontaineo.eu\\\/wp-content\\\/uploads\\\/2020\\\/04\\\/cropped-Fontaineo-logo-1.png\",\"width\":3208,\"height\":2692,\"caption\":\"Fontaineo\"},\"image\":{\"@id\":\"https:\\\/\\\/fontaineo.eu\\\/#\\\/schema\\\/logo\\\/image\\\/\"}}]}<\/script>\n<!-- \/ Yoast SEO plugin. -->","yoast_head_json":{"title":"Sourceo + - Fontaineo","robots":{"index":"index","follow":"follow","max-snippet":"max-snippet:-1","max-image-preview":"max-image-preview:large","max-video-preview":"max-video-preview:-1"},"canonical":"https:\/\/fontaineo.eu\/it\/product-2\/sourceo-plus","og_locale":"it_IT","og_type":"article","og_title":"Sourceo + - Fontaineo","og_description":"Vous souhaitez un support de communication mobile et l\u00e9ger ?  La fontaine SOURCEO+ allie performance et robustesse avec un d\u00e9bit de 200 L\/h d\u2019eau fra\u00eeche, id\u00e9ale pour les environnements \u00e0 forte fr\u00e9quentation. Son syst\u00e8me de distribution par d\u00e9tection des contenants garantit une utilisation fluide et hygi\u00e9nique. Con\u00e7ue pour une implantation facile, elle s\u2019adapte \u00e0 tous les espaces tout en offrant une personnalisation compl\u00e8te pour valoriser votre image de marque. Une fontaine \u00e0 eau r\u00e9seau id\u00e9ale pour l\u2019int\u00e9rieur comme pour l\u2019ext\u00e9rieur.","og_url":"https:\/\/fontaineo.eu\/it\/product-2\/sourceo-plus","og_site_name":"Fontaineo","article_modified_time":"2025-06-06T12:14:46+00:00","og_image":[{"width":600,"height":600,"url":"https:\/\/fontaineo.eu\/wp-content\/uploads\/2025\/03\/sourceo-light-eau47.png","type":"image\/png"}],"twitter_card":"summary_large_image","twitter_misc":{"Est. reading time":"1 minuto"},"schema":{"@context":"https:\/\/schema.org","@graph":[{"@type":"WebPage","@id":"https:\/\/fontaineo.eu\/produit\/sourceo-plus","url":"https:\/\/fontaineo.eu\/produit\/sourceo-plus","name":"Sourceo + - Fontaineo","isPartOf":{"@id":"https:\/\/fontaineo.eu\/#website"},"primaryImageOfPage":{"@id":"https:\/\/fontaineo.eu\/produit\/sourceo-plus#primaryimage"},"image":{"@id":"https:\/\/fontaineo.eu\/produit\/sourceo-plus#primaryimage"},"thumbnailUrl":"https:\/\/fontaineo.eu\/wp-content\/uploads\/2025\/03\/sourceo-light-eau47.png","datePublished":"2025-04-16T07:36:39+00:00","dateModified":"2025-06-06T12:14:46+00:00","breadcrumb":{"@id":"https:\/\/fontaineo.eu\/produit\/sourceo-plus#breadcrumb"},"inLanguage":"it-IT","potentialAction":[{"@type":"ReadAction","target":["https:\/\/fontaineo.eu\/produit\/sourceo-plus"]}]},{"@type":"ImageObject","inLanguage":"it-IT","@id":"https:\/\/fontaineo.eu\/produit\/sourceo-plus#primaryimage","url":"https:\/\/fontaineo.eu\/wp-content\/uploads\/2025\/03\/sourceo-light-eau47.png","contentUrl":"https:\/\/fontaineo.eu\/wp-content\/uploads\/2025\/03\/sourceo-light-eau47.png","width":600,"height":600,"caption":"Un distributeur d'eau rectangulaire, baptis\u00e9 \u00ab\u00a0Eau4\u00a0\u00bb, est install\u00e9 sur un trottoir. Il arbore un logo et la photo d'une personne buvant de l'eau. Un texte en fran\u00e7ais est visible, encourageant l'acc\u00e8s \u00e0 l'eau. Le distributeur dispose d'une zone de distribution \u00e0 l'avant."},{"@type":"BreadcrumbList","@id":"https:\/\/fontaineo.eu\/produit\/sourceo-plus#breadcrumb","itemListElement":[{"@type":"ListItem","position":1,"name":"Accueil","item":"https:\/\/fontaineo.eu\/"},{"@type":"ListItem","position":2,"name":"Boutique","item":"https:\/\/fontaineo.eu\/boutique"},{"@type":"ListItem","position":3,"name":"Sourceo +"}]},{"@type":"WebSite","@id":"https:\/\/fontaineo.eu\/#website","url":"https:\/\/fontaineo.eu\/","name":"Fontaineo","description":"Des fontaines \u00e0 eau pour tous vos projets","publisher":{"@id":"https:\/\/fontaineo.eu\/#organization"},"potentialAction":[{"@type":"SearchAction","target":{"@type":"EntryPoint","urlTemplate":"https:\/\/fontaineo.eu\/?s={search_term_string}"},"query-input":{"@type":"PropertyValueSpecification","valueRequired":true,"valueName":"search_term_string"}}],"inLanguage":"it-IT"},{"@type":"Organization","@id":"https:\/\/fontaineo.eu\/#organization","name":"Fontaineo","url":"https:\/\/fontaineo.eu\/","logo":{"@type":"ImageObject","inLanguage":"it-IT","@id":"https:\/\/fontaineo.eu\/#\/schema\/logo\/image\/","url":"https:\/\/fontaineo.eu\/wp-content\/uploads\/2020\/04\/cropped-Fontaineo-logo-1.png","contentUrl":"https:\/\/fontaineo.eu\/wp-content\/uploads\/2020\/04\/cropped-Fontaineo-logo-1.png","width":3208,"height":2692,"caption":"Fontaineo"},"image":{"@id":"https:\/\/fontaineo.eu\/#\/schema\/logo\/image\/"}}]}},"_links":{"self":[{"href":"https:\/\/fontaineo.eu\/it\/wp-json\/wp\/v2\/product\/12346","targetHints":{"allow":["GET"]}}],"collection":[{"href":"https:\/\/fontaineo.eu\/it\/wp-json\/wp\/v2\/product"}],"about":[{"href":"https:\/\/fontaineo.eu\/it\/wp-json\/wp\/v2\/types\/product"}],"replies":[{"embeddable":true,"href":"https:\/\/fontaineo.eu\/it\/wp-json\/wp\/v2\/comments?post=12346"}],"wp:featuredmedia":[{"embeddable":true,"href":"https:\/\/fontaineo.eu\/it\/wp-json\/wp\/v2\/media\/12388"}],"wp:attachment":[{"href":"https:\/\/fontaineo.eu\/it\/wp-json\/wp\/v2\/media?parent=12346"}],"wp:term":[{"taxonomy":"product_brand","embeddable":true,"href":"https:\/\/fontaineo.eu\/it\/wp-json\/wp\/v2\/product_brand?post=12346"},{"taxonomy":"product_cat","embeddable":true,"href":"https:\/\/fontaineo.eu\/it\/wp-json\/wp\/v2\/product_cat?post=12346"},{"taxonomy":"product_tag","embeddable":true,"href":"https:\/\/fontaineo.eu\/it\/wp-json\/wp\/v2\/product_tag?post=12346"}],"curies":[{"name":"wp","href":"https:\/\/api.w.org\/{rel}","templated":true}]}}