{"id":12211,"date":"2025-03-06T16:59:40","date_gmt":"2025-03-06T14:59:40","guid":{"rendered":"https:\/\/fontaineo.eu\/?post_type=product&#038;p=12211"},"modified":"2025-06-06T14:13:19","modified_gmt":"2025-06-06T12:13:19","slug":"primo-light","status":"publish","type":"product","link":"https:\/\/fontaineo.eu\/it\/product-2\/primo-light","title":{"rendered":"Prim&rsquo;O Light"},"content":{"rendered":"<p style=\"text-align: left\"><span style=\"color: #4c4c4c\"><span style=\"font-size: 17px\"><b>D\u00e9bit :<\/b> Distribution illimit\u00e9 d&rsquo;eau plate de votre r\u00e9seau<\/span><\/span><\/p>\n<p style=\"text-align: left\"><span style=\"font-weight: bold;color: #4c4c4c;font-size: 17px\">Poids : <\/span><span style=\"color: #4c4c4c;font-size: 17px\"> 80 kg<\/span><\/p>\n<p><span style=\"font-weight: bold;color: #4c4c4c;font-size: 17px\">Largeur : <\/span><span style=\"color: #4c4c4c;font-size: 17px\">400 mm<\/span><\/p>\n<p><span style=\"font-weight: bold;color: #4c4c4c;font-size: 17px\">Hauteur : <\/span><span style=\"color: #4c4c4c;font-size: 17px\">1 300 mm<\/span><\/p>\n<p><span style=\"font-weight: bold;color: #4c4c4c;font-size: 17px\">Panneau : <\/span><span style=\"color: #4c4c4c;font-size: 17px\">Inox 304 L ou 316 L, m<\/span><span style=\"color: #4c4c4c;font-size: 17px;font-family: var( --e-global-typography-text-font-family ), Sans-serif\">at\u00e9riaux recycl\u00e9s et recyclables<\/span><\/p>\n<p><span style=\"font-weight: bold;color: #4c4c4c;font-size: 17px\">Carcasse : <\/span><span style=\"color: #4c4c4c;font-size: 17px\">Acier galvanis\u00e9e<\/span><\/p>\n<p><span style=\"color: #4c4c4c\"><span style=\"font-size: 17px\"><span style=\"font-weight: bold\">Installation : <\/span>Int\u00e9rieur <\/span><\/span><span style=\"color: #4c4c4c\"><span style=\"font-size: 17px\">Ext\u00e9rieur, fixation au sol<\/span><\/span><\/p>\n<p><span style=\"color: #93c11e\"><span style=\"font-weight: bold;font-size: 17px\">Consommation : <\/span><span style=\"font-size: 17px\">30 W<\/span><\/span><\/p>\n<p><span style=\"color: #93c11e\"><span style=\"font-weight: bold;font-size: 17px\">Alimentation : <\/span><span style=\"font-size: 17px\">12 Vdc ou 24 Vdc<\/span><\/span><\/p>\n<p>&nbsp;<\/p>","protected":false},"excerpt":{"rendered":"<p class=\"translation-block\">La fontaine PRIM\u2019O Light une v\u00e9ritable <a href=\"https:\/\/fontaineo.eu\/it\/fontaines-reseau\/\" target=\"_self\">fontaine \u00e0 eau r\u00e9seau<\/a> allie design moderne, compacit\u00e9 et simplicit\u00e9 d\u2019utilisation.<\/p>\n<p>Son syst\u00e8me de d\u00e9tection des contenants, int\u00e9gr\u00e9 en fond de panneau, garantit une exp\u00e9rience fluide et intuitive.<\/p>\n<p>100 % personnalisable, elle s\u2019adapte parfaitement \u00e0 son environnement pour une int\u00e9gration harmonieuse. Id\u00e9ale pour les parcs, stades, rues et places, elle offre une solution \u00e9l\u00e9gante et pratique pour l\u2019acc\u00e8s \u00e0 l\u2019eau\u00a0en\u00a0ext\u00e9rieur.<\/p>","protected":false},"featured_media":12372,"comment_status":"closed","ping_status":"closed","template":"","meta":{"_acf_changed":false},"product_brand":[],"product_cat":[33,29],"product_tag":[30,31,37,35,36,32],"class_list":{"0":"post-12211","1":"product","2":"type-product","3":"status-publish","4":"has-post-thumbnail","6":"product_cat-fontaine-a-eau-exterieure","7":"product_cat-fontaine-a-eau-reseau","8":"product_tag-fontaine-a-eau-exterieure","9":"product_tag-fontaine-compacte","10":"product_tag-fontaine-pour-parc","11":"product_tag-fontaine-publique","12":"product_tag-fontaine-secteur-prive","13":"product_tag-primo","15":"first","16":"instock","17":"shipping-taxable","18":"product-type-external"},"acf":[],"yoast_head":"<!-- This site is optimized with the Yoast SEO plugin v27.4 - https:\/\/yoast.com\/product\/yoast-seo-wordpress\/ -->\n<title>Prim&#039;O Light - Fontaineo<\/title>\n<meta name=\"robots\" content=\"index, follow, max-snippet:-1, max-image-preview:large, max-video-preview:-1\" \/>\n<link rel=\"canonical\" href=\"https:\/\/fontaineo.eu\/it\/product-2\/primo-light\" \/>\n<meta property=\"og:locale\" content=\"it_IT\" \/>\n<meta property=\"og:type\" content=\"article\" \/>\n<meta property=\"og:title\" content=\"Prim&#039;O Light - Fontaineo\" \/>\n<meta property=\"og:description\" content=\"La fontaine PRIM\u2019O Light une v\u00e9ritable fontaine \u00e0 eau r\u00e9seau allie design moderne, compacit\u00e9 et simplicit\u00e9 d\u2019utilisation.  Son syst\u00e8me de d\u00e9tection des contenants, int\u00e9gr\u00e9 en fond de panneau, garantit une exp\u00e9rience fluide et intuitive.  100 % personnalisable, elle s\u2019adapte parfaitement \u00e0 son environnement pour une int\u00e9gration harmonieuse. Id\u00e9ale pour les parcs, stades, rues et places, elle offre une solution \u00e9l\u00e9gante et pratique pour l\u2019acc\u00e8s \u00e0 l\u2019eau\u00a0en\u00a0ext\u00e9rieur.\" \/>\n<meta property=\"og:url\" content=\"https:\/\/fontaineo.eu\/it\/product-2\/primo-light\" \/>\n<meta property=\"og:site_name\" content=\"Fontaineo\" \/>\n<meta property=\"article:modified_time\" content=\"2025-06-06T12:13:19+00:00\" \/>\n<meta property=\"og:image\" content=\"https:\/\/fontaineo.eu\/wp-content\/uploads\/2025\/03\/Primo-light-fontaine-a-eau-reseaux.png\" \/>\n\t<meta property=\"og:image:width\" content=\"600\" \/>\n\t<meta property=\"og:image:height\" content=\"600\" \/>\n\t<meta property=\"og:image:type\" content=\"image\/png\" \/>\n<meta name=\"twitter:card\" content=\"summary_large_image\" \/>\n<meta name=\"twitter:label1\" content=\"Est. reading time\" \/>\n\t<meta name=\"twitter:data1\" content=\"1 minuto\" \/>\n<script type=\"application\/ld+json\" class=\"yoast-schema-graph\">{\"@context\":\"https:\\\/\\\/schema.org\",\"@graph\":[{\"@type\":\"WebPage\",\"@id\":\"https:\\\/\\\/fontaineo.eu\\\/produit\\\/primo-light\",\"url\":\"https:\\\/\\\/fontaineo.eu\\\/produit\\\/primo-light\",\"name\":\"Prim'O Light - Fontaineo\",\"isPartOf\":{\"@id\":\"https:\\\/\\\/fontaineo.eu\\\/#website\"},\"primaryImageOfPage\":{\"@id\":\"https:\\\/\\\/fontaineo.eu\\\/produit\\\/primo-light#primaryimage\"},\"image\":{\"@id\":\"https:\\\/\\\/fontaineo.eu\\\/produit\\\/primo-light#primaryimage\"},\"thumbnailUrl\":\"https:\\\/\\\/fontaineo.eu\\\/wp-content\\\/uploads\\\/2025\\\/03\\\/Primo-light-fontaine-a-eau-reseaux.png\",\"datePublished\":\"2025-03-06T14:59:40+00:00\",\"dateModified\":\"2025-06-06T12:13:19+00:00\",\"breadcrumb\":{\"@id\":\"https:\\\/\\\/fontaineo.eu\\\/produit\\\/primo-light#breadcrumb\"},\"inLanguage\":\"it-IT\",\"potentialAction\":[{\"@type\":\"ReadAction\",\"target\":[\"https:\\\/\\\/fontaineo.eu\\\/produit\\\/primo-light\"]}]},{\"@type\":\"ImageObject\",\"inLanguage\":\"it-IT\",\"@id\":\"https:\\\/\\\/fontaineo.eu\\\/produit\\\/primo-light#primaryimage\",\"url\":\"https:\\\/\\\/fontaineo.eu\\\/wp-content\\\/uploads\\\/2025\\\/03\\\/Primo-light-fontaine-a-eau-reseaux.png\",\"contentUrl\":\"https:\\\/\\\/fontaineo.eu\\\/wp-content\\\/uploads\\\/2025\\\/03\\\/Primo-light-fontaine-a-eau-reseaux.png\",\"width\":600,\"height\":600,\"caption\":\"Un distributeur d'eau moderne et angulaire, baptis\u00e9 \u00ab\u00a0Fontaineo\u00a0\u00bb et \u00ab\u00a0PRIMO light\u00a0\u00bb, est install\u00e9 sur une pelouse. Son design dynamique, avec des images d'eau et de feuilles, est \u00e9quip\u00e9 d'un bac et d'un distributeur.\"},{\"@type\":\"BreadcrumbList\",\"@id\":\"https:\\\/\\\/fontaineo.eu\\\/produit\\\/primo-light#breadcrumb\",\"itemListElement\":[{\"@type\":\"ListItem\",\"position\":1,\"name\":\"Accueil\",\"item\":\"https:\\\/\\\/fontaineo.eu\\\/\"},{\"@type\":\"ListItem\",\"position\":2,\"name\":\"Boutique\",\"item\":\"https:\\\/\\\/fontaineo.eu\\\/boutique\"},{\"@type\":\"ListItem\",\"position\":3,\"name\":\"Prim&rsquo;O Light\"}]},{\"@type\":\"WebSite\",\"@id\":\"https:\\\/\\\/fontaineo.eu\\\/#website\",\"url\":\"https:\\\/\\\/fontaineo.eu\\\/\",\"name\":\"Fontaineo\",\"description\":\"Des fontaines \u00e0 eau pour tous vos projets\",\"publisher\":{\"@id\":\"https:\\\/\\\/fontaineo.eu\\\/#organization\"},\"potentialAction\":[{\"@type\":\"SearchAction\",\"target\":{\"@type\":\"EntryPoint\",\"urlTemplate\":\"https:\\\/\\\/fontaineo.eu\\\/?s={search_term_string}\"},\"query-input\":{\"@type\":\"PropertyValueSpecification\",\"valueRequired\":true,\"valueName\":\"search_term_string\"}}],\"inLanguage\":\"it-IT\"},{\"@type\":\"Organization\",\"@id\":\"https:\\\/\\\/fontaineo.eu\\\/#organization\",\"name\":\"Fontaineo\",\"url\":\"https:\\\/\\\/fontaineo.eu\\\/\",\"logo\":{\"@type\":\"ImageObject\",\"inLanguage\":\"it-IT\",\"@id\":\"https:\\\/\\\/fontaineo.eu\\\/#\\\/schema\\\/logo\\\/image\\\/\",\"url\":\"https:\\\/\\\/fontaineo.eu\\\/wp-content\\\/uploads\\\/2020\\\/04\\\/cropped-Fontaineo-logo-1.png\",\"contentUrl\":\"https:\\\/\\\/fontaineo.eu\\\/wp-content\\\/uploads\\\/2020\\\/04\\\/cropped-Fontaineo-logo-1.png\",\"width\":3208,\"height\":2692,\"caption\":\"Fontaineo\"},\"image\":{\"@id\":\"https:\\\/\\\/fontaineo.eu\\\/#\\\/schema\\\/logo\\\/image\\\/\"}}]}<\/script>\n<!-- \/ Yoast SEO plugin. -->","yoast_head_json":{"title":"Prim'O Light - Fontaineo","robots":{"index":"index","follow":"follow","max-snippet":"max-snippet:-1","max-image-preview":"max-image-preview:large","max-video-preview":"max-video-preview:-1"},"canonical":"https:\/\/fontaineo.eu\/it\/product-2\/primo-light","og_locale":"it_IT","og_type":"article","og_title":"Prim'O Light - Fontaineo","og_description":"La fontaine PRIM\u2019O Light une v\u00e9ritable fontaine \u00e0 eau r\u00e9seau allie design moderne, compacit\u00e9 et simplicit\u00e9 d\u2019utilisation.  Son syst\u00e8me de d\u00e9tection des contenants, int\u00e9gr\u00e9 en fond de panneau, garantit une exp\u00e9rience fluide et intuitive.  100 % personnalisable, elle s\u2019adapte parfaitement \u00e0 son environnement pour une int\u00e9gration harmonieuse. Id\u00e9ale pour les parcs, stades, rues et places, elle offre une solution \u00e9l\u00e9gante et pratique pour l\u2019acc\u00e8s \u00e0 l\u2019eau\u00a0en\u00a0ext\u00e9rieur.","og_url":"https:\/\/fontaineo.eu\/it\/product-2\/primo-light","og_site_name":"Fontaineo","article_modified_time":"2025-06-06T12:13:19+00:00","og_image":[{"width":600,"height":600,"url":"https:\/\/fontaineo.eu\/wp-content\/uploads\/2025\/03\/Primo-light-fontaine-a-eau-reseaux.png","type":"image\/png"}],"twitter_card":"summary_large_image","twitter_misc":{"Est. reading time":"1 minuto"},"schema":{"@context":"https:\/\/schema.org","@graph":[{"@type":"WebPage","@id":"https:\/\/fontaineo.eu\/produit\/primo-light","url":"https:\/\/fontaineo.eu\/produit\/primo-light","name":"Prim'O Light - Fontaineo","isPartOf":{"@id":"https:\/\/fontaineo.eu\/#website"},"primaryImageOfPage":{"@id":"https:\/\/fontaineo.eu\/produit\/primo-light#primaryimage"},"image":{"@id":"https:\/\/fontaineo.eu\/produit\/primo-light#primaryimage"},"thumbnailUrl":"https:\/\/fontaineo.eu\/wp-content\/uploads\/2025\/03\/Primo-light-fontaine-a-eau-reseaux.png","datePublished":"2025-03-06T14:59:40+00:00","dateModified":"2025-06-06T12:13:19+00:00","breadcrumb":{"@id":"https:\/\/fontaineo.eu\/produit\/primo-light#breadcrumb"},"inLanguage":"it-IT","potentialAction":[{"@type":"ReadAction","target":["https:\/\/fontaineo.eu\/produit\/primo-light"]}]},{"@type":"ImageObject","inLanguage":"it-IT","@id":"https:\/\/fontaineo.eu\/produit\/primo-light#primaryimage","url":"https:\/\/fontaineo.eu\/wp-content\/uploads\/2025\/03\/Primo-light-fontaine-a-eau-reseaux.png","contentUrl":"https:\/\/fontaineo.eu\/wp-content\/uploads\/2025\/03\/Primo-light-fontaine-a-eau-reseaux.png","width":600,"height":600,"caption":"Un distributeur d'eau moderne et angulaire, baptis\u00e9 \u00ab\u00a0Fontaineo\u00a0\u00bb et \u00ab\u00a0PRIMO light\u00a0\u00bb, est install\u00e9 sur une pelouse. Son design dynamique, avec des images d'eau et de feuilles, est \u00e9quip\u00e9 d'un bac et d'un distributeur."},{"@type":"BreadcrumbList","@id":"https:\/\/fontaineo.eu\/produit\/primo-light#breadcrumb","itemListElement":[{"@type":"ListItem","position":1,"name":"Accueil","item":"https:\/\/fontaineo.eu\/"},{"@type":"ListItem","position":2,"name":"Boutique","item":"https:\/\/fontaineo.eu\/boutique"},{"@type":"ListItem","position":3,"name":"Prim&rsquo;O Light"}]},{"@type":"WebSite","@id":"https:\/\/fontaineo.eu\/#website","url":"https:\/\/fontaineo.eu\/","name":"Fontaineo","description":"Des fontaines \u00e0 eau pour tous vos projets","publisher":{"@id":"https:\/\/fontaineo.eu\/#organization"},"potentialAction":[{"@type":"SearchAction","target":{"@type":"EntryPoint","urlTemplate":"https:\/\/fontaineo.eu\/?s={search_term_string}"},"query-input":{"@type":"PropertyValueSpecification","valueRequired":true,"valueName":"search_term_string"}}],"inLanguage":"it-IT"},{"@type":"Organization","@id":"https:\/\/fontaineo.eu\/#organization","name":"Fontaineo","url":"https:\/\/fontaineo.eu\/","logo":{"@type":"ImageObject","inLanguage":"it-IT","@id":"https:\/\/fontaineo.eu\/#\/schema\/logo\/image\/","url":"https:\/\/fontaineo.eu\/wp-content\/uploads\/2020\/04\/cropped-Fontaineo-logo-1.png","contentUrl":"https:\/\/fontaineo.eu\/wp-content\/uploads\/2020\/04\/cropped-Fontaineo-logo-1.png","width":3208,"height":2692,"caption":"Fontaineo"},"image":{"@id":"https:\/\/fontaineo.eu\/#\/schema\/logo\/image\/"}}]}},"_links":{"self":[{"href":"https:\/\/fontaineo.eu\/it\/wp-json\/wp\/v2\/product\/12211","targetHints":{"allow":["GET"]}}],"collection":[{"href":"https:\/\/fontaineo.eu\/it\/wp-json\/wp\/v2\/product"}],"about":[{"href":"https:\/\/fontaineo.eu\/it\/wp-json\/wp\/v2\/types\/product"}],"replies":[{"embeddable":true,"href":"https:\/\/fontaineo.eu\/it\/wp-json\/wp\/v2\/comments?post=12211"}],"wp:featuredmedia":[{"embeddable":true,"href":"https:\/\/fontaineo.eu\/it\/wp-json\/wp\/v2\/media\/12372"}],"wp:attachment":[{"href":"https:\/\/fontaineo.eu\/it\/wp-json\/wp\/v2\/media?parent=12211"}],"wp:term":[{"taxonomy":"product_brand","embeddable":true,"href":"https:\/\/fontaineo.eu\/it\/wp-json\/wp\/v2\/product_brand?post=12211"},{"taxonomy":"product_cat","embeddable":true,"href":"https:\/\/fontaineo.eu\/it\/wp-json\/wp\/v2\/product_cat?post=12211"},{"taxonomy":"product_tag","embeddable":true,"href":"https:\/\/fontaineo.eu\/it\/wp-json\/wp\/v2\/product_tag?post=12211"}],"curies":[{"name":"wp","href":"https:\/\/api.w.org\/{rel}","templated":true}]}}