{"id":535,"date":"2020-04-27T16:20:22","date_gmt":"2020-04-27T14:20:22","guid":{"rendered":"https:\/\/fontaineo.live-website.com\/?page_id=535"},"modified":"2020-04-27T16:25:08","modified_gmt":"2020-04-27T14:25:08","slug":"plan-du-site","status":"publish","type":"page","link":"https:\/\/fontaineo.eu\/it\/plan-du-site","title":{"rendered":"Plan du site"},"content":{"rendered":"<div data-elementor-type=\"wp-page\" data-elementor-id=\"535\" class=\"elementor elementor-535\" data-elementor-post-type=\"page\">\n\t\t\t\t\t\t<section class=\"elementor-section elementor-top-section elementor-element elementor-element-37a6f6a elementor-section-boxed elementor-section-height-default elementor-section-height-default\" data-id=\"37a6f6a\" data-element_type=\"section\" data-e-type=\"section\">\n\t\t\t\t\t\t<div class=\"elementor-container elementor-column-gap-default\">\n\t\t\t\t\t<div class=\"elementor-column elementor-col-100 elementor-top-column elementor-element elementor-element-1cdc022\" data-id=\"1cdc022\" data-element_type=\"column\" data-e-type=\"column\">\n\t\t\t<div class=\"elementor-widget-wrap elementor-element-populated\">\n\t\t\t\t\t\t<div class=\"elementor-element elementor-element-9889576 elementor-widget elementor-widget-heading\" data-id=\"9889576\" data-element_type=\"widget\" data-e-type=\"widget\" data-widget_type=\"heading.default\">\n\t\t\t\t<div class=\"elementor-widget-container\">\n\t\t\t\t\t<h2 class=\"elementor-heading-title elementor-size-default\">Plan du site<\/h2>\t\t\t\t<\/div>\n\t\t\t\t<\/div>\n\t\t\t\t\t<\/div>\n\t\t<\/div>\n\t\t\t\t\t<\/div>\n\t\t<\/section>\n\t\t\t\t<section class=\"elementor-section elementor-top-section elementor-element elementor-element-02b9290 elementor-section-boxed elementor-section-height-default elementor-section-height-default\" data-id=\"02b9290\" data-element_type=\"section\" data-e-type=\"section\">\n\t\t\t\t\t\t<div class=\"elementor-container elementor-column-gap-default\">\n\t\t\t\t\t<div class=\"elementor-column elementor-col-100 elementor-top-column elementor-element elementor-element-ee9c42e\" data-id=\"ee9c42e\" data-element_type=\"column\" data-e-type=\"column\">\n\t\t\t<div class=\"elementor-widget-wrap elementor-element-populated\">\n\t\t\t\t\t\t<div class=\"elementor-element elementor-element-78b1692 elementor-widget elementor-widget-sitemap\" data-id=\"78b1692\" data-element_type=\"widget\" data-e-type=\"widget\" data-widget_type=\"sitemap.default\">\n\t\t\t\t<div class=\"elementor-widget-container\">\n\t\t\t\t\t<div class=\"elementor-sitemap-wrap\"><div class=\"elementor-sitemap-section\"><h2 class=\"elementor-sitemap-title elementor-sitemap-page-title\"> <\/h2><ul class=\"elementor-sitemap-list elementor-sitemap-page-list\"><li class=\"elementor-sitemap-item elementor-sitemap-item-page page_item page-item-256\"><a href=\"https:\/\/fontaineo.eu\/it\/financement\">Financement<\/a><\/li><li class=\"elementor-sitemap-item elementor-sitemap-item-page page_item page-item-516\"><a href=\"https:\/\/fontaineo.eu\/it\/mentions-legales\">Mentions l\u00e9gales<\/a><\/li><li class=\"elementor-sitemap-item elementor-sitemap-item-page page_item page-item-8452\"><a href=\"https:\/\/fontaineo.eu\/it\/festivals-et-evenements-de-plein-air\">Festival ed eventi all'aperto<\/a><\/li><li class=\"elementor-sitemap-item elementor-sitemap-item-page page_item page-item-7430\"><a href=\"https:\/\/fontaineo.eu\/it\/fontaine-a-eau-usine\">Fontaine \u00e0 eau pour usine<\/a><\/li><li class=\"elementor-sitemap-item elementor-sitemap-item-page page_item page-item-1800\"><a href=\"https:\/\/fontaineo.eu\/it\/fontaine-a-eau-exterieure\">Fontaine \u00e0 eau potable ext\u00e9rieure<\/a><\/li><li class=\"elementor-sitemap-item elementor-sitemap-item-page page_item page-item-265\"><a href=\"https:\/\/fontaineo.eu\/it\/installation-fontaine-a-eau-fontaineo\">Installation d&rsquo;une fontaine \u00e0 eau raccord\u00e9e<\/a><\/li><li class=\"elementor-sitemap-item elementor-sitemap-item-page page_item page-item-525\"><a href=\"https:\/\/fontaineo.eu\/it\/politique-de-confidentialite\">Politique de confidentialit\u00e9<\/a><\/li><li class=\"elementor-sitemap-item elementor-sitemap-item-page page_item page-item-529\"><a href=\"https:\/\/fontaineo.eu\/it\/cookies\">Cookies<\/a><\/li><li class=\"elementor-sitemap-item elementor-sitemap-item-page page_item page-item-13075\"><a href=\"https:\/\/fontaineo.eu\/it\/fontaine-a-eau-stade\">Fontaine \u00e0 eau stades<\/a><\/li><li class=\"elementor-sitemap-item elementor-sitemap-item-page page_item page-item-5653\"><a href=\"https:\/\/fontaineo.eu\/it\/fontaine-a-eau-reseau\">Fontaine \u00e0 eau r\u00e9seau<\/a><\/li><li class=\"elementor-sitemap-item elementor-sitemap-item-page page_item page-item-535\"><a href=\"https:\/\/fontaineo.eu\/it\/plan-du-site\">Plan du site<\/a><\/li><li class=\"elementor-sitemap-item elementor-sitemap-item-page page_item page-item-287\"><a href=\"https:\/\/fontaineo.eu\/it\/systeme-securite-fontaineo\">Syst\u00e8me de s\u00e9curit\u00e9<\/a><\/li><li class=\"elementor-sitemap-item elementor-sitemap-item-page page_item page-item-7458\"><a href=\"https:\/\/fontaineo.eu\/it\/fontaine-a-eau-aeroport\">Fontaine \u00e0 eau pour a\u00e9roports<\/a><\/li><li class=\"elementor-sitemap-item elementor-sitemap-item-page page_item page-item-11311\"><a href=\"https:\/\/fontaineo.eu\/it\/fontaine-a-eau-reseau\/eau-gazeuse\">Option eau gazeuse<\/a><\/li><li class=\"elementor-sitemap-item elementor-sitemap-item-page page_item page-item-308\"><a href=\"https:\/\/fontaineo.eu\/it\/consommables-fontaineo\">Consommables et Entretiens<\/a><\/li><li class=\"elementor-sitemap-item elementor-sitemap-item-page page_item page-item-822\"><a href=\"https:\/\/fontaineo.eu\/it\/nos-secteurs\">Nos secteurs<\/a><\/li><li class=\"elementor-sitemap-item elementor-sitemap-item-page page_item page-item-7480\"><a href=\"https:\/\/fontaineo.eu\/it\/fontaine-a-eau-erp\">Fontaine \u00e0 eau ERP<\/a><\/li><li class=\"elementor-sitemap-item elementor-sitemap-item-page page_item page-item-13378\"><a href=\"https:\/\/fontaineo.eu\/it\/fontaine-a-eau-parcs-dattractions-zoo\">Fontaine \u00e0 eau Parcs d&rsquo;attractions &amp; Zoo<\/a><\/li><li class=\"elementor-sitemap-item elementor-sitemap-item-page page_item page-item-4167\"><a href=\"https:\/\/fontaineo.eu\/it\/implantations\">Implantations<\/a><\/li><li class=\"elementor-sitemap-item elementor-sitemap-item-page page_item page-item-11338\"><a href=\"https:\/\/fontaineo.eu\/it\/fontaine-a-eau-reseau\/eau-refrigeree\">Eau r\u00e9frig\u00e9r\u00e9e<\/a><\/li><li class=\"elementor-sitemap-item elementor-sitemap-item-page page_item page-item-13134\"><a href=\"https:\/\/fontaineo.eu\/it\/maintenance-fontaine-a-eau\">Maintenance fontaine \u00e0 eau r\u00e9seau<\/a><\/li><li class=\"elementor-sitemap-item elementor-sitemap-item-page page_item page-item-10575\"><a href=\"https:\/\/fontaineo.eu\/it\/fontaine-a-eau-reseau\/money-o\">Mod\u00e8le Money&rsquo;O<\/a><\/li><li class=\"elementor-sitemap-item elementor-sitemap-item-page page_item page-item-3664\"><a href=\"https:\/\/fontaineo.eu\/it\/map\">Implantations Fontaineo<\/a><\/li><li class=\"elementor-sitemap-item elementor-sitemap-item-page page_item page-item-5714\"><a href=\"https:\/\/fontaineo.eu\/it\/secteur-public\">Secteur public<\/a><\/li><li class=\"elementor-sitemap-item elementor-sitemap-item-page page_item page-item-1882\"><a href=\"https:\/\/fontaineo.eu\/it\/fontaine-a-eau-interieure\">Fontaine \u00e0 eau int\u00e9rieure<\/a><\/li><li class=\"elementor-sitemap-item elementor-sitemap-item-page page_item page-item-1887\"><a href=\"https:\/\/fontaineo.eu\/it\/campings-loisirs\">Fontaine \u00e0 eau Campings &amp; Loisirs<\/a><\/li><li class=\"elementor-sitemap-item elementor-sitemap-item-page page_item page-item-96\"><a href=\"https:\/\/fontaineo.eu\/it\">Accueil<\/a><\/li><li class=\"elementor-sitemap-item elementor-sitemap-item-page page_item page-item-2400\"><a href=\"https:\/\/fontaineo.eu\/it\/prendre-rendez-vous\">Prendre Rendez-vous<\/a><\/li><li class=\"elementor-sitemap-item elementor-sitemap-item-page page_item page-item-355\"><a href=\"https:\/\/fontaineo.eu\/it\/accessoires-fontaineo\">Nos accessoires<\/a><\/li><li class=\"elementor-sitemap-item elementor-sitemap-item-page page_item page-item-5732\"><a href=\"https:\/\/fontaineo.eu\/it\/secteur-prive\">Secteur priv\u00e9<\/a><\/li><li class=\"elementor-sitemap-item elementor-sitemap-item-page page_item page-item-5480\"><a href=\"https:\/\/fontaineo.eu\/it\/fontaine-a-eau-chantier-btp\">Fontaine \u00e0 eau chantier et BTP<\/a><\/li><li class=\"elementor-sitemap-item elementor-sitemap-item-page page_item page-item-362\"><a href=\"https:\/\/fontaineo.eu\/it\/faq\">FAQ<\/a><\/li><li class=\"elementor-sitemap-item elementor-sitemap-item-page page_item page-item-11116\"><a href=\"https:\/\/fontaineo.eu\/it\/fontaine-a-eau-gare\">Fontaine \u00e0 eau pour gares<\/a><\/li><li class=\"elementor-sitemap-item elementor-sitemap-item-page page_item page-item-11630\"><a href=\"https:\/\/fontaineo.eu\/it\/fontaine-a-eau-reseau\/aquatys\">Aqua&rsquo;tys<\/a><\/li><li class=\"elementor-sitemap-item elementor-sitemap-item-page page_item page-item-13169\"><a href=\"https:\/\/fontaineo.eu\/it\/fontaine-a-eau-reseau-pour-centre-commercial\">Fontaine \u00e0 eau r\u00e9seau pour centre commercial<\/a><\/li><li class=\"elementor-sitemap-item elementor-sitemap-item-page page_item page-item-1650\"><a href=\"https:\/\/fontaineo.eu\/it\/villes\">Villes<\/a><\/li><li class=\"elementor-sitemap-item elementor-sitemap-item-page page_item page-item-373 current_page_parent\"><a href=\"https:\/\/fontaineo.eu\/it\/blog\">Actualit\u00e9s<\/a><\/li><li class=\"elementor-sitemap-item elementor-sitemap-item-page page_item page-item-629\"><a href=\"https:\/\/fontaineo.eu\/it\/contact\">contact<\/a><\/li><li class=\"elementor-sitemap-item elementor-sitemap-item-page page_item page-item-6261\"><a href=\"https:\/\/fontaineo.eu\/it\/fontaine-a-eau-reseau\/cascatello\">Cascatell&rsquo;O<\/a><\/li><li class=\"elementor-sitemap-item elementor-sitemap-item-page page_item page-item-12150\"><a href=\"https:\/\/fontaineo.eu\/it\/boutique\">Boutique<\/a><\/li><li class=\"elementor-sitemap-item elementor-sitemap-item-page page_item page-item-12151\"><a href=\"https:\/\/fontaineo.eu\/it\/panier\">Panier<\/a><\/li><li class=\"elementor-sitemap-item elementor-sitemap-item-page page_item page-item-12152\"><a href=\"https:\/\/fontaineo.eu\/it\/commander\">Validation de la commande<\/a><\/li><li class=\"elementor-sitemap-item elementor-sitemap-item-page page_item page-item-12153\"><a href=\"https:\/\/fontaineo.eu\/it\/mon-compte\">Mon compte<\/a><\/li><li class=\"elementor-sitemap-item elementor-sitemap-item-page page_item page-item-6268\"><a href=\"https:\/\/fontaineo.eu\/it\/fontaine-a-eau-reseau\/encastrable\">Encastrable<\/a><\/li><li class=\"elementor-sitemap-item elementor-sitemap-item-page page_item page-item-7809\"><a href=\"https:\/\/fontaineo.eu\/it\/fontaine-a-eau-hotel\">Fontaine \u00e0 eau H\u00f4tel<\/a><\/li><li class=\"elementor-sitemap-item elementor-sitemap-item-page page_item page-item-12676\"><a href=\"https:\/\/fontaineo.eu\/it\/location-fontaine-a-eau\">Location d&rsquo;une fontaine \u00e0 eau<\/a><\/li><li class=\"elementor-sitemap-item elementor-sitemap-item-page page_item page-item-5765\"><a href=\"https:\/\/fontaineo.eu\/it\/loisirs-plein-air\">Loisirs &amp; Plein air<\/a><\/li><li class=\"elementor-sitemap-item elementor-sitemap-item-page page_item page-item-11660\"><a href=\"https:\/\/fontaineo.eu\/it\/fontaine-a-eau-entreprise\">Fontaine \u00e0 eau Entreprise<\/a><\/li><li class=\"elementor-sitemap-item elementor-sitemap-item-page page_item page-item-145\"><a href=\"https:\/\/fontaineo.eu\/it\/fontaines\">Fontaines \u00e0 eau r\u00e9seau, \u00eelots de fra\u00eecheur : D\u00e9couvrez l&rsquo;univers Fontaineo<\/a><\/li><li class=\"elementor-sitemap-item elementor-sitemap-item-page page_item page-item-408\"><a href=\"https:\/\/fontaineo.eu\/it\/newsletter\">Newsletter<\/a><\/li><li class=\"elementor-sitemap-item elementor-sitemap-item-page page_item page-item-10648\"><a href=\"https:\/\/fontaineo.eu\/it\/fontaine-a-eau-port\">Port<\/a><\/li><li class=\"elementor-sitemap-item elementor-sitemap-item-page page_item page-item-674\"><a href=\"https:\/\/fontaineo.eu\/it\/page-contact-newsletter\">Page contact newsletter<\/a><\/li><li class=\"elementor-sitemap-item elementor-sitemap-item-page page_item page-item-1954\"><a href=\"https:\/\/fontaineo.eu\/it\/ilot-de-fraicheur\">Ilot de fra\u00eecheur<\/a><\/li><li class=\"elementor-sitemap-item elementor-sitemap-item-page page_item page-item-7330\"><a href=\"https:\/\/fontaineo.eu\/it\/collectivites-locales\">Collectivit\u00e9s locales<\/a><\/li><li class=\"elementor-sitemap-item elementor-sitemap-item-page page_item page-item-419\"><a href=\"https:\/\/fontaineo.eu\/it\/avis-fontaineo\">Avis clients<\/a><\/li><li class=\"elementor-sitemap-item elementor-sitemap-item-page page_item page-item-11939\"><a href=\"https:\/\/fontaineo.eu\/it\/fontaine-a-eau-reseau\/barao\">BARA\u2019O<\/a><\/li><li class=\"elementor-sitemap-item elementor-sitemap-item-page page_item page-item-13475\"><a href=\"https:\/\/fontaineo.eu\/it\/catalogues\">Catalogues<\/a><\/li><li class=\"elementor-sitemap-item elementor-sitemap-item-page page_item page-item-11947\"><a href=\"https:\/\/fontaineo.eu\/it\/fontaine-a-eau-reseau\/trailo\">Trail&rsquo;o<\/a><\/li><li class=\"elementor-sitemap-item elementor-sitemap-item-page page_item page-item-5805\"><a href=\"https:\/\/fontaineo.eu\/it\/fontaine-a-eau-reseau\/sourceo\">Sourceo<\/a><\/li><li class=\"elementor-sitemap-item elementor-sitemap-item-page page_item page-item-6319\"><a href=\"https:\/\/fontaineo.eu\/it\/fontaine-a-eau-reseau\/primo\">Prim&rsquo;O<\/a><\/li><li class=\"elementor-sitemap-item elementor-sitemap-item-page page_item page-item-6064\"><a href=\"https:\/\/fontaineo.eu\/it\/ressources\">Ressources<\/a><\/li><li class=\"elementor-sitemap-item elementor-sitemap-item-page page_item page-item-7348\"><a href=\"https:\/\/fontaineo.eu\/it\/fontaine-a-eau-pour-ecoles-et-centres-de-loisirs\">Fontaine \u00e0 eau pour \u00e9coles et centres de loisirs<\/a><\/li><li class=\"elementor-sitemap-item elementor-sitemap-item-page page_item page-item-11961\"><a href=\"https:\/\/fontaineo.eu\/it\/fontaine-a-eau-reseau\/sourceo-plus\">Sourceo +<\/a><\/li><li class=\"elementor-sitemap-item elementor-sitemap-item-page page_item page-item-956\"><a href=\"https:\/\/fontaineo.eu\/it\/qr-code\">QR Code<\/a><\/li><li class=\"elementor-sitemap-item elementor-sitemap-item-page page_item page-item-6334\"><a href=\"https:\/\/fontaineo.eu\/it\/fontaine-a-eau-reseau\/contemporaine-plus\">Contemporaine +<\/a><\/li><li class=\"elementor-sitemap-item elementor-sitemap-item-page page_item page-item-10432\"><a href=\"https:\/\/fontaineo.eu\/it\/fontaine-a-eau-banques\">Fontaine \u00e0 eau Banques<\/a><\/li><li class=\"elementor-sitemap-item elementor-sitemap-item-page page_item page-item-5570\"><a href=\"https:\/\/fontaineo.eu\/it\/fontaine-a-eau-golf\">Fontaine \u00e0 eau Golf<\/a><\/li><li class=\"elementor-sitemap-item elementor-sitemap-item-page page_item page-item-1732\"><a href=\"https:\/\/fontaineo.eu\/it\/fontaine-a-eau-evenements\">\u00c9v\u00e9nements<\/a><\/li><li class=\"elementor-sitemap-item elementor-sitemap-item-page page_item page-item-7366\"><a href=\"https:\/\/fontaineo.eu\/it\/regies-des-eaux\">R\u00e9gies des eaux<\/a><\/li><li class=\"elementor-sitemap-item elementor-sitemap-item-page page_item page-item-199\"><a href=\"https:\/\/fontaineo.eu\/it\/nous-choisir\">Notre mission<\/a><\/li><li class=\"elementor-sitemap-item elementor-sitemap-item-page page_item page-item-11975\"><a href=\"https:\/\/fontaineo.eu\/it\/fontaine-a-eau-reseau\/sourceo-light\">Sourceo light<\/a><\/li><li class=\"elementor-sitemap-item elementor-sitemap-item-page page_item page-item-712\"><a href=\"https:\/\/fontaineo.eu\/it\/actualite-ville\">Actualit\u00e9 dans vos villes<\/a><\/li><li class=\"elementor-sitemap-item elementor-sitemap-item-page page_item page-item-1225\"><a href=\"https:\/\/fontaineo.eu\/it\/commerces\">Fontaine \u00e0 eau r\u00e9seau commerces et magasins<\/a><\/li><li class=\"elementor-sitemap-item elementor-sitemap-item-page page_item page-item-6347\"><a href=\"https:\/\/fontaineo.eu\/it\/fontaine-a-eau-marathon\">Fontaine \u00e0 eau marathon<\/a><\/li><li class=\"elementor-sitemap-item elementor-sitemap-item-page page_item page-item-6353\"><a href=\"https:\/\/fontaineo.eu\/it\/fontaine-a-eau-etablissement-de-sante\">Fontaine \u00e0 eau pour \u00e9tablissement de sant\u00e9<\/a><\/li><li class=\"elementor-sitemap-item elementor-sitemap-item-page page_item page-item-7387\"><a href=\"https:\/\/fontaineo.eu\/it\/fontaine-a-eau-salle-de-sport\">Fontaine \u00e0 eau pour salle de sport<\/a><\/li><li class=\"elementor-sitemap-item elementor-sitemap-item-page page_item page-item-10982\"><a href=\"https:\/\/fontaineo.eu\/it\/fontaine-a-eau-hopital\">Fontaine \u00e0 eau pour h\u00f4pital<\/a><\/li><li class=\"elementor-sitemap-item elementor-sitemap-item-page page_item page-item-3564\"><a href=\"https:\/\/fontaineo.eu\/it\/carte-des-installations\">Carte des installations<\/a><\/li><li class=\"elementor-sitemap-item elementor-sitemap-item-page page_item page-item-6639\"><a href=\"https:\/\/fontaineo.eu\/it\/fontaine-a-eau-reseau\/fontaineo\">Mod\u00e8le Fontaineo<\/a><\/li><li class=\"elementor-sitemap-item elementor-sitemap-item-page page_item page-item-12016\"><a href=\"https:\/\/fontaineo.eu\/it\/fontaine-a-eau-reseau\/primo-light\">Prim&rsquo;O Light<\/a><\/li><li class=\"elementor-sitemap-item elementor-sitemap-item-page page_item page-item-7409\"><a href=\"https:\/\/fontaineo.eu\/it\/fontaine-a-eau-restauration-collective-cantine\">Fontaine \u00e0 eau restauration collective et cantine<\/a><\/li><li class=\"elementor-sitemap-item elementor-sitemap-item-page page_item page-item-506\"><a href=\"https:\/\/fontaineo.eu\/it\/confirmation\">Confirmation<\/a><\/li><li class=\"elementor-sitemap-item elementor-sitemap-item-page page_item page-item-511\"><a href=\"https:\/\/fontaineo.eu\/it\/annuaire-de-contact\">Annuaire de contact<\/a><\/li><\/ul><\/div><\/div>\t\t\t\t<\/div>\n\t\t\t\t<\/div>\n\t\t\t\t\t<\/div>\n\t\t<\/div>\n\t\t\t\t\t<\/div>\n\t\t<\/section>\n\t\t\t\t<\/div>","protected":false},"excerpt":{"rendered":"<p>Plan du site<\/p>","protected":false},"author":2,"featured_media":0,"parent":0,"menu_order":0,"comment_status":"closed","ping_status":"closed","template":"elementor_header_footer","meta":{"_acf_changed":false,"footnotes":""},"class_list":["post-535","page","type-page","status-publish","hentry"],"acf":[],"yoast_head":"<!-- This site is optimized with the Yoast SEO plugin v27.4 - https:\/\/yoast.com\/product\/yoast-seo-wordpress\/ -->\n<title>Plan du site - Fontaineo<\/title>\n<meta name=\"robots\" content=\"index, follow, max-snippet:-1, max-image-preview:large, max-video-preview:-1\" \/>\n<link rel=\"canonical\" href=\"https:\/\/fontaineo.eu\/it\/plan-du-site\" \/>\n<meta property=\"og:locale\" content=\"it_IT\" \/>\n<meta property=\"og:type\" content=\"article\" \/>\n<meta property=\"og:title\" content=\"Plan du site - Fontaineo\" \/>\n<meta property=\"og:description\" content=\"Plan du site\" \/>\n<meta property=\"og:url\" content=\"https:\/\/fontaineo.eu\/it\/plan-du-site\" \/>\n<meta property=\"og:site_name\" content=\"Fontaineo\" \/>\n<meta property=\"article:modified_time\" content=\"2020-04-27T14:25:08+00:00\" \/>\n<meta name=\"twitter:card\" content=\"summary_large_image\" \/>\n<script type=\"application\/ld+json\" class=\"yoast-schema-graph\">{\"@context\":\"https:\\\/\\\/schema.org\",\"@graph\":[{\"@type\":\"WebPage\",\"@id\":\"https:\\\/\\\/fontaineo.eu\\\/plan-du-site\",\"url\":\"https:\\\/\\\/fontaineo.eu\\\/plan-du-site\",\"name\":\"Plan du site - Fontaineo\",\"isPartOf\":{\"@id\":\"https:\\\/\\\/fontaineo.eu\\\/#website\"},\"datePublished\":\"2020-04-27T14:20:22+00:00\",\"dateModified\":\"2020-04-27T14:25:08+00:00\",\"breadcrumb\":{\"@id\":\"https:\\\/\\\/fontaineo.eu\\\/plan-du-site#breadcrumb\"},\"inLanguage\":\"it-IT\",\"potentialAction\":[{\"@type\":\"ReadAction\",\"target\":[\"https:\\\/\\\/fontaineo.eu\\\/plan-du-site\"]}]},{\"@type\":\"BreadcrumbList\",\"@id\":\"https:\\\/\\\/fontaineo.eu\\\/plan-du-site#breadcrumb\",\"itemListElement\":[{\"@type\":\"ListItem\",\"position\":1,\"name\":\"Accueil\",\"item\":\"https:\\\/\\\/fontaineo.eu\\\/\"},{\"@type\":\"ListItem\",\"position\":2,\"name\":\"Plan du site\"}]},{\"@type\":\"WebSite\",\"@id\":\"https:\\\/\\\/fontaineo.eu\\\/#website\",\"url\":\"https:\\\/\\\/fontaineo.eu\\\/\",\"name\":\"Fontaineo\",\"description\":\"Des fontaines \u00e0 eau pour tous vos projets\",\"publisher\":{\"@id\":\"https:\\\/\\\/fontaineo.eu\\\/#organization\"},\"potentialAction\":[{\"@type\":\"SearchAction\",\"target\":{\"@type\":\"EntryPoint\",\"urlTemplate\":\"https:\\\/\\\/fontaineo.eu\\\/?s={search_term_string}\"},\"query-input\":{\"@type\":\"PropertyValueSpecification\",\"valueRequired\":true,\"valueName\":\"search_term_string\"}}],\"inLanguage\":\"it-IT\"},{\"@type\":\"Organization\",\"@id\":\"https:\\\/\\\/fontaineo.eu\\\/#organization\",\"name\":\"Fontaineo\",\"url\":\"https:\\\/\\\/fontaineo.eu\\\/\",\"logo\":{\"@type\":\"ImageObject\",\"inLanguage\":\"it-IT\",\"@id\":\"https:\\\/\\\/fontaineo.eu\\\/#\\\/schema\\\/logo\\\/image\\\/\",\"url\":\"https:\\\/\\\/fontaineo.eu\\\/wp-content\\\/uploads\\\/2020\\\/04\\\/cropped-Fontaineo-logo-1.png\",\"contentUrl\":\"https:\\\/\\\/fontaineo.eu\\\/wp-content\\\/uploads\\\/2020\\\/04\\\/cropped-Fontaineo-logo-1.png\",\"width\":3208,\"height\":2692,\"caption\":\"Fontaineo\"},\"image\":{\"@id\":\"https:\\\/\\\/fontaineo.eu\\\/#\\\/schema\\\/logo\\\/image\\\/\"}}]}<\/script>\n<!-- \/ Yoast SEO plugin. -->","yoast_head_json":{"title":"Plan du site - Fontaineo","robots":{"index":"index","follow":"follow","max-snippet":"max-snippet:-1","max-image-preview":"max-image-preview:large","max-video-preview":"max-video-preview:-1"},"canonical":"https:\/\/fontaineo.eu\/it\/plan-du-site","og_locale":"it_IT","og_type":"article","og_title":"Plan du site - Fontaineo","og_description":"Plan du site","og_url":"https:\/\/fontaineo.eu\/it\/plan-du-site","og_site_name":"Fontaineo","article_modified_time":"2020-04-27T14:25:08+00:00","twitter_card":"summary_large_image","schema":{"@context":"https:\/\/schema.org","@graph":[{"@type":"WebPage","@id":"https:\/\/fontaineo.eu\/plan-du-site","url":"https:\/\/fontaineo.eu\/plan-du-site","name":"Plan du site - Fontaineo","isPartOf":{"@id":"https:\/\/fontaineo.eu\/#website"},"datePublished":"2020-04-27T14:20:22+00:00","dateModified":"2020-04-27T14:25:08+00:00","breadcrumb":{"@id":"https:\/\/fontaineo.eu\/plan-du-site#breadcrumb"},"inLanguage":"it-IT","potentialAction":[{"@type":"ReadAction","target":["https:\/\/fontaineo.eu\/plan-du-site"]}]},{"@type":"BreadcrumbList","@id":"https:\/\/fontaineo.eu\/plan-du-site#breadcrumb","itemListElement":[{"@type":"ListItem","position":1,"name":"Accueil","item":"https:\/\/fontaineo.eu\/"},{"@type":"ListItem","position":2,"name":"Plan du site"}]},{"@type":"WebSite","@id":"https:\/\/fontaineo.eu\/#website","url":"https:\/\/fontaineo.eu\/","name":"Fontaineo","description":"Des fontaines \u00e0 eau pour tous vos projets","publisher":{"@id":"https:\/\/fontaineo.eu\/#organization"},"potentialAction":[{"@type":"SearchAction","target":{"@type":"EntryPoint","urlTemplate":"https:\/\/fontaineo.eu\/?s={search_term_string}"},"query-input":{"@type":"PropertyValueSpecification","valueRequired":true,"valueName":"search_term_string"}}],"inLanguage":"it-IT"},{"@type":"Organization","@id":"https:\/\/fontaineo.eu\/#organization","name":"Fontaineo","url":"https:\/\/fontaineo.eu\/","logo":{"@type":"ImageObject","inLanguage":"it-IT","@id":"https:\/\/fontaineo.eu\/#\/schema\/logo\/image\/","url":"https:\/\/fontaineo.eu\/wp-content\/uploads\/2020\/04\/cropped-Fontaineo-logo-1.png","contentUrl":"https:\/\/fontaineo.eu\/wp-content\/uploads\/2020\/04\/cropped-Fontaineo-logo-1.png","width":3208,"height":2692,"caption":"Fontaineo"},"image":{"@id":"https:\/\/fontaineo.eu\/#\/schema\/logo\/image\/"}}]}},"_links":{"self":[{"href":"https:\/\/fontaineo.eu\/it\/wp-json\/wp\/v2\/pages\/535","targetHints":{"allow":["GET"]}}],"collection":[{"href":"https:\/\/fontaineo.eu\/it\/wp-json\/wp\/v2\/pages"}],"about":[{"href":"https:\/\/fontaineo.eu\/it\/wp-json\/wp\/v2\/types\/page"}],"author":[{"embeddable":true,"href":"https:\/\/fontaineo.eu\/it\/wp-json\/wp\/v2\/users\/2"}],"replies":[{"embeddable":true,"href":"https:\/\/fontaineo.eu\/it\/wp-json\/wp\/v2\/comments?post=535"}],"version-history":[{"count":0,"href":"https:\/\/fontaineo.eu\/it\/wp-json\/wp\/v2\/pages\/535\/revisions"}],"wp:attachment":[{"href":"https:\/\/fontaineo.eu\/it\/wp-json\/wp\/v2\/media?parent=535"}],"curies":[{"name":"wp","href":"https:\/\/api.w.org\/{rel}","templated":true}]}}