{"id":12395,"date":"2025-04-16T09:36:39","date_gmt":"2025-04-16T07:36:39","guid":{"rendered":"https:\/\/fontaineo.eu\/?post_type=product&#038;p=12395"},"modified":"2025-07-21T11:15:45","modified_gmt":"2025-07-21T09:15:45","slug":"barao","status":"publish","type":"product","link":"https:\/\/fontaineo.eu\/es\/product-2\/barao","title":{"rendered":"Bara'O"},"content":{"rendered":"<p style=\"text-align: left\" class=\"translation-block\"><span style=\"color: #4c4c4c\"><span style=\"font-size: 17px\"><b>D\u00e9bit : <\/b>Jusqu\u2019\u00e0 400 litres d\u2019eau fra\u00eeche par heure<\/span><\/span><\/p>\n<p class=\"translation-block\"><span style=\"font-weight: bold;color: #4c4c4c;font-size: 17px\">Poids : <\/span><span style=\"color: #4c4c4c;font-size: 17px\">950 <\/span><span style=\"color: #4c4c4c;font-size: 17px\">kg<\/span><\/p>\n<p class=\"translation-block\"><span style=\"font-weight: bold;color: #4c4c4c;font-size: 17px\">Largeur : <\/span><span style=\"color: #4c4c4c;font-size: 17px\">1500 mm<\/span><span style=\"color: #4c4c4c;font-size: 17px\"><br>\r\n<\/span><\/p>\n<p class=\"translation-block\"><span style=\"font-weight: bold;color: #4c4c4c;font-size: 17px\">Hauteur : <\/span><span style=\"color: #4c4c4c;font-size: 17px\">2600 <\/span><span style=\"color: #4c4c4c;font-size: 17px\">mm<\/span><span style=\"color: #4c4c4c;font-size: 17px\"><br>\r\n<\/span><\/p>\n<p class=\"translation-block\"><span style=\"font-weight: bold;color: #4c4c4c;font-size: 17px\">Panneau : <\/span><span style=\"color: #4c4c4c;font-size: 17px\">inox 304 L ou 316 L<\/span><\/p>\n<p class=\"translation-block\"><span style=\"font-weight: bold;color: #4c4c4c;font-size: 17px\">Carcasse : <\/span><span style=\"color: #4c4c4c;font-size: 17px\">acier \u00e9lectrozingu\u00e9<\/span><\/p>\n<p class=\"translation-block\"><strong>Installation<\/strong> : Ext\u00e9rieur<\/p>\n<p class=\"translation-block\"><span style=\"color: #99cc00\"><strong>Consommation<\/strong> : 1500 W<\/span><\/p>\n<p class=\"translation-block\"><span style=\"color: #99cc00\"><strong>Alimentation<\/strong> : 230 V monophas\u00e9e<\/span><\/p>","protected":false},"excerpt":{"rendered":"<p class=\"translation-block\">La fontaine&nbsp;BARA\u2019O&nbsp;est con\u00e7ue pour r\u00e9pondre aux exigences d\u2019hydratation des environnements \u00e0<strong>&nbsp;forte affluence<\/strong>, avec un d\u00e9bit exceptionnel de 400 L\/h d\u2019eau fra\u00eeche.<\/p>\n<p class=\"translation-block\">Son syst\u00e8me de&nbsp;<strong>d\u00e9tection des contenants<\/strong>, int\u00e9gr\u00e9 en fond de panneau, garantit une distribution fluide et hygi\u00e9nique, tandis que sa&nbsp;<strong>large surface de communication<\/strong>&nbsp;offre un espace id\u00e9al pour la mise en avant de votre marque ou de vos messages.<\/p>","protected":false},"featured_media":12399,"comment_status":"closed","ping_status":"closed","template":"","meta":{"_acf_changed":false},"product_brand":[],"product_cat":[33,29],"product_tag":[30,31,37,35,36,40],"class_list":{"0":"post-12395","1":"product","2":"type-product","3":"status-publish","4":"has-post-thumbnail","6":"product_cat-fontaine-a-eau-exterieure","7":"product_cat-fontaine-a-eau-reseau","8":"product_tag-fontaine-a-eau-exterieure","9":"product_tag-fontaine-compacte","10":"product_tag-fontaine-pour-parc","11":"product_tag-fontaine-publique","12":"product_tag-fontaine-secteur-prive","13":"product_tag-ilot-de-fraicheur","15":"first","16":"instock","17":"shipping-taxable","18":"product-type-external"},"acf":[],"yoast_head":"<!-- This site is optimized with the Yoast SEO plugin v27.4 - https:\/\/yoast.com\/product\/yoast-seo-wordpress\/ -->\n<title>Bara&#039;O - Fontaineo<\/title>\n<meta name=\"robots\" content=\"index, follow, max-snippet:-1, max-image-preview:large, max-video-preview:-1\" \/>\n<link rel=\"canonical\" href=\"https:\/\/fontaineo.eu\/es\/product-2\/barao\" \/>\n<meta property=\"og:locale\" content=\"es_ES\" \/>\n<meta property=\"og:type\" content=\"article\" \/>\n<meta property=\"og:title\" content=\"Bara&#039;O - Fontaineo\" \/>\n<meta property=\"og:description\" content=\"La fontaine\u00a0BARA\u2019O\u00a0est con\u00e7ue pour r\u00e9pondre aux exigences d\u2019hydratation des environnements \u00e0\u00a0forte affluence, avec un d\u00e9bit exceptionnel de 400 L\/h d\u2019eau fra\u00eeche.  Son syst\u00e8me de\u00a0d\u00e9tection des contenants, int\u00e9gr\u00e9 en fond de panneau, garantit une distribution fluide et hygi\u00e9nique, tandis que sa\u00a0large surface de communication\u00a0offre un espace id\u00e9al pour la mise en avant de votre marque ou de vos messages.\" \/>\n<meta property=\"og:url\" content=\"https:\/\/fontaineo.eu\/es\/product-2\/barao\" \/>\n<meta property=\"og:site_name\" content=\"Fontaineo\" \/>\n<meta property=\"article:modified_time\" content=\"2025-07-21T09:15:45+00:00\" \/>\n<meta property=\"og:image\" content=\"https:\/\/fontaineo.eu\/wp-content\/uploads\/2025\/03\/barao-ilots-de-fraicheur-fontaines.png\" \/>\n\t<meta property=\"og:image:width\" content=\"600\" \/>\n\t<meta property=\"og:image:height\" content=\"600\" \/>\n\t<meta property=\"og:image:type\" content=\"image\/png\" \/>\n<meta name=\"twitter:card\" content=\"summary_large_image\" \/>\n<meta name=\"twitter:label1\" content=\"Tiempo de lectura\" \/>\n\t<meta name=\"twitter:data1\" content=\"1 minuto\" \/>\n<script type=\"application\/ld+json\" class=\"yoast-schema-graph\">{\"@context\":\"https:\\\/\\\/schema.org\",\"@graph\":[{\"@type\":\"WebPage\",\"@id\":\"https:\\\/\\\/fontaineo.eu\\\/produit\\\/barao\",\"url\":\"https:\\\/\\\/fontaineo.eu\\\/produit\\\/barao\",\"name\":\"Bara'O - Fontaineo\",\"isPartOf\":{\"@id\":\"https:\\\/\\\/fontaineo.eu\\\/#website\"},\"primaryImageOfPage\":{\"@id\":\"https:\\\/\\\/fontaineo.eu\\\/produit\\\/barao#primaryimage\"},\"image\":{\"@id\":\"https:\\\/\\\/fontaineo.eu\\\/produit\\\/barao#primaryimage\"},\"thumbnailUrl\":\"https:\\\/\\\/fontaineo.eu\\\/wp-content\\\/uploads\\\/2025\\\/03\\\/barao-ilots-de-fraicheur-fontaines.png\",\"datePublished\":\"2025-04-16T07:36:39+00:00\",\"dateModified\":\"2025-07-21T09:15:45+00:00\",\"breadcrumb\":{\"@id\":\"https:\\\/\\\/fontaineo.eu\\\/produit\\\/barao#breadcrumb\"},\"inLanguage\":\"es\",\"potentialAction\":[{\"@type\":\"ReadAction\",\"target\":[\"https:\\\/\\\/fontaineo.eu\\\/produit\\\/barao\"]}]},{\"@type\":\"ImageObject\",\"inLanguage\":\"es\",\"@id\":\"https:\\\/\\\/fontaineo.eu\\\/produit\\\/barao#primaryimage\",\"url\":\"https:\\\/\\\/fontaineo.eu\\\/wp-content\\\/uploads\\\/2025\\\/03\\\/barao-ilots-de-fraicheur-fontaines.png\",\"contentUrl\":\"https:\\\/\\\/fontaineo.eu\\\/wp-content\\\/uploads\\\/2025\\\/03\\\/barao-ilots-de-fraicheur-fontaines.png\",\"width\":600,\"height\":600,\"caption\":\"Un grand distributeur d'eau turquoise orn\u00e9 d'un logo floral en haut, d'une zone de distribution au centre et des coordonn\u00e9es en bas. Il est situ\u00e9 en ext\u00e9rieur, pr\u00e8s d'un b\u00e2timent et d'un espace vert.\"},{\"@type\":\"BreadcrumbList\",\"@id\":\"https:\\\/\\\/fontaineo.eu\\\/produit\\\/barao#breadcrumb\",\"itemListElement\":[{\"@type\":\"ListItem\",\"position\":1,\"name\":\"Accueil\",\"item\":\"https:\\\/\\\/fontaineo.eu\\\/\"},{\"@type\":\"ListItem\",\"position\":2,\"name\":\"Boutique\",\"item\":\"https:\\\/\\\/fontaineo.eu\\\/boutique\"},{\"@type\":\"ListItem\",\"position\":3,\"name\":\"Bara&rsquo;O\"}]},{\"@type\":\"WebSite\",\"@id\":\"https:\\\/\\\/fontaineo.eu\\\/#website\",\"url\":\"https:\\\/\\\/fontaineo.eu\\\/\",\"name\":\"Fontaineo\",\"description\":\"Des fontaines \u00e0 eau pour tous vos projets\",\"publisher\":{\"@id\":\"https:\\\/\\\/fontaineo.eu\\\/#organization\"},\"potentialAction\":[{\"@type\":\"SearchAction\",\"target\":{\"@type\":\"EntryPoint\",\"urlTemplate\":\"https:\\\/\\\/fontaineo.eu\\\/?s={search_term_string}\"},\"query-input\":{\"@type\":\"PropertyValueSpecification\",\"valueRequired\":true,\"valueName\":\"search_term_string\"}}],\"inLanguage\":\"es\"},{\"@type\":\"Organization\",\"@id\":\"https:\\\/\\\/fontaineo.eu\\\/#organization\",\"name\":\"Fontaineo\",\"url\":\"https:\\\/\\\/fontaineo.eu\\\/\",\"logo\":{\"@type\":\"ImageObject\",\"inLanguage\":\"es\",\"@id\":\"https:\\\/\\\/fontaineo.eu\\\/#\\\/schema\\\/logo\\\/image\\\/\",\"url\":\"https:\\\/\\\/fontaineo.eu\\\/wp-content\\\/uploads\\\/2020\\\/04\\\/cropped-Fontaineo-logo-1.png\",\"contentUrl\":\"https:\\\/\\\/fontaineo.eu\\\/wp-content\\\/uploads\\\/2020\\\/04\\\/cropped-Fontaineo-logo-1.png\",\"width\":3208,\"height\":2692,\"caption\":\"Fontaineo\"},\"image\":{\"@id\":\"https:\\\/\\\/fontaineo.eu\\\/#\\\/schema\\\/logo\\\/image\\\/\"}}]}<\/script>\n<!-- \/ Yoast SEO plugin. -->","yoast_head_json":{"title":"Bara'O - Fontaineo","robots":{"index":"index","follow":"follow","max-snippet":"max-snippet:-1","max-image-preview":"max-image-preview:large","max-video-preview":"max-video-preview:-1"},"canonical":"https:\/\/fontaineo.eu\/es\/product-2\/barao","og_locale":"es_ES","og_type":"article","og_title":"Bara'O - Fontaineo","og_description":"La fontaine\u00a0BARA\u2019O\u00a0est con\u00e7ue pour r\u00e9pondre aux exigences d\u2019hydratation des environnements \u00e0\u00a0forte affluence, avec un d\u00e9bit exceptionnel de 400 L\/h d\u2019eau fra\u00eeche.  Son syst\u00e8me de\u00a0d\u00e9tection des contenants, int\u00e9gr\u00e9 en fond de panneau, garantit une distribution fluide et hygi\u00e9nique, tandis que sa\u00a0large surface de communication\u00a0offre un espace id\u00e9al pour la mise en avant de votre marque ou de vos messages.","og_url":"https:\/\/fontaineo.eu\/es\/product-2\/barao","og_site_name":"Fontaineo","article_modified_time":"2025-07-21T09:15:45+00:00","og_image":[{"width":600,"height":600,"url":"https:\/\/fontaineo.eu\/wp-content\/uploads\/2025\/03\/barao-ilots-de-fraicheur-fontaines.png","type":"image\/png"}],"twitter_card":"summary_large_image","twitter_misc":{"Tiempo de lectura":"1 minuto"},"schema":{"@context":"https:\/\/schema.org","@graph":[{"@type":"WebPage","@id":"https:\/\/fontaineo.eu\/produit\/barao","url":"https:\/\/fontaineo.eu\/produit\/barao","name":"Bara'O - Fontaineo","isPartOf":{"@id":"https:\/\/fontaineo.eu\/#website"},"primaryImageOfPage":{"@id":"https:\/\/fontaineo.eu\/produit\/barao#primaryimage"},"image":{"@id":"https:\/\/fontaineo.eu\/produit\/barao#primaryimage"},"thumbnailUrl":"https:\/\/fontaineo.eu\/wp-content\/uploads\/2025\/03\/barao-ilots-de-fraicheur-fontaines.png","datePublished":"2025-04-16T07:36:39+00:00","dateModified":"2025-07-21T09:15:45+00:00","breadcrumb":{"@id":"https:\/\/fontaineo.eu\/produit\/barao#breadcrumb"},"inLanguage":"es","potentialAction":[{"@type":"ReadAction","target":["https:\/\/fontaineo.eu\/produit\/barao"]}]},{"@type":"ImageObject","inLanguage":"es","@id":"https:\/\/fontaineo.eu\/produit\/barao#primaryimage","url":"https:\/\/fontaineo.eu\/wp-content\/uploads\/2025\/03\/barao-ilots-de-fraicheur-fontaines.png","contentUrl":"https:\/\/fontaineo.eu\/wp-content\/uploads\/2025\/03\/barao-ilots-de-fraicheur-fontaines.png","width":600,"height":600,"caption":"Un grand distributeur d'eau turquoise orn\u00e9 d'un logo floral en haut, d'une zone de distribution au centre et des coordonn\u00e9es en bas. Il est situ\u00e9 en ext\u00e9rieur, pr\u00e8s d'un b\u00e2timent et d'un espace vert."},{"@type":"BreadcrumbList","@id":"https:\/\/fontaineo.eu\/produit\/barao#breadcrumb","itemListElement":[{"@type":"ListItem","position":1,"name":"Accueil","item":"https:\/\/fontaineo.eu\/"},{"@type":"ListItem","position":2,"name":"Boutique","item":"https:\/\/fontaineo.eu\/boutique"},{"@type":"ListItem","position":3,"name":"Bara&rsquo;O"}]},{"@type":"WebSite","@id":"https:\/\/fontaineo.eu\/#website","url":"https:\/\/fontaineo.eu\/","name":"Fontaineo","description":"Fuentes de agua para todos sus proyectos","publisher":{"@id":"https:\/\/fontaineo.eu\/#organization"},"potentialAction":[{"@type":"SearchAction","target":{"@type":"EntryPoint","urlTemplate":"https:\/\/fontaineo.eu\/?s={search_term_string}"},"query-input":{"@type":"PropertyValueSpecification","valueRequired":true,"valueName":"search_term_string"}}],"inLanguage":"es"},{"@type":"Organization","@id":"https:\/\/fontaineo.eu\/#organization","name":"Fontaineo","url":"https:\/\/fontaineo.eu\/","logo":{"@type":"ImageObject","inLanguage":"es","@id":"https:\/\/fontaineo.eu\/#\/schema\/logo\/image\/","url":"https:\/\/fontaineo.eu\/wp-content\/uploads\/2020\/04\/cropped-Fontaineo-logo-1.png","contentUrl":"https:\/\/fontaineo.eu\/wp-content\/uploads\/2020\/04\/cropped-Fontaineo-logo-1.png","width":3208,"height":2692,"caption":"Fontaineo"},"image":{"@id":"https:\/\/fontaineo.eu\/#\/schema\/logo\/image\/"}}]}},"_links":{"self":[{"href":"https:\/\/fontaineo.eu\/es\/wp-json\/wp\/v2\/product\/12395","targetHints":{"allow":["GET"]}}],"collection":[{"href":"https:\/\/fontaineo.eu\/es\/wp-json\/wp\/v2\/product"}],"about":[{"href":"https:\/\/fontaineo.eu\/es\/wp-json\/wp\/v2\/types\/product"}],"replies":[{"embeddable":true,"href":"https:\/\/fontaineo.eu\/es\/wp-json\/wp\/v2\/comments?post=12395"}],"wp:featuredmedia":[{"embeddable":true,"href":"https:\/\/fontaineo.eu\/es\/wp-json\/wp\/v2\/media\/12399"}],"wp:attachment":[{"href":"https:\/\/fontaineo.eu\/es\/wp-json\/wp\/v2\/media?parent=12395"}],"wp:term":[{"taxonomy":"product_brand","embeddable":true,"href":"https:\/\/fontaineo.eu\/es\/wp-json\/wp\/v2\/product_brand?post=12395"},{"taxonomy":"product_cat","embeddable":true,"href":"https:\/\/fontaineo.eu\/es\/wp-json\/wp\/v2\/product_cat?post=12395"},{"taxonomy":"product_tag","embeddable":true,"href":"https:\/\/fontaineo.eu\/es\/wp-json\/wp\/v2\/product_tag?post=12395"}],"curies":[{"name":"wp","href":"https:\/\/api.w.org\/{rel}","templated":true}]}}