{"id":12365,"date":"2025-04-16T09:36:39","date_gmt":"2025-04-16T07:36:39","guid":{"rendered":"https:\/\/fontaineo.eu\/?post_type=product&#038;p=12365"},"modified":"2025-06-06T14:10:56","modified_gmt":"2025-06-06T12:10:56","slug":"moneyo","status":"publish","type":"product","link":"https:\/\/fontaineo.eu\/es\/product-2\/moneyo","title":{"rendered":"Money'o"},"content":{"rendered":"<p><b>D\u00e9bit : <\/b>Jusqu\u2019\u00e0 200 litres d\u2019eau fra\u00eeche par heure<\/p>\n<p><strong>Poids<\/strong> : 300 kg<\/p>\n<p><strong>Largeur<\/strong> : 1100 mm<\/p>\n<p><strong>Hauteur<\/strong> : 1 800 mm<\/p>\n<p><strong>Panneau<\/strong> : Inox 304 L ou 316 L<\/p>\n<p><strong>Carcasse<\/strong> : Acier \u00e9lectrozingu\u00e9, bardage thermoplastique et fibre de verre<\/p>\n<p><strong>Installation<\/strong> : Int\u00e9rieur \/ ext\u00e9rieur, pose au sol sur pieds r\u00e9glables<\/p>\n<p><span style=\"color: #99cc00\"><strong>Consommation<\/strong> : 950 W<\/span><\/p>\n<p><span style=\"color: #99cc00\"><strong>Alimentation<\/strong> : 230 V<\/span><\/p>","protected":false},"excerpt":{"rendered":"<p class=\"translation-block\">Le mod\u00e8le de <a href=\"https:\/\/fontaineo.eu\/es\/fontaines-reseau\/\" target=\"_self\">fontaine \u00e0 eau r\u00e9seau<\/a> qui dispose d\u2019une solution mon\u00e9tique. Id\u00e9al pour les villes, commerces ou h\u00f4tels.<\/p>\n<p class=\"translation-block\">Vous souhaitez proposer de l\u2019eau fra\u00eeche \u00e0 vos visiteurs tout en <strong>rentabilisant votre fontaine<\/strong> gr\u00e2ce \u00e0 une solution mon\u00e9tique ?<\/p>\n<p class=\"translation-block\">La <a href=\"https:\/\/fontaineo.eu\/es\/fontaines-reseau\/\" target=\"_blank\" rel=\"noopener\">fontaine \u00e0 eau r\u00e9seau<\/a> <strong>Money\u20190 <\/strong>est le mod\u00e8le qu\u2019il vous faut !<\/p>\n<p class=\"translation-block\">En plus d\u2019\u00eatre un mobilier design et \u00e9l\u00e9gant, cette fontaine avec solution mon\u00e9tique permet un <strong>paiement par carte bancaire, carte pr\u00e9pay\u00e9e, badge ou monnaie<\/strong>.<\/p>","protected":false},"featured_media":12402,"comment_status":"closed","ping_status":"closed","template":"","meta":{"_acf_changed":false},"product_brand":[],"product_cat":[33,29],"product_tag":[30,31,39,37,35,36,41,32],"class_list":{"0":"post-12365","1":"product","2":"type-product","3":"status-publish","4":"has-post-thumbnail","6":"product_cat-fontaine-a-eau-exterieure","7":"product_cat-fontaine-a-eau-reseau","8":"product_tag-fontaine-a-eau-exterieure","9":"product_tag-fontaine-compacte","10":"product_tag-fontaine-interieur","11":"product_tag-fontaine-pour-parc","12":"product_tag-fontaine-publique","13":"product_tag-fontaine-secteur-prive","14":"product_tag-payement","15":"product_tag-primo","17":"first","18":"instock","19":"shipping-taxable","20":"product-type-external"},"acf":[],"yoast_head":"<!-- This site is optimized with the Yoast SEO plugin v27.4 - https:\/\/yoast.com\/product\/yoast-seo-wordpress\/ -->\n<title>Money&#039;o - Fontaineo<\/title>\n<meta name=\"robots\" content=\"index, follow, max-snippet:-1, max-image-preview:large, max-video-preview:-1\" \/>\n<link rel=\"canonical\" href=\"https:\/\/fontaineo.eu\/es\/product-2\/moneyo\" \/>\n<meta property=\"og:locale\" content=\"es_ES\" \/>\n<meta property=\"og:type\" content=\"article\" \/>\n<meta property=\"og:title\" content=\"Money&#039;o - Fontaineo\" \/>\n<meta property=\"og:description\" content=\"Le mod\u00e8le de fontaine \u00e0 eau r\u00e9seau qui dispose d\u2019une solution mon\u00e9tique. Id\u00e9al pour les villes, commerces ou h\u00f4tels.  Vous souhaitez proposer de l\u2019eau fra\u00eeche \u00e0 vos visiteurs tout en rentabilisant votre fontaine gr\u00e2ce \u00e0 une solution mon\u00e9tique ?  La fontaine \u00e0 eau r\u00e9seau Money\u20190 est le mod\u00e8le qu\u2019il vous faut !  En plus d\u2019\u00eatre un mobilier design et \u00e9l\u00e9gant, cette fontaine avec solution mon\u00e9tique permet un paiement par carte bancaire, carte pr\u00e9pay\u00e9e, badge ou monnaie.\" \/>\n<meta property=\"og:url\" content=\"https:\/\/fontaineo.eu\/es\/product-2\/moneyo\" \/>\n<meta property=\"og:site_name\" content=\"Fontaineo\" \/>\n<meta property=\"article:modified_time\" content=\"2025-06-06T12:10:56+00:00\" \/>\n<meta property=\"og:image\" content=\"https:\/\/fontaineo.eu\/wp-content\/uploads\/2025\/03\/moneyo-fontaines-a-eau-reseaux-port.png\" \/>\n\t<meta property=\"og:image:width\" content=\"600\" \/>\n\t<meta property=\"og:image:height\" content=\"600\" \/>\n\t<meta property=\"og:image:type\" content=\"image\/png\" \/>\n<meta name=\"twitter:card\" content=\"summary_large_image\" \/>\n<meta name=\"twitter:label1\" content=\"Tiempo de lectura\" \/>\n\t<meta name=\"twitter:data1\" content=\"1 minuto\" \/>\n<script type=\"application\/ld+json\" class=\"yoast-schema-graph\">{\"@context\":\"https:\\\/\\\/schema.org\",\"@graph\":[{\"@type\":\"WebPage\",\"@id\":\"https:\\\/\\\/fontaineo.eu\\\/produit\\\/moneyo\",\"url\":\"https:\\\/\\\/fontaineo.eu\\\/produit\\\/moneyo\",\"name\":\"Money'o - Fontaineo\",\"isPartOf\":{\"@id\":\"https:\\\/\\\/fontaineo.eu\\\/#website\"},\"primaryImageOfPage\":{\"@id\":\"https:\\\/\\\/fontaineo.eu\\\/produit\\\/moneyo#primaryimage\"},\"image\":{\"@id\":\"https:\\\/\\\/fontaineo.eu\\\/produit\\\/moneyo#primaryimage\"},\"thumbnailUrl\":\"https:\\\/\\\/fontaineo.eu\\\/wp-content\\\/uploads\\\/2025\\\/03\\\/moneyo-fontaines-a-eau-reseaux-port.png\",\"datePublished\":\"2025-04-16T07:36:39+00:00\",\"dateModified\":\"2025-06-06T12:10:56+00:00\",\"breadcrumb\":{\"@id\":\"https:\\\/\\\/fontaineo.eu\\\/produit\\\/moneyo#breadcrumb\"},\"inLanguage\":\"es\",\"potentialAction\":[{\"@type\":\"ReadAction\",\"target\":[\"https:\\\/\\\/fontaineo.eu\\\/produit\\\/moneyo\"]}]},{\"@type\":\"ImageObject\",\"inLanguage\":\"es\",\"@id\":\"https:\\\/\\\/fontaineo.eu\\\/produit\\\/moneyo#primaryimage\",\"url\":\"https:\\\/\\\/fontaineo.eu\\\/wp-content\\\/uploads\\\/2025\\\/03\\\/moneyo-fontaines-a-eau-reseaux-port.png\",\"contentUrl\":\"https:\\\/\\\/fontaineo.eu\\\/wp-content\\\/uploads\\\/2025\\\/03\\\/moneyo-fontaines-a-eau-reseaux-port.png\",\"width\":600,\"height\":600,\"caption\":\"Un distributeur d'eau bleu, lab\u00e9lis\u00e9 \u00ab\u00a0Fontaineo \u00e9co-responsable\u00a0\u00bb, est situ\u00e9 pr\u00e8s d'un port o\u00f9 naviguent des voiliers. Il se trouve \u00e0 c\u00f4t\u00e9 d'un v\u00e9hicule sombre arborant un logo en forme de fleur. Le ciel est nuageux et un chemin de pierre longe l'eau.\"},{\"@type\":\"BreadcrumbList\",\"@id\":\"https:\\\/\\\/fontaineo.eu\\\/produit\\\/moneyo#breadcrumb\",\"itemListElement\":[{\"@type\":\"ListItem\",\"position\":1,\"name\":\"Accueil\",\"item\":\"https:\\\/\\\/fontaineo.eu\\\/\"},{\"@type\":\"ListItem\",\"position\":2,\"name\":\"Boutique\",\"item\":\"https:\\\/\\\/fontaineo.eu\\\/boutique\"},{\"@type\":\"ListItem\",\"position\":3,\"name\":\"Money&rsquo;o\"}]},{\"@type\":\"WebSite\",\"@id\":\"https:\\\/\\\/fontaineo.eu\\\/#website\",\"url\":\"https:\\\/\\\/fontaineo.eu\\\/\",\"name\":\"Fontaineo\",\"description\":\"Des fontaines \u00e0 eau pour tous vos projets\",\"publisher\":{\"@id\":\"https:\\\/\\\/fontaineo.eu\\\/#organization\"},\"potentialAction\":[{\"@type\":\"SearchAction\",\"target\":{\"@type\":\"EntryPoint\",\"urlTemplate\":\"https:\\\/\\\/fontaineo.eu\\\/?s={search_term_string}\"},\"query-input\":{\"@type\":\"PropertyValueSpecification\",\"valueRequired\":true,\"valueName\":\"search_term_string\"}}],\"inLanguage\":\"es\"},{\"@type\":\"Organization\",\"@id\":\"https:\\\/\\\/fontaineo.eu\\\/#organization\",\"name\":\"Fontaineo\",\"url\":\"https:\\\/\\\/fontaineo.eu\\\/\",\"logo\":{\"@type\":\"ImageObject\",\"inLanguage\":\"es\",\"@id\":\"https:\\\/\\\/fontaineo.eu\\\/#\\\/schema\\\/logo\\\/image\\\/\",\"url\":\"https:\\\/\\\/fontaineo.eu\\\/wp-content\\\/uploads\\\/2020\\\/04\\\/cropped-Fontaineo-logo-1.png\",\"contentUrl\":\"https:\\\/\\\/fontaineo.eu\\\/wp-content\\\/uploads\\\/2020\\\/04\\\/cropped-Fontaineo-logo-1.png\",\"width\":3208,\"height\":2692,\"caption\":\"Fontaineo\"},\"image\":{\"@id\":\"https:\\\/\\\/fontaineo.eu\\\/#\\\/schema\\\/logo\\\/image\\\/\"}}]}<\/script>\n<!-- \/ Yoast SEO plugin. -->","yoast_head_json":{"title":"Money'o - Fontaineo","robots":{"index":"index","follow":"follow","max-snippet":"max-snippet:-1","max-image-preview":"max-image-preview:large","max-video-preview":"max-video-preview:-1"},"canonical":"https:\/\/fontaineo.eu\/es\/product-2\/moneyo","og_locale":"es_ES","og_type":"article","og_title":"Money'o - Fontaineo","og_description":"Le mod\u00e8le de fontaine \u00e0 eau r\u00e9seau qui dispose d\u2019une solution mon\u00e9tique. Id\u00e9al pour les villes, commerces ou h\u00f4tels.  Vous souhaitez proposer de l\u2019eau fra\u00eeche \u00e0 vos visiteurs tout en rentabilisant votre fontaine gr\u00e2ce \u00e0 une solution mon\u00e9tique ?  La fontaine \u00e0 eau r\u00e9seau Money\u20190 est le mod\u00e8le qu\u2019il vous faut !  En plus d\u2019\u00eatre un mobilier design et \u00e9l\u00e9gant, cette fontaine avec solution mon\u00e9tique permet un paiement par carte bancaire, carte pr\u00e9pay\u00e9e, badge ou monnaie.","og_url":"https:\/\/fontaineo.eu\/es\/product-2\/moneyo","og_site_name":"Fontaineo","article_modified_time":"2025-06-06T12:10:56+00:00","og_image":[{"width":600,"height":600,"url":"https:\/\/fontaineo.eu\/wp-content\/uploads\/2025\/03\/moneyo-fontaines-a-eau-reseaux-port.png","type":"image\/png"}],"twitter_card":"summary_large_image","twitter_misc":{"Tiempo de lectura":"1 minuto"},"schema":{"@context":"https:\/\/schema.org","@graph":[{"@type":"WebPage","@id":"https:\/\/fontaineo.eu\/produit\/moneyo","url":"https:\/\/fontaineo.eu\/produit\/moneyo","name":"Money'o - Fontaineo","isPartOf":{"@id":"https:\/\/fontaineo.eu\/#website"},"primaryImageOfPage":{"@id":"https:\/\/fontaineo.eu\/produit\/moneyo#primaryimage"},"image":{"@id":"https:\/\/fontaineo.eu\/produit\/moneyo#primaryimage"},"thumbnailUrl":"https:\/\/fontaineo.eu\/wp-content\/uploads\/2025\/03\/moneyo-fontaines-a-eau-reseaux-port.png","datePublished":"2025-04-16T07:36:39+00:00","dateModified":"2025-06-06T12:10:56+00:00","breadcrumb":{"@id":"https:\/\/fontaineo.eu\/produit\/moneyo#breadcrumb"},"inLanguage":"es","potentialAction":[{"@type":"ReadAction","target":["https:\/\/fontaineo.eu\/produit\/moneyo"]}]},{"@type":"ImageObject","inLanguage":"es","@id":"https:\/\/fontaineo.eu\/produit\/moneyo#primaryimage","url":"https:\/\/fontaineo.eu\/wp-content\/uploads\/2025\/03\/moneyo-fontaines-a-eau-reseaux-port.png","contentUrl":"https:\/\/fontaineo.eu\/wp-content\/uploads\/2025\/03\/moneyo-fontaines-a-eau-reseaux-port.png","width":600,"height":600,"caption":"Un distributeur d'eau bleu, lab\u00e9lis\u00e9 \u00ab\u00a0Fontaineo \u00e9co-responsable\u00a0\u00bb, est situ\u00e9 pr\u00e8s d'un port o\u00f9 naviguent des voiliers. Il se trouve \u00e0 c\u00f4t\u00e9 d'un v\u00e9hicule sombre arborant un logo en forme de fleur. Le ciel est nuageux et un chemin de pierre longe l'eau."},{"@type":"BreadcrumbList","@id":"https:\/\/fontaineo.eu\/produit\/moneyo#breadcrumb","itemListElement":[{"@type":"ListItem","position":1,"name":"Accueil","item":"https:\/\/fontaineo.eu\/"},{"@type":"ListItem","position":2,"name":"Boutique","item":"https:\/\/fontaineo.eu\/boutique"},{"@type":"ListItem","position":3,"name":"Money&rsquo;o"}]},{"@type":"WebSite","@id":"https:\/\/fontaineo.eu\/#website","url":"https:\/\/fontaineo.eu\/","name":"Fontaineo","description":"Fuentes de agua para todos sus proyectos","publisher":{"@id":"https:\/\/fontaineo.eu\/#organization"},"potentialAction":[{"@type":"SearchAction","target":{"@type":"EntryPoint","urlTemplate":"https:\/\/fontaineo.eu\/?s={search_term_string}"},"query-input":{"@type":"PropertyValueSpecification","valueRequired":true,"valueName":"search_term_string"}}],"inLanguage":"es"},{"@type":"Organization","@id":"https:\/\/fontaineo.eu\/#organization","name":"Fontaineo","url":"https:\/\/fontaineo.eu\/","logo":{"@type":"ImageObject","inLanguage":"es","@id":"https:\/\/fontaineo.eu\/#\/schema\/logo\/image\/","url":"https:\/\/fontaineo.eu\/wp-content\/uploads\/2020\/04\/cropped-Fontaineo-logo-1.png","contentUrl":"https:\/\/fontaineo.eu\/wp-content\/uploads\/2020\/04\/cropped-Fontaineo-logo-1.png","width":3208,"height":2692,"caption":"Fontaineo"},"image":{"@id":"https:\/\/fontaineo.eu\/#\/schema\/logo\/image\/"}}]}},"_links":{"self":[{"href":"https:\/\/fontaineo.eu\/es\/wp-json\/wp\/v2\/product\/12365","targetHints":{"allow":["GET"]}}],"collection":[{"href":"https:\/\/fontaineo.eu\/es\/wp-json\/wp\/v2\/product"}],"about":[{"href":"https:\/\/fontaineo.eu\/es\/wp-json\/wp\/v2\/types\/product"}],"replies":[{"embeddable":true,"href":"https:\/\/fontaineo.eu\/es\/wp-json\/wp\/v2\/comments?post=12365"}],"wp:featuredmedia":[{"embeddable":true,"href":"https:\/\/fontaineo.eu\/es\/wp-json\/wp\/v2\/media\/12402"}],"wp:attachment":[{"href":"https:\/\/fontaineo.eu\/es\/wp-json\/wp\/v2\/media?parent=12365"}],"wp:term":[{"taxonomy":"product_brand","embeddable":true,"href":"https:\/\/fontaineo.eu\/es\/wp-json\/wp\/v2\/product_brand?post=12365"},{"taxonomy":"product_cat","embeddable":true,"href":"https:\/\/fontaineo.eu\/es\/wp-json\/wp\/v2\/product_cat?post=12365"},{"taxonomy":"product_tag","embeddable":true,"href":"https:\/\/fontaineo.eu\/es\/wp-json\/wp\/v2\/product_tag?post=12365"}],"curies":[{"name":"wp","href":"https:\/\/api.w.org\/{rel}","templated":true}]}}