{"id":12356,"date":"2025-04-16T09:36:39","date_gmt":"2025-04-16T07:36:39","guid":{"rendered":"https:\/\/fontaineo.eu\/?post_type=product&#038;p=12356"},"modified":"2025-09-26T16:19:14","modified_gmt":"2025-09-26T14:19:14","slug":"aquatys","status":"publish","type":"product","link":"https:\/\/fontaineo.eu\/es\/product-2\/aquatys","title":{"rendered":"Aqua'tys"},"content":{"rendered":"<p class=\"translation-block\"><span style=\"color: #4c4c4c\"><span style=\"font-size: 17px\"><b>D\u00e9bit : <\/b>Distribution eau plate illimit\u00e9e<\/span><\/span><\/p>\n<p class=\"translation-block\"><span style=\"font-weight: bold;color: #4c4c4c;font-size: 17px\">Poids : <\/span><span style=\"color: #4c4c4c;font-size: 17px\">2<\/span><span style=\"color: #4c4c4c;font-size: 17px\">0 kg<\/span><\/p>\n<p class=\"translation-block\"><span style=\"font-weight: bold;color: #4c4c4c;font-size: 17px\">Largeur : <\/span><span style=\"color: #4c4c4c;font-size: 17px\">500 mm<\/span><span style=\"color: #4c4c4c;font-size: 17px\"><br>\r\n<\/span><\/p>\n<p class=\"translation-block\"><span style=\"font-weight: bold;color: #4c4c4c;font-size: 17px\">Hauteur : <\/span><span style=\"color: #4c4c4c;font-size: 17px\">9<\/span><span style=\"color: #4c4c4c;font-size: 17px\">00 mm<\/span><span style=\"color: #4c4c4c;font-size: 17px\"><br>\r\n<\/span><\/p>\n<p class=\"translation-block\"><span style=\"font-weight: bold;color: #4c4c4c;font-size: 17px\">Panneau : <\/span><span style=\"color: #4c4c4c;font-size: 17px\">Contenant maximum 1,5L<\/span><\/p>\n<p class=\"translation-block\"><span style=\"font-weight: bold;color: #4c4c4c;font-size: 17px\">Carcasse : <\/span><span style=\"color: #4c4c4c;font-size: 17px\">Inox 304 L + fa\u00e7ade Thermoform\u00e9e<\/span><\/p>\n<p class=\"translation-block\"><span style=\"color: #93c11e\"><span style=\"font-weight: bold;font-size: 17px\">Consommation :<\/span><span style=\"font-size: 17px\"> 100w<\/span><\/span><\/p>\n<p class=\"translation-block\"><span style=\"color: #93c11e\"><span style=\"font-weight: bold;font-size: 17px\">Alimentation : <\/span><span style=\"font-size: 17px\">20<\/span><span style=\"font-size: 17px\">0 V<\/span><\/span><\/p>","protected":false},"excerpt":{"rendered":"<p class=\"translation-block\">Are you looking for a minimalist water cooler that fits perfectly into any modern, designer interior?<\/p>\n<p class=\"translation-block\">Con\u00e7ue pour les espaces int\u00e9rieurs l\u2019AQUA\u2019tys allie <b>design <\/b>et <b>efficacit\u00e9 <\/b>afin de satisfaire votre demande.<\/p>\n<p style=\"text-align: left\" class=\"translation-block\">Una fuente de agua conectada a la red \u00abhttps:\/\/fontaineo.eu\/fontaines-reseau\u00bb dise\u00f1ada para revolucionar la gesti\u00f3n del agua.<\/p>\n<p style=\"text-align: left\">Combinando rendimiento t\u00e9cnico, compromiso medioambiental y dise\u00f1o moderno, Aquatys se integra perfectamente en cualquier espacio.<\/p>\n<p style=\"text-align: left\">Dise\u00f1ado para responder a los retos ecol\u00f3gicos actuales, encarna la visi\u00f3n de Fontaineo: ofrecer soluciones responsables, sostenibles y est\u00e9ticas para preservar nuestro planeta.<\/p>","protected":false},"featured_media":12358,"comment_status":"closed","ping_status":"closed","template":"","meta":{"_acf_changed":false},"product_brand":[],"product_cat":[33,34,29],"product_tag":[30,31,37,35,36,32],"class_list":{"0":"post-12356","1":"product","2":"type-product","3":"status-publish","4":"has-post-thumbnail","6":"product_cat-fontaine-a-eau-exterieure","7":"product_cat-fontaine-a-eau-interieure","8":"product_cat-fontaine-a-eau-reseau","9":"product_tag-fontaine-a-eau-exterieure","10":"product_tag-fontaine-compacte","11":"product_tag-fontaine-pour-parc","12":"product_tag-fontaine-publique","13":"product_tag-fontaine-secteur-prive","14":"product_tag-primo","16":"first","17":"instock","18":"shipping-taxable","19":"product-type-external"},"acf":[],"yoast_head":"<!-- This site is optimized with the Yoast SEO plugin v27.4 - https:\/\/yoast.com\/product\/yoast-seo-wordpress\/ -->\n<title>Aqua&#039;tys - Fontaineo<\/title>\n<meta name=\"robots\" content=\"index, follow, max-snippet:-1, max-image-preview:large, max-video-preview:-1\" \/>\n<link rel=\"canonical\" href=\"https:\/\/fontaineo.eu\/es\/product-2\/aquatys\" \/>\n<meta property=\"og:locale\" content=\"es_ES\" \/>\n<meta property=\"og:type\" content=\"article\" \/>\n<meta property=\"og:title\" content=\"Aqua&#039;tys - Fontaineo\" \/>\n<meta property=\"og:description\" content=\"Vous recherchez une fontaine \u00e0 eau r\u00e9seau minimaliste qui s&#039;int\u00e8gre parfaitement dans tous les espaces int\u00e9rieurs modernes et design ?  Con\u00e7ue pour les espaces int\u00e9rieurs l&#039;AQUA&#039;tys allie design et efficacit\u00e9 afin de satisfaire votre demande. Une fontaine \u00e0 eau r\u00e9seau con\u00e7ue pour r\u00e9volutionner la gestion de l&#039;eau. Alliant performances techniques, engagement environnemental et design moderne, l&#039;Aquatys s&#039;int\u00e8gre parfaitement dans tous les espaces. Pens\u00e9 pour r\u00e9pondre aux enjeux \u00e9cologiques d&#039;aujourd&#039;hui, il incarne la vision de Fontaineo : offrir des solutions responsables, durables et esth\u00e9tiques pour pr\u00e9server notre plan\u00e8te.\" \/>\n<meta property=\"og:url\" content=\"https:\/\/fontaineo.eu\/es\/product-2\/aquatys\" \/>\n<meta property=\"og:site_name\" content=\"Fontaineo\" \/>\n<meta property=\"article:modified_time\" content=\"2025-09-26T14:19:14+00:00\" \/>\n<meta property=\"og:image\" content=\"https:\/\/fontaineo.eu\/wp-content\/uploads\/2025\/03\/IMG_1062-scaled-e1741700023355.jpg\" \/>\n\t<meta property=\"og:image:width\" content=\"1709\" \/>\n\t<meta property=\"og:image:height\" content=\"2560\" \/>\n\t<meta property=\"og:image:type\" content=\"image\/jpeg\" \/>\n<meta name=\"twitter:card\" content=\"summary_large_image\" \/>\n<meta name=\"twitter:label1\" content=\"Tiempo de lectura\" \/>\n\t<meta name=\"twitter:data1\" content=\"1 minuto\" \/>\n<script type=\"application\/ld+json\" class=\"yoast-schema-graph\">{\"@context\":\"https:\\\/\\\/schema.org\",\"@graph\":[{\"@type\":\"WebPage\",\"@id\":\"https:\\\/\\\/fontaineo.eu\\\/produit\\\/aquatys\",\"url\":\"https:\\\/\\\/fontaineo.eu\\\/produit\\\/aquatys\",\"name\":\"Aqua'tys - Fontaineo\",\"isPartOf\":{\"@id\":\"https:\\\/\\\/fontaineo.eu\\\/#website\"},\"primaryImageOfPage\":{\"@id\":\"https:\\\/\\\/fontaineo.eu\\\/produit\\\/aquatys#primaryimage\"},\"image\":{\"@id\":\"https:\\\/\\\/fontaineo.eu\\\/produit\\\/aquatys#primaryimage\"},\"thumbnailUrl\":\"https:\\\/\\\/fontaineo.eu\\\/wp-content\\\/uploads\\\/2025\\\/03\\\/IMG_1062-scaled-e1741700023355.jpg\",\"datePublished\":\"2025-04-16T07:36:39+00:00\",\"dateModified\":\"2025-09-26T14:19:14+00:00\",\"breadcrumb\":{\"@id\":\"https:\\\/\\\/fontaineo.eu\\\/produit\\\/aquatys#breadcrumb\"},\"inLanguage\":\"es\",\"potentialAction\":[{\"@type\":\"ReadAction\",\"target\":[\"https:\\\/\\\/fontaineo.eu\\\/produit\\\/aquatys\"]}]},{\"@type\":\"ImageObject\",\"inLanguage\":\"es\",\"@id\":\"https:\\\/\\\/fontaineo.eu\\\/produit\\\/aquatys#primaryimage\",\"url\":\"https:\\\/\\\/fontaineo.eu\\\/wp-content\\\/uploads\\\/2025\\\/03\\\/IMG_1062-scaled-e1741700023355.jpg\",\"contentUrl\":\"https:\\\/\\\/fontaineo.eu\\\/wp-content\\\/uploads\\\/2025\\\/03\\\/IMG_1062-scaled-e1741700023355.jpg\",\"width\":1709,\"height\":2560,\"caption\":\"Un appareil blanc estampill\u00e9 \u00ab AQUAtys by Fontaeneo \u00bb est fix\u00e9 au mur. Il pr\u00e9sente un design \u00e9l\u00e9gant et incurv\u00e9 avec des motifs floraux bleus et verts. Sous l'\u00e9tiquette, on peut lire \u00ab Eau Plate \u00bb. Un v\u00e9hicule est partiellement visible en arri\u00e8re-plan.\"},{\"@type\":\"BreadcrumbList\",\"@id\":\"https:\\\/\\\/fontaineo.eu\\\/produit\\\/aquatys#breadcrumb\",\"itemListElement\":[{\"@type\":\"ListItem\",\"position\":1,\"name\":\"Accueil\",\"item\":\"https:\\\/\\\/fontaineo.eu\\\/\"},{\"@type\":\"ListItem\",\"position\":2,\"name\":\"Boutique\",\"item\":\"https:\\\/\\\/fontaineo.eu\\\/boutique\"},{\"@type\":\"ListItem\",\"position\":3,\"name\":\"Aqua&rsquo;tys\"}]},{\"@type\":\"WebSite\",\"@id\":\"https:\\\/\\\/fontaineo.eu\\\/#website\",\"url\":\"https:\\\/\\\/fontaineo.eu\\\/\",\"name\":\"Fontaineo\",\"description\":\"Des fontaines \u00e0 eau pour tous vos projets\",\"publisher\":{\"@id\":\"https:\\\/\\\/fontaineo.eu\\\/#organization\"},\"potentialAction\":[{\"@type\":\"SearchAction\",\"target\":{\"@type\":\"EntryPoint\",\"urlTemplate\":\"https:\\\/\\\/fontaineo.eu\\\/?s={search_term_string}\"},\"query-input\":{\"@type\":\"PropertyValueSpecification\",\"valueRequired\":true,\"valueName\":\"search_term_string\"}}],\"inLanguage\":\"es\"},{\"@type\":\"Organization\",\"@id\":\"https:\\\/\\\/fontaineo.eu\\\/#organization\",\"name\":\"Fontaineo\",\"url\":\"https:\\\/\\\/fontaineo.eu\\\/\",\"logo\":{\"@type\":\"ImageObject\",\"inLanguage\":\"es\",\"@id\":\"https:\\\/\\\/fontaineo.eu\\\/#\\\/schema\\\/logo\\\/image\\\/\",\"url\":\"https:\\\/\\\/fontaineo.eu\\\/wp-content\\\/uploads\\\/2020\\\/04\\\/cropped-Fontaineo-logo-1.png\",\"contentUrl\":\"https:\\\/\\\/fontaineo.eu\\\/wp-content\\\/uploads\\\/2020\\\/04\\\/cropped-Fontaineo-logo-1.png\",\"width\":3208,\"height\":2692,\"caption\":\"Fontaineo\"},\"image\":{\"@id\":\"https:\\\/\\\/fontaineo.eu\\\/#\\\/schema\\\/logo\\\/image\\\/\"}}]}<\/script>\n<!-- \/ Yoast SEO plugin. -->","yoast_head_json":{"title":"Aqua'tys - Fontaineo","robots":{"index":"index","follow":"follow","max-snippet":"max-snippet:-1","max-image-preview":"max-image-preview:large","max-video-preview":"max-video-preview:-1"},"canonical":"https:\/\/fontaineo.eu\/es\/product-2\/aquatys","og_locale":"es_ES","og_type":"article","og_title":"Aqua'tys - Fontaineo","og_description":"Vous recherchez une fontaine \u00e0 eau r\u00e9seau minimaliste qui s'int\u00e8gre parfaitement dans tous les espaces int\u00e9rieurs modernes et design ?  Con\u00e7ue pour les espaces int\u00e9rieurs l'AQUA'tys allie design et efficacit\u00e9 afin de satisfaire votre demande. Une fontaine \u00e0 eau r\u00e9seau con\u00e7ue pour r\u00e9volutionner la gestion de l'eau. Alliant performances techniques, engagement environnemental et design moderne, l'Aquatys s'int\u00e8gre parfaitement dans tous les espaces. Pens\u00e9 pour r\u00e9pondre aux enjeux \u00e9cologiques d'aujourd'hui, il incarne la vision de Fontaineo : offrir des solutions responsables, durables et esth\u00e9tiques pour pr\u00e9server notre plan\u00e8te.","og_url":"https:\/\/fontaineo.eu\/es\/product-2\/aquatys","og_site_name":"Fontaineo","article_modified_time":"2025-09-26T14:19:14+00:00","og_image":[{"width":1709,"height":2560,"url":"https:\/\/fontaineo.eu\/wp-content\/uploads\/2025\/03\/IMG_1062-scaled-e1741700023355.jpg","type":"image\/jpeg"}],"twitter_card":"summary_large_image","twitter_misc":{"Tiempo de lectura":"1 minuto"},"schema":{"@context":"https:\/\/schema.org","@graph":[{"@type":"WebPage","@id":"https:\/\/fontaineo.eu\/produit\/aquatys","url":"https:\/\/fontaineo.eu\/produit\/aquatys","name":"Aqua'tys - Fontaineo","isPartOf":{"@id":"https:\/\/fontaineo.eu\/#website"},"primaryImageOfPage":{"@id":"https:\/\/fontaineo.eu\/produit\/aquatys#primaryimage"},"image":{"@id":"https:\/\/fontaineo.eu\/produit\/aquatys#primaryimage"},"thumbnailUrl":"https:\/\/fontaineo.eu\/wp-content\/uploads\/2025\/03\/IMG_1062-scaled-e1741700023355.jpg","datePublished":"2025-04-16T07:36:39+00:00","dateModified":"2025-09-26T14:19:14+00:00","breadcrumb":{"@id":"https:\/\/fontaineo.eu\/produit\/aquatys#breadcrumb"},"inLanguage":"es","potentialAction":[{"@type":"ReadAction","target":["https:\/\/fontaineo.eu\/produit\/aquatys"]}]},{"@type":"ImageObject","inLanguage":"es","@id":"https:\/\/fontaineo.eu\/produit\/aquatys#primaryimage","url":"https:\/\/fontaineo.eu\/wp-content\/uploads\/2025\/03\/IMG_1062-scaled-e1741700023355.jpg","contentUrl":"https:\/\/fontaineo.eu\/wp-content\/uploads\/2025\/03\/IMG_1062-scaled-e1741700023355.jpg","width":1709,"height":2560,"caption":"Un appareil blanc estampill\u00e9 \u00ab AQUAtys by Fontaeneo \u00bb est fix\u00e9 au mur. Il pr\u00e9sente un design \u00e9l\u00e9gant et incurv\u00e9 avec des motifs floraux bleus et verts. Sous l'\u00e9tiquette, on peut lire \u00ab Eau Plate \u00bb. Un v\u00e9hicule est partiellement visible en arri\u00e8re-plan."},{"@type":"BreadcrumbList","@id":"https:\/\/fontaineo.eu\/produit\/aquatys#breadcrumb","itemListElement":[{"@type":"ListItem","position":1,"name":"Accueil","item":"https:\/\/fontaineo.eu\/"},{"@type":"ListItem","position":2,"name":"Boutique","item":"https:\/\/fontaineo.eu\/boutique"},{"@type":"ListItem","position":3,"name":"Aqua&rsquo;tys"}]},{"@type":"WebSite","@id":"https:\/\/fontaineo.eu\/#website","url":"https:\/\/fontaineo.eu\/","name":"Fontaineo","description":"Fuentes de agua para todos sus proyectos","publisher":{"@id":"https:\/\/fontaineo.eu\/#organization"},"potentialAction":[{"@type":"SearchAction","target":{"@type":"EntryPoint","urlTemplate":"https:\/\/fontaineo.eu\/?s={search_term_string}"},"query-input":{"@type":"PropertyValueSpecification","valueRequired":true,"valueName":"search_term_string"}}],"inLanguage":"es"},{"@type":"Organization","@id":"https:\/\/fontaineo.eu\/#organization","name":"Fontaineo","url":"https:\/\/fontaineo.eu\/","logo":{"@type":"ImageObject","inLanguage":"es","@id":"https:\/\/fontaineo.eu\/#\/schema\/logo\/image\/","url":"https:\/\/fontaineo.eu\/wp-content\/uploads\/2020\/04\/cropped-Fontaineo-logo-1.png","contentUrl":"https:\/\/fontaineo.eu\/wp-content\/uploads\/2020\/04\/cropped-Fontaineo-logo-1.png","width":3208,"height":2692,"caption":"Fontaineo"},"image":{"@id":"https:\/\/fontaineo.eu\/#\/schema\/logo\/image\/"}}]}},"_links":{"self":[{"href":"https:\/\/fontaineo.eu\/es\/wp-json\/wp\/v2\/product\/12356","targetHints":{"allow":["GET"]}}],"collection":[{"href":"https:\/\/fontaineo.eu\/es\/wp-json\/wp\/v2\/product"}],"about":[{"href":"https:\/\/fontaineo.eu\/es\/wp-json\/wp\/v2\/types\/product"}],"replies":[{"embeddable":true,"href":"https:\/\/fontaineo.eu\/es\/wp-json\/wp\/v2\/comments?post=12356"}],"wp:featuredmedia":[{"embeddable":true,"href":"https:\/\/fontaineo.eu\/es\/wp-json\/wp\/v2\/media\/12358"}],"wp:attachment":[{"href":"https:\/\/fontaineo.eu\/es\/wp-json\/wp\/v2\/media?parent=12356"}],"wp:term":[{"taxonomy":"product_brand","embeddable":true,"href":"https:\/\/fontaineo.eu\/es\/wp-json\/wp\/v2\/product_brand?post=12356"},{"taxonomy":"product_cat","embeddable":true,"href":"https:\/\/fontaineo.eu\/es\/wp-json\/wp\/v2\/product_cat?post=12356"},{"taxonomy":"product_tag","embeddable":true,"href":"https:\/\/fontaineo.eu\/es\/wp-json\/wp\/v2\/product_tag?post=12356"}],"curies":[{"name":"wp","href":"https:\/\/api.w.org\/{rel}","templated":true}]}}