{"id":535,"date":"2020-04-27T16:20:22","date_gmt":"2020-04-27T14:20:22","guid":{"rendered":"https:\/\/fontaineo.live-website.com\/?page_id=535"},"modified":"2020-04-27T16:25:08","modified_gmt":"2020-04-27T14:25:08","slug":"mapa-del-sitio","status":"publish","type":"page","link":"https:\/\/fontaineo.eu\/es\/mapa-del-sitio","title":{"rendered":"Mapa del sitio"},"content":{"rendered":"<div data-elementor-type=\"wp-page\" data-elementor-id=\"535\" class=\"elementor elementor-535\" data-elementor-post-type=\"page\">\n\t\t\t\t\t\t<section class=\"elementor-section elementor-top-section elementor-element elementor-element-37a6f6a elementor-section-boxed elementor-section-height-default elementor-section-height-default\" data-id=\"37a6f6a\" data-element_type=\"section\" data-e-type=\"section\">\n\t\t\t\t\t\t<div class=\"elementor-container elementor-column-gap-default\">\n\t\t\t\t\t<div class=\"elementor-column elementor-col-100 elementor-top-column elementor-element elementor-element-1cdc022\" data-id=\"1cdc022\" data-element_type=\"column\" data-e-type=\"column\">\n\t\t\t<div class=\"elementor-widget-wrap elementor-element-populated\">\n\t\t\t\t\t\t<div class=\"elementor-element elementor-element-9889576 elementor-widget elementor-widget-heading\" data-id=\"9889576\" data-element_type=\"widget\" data-e-type=\"widget\" data-widget_type=\"heading.default\">\n\t\t\t\t<div class=\"elementor-widget-container\">\n\t\t\t\t\t<h2 class=\"elementor-heading-title elementor-size-default\">Mapa del sitio<\/h2>\t\t\t\t<\/div>\n\t\t\t\t<\/div>\n\t\t\t\t\t<\/div>\n\t\t<\/div>\n\t\t\t\t\t<\/div>\n\t\t<\/section>\n\t\t\t\t<section class=\"elementor-section elementor-top-section elementor-element elementor-element-02b9290 elementor-section-boxed elementor-section-height-default elementor-section-height-default\" data-id=\"02b9290\" data-element_type=\"section\" data-e-type=\"section\">\n\t\t\t\t\t\t<div class=\"elementor-container elementor-column-gap-default\">\n\t\t\t\t\t<div class=\"elementor-column elementor-col-100 elementor-top-column elementor-element elementor-element-ee9c42e\" data-id=\"ee9c42e\" data-element_type=\"column\" data-e-type=\"column\">\n\t\t\t<div class=\"elementor-widget-wrap elementor-element-populated\">\n\t\t\t\t\t\t<div class=\"elementor-element elementor-element-78b1692 elementor-widget elementor-widget-sitemap\" data-id=\"78b1692\" data-element_type=\"widget\" data-e-type=\"widget\" data-widget_type=\"sitemap.default\">\n\t\t\t\t<div class=\"elementor-widget-container\">\n\t\t\t\t\t<div class=\"elementor-sitemap-wrap\"><div class=\"elementor-sitemap-section\"><h2 class=\"elementor-sitemap-title elementor-sitemap-page-title\"> <\/h2><ul class=\"elementor-sitemap-list elementor-sitemap-page-list\"><li class=\"elementor-sitemap-item elementor-sitemap-item-page page_item page-item-256\"><a href=\"https:\/\/fontaineo.eu\/es\/financiacion\">Financement<\/a><\/li><li class=\"elementor-sitemap-item elementor-sitemap-item-page page_item page-item-516\"><a href=\"https:\/\/fontaineo.eu\/es\/aviso-legal\">Informaci\u00f3n jur\u00eddica<\/a><\/li><li class=\"elementor-sitemap-item elementor-sitemap-item-page page_item page-item-8452\"><a href=\"https:\/\/fontaineo.eu\/es\/festivales-y-eventos-al-aire-libre\">Festivales y eventos al aire libre<\/a><\/li><li class=\"elementor-sitemap-item elementor-sitemap-item-page page_item page-item-7430\"><a href=\"https:\/\/fontaineo.eu\/es\/fuente-de-agua-fabrica\">Enfriador de agua de f\u00e1brica<\/a><\/li><li class=\"elementor-sitemap-item elementor-sitemap-item-page page_item page-item-1800\"><a href=\"https:\/\/fontaineo.eu\/es\/fuente-de-agua-exterior\">Fontaine \u00e0 eau potable ext\u00e9rieure<\/a><\/li><li class=\"elementor-sitemap-item elementor-sitemap-item-page page_item page-item-265\"><a href=\"https:\/\/fontaineo.eu\/es\/instalacion-fuente-de-agua-fontaineo\">Installation d&rsquo;une fontaine \u00e0 eau raccord\u00e9e<\/a><\/li><li class=\"elementor-sitemap-item elementor-sitemap-item-page page_item page-item-525\"><a href=\"https:\/\/fontaineo.eu\/es\/politica-de-confidencialidad\">Pol\u00edtica de privacidad<\/a><\/li><li class=\"elementor-sitemap-item elementor-sitemap-item-page page_item page-item-529\"><a href=\"https:\/\/fontaineo.eu\/es\/galletas\">Cookies<\/a><\/li><li class=\"elementor-sitemap-item elementor-sitemap-item-page page_item page-item-13075\"><a href=\"https:\/\/fontaineo.eu\/es\/fontaine-a-eau-stade\">Fontaine \u00e0 eau stades<\/a><\/li><li class=\"elementor-sitemap-item elementor-sitemap-item-page page_item page-item-5653\"><a href=\"https:\/\/fontaineo.eu\/es\/fuente-de-agua-red\">Enfriador de agua en red<\/a><\/li><li class=\"elementor-sitemap-item elementor-sitemap-item-page page_item page-item-535\"><a href=\"https:\/\/fontaineo.eu\/es\/mapa-del-sitio\">Mapa del sitio<\/a><\/li><li class=\"elementor-sitemap-item elementor-sitemap-item-page page_item page-item-287\"><a href=\"https:\/\/fontaineo.eu\/es\/sistema-de-seguridad-fontaineo\">Syst\u00e8me de s\u00e9curit\u00e9<\/a><\/li><li class=\"elementor-sitemap-item elementor-sitemap-item-page page_item page-item-7458\"><a href=\"https:\/\/fontaineo.eu\/es\/fuente-de-agua-aeropuerto\">Refrigerador de agua para aeropuertos<\/a><\/li><li class=\"elementor-sitemap-item elementor-sitemap-item-page page_item page-item-11311\"><a href=\"https:\/\/fontaineo.eu\/es\/fuente-de-agua-red\/agua-con-gas\">Opci\u00f3n de agua con gas<\/a><\/li><li class=\"elementor-sitemap-item elementor-sitemap-item-page page_item page-item-308\"><a href=\"https:\/\/fontaineo.eu\/es\/consumibles-fontaineo\">Consommables et Entretiens<\/a><\/li><li class=\"elementor-sitemap-item elementor-sitemap-item-page page_item page-item-822\"><a href=\"https:\/\/fontaineo.eu\/es\/nuestros-sectores\">Nuestros sectores<\/a><\/li><li class=\"elementor-sitemap-item elementor-sitemap-item-page page_item page-item-7480\"><a href=\"https:\/\/fontaineo.eu\/es\/fuente-de-agua-erp\">Enfriador de agua ERP<\/a><\/li><li class=\"elementor-sitemap-item elementor-sitemap-item-page page_item page-item-13378\"><a href=\"https:\/\/fontaineo.eu\/es\/fontaine-a-eau-parcs-dattractions-zoo\">Fontaine \u00e0 eau Parcs d&rsquo;attractions &amp; Zoo<\/a><\/li><li class=\"elementor-sitemap-item elementor-sitemap-item-page page_item page-item-4167\"><a href=\"https:\/\/fontaineo.eu\/es\/implantaciones\">Ubicaciones<\/a><\/li><li class=\"elementor-sitemap-item elementor-sitemap-item-page page_item page-item-11338\"><a href=\"https:\/\/fontaineo.eu\/es\/fuente-de-agua-red\/agua-refrigerada\">Agua refrigerada<\/a><\/li><li class=\"elementor-sitemap-item elementor-sitemap-item-page page_item page-item-13134\"><a href=\"https:\/\/fontaineo.eu\/es\/maintenance-fontaine-a-eau\">Maintenance fontaine \u00e0 eau r\u00e9seau<\/a><\/li><li class=\"elementor-sitemap-item elementor-sitemap-item-page page_item page-item-10575\"><a href=\"https:\/\/fontaineo.eu\/es\/fuente-de-agua-red\/money-o\">Mod\u00e8le Money&rsquo;O<\/a><\/li><li class=\"elementor-sitemap-item elementor-sitemap-item-page page_item page-item-3664\"><a href=\"https:\/\/fontaineo.eu\/es\/map\">Implantations Fontaineo<\/a><\/li><li class=\"elementor-sitemap-item elementor-sitemap-item-page page_item page-item-5714\"><a href=\"https:\/\/fontaineo.eu\/es\/public-sector\">Sector p\u00fablico<\/a><\/li><li class=\"elementor-sitemap-item elementor-sitemap-item-page page_item page-item-1882\"><a href=\"https:\/\/fontaineo.eu\/es\/fuente-de-agua-interior\">Enfriador de agua de interior<\/a><\/li><li class=\"elementor-sitemap-item elementor-sitemap-item-page page_item page-item-1887\"><a href=\"https:\/\/fontaineo.eu\/es\/campings-de-ocio\">Fuente de agua Campings &amp; Loisirs<\/a><\/li><li class=\"elementor-sitemap-item elementor-sitemap-item-page page_item page-item-96\"><a href=\"https:\/\/fontaineo.eu\/es\">Inicio<\/a><\/li><li class=\"elementor-sitemap-item elementor-sitemap-item-page page_item page-item-2400\"><a href=\"https:\/\/fontaineo.eu\/es\/concertar-una-cita\">Concierte una cita<\/a><\/li><li class=\"elementor-sitemap-item elementor-sitemap-item-page page_item page-item-355\"><a href=\"https:\/\/fontaineo.eu\/es\/accesorios-fontaineo\">Nos accessoires<\/a><\/li><li class=\"elementor-sitemap-item elementor-sitemap-item-page page_item page-item-5732\"><a href=\"https:\/\/fontaineo.eu\/es\/private-sector\">Sector privado<\/a><\/li><li class=\"elementor-sitemap-item elementor-sitemap-item-page page_item page-item-5480\"><a href=\"https:\/\/fontaineo.eu\/es\/fuente-de-agua-obra-publica\">Refrigerador de agua para obras<\/a><\/li><li class=\"elementor-sitemap-item elementor-sitemap-item-page page_item page-item-362\"><a href=\"https:\/\/fontaineo.eu\/es\/faq\">PREGUNTAS FRECUENTES<\/a><\/li><li class=\"elementor-sitemap-item elementor-sitemap-item-page page_item page-item-11116\"><a href=\"https:\/\/fontaineo.eu\/es\/fuente-de-agua-estacion\">Fuente de agua para las estaciones<\/a><\/li><li class=\"elementor-sitemap-item elementor-sitemap-item-page page_item page-item-11630\"><a href=\"https:\/\/fontaineo.eu\/es\/fuente-de-agua-red\/aquatys\">Aqua'tys<\/a><\/li><li class=\"elementor-sitemap-item elementor-sitemap-item-page page_item page-item-13169\"><a href=\"https:\/\/fontaineo.eu\/es\/fontaine-a-eau-reseau-pour-centre-commercial\">Fontaine \u00e0 eau r\u00e9seau pour centre commercial<\/a><\/li><li class=\"elementor-sitemap-item elementor-sitemap-item-page page_item page-item-1650\"><a href=\"https:\/\/fontaineo.eu\/es\/ciudades\">Villes<\/a><\/li><li class=\"elementor-sitemap-item elementor-sitemap-item-page page_item page-item-373 current_page_parent\"><a href=\"https:\/\/fontaineo.eu\/es\/blog\">Actualit\u00e9s<\/a><\/li><li class=\"elementor-sitemap-item elementor-sitemap-item-page page_item page-item-629\"><a href=\"https:\/\/fontaineo.eu\/es\/contacto\">contact<\/a><\/li><li class=\"elementor-sitemap-item elementor-sitemap-item-page page_item page-item-6261\"><a href=\"https:\/\/fontaineo.eu\/es\/fuente-de-agua-red\/cascatello\">Cascatell'O<\/a><\/li><li class=\"elementor-sitemap-item elementor-sitemap-item-page page_item page-item-12150\"><a href=\"https:\/\/fontaineo.eu\/es\/tienda\">Boutique<\/a><\/li><li class=\"elementor-sitemap-item elementor-sitemap-item-page page_item page-item-12151\"><a href=\"https:\/\/fontaineo.eu\/es\/cesta\">Panier<\/a><\/li><li class=\"elementor-sitemap-item elementor-sitemap-item-page page_item page-item-12152\"><a href=\"https:\/\/fontaineo.eu\/es\/commander\">Validation de la commande<\/a><\/li><li class=\"elementor-sitemap-item elementor-sitemap-item-page page_item page-item-12153\"><a href=\"https:\/\/fontaineo.eu\/es\/mon-compte\">Mon compte<\/a><\/li><li class=\"elementor-sitemap-item elementor-sitemap-item-page page_item page-item-6268\"><a href=\"https:\/\/fontaineo.eu\/es\/fuente-de-agua-red\/encastrable\">Incorporado<\/a><\/li><li class=\"elementor-sitemap-item elementor-sitemap-item-page page_item page-item-7809\"><a href=\"https:\/\/fontaineo.eu\/es\/fuente-de-agua-hotel\">Enfriador de agua de hotel<\/a><\/li><li class=\"elementor-sitemap-item elementor-sitemap-item-page page_item page-item-12676\"><a href=\"https:\/\/fontaineo.eu\/es\/alquiler-fuente-de-agua\">Alquiler de una fuente de agua<\/a><\/li><li class=\"elementor-sitemap-item elementor-sitemap-item-page page_item page-item-5765\"><a href=\"https:\/\/fontaineo.eu\/es\/actividades-al-aire-libre\">Ocio y actividades al aire libre<\/a><\/li><li class=\"elementor-sitemap-item elementor-sitemap-item-page page_item page-item-11660\"><a href=\"https:\/\/fontaineo.eu\/es\/enfriador-de-agua-de-empresa\">Enfriador de agua de la empresa<\/a><\/li><li class=\"elementor-sitemap-item elementor-sitemap-item-page page_item page-item-145\"><a href=\"https:\/\/fontaineo.eu\/es\/fuentes\">Fuentes de agua en red, islas de frescor: descubra el mundo de Fontaineo<\/a><\/li><li class=\"elementor-sitemap-item elementor-sitemap-item-page page_item page-item-408\"><a href=\"https:\/\/fontaineo.eu\/es\/newsletter\">Newsletter<\/a><\/li><li class=\"elementor-sitemap-item elementor-sitemap-item-page page_item page-item-10648\"><a href=\"https:\/\/fontaineo.eu\/es\/fuente-de-agua-port\">Puerto<\/a><\/li><li class=\"elementor-sitemap-item elementor-sitemap-item-page page_item page-item-674\"><a href=\"https:\/\/fontaineo.eu\/es\/pagina-contacto-boletin-informativo\">Page contact newsletter<\/a><\/li><li class=\"elementor-sitemap-item elementor-sitemap-item-page page_item page-item-1954\"><a href=\"https:\/\/fontaineo.eu\/es\/ilot-de-fraicheur\">Ilot de fra\u00eecheur<\/a><\/li><li class=\"elementor-sitemap-item elementor-sitemap-item-page page_item page-item-7330\"><a href=\"https:\/\/fontaineo.eu\/es\/colectividades-locales\">Autoridades locales<\/a><\/li><li class=\"elementor-sitemap-item elementor-sitemap-item-page page_item page-item-419\"><a href=\"https:\/\/fontaineo.eu\/es\/avis-fontaineo\">Avis clients<\/a><\/li><li class=\"elementor-sitemap-item elementor-sitemap-item-page page_item page-item-11939\"><a href=\"https:\/\/fontaineo.eu\/es\/fuente-de-agua-red\/barao\">BARA\u2019O<\/a><\/li><li class=\"elementor-sitemap-item elementor-sitemap-item-page page_item page-item-13475\"><a href=\"https:\/\/fontaineo.eu\/es\/catalogues\">Catalogues<\/a><\/li><li class=\"elementor-sitemap-item elementor-sitemap-item-page page_item page-item-11947\"><a href=\"https:\/\/fontaineo.eu\/es\/fuente-de-agua-red\/trailo\">Trail&rsquo;o<\/a><\/li><li class=\"elementor-sitemap-item elementor-sitemap-item-page page_item page-item-5805\"><a href=\"https:\/\/fontaineo.eu\/es\/fuente-de-agua-red\/sourceo\">Sourceo<\/a><\/li><li class=\"elementor-sitemap-item elementor-sitemap-item-page page_item page-item-6319\"><a href=\"https:\/\/fontaineo.eu\/es\/fuente-de-agua-red\/primo\">Prim'O<\/a><\/li><li class=\"elementor-sitemap-item elementor-sitemap-item-page page_item page-item-6064\"><a href=\"https:\/\/fontaineo.eu\/es\/recursos\">Ressources<\/a><\/li><li class=\"elementor-sitemap-item elementor-sitemap-item-page page_item page-item-7348\"><a href=\"https:\/\/fontaineo.eu\/es\/fuente-de-agua-para-escuelas-y-centros-recreativos\">Fontaine \u00e0 eau pour \u00e9coles et centres de loisirs<\/a><\/li><li class=\"elementor-sitemap-item elementor-sitemap-item-page page_item page-item-11961\"><a href=\"https:\/\/fontaineo.eu\/es\/fuente-de-agua-red\/sourceo-plus\">Sourceo +<\/a><\/li><li class=\"elementor-sitemap-item elementor-sitemap-item-page page_item page-item-956\"><a href=\"https:\/\/fontaineo.eu\/es\/qr-code\">QR Code<\/a><\/li><li class=\"elementor-sitemap-item elementor-sitemap-item-page page_item page-item-6334\"><a href=\"https:\/\/fontaineo.eu\/es\/fuente-de-agua-red\/contemporaine-plus\">Contempor\u00e1neo +<\/a><\/li><li class=\"elementor-sitemap-item elementor-sitemap-item-page page_item page-item-10432\"><a href=\"https:\/\/fontaineo.eu\/es\/fuente-de-agua-bancos\">Fuente de agua Bancos<\/a><\/li><li class=\"elementor-sitemap-item elementor-sitemap-item-page page_item page-item-5570\"><a href=\"https:\/\/fontaineo.eu\/es\/fuente-de-agua-golf\">Enfriador de agua para golf<\/a><\/li><li class=\"elementor-sitemap-item elementor-sitemap-item-page page_item page-item-1732\"><a href=\"https:\/\/fontaineo.eu\/es\/enfriador-de-agua-para-eventos\">Eventos<\/a><\/li><li class=\"elementor-sitemap-item elementor-sitemap-item-page page_item page-item-7366\"><a href=\"https:\/\/fontaineo.eu\/es\/regias-de-aguas\">Autoridades del agua<\/a><\/li><li class=\"elementor-sitemap-item elementor-sitemap-item-page page_item page-item-199\"><a href=\"https:\/\/fontaineo.eu\/es\/elijanos\">Nuestra misi\u00f3n<\/a><\/li><li class=\"elementor-sitemap-item elementor-sitemap-item-page page_item page-item-11975\"><a href=\"https:\/\/fontaineo.eu\/es\/fuente-de-agua-red\/sourceo-light\">Sourceo luz<\/a><\/li><li class=\"elementor-sitemap-item elementor-sitemap-item-page page_item page-item-712\"><a href=\"https:\/\/fontaineo.eu\/es\/actualidad-ciudad\">Actualit\u00e9 dans vos villes<\/a><\/li><li class=\"elementor-sitemap-item elementor-sitemap-item-page page_item page-item-1225\"><a href=\"https:\/\/fontaineo.eu\/es\/comercios\">Fuente de agua para tiendas y comercios<\/a><\/li><li class=\"elementor-sitemap-item elementor-sitemap-item-page page_item page-item-6347\"><a href=\"https:\/\/fontaineo.eu\/es\/fuente-de-agua-maraton\">Fontaine \u00e0 eau marathon<\/a><\/li><li class=\"elementor-sitemap-item elementor-sitemap-item-page page_item page-item-6353\"><a href=\"https:\/\/fontaineo.eu\/es\/fuente-de-agua-centro-sanitario\">Fontaine \u00e0 eau pour \u00e9tablissement de sant\u00e9<\/a><\/li><li class=\"elementor-sitemap-item elementor-sitemap-item-page page_item page-item-7387\"><a href=\"https:\/\/fontaineo.eu\/es\/fuente-de-agua-sala-de-deportes\">Fuente de agua para polideportivo<\/a><\/li><li class=\"elementor-sitemap-item elementor-sitemap-item-page page_item page-item-10982\"><a href=\"https:\/\/fontaineo.eu\/es\/fuente-de-agua-hospital\">Fontaine \u00e0 eau pour h\u00f4pital<\/a><\/li><li class=\"elementor-sitemap-item elementor-sitemap-item-page page_item page-item-3564\"><a href=\"https:\/\/fontaineo.eu\/es\/mapa-de-las-instalaciones\">Carte des installations<\/a><\/li><li class=\"elementor-sitemap-item elementor-sitemap-item-page page_item page-item-6639\"><a href=\"https:\/\/fontaineo.eu\/es\/fuente-de-agua-red\/fontaineo\">Mod\u00e8le Fontaineo<\/a><\/li><li class=\"elementor-sitemap-item elementor-sitemap-item-page page_item page-item-12016\"><a href=\"https:\/\/fontaineo.eu\/es\/fuente-de-agua-red\/primo-light\">Luz Prim'O<\/a><\/li><li class=\"elementor-sitemap-item elementor-sitemap-item-page page_item page-item-7409\"><a href=\"https:\/\/fontaineo.eu\/es\/fuente-de-agua-comedor-catering\">Fuente de agua para catering y comedores<\/a><\/li><li class=\"elementor-sitemap-item elementor-sitemap-item-page page_item page-item-506\"><a href=\"https:\/\/fontaineo.eu\/es\/confirmacion\">Confirmation<\/a><\/li><li class=\"elementor-sitemap-item elementor-sitemap-item-page page_item page-item-511\"><a href=\"https:\/\/fontaineo.eu\/es\/directorio-de-contactos\">Directorio de contactos<\/a><\/li><\/ul><\/div><\/div>\t\t\t\t<\/div>\n\t\t\t\t<\/div>\n\t\t\t\t\t<\/div>\n\t\t<\/div>\n\t\t\t\t\t<\/div>\n\t\t<\/section>\n\t\t\t\t<\/div>","protected":false},"excerpt":{"rendered":"<p>Mapa del sitio<\/p>","protected":false},"author":2,"featured_media":0,"parent":0,"menu_order":0,"comment_status":"closed","ping_status":"closed","template":"elementor_header_footer","meta":{"_acf_changed":false,"footnotes":""},"class_list":["post-535","page","type-page","status-publish","hentry"],"acf":[],"yoast_head":"<!-- This site is optimized with the Yoast SEO plugin v27.4 - https:\/\/yoast.com\/product\/yoast-seo-wordpress\/ -->\n<title>Plan du site - Fontaineo<\/title>\n<meta name=\"robots\" content=\"index, follow, max-snippet:-1, max-image-preview:large, max-video-preview:-1\" \/>\n<link rel=\"canonical\" href=\"https:\/\/fontaineo.eu\/es\/mapa-del-sitio\" \/>\n<meta property=\"og:locale\" content=\"es_ES\" \/>\n<meta property=\"og:type\" content=\"article\" \/>\n<meta property=\"og:title\" content=\"Plan du site - Fontaineo\" \/>\n<meta property=\"og:description\" content=\"Plan du site\" \/>\n<meta property=\"og:url\" content=\"https:\/\/fontaineo.eu\/es\/mapa-del-sitio\" \/>\n<meta property=\"og:site_name\" content=\"Fontaineo\" \/>\n<meta property=\"article:modified_time\" content=\"2020-04-27T14:25:08+00:00\" \/>\n<meta name=\"twitter:card\" content=\"summary_large_image\" \/>\n<script type=\"application\/ld+json\" class=\"yoast-schema-graph\">{\"@context\":\"https:\\\/\\\/schema.org\",\"@graph\":[{\"@type\":\"WebPage\",\"@id\":\"https:\\\/\\\/fontaineo.eu\\\/plan-du-site\",\"url\":\"https:\\\/\\\/fontaineo.eu\\\/plan-du-site\",\"name\":\"Plan du site - Fontaineo\",\"isPartOf\":{\"@id\":\"https:\\\/\\\/fontaineo.eu\\\/#website\"},\"datePublished\":\"2020-04-27T14:20:22+00:00\",\"dateModified\":\"2020-04-27T14:25:08+00:00\",\"breadcrumb\":{\"@id\":\"https:\\\/\\\/fontaineo.eu\\\/plan-du-site#breadcrumb\"},\"inLanguage\":\"es\",\"potentialAction\":[{\"@type\":\"ReadAction\",\"target\":[\"https:\\\/\\\/fontaineo.eu\\\/plan-du-site\"]}]},{\"@type\":\"BreadcrumbList\",\"@id\":\"https:\\\/\\\/fontaineo.eu\\\/plan-du-site#breadcrumb\",\"itemListElement\":[{\"@type\":\"ListItem\",\"position\":1,\"name\":\"Accueil\",\"item\":\"https:\\\/\\\/fontaineo.eu\\\/\"},{\"@type\":\"ListItem\",\"position\":2,\"name\":\"Plan du site\"}]},{\"@type\":\"WebSite\",\"@id\":\"https:\\\/\\\/fontaineo.eu\\\/#website\",\"url\":\"https:\\\/\\\/fontaineo.eu\\\/\",\"name\":\"Fontaineo\",\"description\":\"Des fontaines \u00e0 eau pour tous vos projets\",\"publisher\":{\"@id\":\"https:\\\/\\\/fontaineo.eu\\\/#organization\"},\"potentialAction\":[{\"@type\":\"SearchAction\",\"target\":{\"@type\":\"EntryPoint\",\"urlTemplate\":\"https:\\\/\\\/fontaineo.eu\\\/?s={search_term_string}\"},\"query-input\":{\"@type\":\"PropertyValueSpecification\",\"valueRequired\":true,\"valueName\":\"search_term_string\"}}],\"inLanguage\":\"es\"},{\"@type\":\"Organization\",\"@id\":\"https:\\\/\\\/fontaineo.eu\\\/#organization\",\"name\":\"Fontaineo\",\"url\":\"https:\\\/\\\/fontaineo.eu\\\/\",\"logo\":{\"@type\":\"ImageObject\",\"inLanguage\":\"es\",\"@id\":\"https:\\\/\\\/fontaineo.eu\\\/#\\\/schema\\\/logo\\\/image\\\/\",\"url\":\"https:\\\/\\\/fontaineo.eu\\\/wp-content\\\/uploads\\\/2020\\\/04\\\/cropped-Fontaineo-logo-1.png\",\"contentUrl\":\"https:\\\/\\\/fontaineo.eu\\\/wp-content\\\/uploads\\\/2020\\\/04\\\/cropped-Fontaineo-logo-1.png\",\"width\":3208,\"height\":2692,\"caption\":\"Fontaineo\"},\"image\":{\"@id\":\"https:\\\/\\\/fontaineo.eu\\\/#\\\/schema\\\/logo\\\/image\\\/\"}}]}<\/script>\n<!-- \/ Yoast SEO plugin. -->","yoast_head_json":{"title":"Plan du site - Fontaineo","robots":{"index":"index","follow":"follow","max-snippet":"max-snippet:-1","max-image-preview":"max-image-preview:large","max-video-preview":"max-video-preview:-1"},"canonical":"https:\/\/fontaineo.eu\/es\/mapa-del-sitio","og_locale":"es_ES","og_type":"article","og_title":"Plan du site - Fontaineo","og_description":"Plan du site","og_url":"https:\/\/fontaineo.eu\/es\/mapa-del-sitio","og_site_name":"Fontaineo","article_modified_time":"2020-04-27T14:25:08+00:00","twitter_card":"summary_large_image","schema":{"@context":"https:\/\/schema.org","@graph":[{"@type":"WebPage","@id":"https:\/\/fontaineo.eu\/plan-du-site","url":"https:\/\/fontaineo.eu\/plan-du-site","name":"Plan du site - Fontaineo","isPartOf":{"@id":"https:\/\/fontaineo.eu\/#website"},"datePublished":"2020-04-27T14:20:22+00:00","dateModified":"2020-04-27T14:25:08+00:00","breadcrumb":{"@id":"https:\/\/fontaineo.eu\/plan-du-site#breadcrumb"},"inLanguage":"es","potentialAction":[{"@type":"ReadAction","target":["https:\/\/fontaineo.eu\/plan-du-site"]}]},{"@type":"BreadcrumbList","@id":"https:\/\/fontaineo.eu\/plan-du-site#breadcrumb","itemListElement":[{"@type":"ListItem","position":1,"name":"Accueil","item":"https:\/\/fontaineo.eu\/"},{"@type":"ListItem","position":2,"name":"Plan du site"}]},{"@type":"WebSite","@id":"https:\/\/fontaineo.eu\/#website","url":"https:\/\/fontaineo.eu\/","name":"Fontaineo","description":"Fuentes de agua para todos sus proyectos","publisher":{"@id":"https:\/\/fontaineo.eu\/#organization"},"potentialAction":[{"@type":"SearchAction","target":{"@type":"EntryPoint","urlTemplate":"https:\/\/fontaineo.eu\/?s={search_term_string}"},"query-input":{"@type":"PropertyValueSpecification","valueRequired":true,"valueName":"search_term_string"}}],"inLanguage":"es"},{"@type":"Organization","@id":"https:\/\/fontaineo.eu\/#organization","name":"Fontaineo","url":"https:\/\/fontaineo.eu\/","logo":{"@type":"ImageObject","inLanguage":"es","@id":"https:\/\/fontaineo.eu\/#\/schema\/logo\/image\/","url":"https:\/\/fontaineo.eu\/wp-content\/uploads\/2020\/04\/cropped-Fontaineo-logo-1.png","contentUrl":"https:\/\/fontaineo.eu\/wp-content\/uploads\/2020\/04\/cropped-Fontaineo-logo-1.png","width":3208,"height":2692,"caption":"Fontaineo"},"image":{"@id":"https:\/\/fontaineo.eu\/#\/schema\/logo\/image\/"}}]}},"_links":{"self":[{"href":"https:\/\/fontaineo.eu\/es\/wp-json\/wp\/v2\/pages\/535","targetHints":{"allow":["GET"]}}],"collection":[{"href":"https:\/\/fontaineo.eu\/es\/wp-json\/wp\/v2\/pages"}],"about":[{"href":"https:\/\/fontaineo.eu\/es\/wp-json\/wp\/v2\/types\/page"}],"author":[{"embeddable":true,"href":"https:\/\/fontaineo.eu\/es\/wp-json\/wp\/v2\/users\/2"}],"replies":[{"embeddable":true,"href":"https:\/\/fontaineo.eu\/es\/wp-json\/wp\/v2\/comments?post=535"}],"version-history":[{"count":0,"href":"https:\/\/fontaineo.eu\/es\/wp-json\/wp\/v2\/pages\/535\/revisions"}],"wp:attachment":[{"href":"https:\/\/fontaineo.eu\/es\/wp-json\/wp\/v2\/media?parent=535"}],"curies":[{"name":"wp","href":"https:\/\/api.w.org\/{rel}","templated":true}]}}