{"id":529,"date":"2020-04-27T13:36:50","date_gmt":"2020-04-27T11:36:50","guid":{"rendered":"https:\/\/fontaineo.live-website.com\/?page_id=529"},"modified":"2020-04-27T13:38:09","modified_gmt":"2020-04-27T11:38:09","slug":"galletas","status":"publish","type":"page","link":"https:\/\/fontaineo.eu\/es\/galletas","title":{"rendered":"Cookies"},"content":{"rendered":"<div data-elementor-type=\"wp-page\" data-elementor-id=\"529\" class=\"elementor elementor-529\" data-elementor-post-type=\"page\">\n\t\t\t\t\t\t<section class=\"elementor-section elementor-top-section elementor-element elementor-element-0f10a24 elementor-section-boxed elementor-section-height-default elementor-section-height-default\" data-id=\"0f10a24\" data-element_type=\"section\" data-e-type=\"section\">\n\t\t\t\t\t\t<div class=\"elementor-container elementor-column-gap-default\">\n\t\t\t\t\t<div class=\"elementor-column elementor-col-100 elementor-top-column elementor-element elementor-element-41a7549\" data-id=\"41a7549\" data-element_type=\"column\" data-e-type=\"column\">\n\t\t\t<div class=\"elementor-widget-wrap elementor-element-populated\">\n\t\t\t\t\t\t<div class=\"elementor-element elementor-element-4a86380 elementor-widget elementor-widget-heading\" data-id=\"4a86380\" data-element_type=\"widget\" data-e-type=\"widget\" data-widget_type=\"heading.default\">\n\t\t\t\t<div class=\"elementor-widget-container\">\n\t\t\t\t\t<h2 class=\"elementor-heading-title elementor-size-default\">Gesti\u00f3n de cookies<\/h2>\t\t\t\t<\/div>\n\t\t\t\t<\/div>\n\t\t\t\t<div class=\"elementor-element elementor-element-79eb50e elementor-widget elementor-widget-text-editor\" data-id=\"79eb50e\" data-element_type=\"widget\" data-e-type=\"widget\" data-widget_type=\"text-editor.default\">\n\t\t\t\t<div class=\"elementor-widget-container\">\n\t\t\t\t\t\t\t\t\t<p>Ce site utilise uniquement des cookies de session et d&rsquo;analyse de donn\u00e9e de navigation.<\/p><p>Seuls les cookies n\u00e9cessaires \u00e0 l\u2019identification de l\u2019Utilisateur pour acc\u00e9der \u00e0 un service en ligne n\u00e9cessitant une authentification sont enregistr\u00e9s sur le terminal de l\u2019Utilisateur (ordinateur, tablette, smartphone).<\/p><p>Les informations de session ainsi obtenues par les cookies sont enregistr\u00e9es sur le serveur qui h\u00e9berge le Site qui est situ\u00e9 en France chez\u00a0<u>IONOS<\/u>.<\/p><p>L\u2019Utilisateur peut configurer son navigateur pour accepter ou rejeter tous les cookies, ou pour \u00eatre pr\u00e9venu lorsqu\u2019un cookie est install\u00e9 de la fa\u00e7on suivante :<\/p><ul class=\"\"><li>Pour\u00a0Mozilla Firefox\u00a0: Menu \u201coutil \u201d puis \u201cOptions\u201d \/\u2019ic\u00f4ne \u201cvie priv\u00e9e\u201d \/menu \u201ccookie\u201d puis s\u00e9lection de l\u2019option appropri\u00e9e<\/li><li>Pour\u00a0Microsoft Internet Explorer\u00a0: Menu \u201cOutils\u201d \/ \u201cOptions Internet\u201d \/ \u2018onglet \u201cConfidentialit\u00e9\u201d\/ selection du niveau souhait\u00e9<\/li><li>Pour\u00a0Google Chrome\u00a0: Menu \u201cParam\u00e8tres &gt; Afficher les param\u00e8tres avanc\u00e9s &gt; Confidentialit\u00e9 &gt; Param\u00e8tre de contenus\u201d puis s\u00e9lection des options appropri\u00e9es<\/li><li>Pour Safari\u00a0&gt; Pr\u00e9f\u00e9rences, cliquez sur Confidentialit\u00e9, puis effectuez l\u2019une des op\u00e9rations\u00a0propos\u00e9es<\/li><\/ul><p>Le refus des cookies de session rendra indisponible l\u2019acc\u00e8s des services n\u00e9cessitant une connexion des contributeurs et administrateurs.<\/p>\t\t\t\t\t\t\t\t<\/div>\n\t\t\t\t<\/div>\n\t\t\t\t\t<\/div>\n\t\t<\/div>\n\t\t\t\t\t<\/div>\n\t\t<\/section>\n\t\t\t\t<\/div>","protected":false},"excerpt":{"rendered":"<p>Gestion des cookies Ce site utilise uniquement des cookies de session et d&rsquo;analyse de donn\u00e9e de navigation. Seuls les cookies n\u00e9cessaires \u00e0 l\u2019identification de l\u2019Utilisateur pour acc\u00e9der \u00e0 un service en ligne n\u00e9cessitant une authentification sont enregistr\u00e9s sur le terminal de l\u2019Utilisateur (ordinateur, tablette, smartphone). Les informations de session ainsi obtenues par les cookies sont [&hellip;]<\/p>","protected":false},"author":2,"featured_media":0,"parent":0,"menu_order":0,"comment_status":"closed","ping_status":"closed","template":"elementor_header_footer","meta":{"_acf_changed":false,"footnotes":""},"class_list":["post-529","page","type-page","status-publish","hentry"],"acf":[],"yoast_head":"<!-- This site is optimized with the Yoast SEO plugin v27.4 - https:\/\/yoast.com\/product\/yoast-seo-wordpress\/ -->\n<title>Cookies - Fontaineo<\/title>\n<meta name=\"robots\" content=\"index, follow, max-snippet:-1, max-image-preview:large, max-video-preview:-1\" \/>\n<link rel=\"canonical\" href=\"https:\/\/fontaineo.eu\/es\/galletas\" \/>\n<meta property=\"og:locale\" content=\"es_ES\" \/>\n<meta property=\"og:type\" content=\"article\" \/>\n<meta property=\"og:title\" content=\"Cookies - Fontaineo\" \/>\n<meta property=\"og:description\" content=\"Gestion des cookies Ce site utilise uniquement des cookies de session et d&rsquo;analyse de donn\u00e9e de navigation. Seuls les cookies n\u00e9cessaires \u00e0 l\u2019identification de l\u2019Utilisateur pour acc\u00e9der \u00e0 un service en ligne n\u00e9cessitant une authentification sont enregistr\u00e9s sur le terminal de l\u2019Utilisateur (ordinateur, tablette, smartphone). Les informations de session ainsi obtenues par les cookies sont [&hellip;]\" \/>\n<meta property=\"og:url\" content=\"https:\/\/fontaineo.eu\/es\/galletas\" \/>\n<meta property=\"og:site_name\" content=\"Fontaineo\" \/>\n<meta property=\"article:modified_time\" content=\"2020-04-27T11:38:09+00:00\" \/>\n<meta name=\"twitter:card\" content=\"summary_large_image\" \/>\n<meta name=\"twitter:label1\" content=\"Tiempo de lectura\" \/>\n\t<meta name=\"twitter:data1\" content=\"1 minuto\" \/>\n<script type=\"application\/ld+json\" class=\"yoast-schema-graph\">{\"@context\":\"https:\\\/\\\/schema.org\",\"@graph\":[{\"@type\":\"WebPage\",\"@id\":\"https:\\\/\\\/fontaineo.eu\\\/cookies\",\"url\":\"https:\\\/\\\/fontaineo.eu\\\/cookies\",\"name\":\"Cookies - Fontaineo\",\"isPartOf\":{\"@id\":\"https:\\\/\\\/fontaineo.eu\\\/#website\"},\"datePublished\":\"2020-04-27T11:36:50+00:00\",\"dateModified\":\"2020-04-27T11:38:09+00:00\",\"breadcrumb\":{\"@id\":\"https:\\\/\\\/fontaineo.eu\\\/cookies#breadcrumb\"},\"inLanguage\":\"es\",\"potentialAction\":[{\"@type\":\"ReadAction\",\"target\":[\"https:\\\/\\\/fontaineo.eu\\\/cookies\"]}]},{\"@type\":\"BreadcrumbList\",\"@id\":\"https:\\\/\\\/fontaineo.eu\\\/cookies#breadcrumb\",\"itemListElement\":[{\"@type\":\"ListItem\",\"position\":1,\"name\":\"Accueil\",\"item\":\"https:\\\/\\\/fontaineo.eu\\\/\"},{\"@type\":\"ListItem\",\"position\":2,\"name\":\"Cookies\"}]},{\"@type\":\"WebSite\",\"@id\":\"https:\\\/\\\/fontaineo.eu\\\/#website\",\"url\":\"https:\\\/\\\/fontaineo.eu\\\/\",\"name\":\"Fontaineo\",\"description\":\"Des fontaines \u00e0 eau pour tous vos projets\",\"publisher\":{\"@id\":\"https:\\\/\\\/fontaineo.eu\\\/#organization\"},\"potentialAction\":[{\"@type\":\"SearchAction\",\"target\":{\"@type\":\"EntryPoint\",\"urlTemplate\":\"https:\\\/\\\/fontaineo.eu\\\/?s={search_term_string}\"},\"query-input\":{\"@type\":\"PropertyValueSpecification\",\"valueRequired\":true,\"valueName\":\"search_term_string\"}}],\"inLanguage\":\"es\"},{\"@type\":\"Organization\",\"@id\":\"https:\\\/\\\/fontaineo.eu\\\/#organization\",\"name\":\"Fontaineo\",\"url\":\"https:\\\/\\\/fontaineo.eu\\\/\",\"logo\":{\"@type\":\"ImageObject\",\"inLanguage\":\"es\",\"@id\":\"https:\\\/\\\/fontaineo.eu\\\/#\\\/schema\\\/logo\\\/image\\\/\",\"url\":\"https:\\\/\\\/fontaineo.eu\\\/wp-content\\\/uploads\\\/2020\\\/04\\\/cropped-Fontaineo-logo-1.png\",\"contentUrl\":\"https:\\\/\\\/fontaineo.eu\\\/wp-content\\\/uploads\\\/2020\\\/04\\\/cropped-Fontaineo-logo-1.png\",\"width\":3208,\"height\":2692,\"caption\":\"Fontaineo\"},\"image\":{\"@id\":\"https:\\\/\\\/fontaineo.eu\\\/#\\\/schema\\\/logo\\\/image\\\/\"}}]}<\/script>\n<!-- \/ Yoast SEO plugin. -->","yoast_head_json":{"title":"Cookies - Fontaineo","robots":{"index":"index","follow":"follow","max-snippet":"max-snippet:-1","max-image-preview":"max-image-preview:large","max-video-preview":"max-video-preview:-1"},"canonical":"https:\/\/fontaineo.eu\/es\/galletas","og_locale":"es_ES","og_type":"article","og_title":"Cookies - Fontaineo","og_description":"Gestion des cookies Ce site utilise uniquement des cookies de session et d&rsquo;analyse de donn\u00e9e de navigation. Seuls les cookies n\u00e9cessaires \u00e0 l\u2019identification de l\u2019Utilisateur pour acc\u00e9der \u00e0 un service en ligne n\u00e9cessitant une authentification sont enregistr\u00e9s sur le terminal de l\u2019Utilisateur (ordinateur, tablette, smartphone). Les informations de session ainsi obtenues par les cookies sont [&hellip;]","og_url":"https:\/\/fontaineo.eu\/es\/galletas","og_site_name":"Fontaineo","article_modified_time":"2020-04-27T11:38:09+00:00","twitter_card":"summary_large_image","twitter_misc":{"Tiempo de lectura":"1 minuto"},"schema":{"@context":"https:\/\/schema.org","@graph":[{"@type":"WebPage","@id":"https:\/\/fontaineo.eu\/cookies","url":"https:\/\/fontaineo.eu\/cookies","name":"Cookies - Fontaineo","isPartOf":{"@id":"https:\/\/fontaineo.eu\/#website"},"datePublished":"2020-04-27T11:36:50+00:00","dateModified":"2020-04-27T11:38:09+00:00","breadcrumb":{"@id":"https:\/\/fontaineo.eu\/cookies#breadcrumb"},"inLanguage":"es","potentialAction":[{"@type":"ReadAction","target":["https:\/\/fontaineo.eu\/cookies"]}]},{"@type":"BreadcrumbList","@id":"https:\/\/fontaineo.eu\/cookies#breadcrumb","itemListElement":[{"@type":"ListItem","position":1,"name":"Accueil","item":"https:\/\/fontaineo.eu\/"},{"@type":"ListItem","position":2,"name":"Cookies"}]},{"@type":"WebSite","@id":"https:\/\/fontaineo.eu\/#website","url":"https:\/\/fontaineo.eu\/","name":"Fontaineo","description":"Fuentes de agua para todos sus proyectos","publisher":{"@id":"https:\/\/fontaineo.eu\/#organization"},"potentialAction":[{"@type":"SearchAction","target":{"@type":"EntryPoint","urlTemplate":"https:\/\/fontaineo.eu\/?s={search_term_string}"},"query-input":{"@type":"PropertyValueSpecification","valueRequired":true,"valueName":"search_term_string"}}],"inLanguage":"es"},{"@type":"Organization","@id":"https:\/\/fontaineo.eu\/#organization","name":"Fontaineo","url":"https:\/\/fontaineo.eu\/","logo":{"@type":"ImageObject","inLanguage":"es","@id":"https:\/\/fontaineo.eu\/#\/schema\/logo\/image\/","url":"https:\/\/fontaineo.eu\/wp-content\/uploads\/2020\/04\/cropped-Fontaineo-logo-1.png","contentUrl":"https:\/\/fontaineo.eu\/wp-content\/uploads\/2020\/04\/cropped-Fontaineo-logo-1.png","width":3208,"height":2692,"caption":"Fontaineo"},"image":{"@id":"https:\/\/fontaineo.eu\/#\/schema\/logo\/image\/"}}]}},"_links":{"self":[{"href":"https:\/\/fontaineo.eu\/es\/wp-json\/wp\/v2\/pages\/529","targetHints":{"allow":["GET"]}}],"collection":[{"href":"https:\/\/fontaineo.eu\/es\/wp-json\/wp\/v2\/pages"}],"about":[{"href":"https:\/\/fontaineo.eu\/es\/wp-json\/wp\/v2\/types\/page"}],"author":[{"embeddable":true,"href":"https:\/\/fontaineo.eu\/es\/wp-json\/wp\/v2\/users\/2"}],"replies":[{"embeddable":true,"href":"https:\/\/fontaineo.eu\/es\/wp-json\/wp\/v2\/comments?post=529"}],"version-history":[{"count":0,"href":"https:\/\/fontaineo.eu\/es\/wp-json\/wp\/v2\/pages\/529\/revisions"}],"wp:attachment":[{"href":"https:\/\/fontaineo.eu\/es\/wp-json\/wp\/v2\/media?parent=529"}],"curies":[{"name":"wp","href":"https:\/\/api.w.org\/{rel}","templated":true}]}}