{"id":525,"date":"2020-04-27T13:33:36","date_gmt":"2020-04-27T11:33:36","guid":{"rendered":"https:\/\/fontaineo.live-website.com\/?page_id=525"},"modified":"2020-04-27T13:35:48","modified_gmt":"2020-04-27T11:35:48","slug":"politica-de-confidencialidad","status":"publish","type":"page","link":"https:\/\/fontaineo.eu\/es\/politica-de-confidencialidad","title":{"rendered":"Pol\u00edtica de privacidad"},"content":{"rendered":"<div data-elementor-type=\"wp-page\" data-elementor-id=\"525\" class=\"elementor elementor-525\" data-elementor-post-type=\"page\">\n\t\t\t\t\t\t<section class=\"elementor-section elementor-top-section elementor-element elementor-element-9f7ce08 elementor-section-boxed elementor-section-height-default elementor-section-height-default\" data-id=\"9f7ce08\" data-element_type=\"section\" data-e-type=\"section\">\n\t\t\t\t\t\t<div class=\"elementor-container elementor-column-gap-default\">\n\t\t\t\t\t<div class=\"elementor-column elementor-col-100 elementor-top-column elementor-element elementor-element-90fdd3d\" data-id=\"90fdd3d\" data-element_type=\"column\" data-e-type=\"column\">\n\t\t\t<div class=\"elementor-widget-wrap elementor-element-populated\">\n\t\t\t\t\t\t<div class=\"elementor-element elementor-element-7bfcc8e elementor-widget elementor-widget-heading\" data-id=\"7bfcc8e\" data-element_type=\"widget\" data-e-type=\"widget\" data-widget_type=\"heading.default\">\n\t\t\t\t<div class=\"elementor-widget-container\">\n\t\t\t\t\t<h2 class=\"elementor-heading-title elementor-size-default\">Pol\u00edtica de privacidad<\/h2>\t\t\t\t<\/div>\n\t\t\t\t<\/div>\n\t\t\t\t<div class=\"elementor-element elementor-element-630bd11 elementor-widget elementor-widget-text-editor\" data-id=\"630bd11\" data-element_type=\"widget\" data-e-type=\"widget\" data-widget_type=\"text-editor.default\">\n\t\t\t\t<div class=\"elementor-widget-container\">\n\t\t\t\t\t\t\t\t\t<p>Conform\u00e9ment \u00e0 la loi Informatique et Libert\u00e9s n\u00b078-17 du 6 janvier 1978 modifi\u00e9e et au R\u00e8glement G\u00e9n\u00e9ral sur la Protection des Donn\u00e9es \u00e0 caract\u00e8re personnel (ci-apr\u00e8s \u00ab RGPD \u00bb) n\u00b0 2016\/679\/UE du 27 avril 2016, Fontaineo, en qualit\u00e9 de responsable de traitement, garantit le respect de la vie priv\u00e9e des Utilisateurs du Site.<\/p><p>L\u2019Utilisateur, personne physique, est inform\u00e9 que les informations qu\u2019il communique par le biais du Site sur la base, soit de mesures pr\u00e9contractuelles ou de l\u2019ex\u00e9cution d\u2019un contrat, soit de l\u2019int\u00e9r\u00eat l\u00e9gitime poursuivi par Fontaineo afin de pouvoir r\u00e9pondre \u00e0 ses demandes, sont destin\u00e9es aux services habilit\u00e9s de Fontaineo \u00e0 des fins de gestion des relations clients et prospects.<\/p><p>Pendant la consultation du Site ou l\u2019acc\u00e8s aux services en ligne de Fontaineo, l\u2019Utilisateur peut \u00eatre sollicit\u00e9 pour communiquer volontairement certaines donn\u00e9es personnelles (nom, pr\u00e9nom, soci\u00e9t\u00e9, courriel, email, num\u00e9ro de t\u00e9l\u00e9phone, identifiants). Les formulaires de collecte pr\u00e9sents sur le Site pr\u00e9cisent notamment la finalit\u00e9, les destinataires, la dur\u00e9e de conservation et le caract\u00e8re obligatoire ou facultatif des donn\u00e9es demand\u00e9es par un ast\u00e9risque.<\/p><p>Les donn\u00e9es personnelles collect\u00e9es et trait\u00e9es sur le Site sont prot\u00e9g\u00e9es par des mesures techniques et organisationnelles appropri\u00e9es afin de garantir un niveau de s\u00e9curit\u00e9 adapt\u00e9 au risque.<\/p><p>L\u2019Utilisateur du Site est inform\u00e9 qu\u2019il dispose d\u2019un droit d\u2019acc\u00e8s, de rectification, de suppression, de limitation, de portabilit\u00e9 (lorsqu\u2019il s\u2019applique) et d\u2019opposition sur les donn\u00e9es le concernant. L\u2019Utilisateur peut exercer ces droits en s\u2019adressant au service DPO de Fontaineo \u00e0 l\u2019adresse contact@fontaineo.eu .<\/p><p>L\u2019Utilisateur dispose \u00e9galement du droit d\u2019introduire une r\u00e9clamation aupr\u00e8s de la CNIL.<\/p><p>Par ailleurs, chaque newsletter envoy\u00e9e par Fontaineo vous indique comment ne plus la recevoir.<\/p><p>Les Utilisateurs du Site sont tenus de respecter les dispositions de la loi Informatique et Libert\u00e9s et du RGPD, notamment en s\u2019abstenant de toute collecte ou utilisation d\u00e9tourn\u00e9e des donn\u00e9es \u00e0 caract\u00e8re personnel auxquelles ils acc\u00e8dent.<\/p>\t\t\t\t\t\t\t\t<\/div>\n\t\t\t\t<\/div>\n\t\t\t\t\t<\/div>\n\t\t<\/div>\n\t\t\t\t\t<\/div>\n\t\t<\/section>\n\t\t\t\t<\/div>","protected":false},"excerpt":{"rendered":"<p>Politique de confidentialit\u00e9 Conform\u00e9ment \u00e0 la loi Informatique et Libert\u00e9s n\u00b078-17 du 6 janvier 1978 modifi\u00e9e et au R\u00e8glement G\u00e9n\u00e9ral sur la Protection des Donn\u00e9es \u00e0 caract\u00e8re personnel (ci-apr\u00e8s \u00ab RGPD \u00bb) n\u00b0 2016\/679\/UE du 27 avril 2016, Fontaineo, en qualit\u00e9 de responsable de traitement, garantit le respect de la vie priv\u00e9e des Utilisateurs du [&hellip;]<\/p>","protected":false},"author":2,"featured_media":0,"parent":0,"menu_order":0,"comment_status":"closed","ping_status":"closed","template":"elementor_header_footer","meta":{"_acf_changed":false,"footnotes":""},"class_list":["post-525","page","type-page","status-publish","hentry"],"acf":[],"yoast_head":"<!-- This site is optimized with the Yoast SEO plugin v27.4 - https:\/\/yoast.com\/product\/yoast-seo-wordpress\/ -->\n<title>Politique de confidentialit\u00e9 - Fontaineo<\/title>\n<meta name=\"robots\" content=\"index, follow, max-snippet:-1, max-image-preview:large, max-video-preview:-1\" \/>\n<link rel=\"canonical\" href=\"https:\/\/fontaineo.eu\/es\/politica-de-confidencialidad\" \/>\n<meta property=\"og:locale\" content=\"es_ES\" \/>\n<meta property=\"og:type\" content=\"article\" \/>\n<meta property=\"og:title\" content=\"Politique de confidentialit\u00e9 - Fontaineo\" \/>\n<meta property=\"og:description\" content=\"Politique de confidentialit\u00e9 Conform\u00e9ment \u00e0 la loi Informatique et Libert\u00e9s n\u00b078-17 du 6 janvier 1978 modifi\u00e9e et au R\u00e8glement G\u00e9n\u00e9ral sur la Protection des Donn\u00e9es \u00e0 caract\u00e8re personnel (ci-apr\u00e8s \u00ab RGPD \u00bb) n\u00b0 2016\/679\/UE du 27 avril 2016, Fontaineo, en qualit\u00e9 de responsable de traitement, garantit le respect de la vie priv\u00e9e des Utilisateurs du [&hellip;]\" \/>\n<meta property=\"og:url\" content=\"https:\/\/fontaineo.eu\/es\/politica-de-confidencialidad\" \/>\n<meta property=\"og:site_name\" content=\"Fontaineo\" \/>\n<meta property=\"article:modified_time\" content=\"2020-04-27T11:35:48+00:00\" \/>\n<meta name=\"twitter:card\" content=\"summary_large_image\" \/>\n<meta name=\"twitter:label1\" content=\"Tiempo de lectura\" \/>\n\t<meta name=\"twitter:data1\" content=\"2 minutos\" \/>\n<script type=\"application\/ld+json\" class=\"yoast-schema-graph\">{\"@context\":\"https:\\\/\\\/schema.org\",\"@graph\":[{\"@type\":\"WebPage\",\"@id\":\"https:\\\/\\\/fontaineo.eu\\\/politique-de-confidentialite\",\"url\":\"https:\\\/\\\/fontaineo.eu\\\/politique-de-confidentialite\",\"name\":\"Politique de confidentialit\u00e9 - Fontaineo\",\"isPartOf\":{\"@id\":\"https:\\\/\\\/fontaineo.eu\\\/#website\"},\"datePublished\":\"2020-04-27T11:33:36+00:00\",\"dateModified\":\"2020-04-27T11:35:48+00:00\",\"breadcrumb\":{\"@id\":\"https:\\\/\\\/fontaineo.eu\\\/politique-de-confidentialite#breadcrumb\"},\"inLanguage\":\"es\",\"potentialAction\":[{\"@type\":\"ReadAction\",\"target\":[\"https:\\\/\\\/fontaineo.eu\\\/politique-de-confidentialite\"]}]},{\"@type\":\"BreadcrumbList\",\"@id\":\"https:\\\/\\\/fontaineo.eu\\\/politique-de-confidentialite#breadcrumb\",\"itemListElement\":[{\"@type\":\"ListItem\",\"position\":1,\"name\":\"Accueil\",\"item\":\"https:\\\/\\\/fontaineo.eu\\\/\"},{\"@type\":\"ListItem\",\"position\":2,\"name\":\"Politique de confidentialit\u00e9\"}]},{\"@type\":\"WebSite\",\"@id\":\"https:\\\/\\\/fontaineo.eu\\\/#website\",\"url\":\"https:\\\/\\\/fontaineo.eu\\\/\",\"name\":\"Fontaineo\",\"description\":\"Des fontaines \u00e0 eau pour tous vos projets\",\"publisher\":{\"@id\":\"https:\\\/\\\/fontaineo.eu\\\/#organization\"},\"potentialAction\":[{\"@type\":\"SearchAction\",\"target\":{\"@type\":\"EntryPoint\",\"urlTemplate\":\"https:\\\/\\\/fontaineo.eu\\\/?s={search_term_string}\"},\"query-input\":{\"@type\":\"PropertyValueSpecification\",\"valueRequired\":true,\"valueName\":\"search_term_string\"}}],\"inLanguage\":\"es\"},{\"@type\":\"Organization\",\"@id\":\"https:\\\/\\\/fontaineo.eu\\\/#organization\",\"name\":\"Fontaineo\",\"url\":\"https:\\\/\\\/fontaineo.eu\\\/\",\"logo\":{\"@type\":\"ImageObject\",\"inLanguage\":\"es\",\"@id\":\"https:\\\/\\\/fontaineo.eu\\\/#\\\/schema\\\/logo\\\/image\\\/\",\"url\":\"https:\\\/\\\/fontaineo.eu\\\/wp-content\\\/uploads\\\/2020\\\/04\\\/cropped-Fontaineo-logo-1.png\",\"contentUrl\":\"https:\\\/\\\/fontaineo.eu\\\/wp-content\\\/uploads\\\/2020\\\/04\\\/cropped-Fontaineo-logo-1.png\",\"width\":3208,\"height\":2692,\"caption\":\"Fontaineo\"},\"image\":{\"@id\":\"https:\\\/\\\/fontaineo.eu\\\/#\\\/schema\\\/logo\\\/image\\\/\"}}]}<\/script>\n<!-- \/ Yoast SEO plugin. -->","yoast_head_json":{"title":"Politique de confidentialit\u00e9 - Fontaineo","robots":{"index":"index","follow":"follow","max-snippet":"max-snippet:-1","max-image-preview":"max-image-preview:large","max-video-preview":"max-video-preview:-1"},"canonical":"https:\/\/fontaineo.eu\/es\/politica-de-confidencialidad","og_locale":"es_ES","og_type":"article","og_title":"Politique de confidentialit\u00e9 - Fontaineo","og_description":"Politique de confidentialit\u00e9 Conform\u00e9ment \u00e0 la loi Informatique et Libert\u00e9s n\u00b078-17 du 6 janvier 1978 modifi\u00e9e et au R\u00e8glement G\u00e9n\u00e9ral sur la Protection des Donn\u00e9es \u00e0 caract\u00e8re personnel (ci-apr\u00e8s \u00ab RGPD \u00bb) n\u00b0 2016\/679\/UE du 27 avril 2016, Fontaineo, en qualit\u00e9 de responsable de traitement, garantit le respect de la vie priv\u00e9e des Utilisateurs du [&hellip;]","og_url":"https:\/\/fontaineo.eu\/es\/politica-de-confidencialidad","og_site_name":"Fontaineo","article_modified_time":"2020-04-27T11:35:48+00:00","twitter_card":"summary_large_image","twitter_misc":{"Tiempo de lectura":"2 minutos"},"schema":{"@context":"https:\/\/schema.org","@graph":[{"@type":"WebPage","@id":"https:\/\/fontaineo.eu\/politique-de-confidentialite","url":"https:\/\/fontaineo.eu\/politique-de-confidentialite","name":"Politique de confidentialit\u00e9 - Fontaineo","isPartOf":{"@id":"https:\/\/fontaineo.eu\/#website"},"datePublished":"2020-04-27T11:33:36+00:00","dateModified":"2020-04-27T11:35:48+00:00","breadcrumb":{"@id":"https:\/\/fontaineo.eu\/politique-de-confidentialite#breadcrumb"},"inLanguage":"es","potentialAction":[{"@type":"ReadAction","target":["https:\/\/fontaineo.eu\/politique-de-confidentialite"]}]},{"@type":"BreadcrumbList","@id":"https:\/\/fontaineo.eu\/politique-de-confidentialite#breadcrumb","itemListElement":[{"@type":"ListItem","position":1,"name":"Accueil","item":"https:\/\/fontaineo.eu\/"},{"@type":"ListItem","position":2,"name":"Politique de confidentialit\u00e9"}]},{"@type":"WebSite","@id":"https:\/\/fontaineo.eu\/#website","url":"https:\/\/fontaineo.eu\/","name":"Fontaineo","description":"Fuentes de agua para todos sus proyectos","publisher":{"@id":"https:\/\/fontaineo.eu\/#organization"},"potentialAction":[{"@type":"SearchAction","target":{"@type":"EntryPoint","urlTemplate":"https:\/\/fontaineo.eu\/?s={search_term_string}"},"query-input":{"@type":"PropertyValueSpecification","valueRequired":true,"valueName":"search_term_string"}}],"inLanguage":"es"},{"@type":"Organization","@id":"https:\/\/fontaineo.eu\/#organization","name":"Fontaineo","url":"https:\/\/fontaineo.eu\/","logo":{"@type":"ImageObject","inLanguage":"es","@id":"https:\/\/fontaineo.eu\/#\/schema\/logo\/image\/","url":"https:\/\/fontaineo.eu\/wp-content\/uploads\/2020\/04\/cropped-Fontaineo-logo-1.png","contentUrl":"https:\/\/fontaineo.eu\/wp-content\/uploads\/2020\/04\/cropped-Fontaineo-logo-1.png","width":3208,"height":2692,"caption":"Fontaineo"},"image":{"@id":"https:\/\/fontaineo.eu\/#\/schema\/logo\/image\/"}}]}},"_links":{"self":[{"href":"https:\/\/fontaineo.eu\/es\/wp-json\/wp\/v2\/pages\/525","targetHints":{"allow":["GET"]}}],"collection":[{"href":"https:\/\/fontaineo.eu\/es\/wp-json\/wp\/v2\/pages"}],"about":[{"href":"https:\/\/fontaineo.eu\/es\/wp-json\/wp\/v2\/types\/page"}],"author":[{"embeddable":true,"href":"https:\/\/fontaineo.eu\/es\/wp-json\/wp\/v2\/users\/2"}],"replies":[{"embeddable":true,"href":"https:\/\/fontaineo.eu\/es\/wp-json\/wp\/v2\/comments?post=525"}],"version-history":[{"count":0,"href":"https:\/\/fontaineo.eu\/es\/wp-json\/wp\/v2\/pages\/525\/revisions"}],"wp:attachment":[{"href":"https:\/\/fontaineo.eu\/es\/wp-json\/wp\/v2\/media?parent=525"}],"curies":[{"name":"wp","href":"https:\/\/api.w.org\/{rel}","templated":true}]}}