{"id":355,"date":"2020-04-16T11:37:37","date_gmt":"2020-04-16T11:37:37","guid":{"rendered":"https:\/\/fontaineo.live-website.com\/?page_id=355"},"modified":"2025-07-25T15:43:07","modified_gmt":"2025-07-25T13:43:07","slug":"accesorios-fontaineo","status":"publish","type":"page","link":"https:\/\/fontaineo.eu\/es\/accesorios-fontaineo","title":{"rendered":"Nos accessoires"},"content":{"rendered":"<div data-elementor-type=\"wp-page\" data-elementor-id=\"355\" class=\"elementor elementor-355\" data-elementor-post-type=\"page\">\n\t\t\t\t\t\t<section class=\"elementor-section elementor-top-section elementor-element elementor-element-422f1711 elementor-section-height-min-height elementor-section-boxed elementor-section-height-default elementor-section-items-middle\" data-id=\"422f1711\" data-element_type=\"section\" data-e-type=\"section\" data-settings=\"{&quot;background_background&quot;:&quot;classic&quot;}\">\n\t\t\t\t\t\t\t<div class=\"elementor-background-overlay\"><\/div>\n\t\t\t\t\t\t\t<div class=\"elementor-container elementor-column-gap-default\">\n\t\t\t\t\t<div class=\"elementor-column elementor-col-50 elementor-top-column elementor-element elementor-element-8743e8e\" data-id=\"8743e8e\" data-element_type=\"column\" data-e-type=\"column\">\n\t\t\t<div class=\"elementor-widget-wrap elementor-element-populated\">\n\t\t\t\t\t\t<div class=\"elementor-element elementor-element-4b39736f elementor-widget elementor-widget-heading\" data-id=\"4b39736f\" data-element_type=\"widget\" data-e-type=\"widget\" data-widget_type=\"heading.default\">\n\t\t\t\t<div class=\"elementor-widget-container\">\n\t\t\t\t\t<h1 class=\"elementor-heading-title elementor-size-default\">Accesorios<\/h1>\t\t\t\t<\/div>\n\t\t\t\t<\/div>\n\t\t\t\t<div class=\"elementor-element elementor-element-2f7ba3a2 elementor-widget elementor-widget-text-editor\" data-id=\"2f7ba3a2\" data-element_type=\"widget\" data-e-type=\"widget\" data-widget_type=\"text-editor.default\">\n\t\t\t\t<div class=\"elementor-widget-container\">\n\t\t\t\t\t\t\t\t\t<p class=\"font_8 translation-block\">\u00abhttps:\/\/fontaineo.eu\/fontaines\u00bb Las fuentes de agua Fontaineo pueden ir acompa\u00f1adas de accesorios adaptados a sus necesidades. Descubra m\u00e1s a continuaci\u00f3n o consulte nuestro cat\u00e1logo.<\/p>\t\t\t\t\t\t\t\t<\/div>\n\t\t\t\t<\/div>\n\t\t\t\t<div class=\"elementor-element elementor-element-3fd1dd0 elementor-button-success elementor-align-left elementor-widget elementor-widget-button\" data-id=\"3fd1dd0\" data-element_type=\"widget\" data-e-type=\"widget\" data-widget_type=\"button.default\">\n\t\t\t\t<div class=\"elementor-widget-container\">\n\t\t\t\t\t\t\t\t\t<div class=\"elementor-button-wrapper\">\n\t\t\t\t\t<a class=\"elementor-button elementor-button-link elementor-size-sm\" href=\"https:\/\/fontaineo.eu\/wp-content\/uploads\/2021\/01\/Catalogue_Fontaineo_2025.pdf#page=13\" target=\"_blank\">\n\t\t\t\t\t\t<span class=\"elementor-button-content-wrapper\">\n\t\t\t\t\t\t\t\t\t<span class=\"elementor-button-text\">Vea nuestros envases<\/span>\n\t\t\t\t\t<\/span>\n\t\t\t\t\t<\/a>\n\t\t\t\t<\/div>\n\t\t\t\t\t\t\t\t<\/div>\n\t\t\t\t<\/div>\n\t\t\t\t\t<\/div>\n\t\t<\/div>\n\t\t\t\t<div class=\"elementor-column elementor-col-50 elementor-top-column elementor-element elementor-element-6fd0fef4\" data-id=\"6fd0fef4\" data-element_type=\"column\" data-e-type=\"column\">\n\t\t\t<div class=\"elementor-widget-wrap\">\n\t\t\t\t\t\t\t<\/div>\n\t\t<\/div>\n\t\t\t\t\t<\/div>\n\t\t<\/section>\n\t\t\t\t<section class=\"elementor-section elementor-top-section elementor-element elementor-element-3688077d elementor-section-content-middle elementor-section-boxed elementor-section-height-default elementor-section-height-default\" data-id=\"3688077d\" data-element_type=\"section\" data-e-type=\"section\" data-settings=\"{&quot;shape_divider_top&quot;:&quot;pyramids&quot;}\">\n\t\t\t\t\t\t\t<div class=\"elementor-background-overlay\"><\/div>\n\t\t\t\t\t\t<div class=\"elementor-shape elementor-shape-top\" aria-hidden=\"true\" data-negative=\"false\">\n\t\t\t<svg xmlns=\"http:\/\/www.w3.org\/2000\/svg\" viewbox=\"0 0 1000 100\" preserveaspectratio=\"none\">\n\t<path class=\"elementor-shape-fill\" d=\"M761.9,44.1L643.1,27.2L333.8,98L0,3.8V0l1000,0v3.9\"\/>\n<\/svg>\t\t<\/div>\n\t\t\t\t\t<div class=\"elementor-container elementor-column-gap-no\">\n\t\t\t\t\t<div class=\"elementor-column elementor-col-100 elementor-top-column elementor-element elementor-element-f031c45\" data-id=\"f031c45\" data-element_type=\"column\" data-e-type=\"column\">\n\t\t\t<div class=\"elementor-widget-wrap elementor-element-populated\">\n\t\t\t\t\t\t<section class=\"elementor-section elementor-inner-section elementor-element elementor-element-24ba734c elementor-section-content-middle elementor-section-boxed elementor-section-height-default elementor-section-height-default\" data-id=\"24ba734c\" data-element_type=\"section\" data-e-type=\"section\">\n\t\t\t\t\t\t<div class=\"elementor-container elementor-column-gap-no\">\n\t\t\t\t\t<div class=\"elementor-column elementor-col-50 elementor-inner-column elementor-element elementor-element-23be934\" data-id=\"23be934\" data-element_type=\"column\" data-e-type=\"column\">\n\t\t\t<div class=\"elementor-widget-wrap elementor-element-populated\">\n\t\t\t\t\t\t<div class=\"elementor-element elementor-element-3f0b0ed elementor-widget elementor-widget-image\" data-id=\"3f0b0ed\" data-element_type=\"widget\" data-e-type=\"widget\" data-widget_type=\"image.default\">\n\t\t\t\t<div class=\"elementor-widget-container\">\n\t\t\t\t\t\t\t\t\t\t\t\t\t\t\t<img fetchpriority=\"high\" decoding=\"async\" width=\"543\" height=\"965\" src=\"https:\/\/fontaineo.eu\/wp-content\/uploads\/2021\/02\/gourde-biodegradable-fontaineo.jpg\" class=\"attachment-full size-full wp-image-2332\" alt=\"\" srcset=\"https:\/\/fontaineo.eu\/wp-content\/uploads\/2021\/02\/gourde-biodegradable-fontaineo.jpg 543w, https:\/\/fontaineo.eu\/wp-content\/uploads\/2021\/02\/gourde-biodegradable-fontaineo-169x300.jpg 169w\" sizes=\"(max-width: 543px) 100vw, 543px\" \/>\t\t\t\t\t\t\t\t\t\t\t\t\t\t\t<\/div>\n\t\t\t\t<\/div>\n\t\t\t\t<div class=\"elementor-element elementor-element-011f52e elementor-widget elementor-widget-image-box\" data-id=\"011f52e\" data-element_type=\"widget\" data-e-type=\"widget\" data-widget_type=\"image-box.default\">\n\t\t\t\t<div class=\"elementor-widget-container\">\n\t\t\t\t\t<div class=\"elementor-image-box-wrapper\"><div class=\"elementor-image-box-content\"><h3 class=\"elementor-image-box-title\">Botella biodegradable<\/h3><p class=\"elementor-image-box-description\">Botella de 50cl fabricada a partir de ca\u00f1a de az\u00facar.<br><br><\/p><\/div><\/div>\t\t\t\t<\/div>\n\t\t\t\t<\/div>\n\t\t\t\t\t<\/div>\n\t\t<\/div>\n\t\t\t\t<div class=\"elementor-column elementor-col-50 elementor-inner-column elementor-element elementor-element-7476028\" data-id=\"7476028\" data-element_type=\"column\" data-e-type=\"column\">\n\t\t\t<div class=\"elementor-widget-wrap elementor-element-populated\">\n\t\t\t\t\t\t<div class=\"elementor-element elementor-element-9652868 elementor-widget elementor-widget-image\" data-id=\"9652868\" data-element_type=\"widget\" data-e-type=\"widget\" data-widget_type=\"image.default\">\n\t\t\t\t<div class=\"elementor-widget-container\">\n\t\t\t\t\t\t\t\t\t\t\t\t\t\t\t<img decoding=\"async\" width=\"92\" height=\"300\" src=\"https:\/\/fontaineo.eu\/wp-content\/uploads\/2020\/04\/Bouteille-verre-fontaineo-92x300.png\" class=\"attachment-medium size-medium wp-image-337\" alt=\"\" srcset=\"https:\/\/fontaineo.eu\/wp-content\/uploads\/2020\/04\/Bouteille-verre-fontaineo-92x300.png 92w, https:\/\/fontaineo.eu\/wp-content\/uploads\/2020\/04\/Bouteille-verre-fontaineo.png 176w\" sizes=\"(max-width: 92px) 100vw, 92px\" \/>\t\t\t\t\t\t\t\t\t\t\t\t\t\t\t<\/div>\n\t\t\t\t<\/div>\n\t\t\t\t<div class=\"elementor-element elementor-element-d96aa07 elementor-widget elementor-widget-image-box\" data-id=\"d96aa07\" data-element_type=\"widget\" data-e-type=\"widget\" data-widget_type=\"image-box.default\">\n\t\t\t\t<div class=\"elementor-widget-container\">\n\t\t\t\t\t<div class=\"elementor-image-box-wrapper\"><div class=\"elementor-image-box-content\"><h3 class=\"elementor-image-box-title\">Botella de vidrio<\/h3><p class=\"elementor-image-box-description\">Vidrio blanco Tap\u00f3n mec\u00e1nico 0,5 l y 1 l<\/p><\/div><\/div>\t\t\t\t<\/div>\n\t\t\t\t<\/div>\n\t\t\t\t\t<\/div>\n\t\t<\/div>\n\t\t\t\t\t<\/div>\n\t\t<\/section>\n\t\t\t\t<section class=\"elementor-section elementor-inner-section elementor-element elementor-element-16682e6 elementor-section-content-middle elementor-section-boxed elementor-section-height-default elementor-section-height-default\" data-id=\"16682e6\" data-element_type=\"section\" data-e-type=\"section\">\n\t\t\t\t\t\t<div class=\"elementor-container elementor-column-gap-no\">\n\t\t\t\t\t<div class=\"elementor-column elementor-col-50 elementor-inner-column elementor-element elementor-element-4444435\" data-id=\"4444435\" data-element_type=\"column\" data-e-type=\"column\">\n\t\t\t<div class=\"elementor-widget-wrap elementor-element-populated\">\n\t\t\t\t\t\t<div class=\"elementor-element elementor-element-0a6e3cb elementor-widget elementor-widget-image\" data-id=\"0a6e3cb\" data-element_type=\"widget\" data-e-type=\"widget\" data-widget_type=\"image.default\">\n\t\t\t\t<div class=\"elementor-widget-container\">\n\t\t\t\t\t\t\t\t\t\t\t\t\t\t\t<img decoding=\"async\" width=\"169\" height=\"300\" src=\"https:\/\/fontaineo.eu\/wp-content\/uploads\/2021\/02\/gourde-inox-fontaineo-e1613152271623.jpg\" class=\"attachment-full size-full wp-image-2324\" alt=\"\" \/>\t\t\t\t\t\t\t\t\t\t\t\t\t\t\t<\/div>\n\t\t\t\t<\/div>\n\t\t\t\t<div class=\"elementor-element elementor-element-28f14cc elementor-widget elementor-widget-image-box\" data-id=\"28f14cc\" data-element_type=\"widget\" data-e-type=\"widget\" data-widget_type=\"image-box.default\">\n\t\t\t\t<div class=\"elementor-widget-container\">\n\t\t\t\t\t<div class=\"elementor-image-box-wrapper\"><div class=\"elementor-image-box-content\"><h3 class=\"elementor-image-box-title\">Botella de acero inoxidable<\/h3><p class=\"elementor-image-box-description\">Tap\u00f3n de rosca. Personalizable, lavable, reutilizable, reciclable.<br>Recyclable <\/p><\/div><\/div>\t\t\t\t<\/div>\n\t\t\t\t<\/div>\n\t\t\t\t\t<\/div>\n\t\t<\/div>\n\t\t\t\t<div class=\"elementor-column elementor-col-50 elementor-inner-column elementor-element elementor-element-3e2e2a3\" data-id=\"3e2e2a3\" data-element_type=\"column\" data-e-type=\"column\">\n\t\t\t<div class=\"elementor-widget-wrap elementor-element-populated\">\n\t\t\t\t\t\t<div class=\"elementor-element elementor-element-7dda92d elementor-widget elementor-widget-image\" data-id=\"7dda92d\" data-element_type=\"widget\" data-e-type=\"widget\" data-widget_type=\"image.default\">\n\t\t\t\t<div class=\"elementor-widget-container\">\n\t\t\t\t\t\t\t\t\t\t\t\t\t\t\t<img loading=\"lazy\" decoding=\"async\" width=\"300\" height=\"300\" src=\"https:\/\/fontaineo.eu\/wp-content\/uploads\/2021\/02\/eco-gobelet-fontaineo-1.jpg\" class=\"attachment-medium size-medium wp-image-2323\" alt=\"\" srcset=\"https:\/\/fontaineo.eu\/wp-content\/uploads\/2021\/02\/eco-gobelet-fontaineo-1.jpg 300w, https:\/\/fontaineo.eu\/wp-content\/uploads\/2021\/02\/eco-gobelet-fontaineo-1-150x150.jpg 150w\" sizes=\"(max-width: 300px) 100vw, 300px\" \/>\t\t\t\t\t\t\t\t\t\t\t\t\t\t\t<\/div>\n\t\t\t\t<\/div>\n\t\t\t\t<div class=\"elementor-element elementor-element-804bfd8 elementor-widget elementor-widget-image-box\" data-id=\"804bfd8\" data-element_type=\"widget\" data-e-type=\"widget\" data-widget_type=\"image-box.default\">\n\t\t\t\t<div class=\"elementor-widget-container\">\n\t\t\t\t\t<div class=\"elementor-image-box-wrapper\"><div class=\"elementor-image-box-content\"><h3 class=\"elementor-image-box-title\">Ecocup<\/h3><p class=\"elementor-image-box-description\">Personalizable, lavable, reutilizable, reciclable 20 cl y 30 cl Sin PBA<\/p><\/div><\/div>\t\t\t\t<\/div>\n\t\t\t\t<\/div>\n\t\t\t\t\t<\/div>\n\t\t<\/div>\n\t\t\t\t\t<\/div>\n\t\t<\/section>\n\t\t\t\t<section class=\"elementor-section elementor-inner-section elementor-element elementor-element-07e00ed elementor-section-content-middle elementor-section-boxed elementor-section-height-default elementor-section-height-default\" data-id=\"07e00ed\" data-element_type=\"section\" data-e-type=\"section\">\n\t\t\t\t\t\t<div class=\"elementor-container elementor-column-gap-no\">\n\t\t\t\t\t\t<\/div>\n\t\t<\/section>\n\t\t\t\t<div class=\"elementor-element elementor-element-77a4acb elementor-widget elementor-widget-text-editor\" data-id=\"77a4acb\" data-element_type=\"widget\" data-e-type=\"widget\" data-widget_type=\"text-editor.default\">\n\t\t\t\t<div class=\"elementor-widget-container\">\n\t\t\t\t\t\t\t\t\t<p>Encuentre todos nuestros accesorios en nuestra <a style=\"color: #2c6cb1\" href=\"https:\/\/fontaineo.eu\/wp-content\/uploads\/2021\/01\/Catalogue_Fontaineo_2025.pdf#page=13\" target=\"_blank\" rel=\"noopener\"><span style=\"text-decoration: underline\"><strong>Cat\u00e1logo<\/strong><\/span><\/a>.<\/p>\t\t\t\t\t\t\t\t<\/div>\n\t\t\t\t<\/div>\n\t\t\t\t\t<\/div>\n\t\t<\/div>\n\t\t\t\t\t<\/div>\n\t\t<\/section>\n\t\t\t\t<\/div>","protected":false},"excerpt":{"rendered":"<p>Accessoires Les fontaines \u00e0 eau Fontaineo peuvent \u00eatre accompagn\u00e9es d&rsquo;accessoires adapt\u00e9s \u00e0 vos besoins. D\u00e9couvrez-en plus ci-dessous, ou consultez notre catalogue. Visualisez nos contenants Gourde biod\u00e9gradable Gourde 50cl fabriqu\u00e9e \u00e0 partir de canne \u00e0 sucre Bouteille en verre Verre blanc Bouchon m\u00e9canique 0,5L et 1L Gourde Inox Bouchon \u00e0 vis. Personnalisable, Lavable, R\u00e9utilisable,Recyclable Ecocup Personnalisable, [&hellip;]<\/p>","protected":false},"author":2,"featured_media":0,"parent":0,"menu_order":0,"comment_status":"closed","ping_status":"closed","template":"elementor_header_footer","meta":{"_acf_changed":false,"footnotes":""},"class_list":["post-355","page","type-page","status-publish","hentry"],"acf":[],"yoast_head":"<!-- This site is optimized with the Yoast SEO plugin v27.4 - https:\/\/yoast.com\/product\/yoast-seo-wordpress\/ -->\n<title>Nos accessoires - Fontaineo<\/title>\n<meta name=\"robots\" content=\"index, follow, max-snippet:-1, max-image-preview:large, max-video-preview:-1\" \/>\n<link rel=\"canonical\" href=\"https:\/\/fontaineo.eu\/es\/accesorios-fontaineo\" \/>\n<meta property=\"og:locale\" content=\"es_ES\" \/>\n<meta property=\"og:type\" content=\"article\" \/>\n<meta property=\"og:title\" content=\"Nos accessoires - Fontaineo\" \/>\n<meta property=\"og:description\" content=\"Accessoires Les fontaines \u00e0 eau Fontaineo peuvent \u00eatre accompagn\u00e9es d&rsquo;accessoires adapt\u00e9s \u00e0 vos besoins. D\u00e9couvrez-en plus ci-dessous, ou consultez notre catalogue. Visualisez nos contenants Gourde biod\u00e9gradable Gourde 50cl fabriqu\u00e9e \u00e0 partir de canne \u00e0 sucre Bouteille en verre Verre blanc Bouchon m\u00e9canique 0,5L et 1L Gourde Inox Bouchon \u00e0 vis. Personnalisable, Lavable, R\u00e9utilisable,Recyclable Ecocup Personnalisable, [&hellip;]\" \/>\n<meta property=\"og:url\" content=\"https:\/\/fontaineo.eu\/es\/accesorios-fontaineo\" \/>\n<meta property=\"og:site_name\" content=\"Fontaineo\" \/>\n<meta property=\"article:modified_time\" content=\"2025-07-25T13:43:07+00:00\" \/>\n<meta property=\"og:image\" content=\"https:\/\/fontaineo.eu\/wp-content\/uploads\/2021\/02\/gourde-biodegradable-fontaineo.jpg\" \/>\n\t<meta property=\"og:image:width\" content=\"543\" \/>\n\t<meta property=\"og:image:height\" content=\"965\" \/>\n\t<meta property=\"og:image:type\" content=\"image\/jpeg\" \/>\n<meta name=\"twitter:card\" content=\"summary_large_image\" \/>\n<meta name=\"twitter:label1\" content=\"Tiempo de lectura\" \/>\n\t<meta name=\"twitter:data1\" content=\"2 minutos\" \/>\n<script type=\"application\/ld+json\" class=\"yoast-schema-graph\">{\"@context\":\"https:\\\/\\\/schema.org\",\"@graph\":[{\"@type\":\"WebPage\",\"@id\":\"https:\\\/\\\/fontaineo.eu\\\/accessoires-fontaineo\",\"url\":\"https:\\\/\\\/fontaineo.eu\\\/accessoires-fontaineo\",\"name\":\"Nos accessoires - Fontaineo\",\"isPartOf\":{\"@id\":\"https:\\\/\\\/fontaineo.eu\\\/#website\"},\"primaryImageOfPage\":{\"@id\":\"https:\\\/\\\/fontaineo.eu\\\/accessoires-fontaineo#primaryimage\"},\"image\":{\"@id\":\"https:\\\/\\\/fontaineo.eu\\\/accessoires-fontaineo#primaryimage\"},\"thumbnailUrl\":\"https:\\\/\\\/fontaineo.eu\\\/wp-content\\\/uploads\\\/2021\\\/02\\\/gourde-biodegradable-fontaineo.jpg\",\"datePublished\":\"2020-04-16T11:37:37+00:00\",\"dateModified\":\"2025-07-25T13:43:07+00:00\",\"breadcrumb\":{\"@id\":\"https:\\\/\\\/fontaineo.eu\\\/accessoires-fontaineo#breadcrumb\"},\"inLanguage\":\"es\",\"potentialAction\":[{\"@type\":\"ReadAction\",\"target\":[\"https:\\\/\\\/fontaineo.eu\\\/accessoires-fontaineo\"]}]},{\"@type\":\"ImageObject\",\"inLanguage\":\"es\",\"@id\":\"https:\\\/\\\/fontaineo.eu\\\/accessoires-fontaineo#primaryimage\",\"url\":\"https:\\\/\\\/fontaineo.eu\\\/wp-content\\\/uploads\\\/2021\\\/02\\\/gourde-biodegradable-fontaineo.jpg\",\"contentUrl\":\"https:\\\/\\\/fontaineo.eu\\\/wp-content\\\/uploads\\\/2021\\\/02\\\/gourde-biodegradable-fontaineo.jpg\"},{\"@type\":\"BreadcrumbList\",\"@id\":\"https:\\\/\\\/fontaineo.eu\\\/accessoires-fontaineo#breadcrumb\",\"itemListElement\":[{\"@type\":\"ListItem\",\"position\":1,\"name\":\"Accueil\",\"item\":\"https:\\\/\\\/fontaineo.eu\\\/\"},{\"@type\":\"ListItem\",\"position\":2,\"name\":\"Nos accessoires\"}]},{\"@type\":\"WebSite\",\"@id\":\"https:\\\/\\\/fontaineo.eu\\\/#website\",\"url\":\"https:\\\/\\\/fontaineo.eu\\\/\",\"name\":\"Fontaineo\",\"description\":\"Des fontaines \u00e0 eau pour tous vos projets\",\"publisher\":{\"@id\":\"https:\\\/\\\/fontaineo.eu\\\/#organization\"},\"potentialAction\":[{\"@type\":\"SearchAction\",\"target\":{\"@type\":\"EntryPoint\",\"urlTemplate\":\"https:\\\/\\\/fontaineo.eu\\\/?s={search_term_string}\"},\"query-input\":{\"@type\":\"PropertyValueSpecification\",\"valueRequired\":true,\"valueName\":\"search_term_string\"}}],\"inLanguage\":\"es\"},{\"@type\":\"Organization\",\"@id\":\"https:\\\/\\\/fontaineo.eu\\\/#organization\",\"name\":\"Fontaineo\",\"url\":\"https:\\\/\\\/fontaineo.eu\\\/\",\"logo\":{\"@type\":\"ImageObject\",\"inLanguage\":\"es\",\"@id\":\"https:\\\/\\\/fontaineo.eu\\\/#\\\/schema\\\/logo\\\/image\\\/\",\"url\":\"https:\\\/\\\/fontaineo.eu\\\/wp-content\\\/uploads\\\/2020\\\/04\\\/cropped-Fontaineo-logo-1.png\",\"contentUrl\":\"https:\\\/\\\/fontaineo.eu\\\/wp-content\\\/uploads\\\/2020\\\/04\\\/cropped-Fontaineo-logo-1.png\",\"width\":3208,\"height\":2692,\"caption\":\"Fontaineo\"},\"image\":{\"@id\":\"https:\\\/\\\/fontaineo.eu\\\/#\\\/schema\\\/logo\\\/image\\\/\"}}]}<\/script>\n<!-- \/ Yoast SEO plugin. -->","yoast_head_json":{"title":"Nos accessoires - Fontaineo","robots":{"index":"index","follow":"follow","max-snippet":"max-snippet:-1","max-image-preview":"max-image-preview:large","max-video-preview":"max-video-preview:-1"},"canonical":"https:\/\/fontaineo.eu\/es\/accesorios-fontaineo","og_locale":"es_ES","og_type":"article","og_title":"Nos accessoires - Fontaineo","og_description":"Accessoires Les fontaines \u00e0 eau Fontaineo peuvent \u00eatre accompagn\u00e9es d&rsquo;accessoires adapt\u00e9s \u00e0 vos besoins. D\u00e9couvrez-en plus ci-dessous, ou consultez notre catalogue. Visualisez nos contenants Gourde biod\u00e9gradable Gourde 50cl fabriqu\u00e9e \u00e0 partir de canne \u00e0 sucre Bouteille en verre Verre blanc Bouchon m\u00e9canique 0,5L et 1L Gourde Inox Bouchon \u00e0 vis. Personnalisable, Lavable, R\u00e9utilisable,Recyclable Ecocup Personnalisable, [&hellip;]","og_url":"https:\/\/fontaineo.eu\/es\/accesorios-fontaineo","og_site_name":"Fontaineo","article_modified_time":"2025-07-25T13:43:07+00:00","og_image":[{"width":543,"height":965,"url":"https:\/\/fontaineo.eu\/wp-content\/uploads\/2021\/02\/gourde-biodegradable-fontaineo.jpg","type":"image\/jpeg"}],"twitter_card":"summary_large_image","twitter_misc":{"Tiempo de lectura":"2 minutos"},"schema":{"@context":"https:\/\/schema.org","@graph":[{"@type":"WebPage","@id":"https:\/\/fontaineo.eu\/accessoires-fontaineo","url":"https:\/\/fontaineo.eu\/accessoires-fontaineo","name":"Nos accessoires - Fontaineo","isPartOf":{"@id":"https:\/\/fontaineo.eu\/#website"},"primaryImageOfPage":{"@id":"https:\/\/fontaineo.eu\/accessoires-fontaineo#primaryimage"},"image":{"@id":"https:\/\/fontaineo.eu\/accessoires-fontaineo#primaryimage"},"thumbnailUrl":"https:\/\/fontaineo.eu\/wp-content\/uploads\/2021\/02\/gourde-biodegradable-fontaineo.jpg","datePublished":"2020-04-16T11:37:37+00:00","dateModified":"2025-07-25T13:43:07+00:00","breadcrumb":{"@id":"https:\/\/fontaineo.eu\/accessoires-fontaineo#breadcrumb"},"inLanguage":"es","potentialAction":[{"@type":"ReadAction","target":["https:\/\/fontaineo.eu\/accessoires-fontaineo"]}]},{"@type":"ImageObject","inLanguage":"es","@id":"https:\/\/fontaineo.eu\/accessoires-fontaineo#primaryimage","url":"https:\/\/fontaineo.eu\/wp-content\/uploads\/2021\/02\/gourde-biodegradable-fontaineo.jpg","contentUrl":"https:\/\/fontaineo.eu\/wp-content\/uploads\/2021\/02\/gourde-biodegradable-fontaineo.jpg"},{"@type":"BreadcrumbList","@id":"https:\/\/fontaineo.eu\/accessoires-fontaineo#breadcrumb","itemListElement":[{"@type":"ListItem","position":1,"name":"Accueil","item":"https:\/\/fontaineo.eu\/"},{"@type":"ListItem","position":2,"name":"Nos accessoires"}]},{"@type":"WebSite","@id":"https:\/\/fontaineo.eu\/#website","url":"https:\/\/fontaineo.eu\/","name":"Fontaineo","description":"Fuentes de agua para todos sus proyectos","publisher":{"@id":"https:\/\/fontaineo.eu\/#organization"},"potentialAction":[{"@type":"SearchAction","target":{"@type":"EntryPoint","urlTemplate":"https:\/\/fontaineo.eu\/?s={search_term_string}"},"query-input":{"@type":"PropertyValueSpecification","valueRequired":true,"valueName":"search_term_string"}}],"inLanguage":"es"},{"@type":"Organization","@id":"https:\/\/fontaineo.eu\/#organization","name":"Fontaineo","url":"https:\/\/fontaineo.eu\/","logo":{"@type":"ImageObject","inLanguage":"es","@id":"https:\/\/fontaineo.eu\/#\/schema\/logo\/image\/","url":"https:\/\/fontaineo.eu\/wp-content\/uploads\/2020\/04\/cropped-Fontaineo-logo-1.png","contentUrl":"https:\/\/fontaineo.eu\/wp-content\/uploads\/2020\/04\/cropped-Fontaineo-logo-1.png","width":3208,"height":2692,"caption":"Fontaineo"},"image":{"@id":"https:\/\/fontaineo.eu\/#\/schema\/logo\/image\/"}}]}},"_links":{"self":[{"href":"https:\/\/fontaineo.eu\/es\/wp-json\/wp\/v2\/pages\/355","targetHints":{"allow":["GET"]}}],"collection":[{"href":"https:\/\/fontaineo.eu\/es\/wp-json\/wp\/v2\/pages"}],"about":[{"href":"https:\/\/fontaineo.eu\/es\/wp-json\/wp\/v2\/types\/page"}],"author":[{"embeddable":true,"href":"https:\/\/fontaineo.eu\/es\/wp-json\/wp\/v2\/users\/2"}],"replies":[{"embeddable":true,"href":"https:\/\/fontaineo.eu\/es\/wp-json\/wp\/v2\/comments?post=355"}],"version-history":[{"count":3,"href":"https:\/\/fontaineo.eu\/es\/wp-json\/wp\/v2\/pages\/355\/revisions"}],"predecessor-version":[{"id":13002,"href":"https:\/\/fontaineo.eu\/es\/wp-json\/wp\/v2\/pages\/355\/revisions\/13002"}],"wp:attachment":[{"href":"https:\/\/fontaineo.eu\/es\/wp-json\/wp\/v2\/media?parent=355"}],"curies":[{"name":"wp","href":"https:\/\/api.w.org\/{rel}","templated":true}]}}