{"id":287,"date":"2020-04-14T13:27:42","date_gmt":"2020-04-14T13:27:42","guid":{"rendered":"https:\/\/fontaineo.live-website.com\/?page_id=287"},"modified":"2023-03-24T11:01:14","modified_gmt":"2023-03-24T09:01:14","slug":"sistema-de-seguridad-fontaineo","status":"publish","type":"page","link":"https:\/\/fontaineo.eu\/es\/sistema-de-seguridad-fontaineo","title":{"rendered":"Syst\u00e8me de s\u00e9curit\u00e9"},"content":{"rendered":"<div data-elementor-type=\"wp-page\" data-elementor-id=\"287\" class=\"elementor elementor-287\" data-elementor-post-type=\"page\">\n\t\t\t\t\t\t<section class=\"elementor-section elementor-top-section elementor-element elementor-element-69dd0277 elementor-section-height-min-height elementor-section-boxed elementor-section-height-default elementor-section-items-middle\" data-id=\"69dd0277\" data-element_type=\"section\" data-e-type=\"section\" data-settings=\"{&quot;background_background&quot;:&quot;classic&quot;}\">\n\t\t\t\t\t\t\t<div class=\"elementor-background-overlay\"><\/div>\n\t\t\t\t\t\t\t<div class=\"elementor-container elementor-column-gap-default\">\n\t\t\t\t\t<div class=\"elementor-column elementor-col-50 elementor-top-column elementor-element elementor-element-608fd275\" data-id=\"608fd275\" data-element_type=\"column\" data-e-type=\"column\">\n\t\t\t<div class=\"elementor-widget-wrap elementor-element-populated\">\n\t\t\t\t\t\t<div class=\"elementor-element elementor-element-41db9212 elementor-widget elementor-widget-heading\" data-id=\"41db9212\" data-element_type=\"widget\" data-e-type=\"widget\" data-widget_type=\"heading.default\">\n\t\t\t\t<div class=\"elementor-widget-container\">\n\t\t\t\t\t<h1 class=\"elementor-heading-title elementor-size-default\">Sistema de seguridad Fontaineo<\/h1>\t\t\t\t<\/div>\n\t\t\t\t<\/div>\n\t\t\t\t<div class=\"elementor-element elementor-element-31250397 elementor-widget elementor-widget-text-editor\" data-id=\"31250397\" data-element_type=\"widget\" data-e-type=\"widget\" data-widget_type=\"text-editor.default\">\n\t\t\t\t<div class=\"elementor-widget-container\">\n\t\t\t\t\t\t\t\t\t<p class=\"font_8\"><span style=\"font-size: 1rem;\">Aunque est\u00e1n clasificadas como mobiliario urbano, las fuentes FONTAINEO no son v\u00edctimas de actos de vandalismo y resisten las condiciones exteriores.&nbsp;<\/span><br><\/p>\n<p class=\"font_8\"><span style=\"font-size: 1rem;\">Esta protecci\u00f3n se debe a la solidez de nuestras soluciones, el dise\u00f1o, la calidad de los materiales y el proceso de montaje.&nbsp;<\/span><\/p>\n<p class=\"font_8\"><span style=\"font-size: 1rem;\">Las opiniones de los usuarios reflejan un verdadero respeto por un servicio accesible para todos, que se integra perfectamente en el entorno en el que se encuentra.&nbsp;<\/span><\/p><p class=\"font_8\"><span style=\"font-size: 1rem;\">Para garantizar la seguridad de los consumidores, nuestras fuentes cumplen con las normas sanitarias m\u00e1s estrictas (ACS) y se someten a an\u00e1lisis peri\u00f3dicos.<\/span><\/p>\t\t\t\t\t\t\t\t<\/div>\n\t\t\t\t<\/div>\n\t\t\t\t\t<\/div>\n\t\t<\/div>\n\t\t\t\t<div class=\"elementor-column elementor-col-50 elementor-top-column elementor-element elementor-element-57106ba7\" data-id=\"57106ba7\" data-element_type=\"column\" data-e-type=\"column\">\n\t\t\t<div class=\"elementor-widget-wrap\">\n\t\t\t\t\t\t\t<\/div>\n\t\t<\/div>\n\t\t\t\t\t<\/div>\n\t\t<\/section>\n\t\t\t\t<section class=\"elementor-section elementor-top-section elementor-element elementor-element-60e60032 elementor-section-content-middle elementor-section-boxed elementor-section-height-default elementor-section-height-default\" data-id=\"60e60032\" data-element_type=\"section\" data-e-type=\"section\" data-settings=\"{&quot;background_background&quot;:&quot;classic&quot;,&quot;background_motion_fx_motion_fx_scrolling&quot;:&quot;yes&quot;,&quot;background_motion_fx_translateY_effect&quot;:&quot;yes&quot;,&quot;background_motion_fx_translateY_speed&quot;:{&quot;unit&quot;:&quot;px&quot;,&quot;size&quot;:4,&quot;sizes&quot;:[]},&quot;background_motion_fx_translateY_affectedRange&quot;:{&quot;unit&quot;:&quot;%&quot;,&quot;size&quot;:&quot;&quot;,&quot;sizes&quot;:{&quot;start&quot;:0,&quot;end&quot;:100}},&quot;background_motion_fx_devices&quot;:[&quot;desktop&quot;,&quot;tablet&quot;,&quot;mobile&quot;]}\">\n\t\t\t\t\t\t\t<div class=\"elementor-background-overlay\"><\/div>\n\t\t\t\t\t\t\t<div class=\"elementor-container elementor-column-gap-no\">\n\t\t\t\t\t<div class=\"elementor-column elementor-col-100 elementor-top-column elementor-element elementor-element-5e196afc\" data-id=\"5e196afc\" data-element_type=\"column\" data-e-type=\"column\">\n\t\t\t<div class=\"elementor-widget-wrap elementor-element-populated\">\n\t\t\t\t\t\t<section class=\"elementor-section elementor-inner-section elementor-element elementor-element-425081f0 elementor-section-content-top elementor-section-boxed elementor-section-height-default elementor-section-height-default\" data-id=\"425081f0\" data-element_type=\"section\" data-e-type=\"section\">\n\t\t\t\t\t\t<div class=\"elementor-container elementor-column-gap-no\">\n\t\t\t\t\t<div class=\"elementor-column elementor-col-50 elementor-inner-column elementor-element elementor-element-1aa1438f\" data-id=\"1aa1438f\" data-element_type=\"column\" data-e-type=\"column\">\n\t\t\t<div class=\"elementor-widget-wrap elementor-element-populated\">\n\t\t\t\t\t\t<div class=\"elementor-element elementor-element-2ad2c3f6 elementor-widget elementor-widget-heading\" data-id=\"2ad2c3f6\" data-element_type=\"widget\" data-e-type=\"widget\" data-widget_type=\"heading.default\">\n\t\t\t\t<div class=\"elementor-widget-container\">\n\t\t\t\t\t<h4 class=\"elementor-heading-title elementor-size-default\"><b>An\u00e1lisis del agua distribuida realizados por un laboratorio certificado por COFRAC.<\/b><\/h4>\t\t\t\t<\/div>\n\t\t\t\t<\/div>\n\t\t\t\t<div class=\"elementor-element elementor-element-246bbb0c elementor-widget elementor-widget-text-editor\" data-id=\"246bbb0c\" data-element_type=\"widget\" data-e-type=\"widget\" data-widget_type=\"text-editor.default\">\n\t\t\t\t<div class=\"elementor-widget-container\">\n\t\t\t\t\t\t\t\t\t<ul><li class=\"font_8\">antes y antes de la instalaci\u00f3n de la fuente<\/li><li class=\"font_8\">aguas abajo y despu\u00e9s de la instalaci\u00f3n de la fuente (bajo pedido)<\/li><li class=\"font_8\">posterior y peri\u00f3dicamente, durante todo el periodo de instalaci\u00f3n de la soluci\u00f3n Fontaineo.<\/li><\/ul>\t\t\t\t\t\t\t\t<\/div>\n\t\t\t\t<\/div>\n\t\t\t\t\t<\/div>\n\t\t<\/div>\n\t\t\t\t<div class=\"elementor-column elementor-col-50 elementor-inner-column elementor-element elementor-element-37dd28e4\" data-id=\"37dd28e4\" data-element_type=\"column\" data-e-type=\"column\">\n\t\t\t<div class=\"elementor-widget-wrap elementor-element-populated\">\n\t\t\t\t\t\t<div class=\"elementor-element elementor-element-1b9e7c82 elementor-widget elementor-widget-heading\" data-id=\"1b9e7c82\" data-element_type=\"widget\" data-e-type=\"widget\" data-widget_type=\"heading.default\">\n\t\t\t\t<div class=\"elementor-widget-container\">\n\t\t\t\t\t<h4 class=\"elementor-heading-title elementor-size-default\"><b>Gesti\u00f3n y almacenamiento de CO2<\/b><br><\/h4>\t\t\t\t<\/div>\n\t\t\t\t<\/div>\n\t\t\t\t<div class=\"elementor-element elementor-element-47c15da0 elementor-widget elementor-widget-text-editor\" data-id=\"47c15da0\" data-element_type=\"widget\" data-e-type=\"widget\" data-widget_type=\"text-editor.default\">\n\t\t\t\t<div class=\"elementor-widget-container\">\n\t\t\t\t\t\t\t\t\t<ul><li class=\"font_8\">2 botellas con sistema de volteo autom\u00e1tico y env\u00edo de una alerta para reabastecimiento.<\/li><li class=\"font_8\">Dimensiones de las botellas de CO2 adaptadas al consumo\u00a0<\/li><li class=\"font_8\">Contrato de gesti\u00f3n a medida\u00a0<\/li><\/ul>\t\t\t\t\t\t\t\t<\/div>\n\t\t\t\t<\/div>\n\t\t\t\t\t<\/div>\n\t\t<\/div>\n\t\t\t\t\t<\/div>\n\t\t<\/section>\n\t\t\t\t<section class=\"elementor-section elementor-inner-section elementor-element elementor-element-67345e4e elementor-section-content-top elementor-section-boxed elementor-section-height-default elementor-section-height-default\" data-id=\"67345e4e\" data-element_type=\"section\" data-e-type=\"section\">\n\t\t\t\t\t\t<div class=\"elementor-container elementor-column-gap-no\">\n\t\t\t\t\t<div class=\"elementor-column elementor-col-50 elementor-inner-column elementor-element elementor-element-998f25b\" data-id=\"998f25b\" data-element_type=\"column\" data-e-type=\"column\">\n\t\t\t<div class=\"elementor-widget-wrap elementor-element-populated\">\n\t\t\t\t\t\t<div class=\"elementor-element elementor-element-7b07dd23 elementor-widget elementor-widget-heading\" data-id=\"7b07dd23\" data-element_type=\"widget\" data-e-type=\"widget\" data-widget_type=\"heading.default\">\n\t\t\t\t<div class=\"elementor-widget-container\">\n\t\t\t\t\t<h4 class=\"elementor-heading-title elementor-size-default\"><b>Portal de Internet seguro<\/b><\/h4>\t\t\t\t<\/div>\n\t\t\t\t<\/div>\n\t\t\t\t<div class=\"elementor-element elementor-element-4d488e8e elementor-widget elementor-widget-text-editor\" data-id=\"4d488e8e\" data-element_type=\"widget\" data-e-type=\"widget\" data-widget_type=\"text-editor.default\">\n\t\t\t\t<div class=\"elementor-widget-container\">\n\t\t\t\t\t\t\t\t\t<ul><li>Espacio dedicado para visualizar el consumo de su fuente<\/li><li>Estado de servicio de toda la flota en tiempo real<\/li><li>Seguimiento de las intervenciones t\u00e9cnicas de mantenimiento y conservaci\u00f3n.<\/li><\/ul>\t\t\t\t\t\t\t\t<\/div>\n\t\t\t\t<\/div>\n\t\t\t\t\t<\/div>\n\t\t<\/div>\n\t\t\t\t<div class=\"elementor-column elementor-col-50 elementor-inner-column elementor-element elementor-element-21d51cf0\" data-id=\"21d51cf0\" data-element_type=\"column\" data-e-type=\"column\">\n\t\t\t<div class=\"elementor-widget-wrap elementor-element-populated\">\n\t\t\t\t\t\t<div class=\"elementor-element elementor-element-62de168f elementor-widget elementor-widget-heading\" data-id=\"62de168f\" data-element_type=\"widget\" data-e-type=\"widget\" data-widget_type=\"heading.default\">\n\t\t\t\t<div class=\"elementor-widget-container\">\n\t\t\t\t\t<h4 class=\"elementor-heading-title elementor-size-default\"><b>Control de acceso reforzado a la zona t\u00e9cnica<\/b><\/h4>\t\t\t\t<\/div>\n\t\t\t\t<\/div>\n\t\t\t\t<div class=\"elementor-element elementor-element-47f48cb9 elementor-widget elementor-widget-text-editor\" data-id=\"47f48cb9\" data-element_type=\"widget\" data-e-type=\"widget\" data-widget_type=\"text-editor.default\">\n\t\t\t\t<div class=\"elementor-widget-container\">\n\t\t\t\t\t\t\t\t\t<ul><li class=\"font_8\">Bloqueo de la zona t\u00e9cnica mediante cerradura<\/li><li class=\"font_8\">Posibilidad de interrumpir el suministro de agua a distancia.<\/li><li class=\"font_8\">Protecci\u00f3n de las boquillas de distribuci\u00f3n<\/li><\/ul>\t\t\t\t\t\t\t\t<\/div>\n\t\t\t\t<\/div>\n\t\t\t\t\t<\/div>\n\t\t<\/div>\n\t\t\t\t\t<\/div>\n\t\t<\/section>\n\t\t\t\t<section class=\"elementor-section elementor-inner-section elementor-element elementor-element-658b67a2 elementor-section-content-top elementor-section-boxed elementor-section-height-default elementor-section-height-default\" data-id=\"658b67a2\" data-element_type=\"section\" data-e-type=\"section\">\n\t\t\t\t\t\t<div class=\"elementor-container elementor-column-gap-no\">\n\t\t\t\t\t<div class=\"elementor-column elementor-col-100 elementor-inner-column elementor-element elementor-element-36f529a5\" data-id=\"36f529a5\" data-element_type=\"column\" data-e-type=\"column\">\n\t\t\t<div class=\"elementor-widget-wrap elementor-element-populated\">\n\t\t\t\t\t\t<div class=\"elementor-element elementor-element-267d097 elementor-widget elementor-widget-heading\" data-id=\"267d097\" data-element_type=\"widget\" data-e-type=\"widget\" data-widget_type=\"heading.default\">\n\t\t\t\t<div class=\"elementor-widget-container\">\n\t\t\t\t\t<h4 class=\"elementor-heading-title elementor-size-default\"><b>Seguridad sanitaria para todos<\/b><\/h4>\t\t\t\t<\/div>\n\t\t\t\t<\/div>\n\t\t\t\t<div class=\"elementor-element elementor-element-30f0f38e elementor-widget elementor-widget-text-editor\" data-id=\"30f0f38e\" data-element_type=\"widget\" data-e-type=\"widget\" data-widget_type=\"text-editor.default\">\n\t\t\t\t<div class=\"elementor-widget-container\">\n\t\t\t\t\t\t\t\t\t<ul><li>Distribuci\u00f3n mediante botones sin contacto<\/li><li>Fachada de acero inoxidable para uso alimentario<\/li><li>Ciclo de enjuague autom\u00e1tico<\/li><li>Doble filtraci\u00f3n<\/li><li>Normas ACS<\/li><li>Cumplimiento de las normas PMR<\/li><\/ul>\t\t\t\t\t\t\t\t<\/div>\n\t\t\t\t<\/div>\n\t\t\t\t\t<\/div>\n\t\t<\/div>\n\t\t\t\t\t<\/div>\n\t\t<\/section>\n\t\t\t\t\t<\/div>\n\t\t<\/div>\n\t\t\t\t\t<\/div>\n\t\t<\/section>\n\t\t\t\t<\/div>","protected":false},"excerpt":{"rendered":"<p>Syst\u00e8me de s\u00e9curit\u00e9 Fontaineo Bien que class\u00e9es comme mobiliers urbains, les fontaines FONTAINEO ne sont pas victimes d&rsquo;actes de vandalisme et r\u00e9sistent aux conditions ext\u00e9rieures.&nbsp; Cette protection s&rsquo;explique par la robustesse de nos solutions, la conception, la qualit\u00e9 des mat\u00e9riaux et le process d&rsquo;assemblage.&nbsp; Les retours d&rsquo;exp\u00e9riences t\u00e9moignent d&rsquo;un vrai respect des utilisateurs pour un [&hellip;]<\/p>","protected":false},"author":2,"featured_media":0,"parent":0,"menu_order":0,"comment_status":"closed","ping_status":"closed","template":"elementor_header_footer","meta":{"_acf_changed":false,"footnotes":""},"class_list":["post-287","page","type-page","status-publish","hentry"],"acf":[],"yoast_head":"<!-- This site is optimized with the Yoast SEO plugin v27.4 - https:\/\/yoast.com\/product\/yoast-seo-wordpress\/ -->\n<title>Syst\u00e8me de s\u00e9curit\u00e9 - Fontaineo<\/title>\n<meta name=\"robots\" content=\"index, follow, max-snippet:-1, max-image-preview:large, max-video-preview:-1\" \/>\n<link rel=\"canonical\" href=\"https:\/\/fontaineo.eu\/es\/sistema-de-seguridad-fontaineo\" \/>\n<meta property=\"og:locale\" content=\"es_ES\" \/>\n<meta property=\"og:type\" content=\"article\" \/>\n<meta property=\"og:title\" content=\"Syst\u00e8me de s\u00e9curit\u00e9 - Fontaineo\" \/>\n<meta property=\"og:description\" content=\"Syst\u00e8me de s\u00e9curit\u00e9 Fontaineo Bien que class\u00e9es comme mobiliers urbains, les fontaines FONTAINEO ne sont pas victimes d&rsquo;actes de vandalisme et r\u00e9sistent aux conditions ext\u00e9rieures.&nbsp; Cette protection s&rsquo;explique par la robustesse de nos solutions, la conception, la qualit\u00e9 des mat\u00e9riaux et le process d&rsquo;assemblage.&nbsp; Les retours d&rsquo;exp\u00e9riences t\u00e9moignent d&rsquo;un vrai respect des utilisateurs pour un [&hellip;]\" \/>\n<meta property=\"og:url\" content=\"https:\/\/fontaineo.eu\/es\/sistema-de-seguridad-fontaineo\" \/>\n<meta property=\"og:site_name\" content=\"Fontaineo\" \/>\n<meta property=\"article:modified_time\" content=\"2023-03-24T09:01:14+00:00\" \/>\n<meta name=\"twitter:card\" content=\"summary_large_image\" \/>\n<meta name=\"twitter:label1\" content=\"Tiempo de lectura\" \/>\n\t<meta name=\"twitter:data1\" content=\"2 minutos\" \/>\n<script type=\"application\/ld+json\" class=\"yoast-schema-graph\">{\"@context\":\"https:\\\/\\\/schema.org\",\"@graph\":[{\"@type\":\"WebPage\",\"@id\":\"https:\\\/\\\/fontaineo.eu\\\/systeme-securite-fontaineo\",\"url\":\"https:\\\/\\\/fontaineo.eu\\\/systeme-securite-fontaineo\",\"name\":\"Syst\u00e8me de s\u00e9curit\u00e9 - Fontaineo\",\"isPartOf\":{\"@id\":\"https:\\\/\\\/fontaineo.eu\\\/#website\"},\"datePublished\":\"2020-04-14T13:27:42+00:00\",\"dateModified\":\"2023-03-24T09:01:14+00:00\",\"breadcrumb\":{\"@id\":\"https:\\\/\\\/fontaineo.eu\\\/systeme-securite-fontaineo#breadcrumb\"},\"inLanguage\":\"es\",\"potentialAction\":[{\"@type\":\"ReadAction\",\"target\":[\"https:\\\/\\\/fontaineo.eu\\\/systeme-securite-fontaineo\"]}]},{\"@type\":\"BreadcrumbList\",\"@id\":\"https:\\\/\\\/fontaineo.eu\\\/systeme-securite-fontaineo#breadcrumb\",\"itemListElement\":[{\"@type\":\"ListItem\",\"position\":1,\"name\":\"Accueil\",\"item\":\"https:\\\/\\\/fontaineo.eu\\\/\"},{\"@type\":\"ListItem\",\"position\":2,\"name\":\"Syst\u00e8me de s\u00e9curit\u00e9\"}]},{\"@type\":\"WebSite\",\"@id\":\"https:\\\/\\\/fontaineo.eu\\\/#website\",\"url\":\"https:\\\/\\\/fontaineo.eu\\\/\",\"name\":\"Fontaineo\",\"description\":\"Des fontaines \u00e0 eau pour tous vos projets\",\"publisher\":{\"@id\":\"https:\\\/\\\/fontaineo.eu\\\/#organization\"},\"potentialAction\":[{\"@type\":\"SearchAction\",\"target\":{\"@type\":\"EntryPoint\",\"urlTemplate\":\"https:\\\/\\\/fontaineo.eu\\\/?s={search_term_string}\"},\"query-input\":{\"@type\":\"PropertyValueSpecification\",\"valueRequired\":true,\"valueName\":\"search_term_string\"}}],\"inLanguage\":\"es\"},{\"@type\":\"Organization\",\"@id\":\"https:\\\/\\\/fontaineo.eu\\\/#organization\",\"name\":\"Fontaineo\",\"url\":\"https:\\\/\\\/fontaineo.eu\\\/\",\"logo\":{\"@type\":\"ImageObject\",\"inLanguage\":\"es\",\"@id\":\"https:\\\/\\\/fontaineo.eu\\\/#\\\/schema\\\/logo\\\/image\\\/\",\"url\":\"https:\\\/\\\/fontaineo.eu\\\/wp-content\\\/uploads\\\/2020\\\/04\\\/cropped-Fontaineo-logo-1.png\",\"contentUrl\":\"https:\\\/\\\/fontaineo.eu\\\/wp-content\\\/uploads\\\/2020\\\/04\\\/cropped-Fontaineo-logo-1.png\",\"width\":3208,\"height\":2692,\"caption\":\"Fontaineo\"},\"image\":{\"@id\":\"https:\\\/\\\/fontaineo.eu\\\/#\\\/schema\\\/logo\\\/image\\\/\"}}]}<\/script>\n<!-- \/ Yoast SEO plugin. -->","yoast_head_json":{"title":"Syst\u00e8me de s\u00e9curit\u00e9 - Fontaineo","robots":{"index":"index","follow":"follow","max-snippet":"max-snippet:-1","max-image-preview":"max-image-preview:large","max-video-preview":"max-video-preview:-1"},"canonical":"https:\/\/fontaineo.eu\/es\/sistema-de-seguridad-fontaineo","og_locale":"es_ES","og_type":"article","og_title":"Syst\u00e8me de s\u00e9curit\u00e9 - Fontaineo","og_description":"Syst\u00e8me de s\u00e9curit\u00e9 Fontaineo Bien que class\u00e9es comme mobiliers urbains, les fontaines FONTAINEO ne sont pas victimes d&rsquo;actes de vandalisme et r\u00e9sistent aux conditions ext\u00e9rieures.&nbsp; Cette protection s&rsquo;explique par la robustesse de nos solutions, la conception, la qualit\u00e9 des mat\u00e9riaux et le process d&rsquo;assemblage.&nbsp; Les retours d&rsquo;exp\u00e9riences t\u00e9moignent d&rsquo;un vrai respect des utilisateurs pour un [&hellip;]","og_url":"https:\/\/fontaineo.eu\/es\/sistema-de-seguridad-fontaineo","og_site_name":"Fontaineo","article_modified_time":"2023-03-24T09:01:14+00:00","twitter_card":"summary_large_image","twitter_misc":{"Tiempo de lectura":"2 minutos"},"schema":{"@context":"https:\/\/schema.org","@graph":[{"@type":"WebPage","@id":"https:\/\/fontaineo.eu\/systeme-securite-fontaineo","url":"https:\/\/fontaineo.eu\/systeme-securite-fontaineo","name":"Syst\u00e8me de s\u00e9curit\u00e9 - Fontaineo","isPartOf":{"@id":"https:\/\/fontaineo.eu\/#website"},"datePublished":"2020-04-14T13:27:42+00:00","dateModified":"2023-03-24T09:01:14+00:00","breadcrumb":{"@id":"https:\/\/fontaineo.eu\/systeme-securite-fontaineo#breadcrumb"},"inLanguage":"es","potentialAction":[{"@type":"ReadAction","target":["https:\/\/fontaineo.eu\/systeme-securite-fontaineo"]}]},{"@type":"BreadcrumbList","@id":"https:\/\/fontaineo.eu\/systeme-securite-fontaineo#breadcrumb","itemListElement":[{"@type":"ListItem","position":1,"name":"Accueil","item":"https:\/\/fontaineo.eu\/"},{"@type":"ListItem","position":2,"name":"Syst\u00e8me de s\u00e9curit\u00e9"}]},{"@type":"WebSite","@id":"https:\/\/fontaineo.eu\/#website","url":"https:\/\/fontaineo.eu\/","name":"Fontaineo","description":"Fuentes de agua para todos sus proyectos","publisher":{"@id":"https:\/\/fontaineo.eu\/#organization"},"potentialAction":[{"@type":"SearchAction","target":{"@type":"EntryPoint","urlTemplate":"https:\/\/fontaineo.eu\/?s={search_term_string}"},"query-input":{"@type":"PropertyValueSpecification","valueRequired":true,"valueName":"search_term_string"}}],"inLanguage":"es"},{"@type":"Organization","@id":"https:\/\/fontaineo.eu\/#organization","name":"Fontaineo","url":"https:\/\/fontaineo.eu\/","logo":{"@type":"ImageObject","inLanguage":"es","@id":"https:\/\/fontaineo.eu\/#\/schema\/logo\/image\/","url":"https:\/\/fontaineo.eu\/wp-content\/uploads\/2020\/04\/cropped-Fontaineo-logo-1.png","contentUrl":"https:\/\/fontaineo.eu\/wp-content\/uploads\/2020\/04\/cropped-Fontaineo-logo-1.png","width":3208,"height":2692,"caption":"Fontaineo"},"image":{"@id":"https:\/\/fontaineo.eu\/#\/schema\/logo\/image\/"}}]}},"_links":{"self":[{"href":"https:\/\/fontaineo.eu\/es\/wp-json\/wp\/v2\/pages\/287","targetHints":{"allow":["GET"]}}],"collection":[{"href":"https:\/\/fontaineo.eu\/es\/wp-json\/wp\/v2\/pages"}],"about":[{"href":"https:\/\/fontaineo.eu\/es\/wp-json\/wp\/v2\/types\/page"}],"author":[{"embeddable":true,"href":"https:\/\/fontaineo.eu\/es\/wp-json\/wp\/v2\/users\/2"}],"replies":[{"embeddable":true,"href":"https:\/\/fontaineo.eu\/es\/wp-json\/wp\/v2\/comments?post=287"}],"version-history":[{"count":0,"href":"https:\/\/fontaineo.eu\/es\/wp-json\/wp\/v2\/pages\/287\/revisions"}],"wp:attachment":[{"href":"https:\/\/fontaineo.eu\/es\/wp-json\/wp\/v2\/media?parent=287"}],"curies":[{"name":"wp","href":"https:\/\/api.w.org\/{rel}","templated":true}]}}