{"id":12349,"date":"2025-04-16T09:36:39","date_gmt":"2025-04-16T07:36:39","guid":{"rendered":"https:\/\/fontaineo.eu\/?post_type=product&#038;p=12349"},"modified":"2025-07-24T16:32:51","modified_gmt":"2025-07-24T14:32:51","slug":"sourceo-light","status":"publish","type":"product","link":"https:\/\/fontaineo.eu\/en\/product\/sourceo-light","title":{"rendered":"Sourceo light"},"content":{"rendered":"<p style=\"text-align: left\" class=\"translation-block\"><strong>Flow rate:<\/strong> 100 liters of fresh water per hour<\/p>\n<p class=\"translation-block\"><strong>Weight:<\/strong> 100kg<\/p>\n<p class=\"translation-block\"><strong>Width:<\/strong> 500mm<\/p>\n<p><span style=\"color: #4c4c4c;font-size: 17px\"><strong>Length<\/strong> <strong>:<\/strong> 500 mm<\/span><\/p>\n<p><span style=\"font-weight: bold;color: #4c4c4c;font-size: 17px\">Height : <\/span><span style=\"color: #4c4c4c;font-size: 17px\">1 600 mm<\/span><span style=\"color: #4c4c4c;font-size: 17px\"><br \/>\n<\/span><\/p>\n<p><span style=\"font-weight: bold;color: #4c4c4c;font-size: 17px\">Panel : <\/span><span style=\"color: #4c4c4c;font-size: 17px\">D<\/span><span style=\"color: #4c4c4c;font-size: 17px\">Dibond<\/span><\/p>\n<p><span style=\"font-weight: bold;color: #4c4c4c;font-size: 17px\">Carcass : <\/span><span style=\"color: #4c4c4c;font-size: 17px\">Electrogalvanized steel<\/span><\/p>\n<p><span style=\"color: #4c4c4c\"><span style=\"font-size: 17px\"><span style=\"font-weight: bold\">Installation <\/span><\/span><\/span><span style=\"color: #4c4c4c\"><span style=\"font-size: 17px\">Outdoor, floor-standing on adjustable feet<\/span><\/span><span style=\"color: #4c4c4c;font-size: 17px\"><br \/>\n<\/span><\/p>\n<p><span style=\"color: #93c11e\"><span style=\"font-weight: bold;font-size: 17px\">Consumption <\/span><span style=\"font-size: 17px\">950 W<\/span><\/span><\/p>\n<p class=\"translation-block\">230 V single-phase power supply<\/p>\n<p>&nbsp;<\/p>","protected":false},"excerpt":{"rendered":"<p style=\"text-align: left\" class=\"translation-block\">An https:\/\/fontaineo.eu\/en\/fontaines-reseau water cooler that is ideal for both indoor and outdoor use.<\/p>\n<p class=\"translation-block\">The SOURCEO Light fountain offers an \neffective hydration solution with a flow rate of 100 L\/h of fresh water, ideal for professional and event environments.<\/p>\n<p><span style=\"color: #000000\"><strong>Easy to move<\/strong> Thanks to its two rear casters, it adapts to any space, combining practicality and design. Fully customizable, it becomes a true communication tool that reflects your brand image.<\/span><\/p>\n<p>&nbsp;<\/p>\n<p style=\"text-align: center\">","protected":false},"featured_media":11977,"comment_status":"closed","ping_status":"closed","template":"","meta":{"_acf_changed":false},"product_brand":[],"product_cat":[33,29],"product_tag":[30,31,37,35,36,32],"class_list":{"0":"post-12349","1":"product","2":"type-product","3":"status-publish","4":"has-post-thumbnail","6":"product_cat-fontaine-a-eau-exterieure","7":"product_cat-fontaine-a-eau-reseau","8":"product_tag-fontaine-a-eau-exterieure","9":"product_tag-fontaine-compacte","10":"product_tag-fontaine-pour-parc","11":"product_tag-fontaine-publique","12":"product_tag-fontaine-secteur-prive","13":"product_tag-primo","15":"first","16":"instock","17":"shipping-taxable","18":"product-type-external"},"acf":[],"yoast_head":"<!-- This site is optimized with the Yoast SEO plugin v27.4 - https:\/\/yoast.com\/product\/yoast-seo-wordpress\/ -->\n<title>Sourceo light - Fontaineo<\/title>\n<meta name=\"robots\" content=\"index, follow, max-snippet:-1, max-image-preview:large, max-video-preview:-1\" \/>\n<link rel=\"canonical\" href=\"https:\/\/fontaineo.eu\/en\/product\/sourceo-light\" \/>\n<meta property=\"og:locale\" content=\"en_US\" \/>\n<meta property=\"og:type\" content=\"article\" \/>\n<meta property=\"og:title\" content=\"Sourceo light - Fontaineo\" \/>\n<meta property=\"og:description\" content=\"Une fontaine \u00e0 eau r\u00e9seau id\u00e9ale pour l\u2019int\u00e9rieur comme pour l\u2019ext\u00e9rieur. La fontaine SOURCEO Light offre une solution d\u2019hydratation performante avec un d\u00e9bit de 100 L\/h d\u2019eau fra\u00eeche, id\u00e9ale pour les environnements professionnels et \u00e9v\u00e9nementiels.\u00a0  Facile \u00e0 d\u00e9placer gr\u00e2ce \u00e0 ses deux roulettes arri\u00e8re, elle s\u2019adapte \u00e0 tous les espaces en alliant praticit\u00e9 et design. Enti\u00e8rement personnalisable, elle devient un v\u00e9ritable support de communication \u00e0 l\u2019image de votre marque.  &nbsp;\" \/>\n<meta property=\"og:url\" content=\"https:\/\/fontaineo.eu\/en\/product\/sourceo-light\" \/>\n<meta property=\"og:site_name\" content=\"Fontaineo\" \/>\n<meta property=\"article:modified_time\" content=\"2025-07-24T14:32:51+00:00\" \/>\n<meta property=\"og:image\" content=\"https:\/\/fontaineo.eu\/wp-content\/uploads\/2025\/02\/fontaine-a-eau-reseau-light.jpg\" \/>\n\t<meta property=\"og:image:width\" content=\"1200\" \/>\n\t<meta property=\"og:image:height\" content=\"1600\" \/>\n\t<meta property=\"og:image:type\" content=\"image\/jpeg\" \/>\n<meta name=\"twitter:card\" content=\"summary_large_image\" \/>\n<meta name=\"twitter:label1\" content=\"Est. reading time\" \/>\n\t<meta name=\"twitter:data1\" content=\"1 minute\" \/>\n<script type=\"application\/ld+json\" class=\"yoast-schema-graph\">{\"@context\":\"https:\\\/\\\/schema.org\",\"@graph\":[{\"@type\":\"WebPage\",\"@id\":\"https:\\\/\\\/fontaineo.eu\\\/produit\\\/sourceo-light\",\"url\":\"https:\\\/\\\/fontaineo.eu\\\/produit\\\/sourceo-light\",\"name\":\"Sourceo light - Fontaineo\",\"isPartOf\":{\"@id\":\"https:\\\/\\\/fontaineo.eu\\\/#website\"},\"primaryImageOfPage\":{\"@id\":\"https:\\\/\\\/fontaineo.eu\\\/produit\\\/sourceo-light#primaryimage\"},\"image\":{\"@id\":\"https:\\\/\\\/fontaineo.eu\\\/produit\\\/sourceo-light#primaryimage\"},\"thumbnailUrl\":\"https:\\\/\\\/fontaineo.eu\\\/wp-content\\\/uploads\\\/2025\\\/02\\\/fontaine-a-eau-reseau-light.jpg\",\"datePublished\":\"2025-04-16T07:36:39+00:00\",\"dateModified\":\"2025-07-24T14:32:51+00:00\",\"breadcrumb\":{\"@id\":\"https:\\\/\\\/fontaineo.eu\\\/produit\\\/sourceo-light#breadcrumb\"},\"inLanguage\":\"en-US\",\"potentialAction\":[{\"@type\":\"ReadAction\",\"target\":[\"https:\\\/\\\/fontaineo.eu\\\/produit\\\/sourceo-light\"]}]},{\"@type\":\"ImageObject\",\"inLanguage\":\"en-US\",\"@id\":\"https:\\\/\\\/fontaineo.eu\\\/produit\\\/sourceo-light#primaryimage\",\"url\":\"https:\\\/\\\/fontaineo.eu\\\/wp-content\\\/uploads\\\/2025\\\/02\\\/fontaine-a-eau-reseau-light.jpg\",\"contentUrl\":\"https:\\\/\\\/fontaineo.eu\\\/wp-content\\\/uploads\\\/2025\\\/02\\\/fontaine-a-eau-reseau-light.jpg\",\"width\":1200,\"height\":1600,\"caption\":\"Un distributeur automatique blanc portant l'inscription \u00ab Fontaineo \u00bb est plac\u00e9 contre un mur. La machine est dot\u00e9e d'un \u00e9cran num\u00e9rique en haut et de diverses publicit\u00e9s en bas. Elle repose sur quatre petites roues sur un sol gris.\"},{\"@type\":\"BreadcrumbList\",\"@id\":\"https:\\\/\\\/fontaineo.eu\\\/produit\\\/sourceo-light#breadcrumb\",\"itemListElement\":[{\"@type\":\"ListItem\",\"position\":1,\"name\":\"Accueil\",\"item\":\"https:\\\/\\\/fontaineo.eu\\\/\"},{\"@type\":\"ListItem\",\"position\":2,\"name\":\"Boutique\",\"item\":\"https:\\\/\\\/fontaineo.eu\\\/boutique\"},{\"@type\":\"ListItem\",\"position\":3,\"name\":\"Sourceo light\"}]},{\"@type\":\"WebSite\",\"@id\":\"https:\\\/\\\/fontaineo.eu\\\/#website\",\"url\":\"https:\\\/\\\/fontaineo.eu\\\/\",\"name\":\"Fontaineo\",\"description\":\"Des fontaines \u00e0 eau pour tous vos projets\",\"publisher\":{\"@id\":\"https:\\\/\\\/fontaineo.eu\\\/#organization\"},\"potentialAction\":[{\"@type\":\"SearchAction\",\"target\":{\"@type\":\"EntryPoint\",\"urlTemplate\":\"https:\\\/\\\/fontaineo.eu\\\/?s={search_term_string}\"},\"query-input\":{\"@type\":\"PropertyValueSpecification\",\"valueRequired\":true,\"valueName\":\"search_term_string\"}}],\"inLanguage\":\"en-US\"},{\"@type\":\"Organization\",\"@id\":\"https:\\\/\\\/fontaineo.eu\\\/#organization\",\"name\":\"Fontaineo\",\"url\":\"https:\\\/\\\/fontaineo.eu\\\/\",\"logo\":{\"@type\":\"ImageObject\",\"inLanguage\":\"en-US\",\"@id\":\"https:\\\/\\\/fontaineo.eu\\\/#\\\/schema\\\/logo\\\/image\\\/\",\"url\":\"https:\\\/\\\/fontaineo.eu\\\/wp-content\\\/uploads\\\/2020\\\/04\\\/cropped-Fontaineo-logo-1.png\",\"contentUrl\":\"https:\\\/\\\/fontaineo.eu\\\/wp-content\\\/uploads\\\/2020\\\/04\\\/cropped-Fontaineo-logo-1.png\",\"width\":3208,\"height\":2692,\"caption\":\"Fontaineo\"},\"image\":{\"@id\":\"https:\\\/\\\/fontaineo.eu\\\/#\\\/schema\\\/logo\\\/image\\\/\"}}]}<\/script>\n<!-- \/ Yoast SEO plugin. -->","yoast_head_json":{"title":"Sourceo light - Fontaineo","robots":{"index":"index","follow":"follow","max-snippet":"max-snippet:-1","max-image-preview":"max-image-preview:large","max-video-preview":"max-video-preview:-1"},"canonical":"https:\/\/fontaineo.eu\/en\/product\/sourceo-light","og_locale":"en_US","og_type":"article","og_title":"Sourceo light - Fontaineo","og_description":"Une fontaine \u00e0 eau r\u00e9seau id\u00e9ale pour l\u2019int\u00e9rieur comme pour l\u2019ext\u00e9rieur. La fontaine SOURCEO Light offre une solution d\u2019hydratation performante avec un d\u00e9bit de 100 L\/h d\u2019eau fra\u00eeche, id\u00e9ale pour les environnements professionnels et \u00e9v\u00e9nementiels.\u00a0  Facile \u00e0 d\u00e9placer gr\u00e2ce \u00e0 ses deux roulettes arri\u00e8re, elle s\u2019adapte \u00e0 tous les espaces en alliant praticit\u00e9 et design. Enti\u00e8rement personnalisable, elle devient un v\u00e9ritable support de communication \u00e0 l\u2019image de votre marque.  &nbsp;","og_url":"https:\/\/fontaineo.eu\/en\/product\/sourceo-light","og_site_name":"Fontaineo","article_modified_time":"2025-07-24T14:32:51+00:00","og_image":[{"width":1200,"height":1600,"url":"https:\/\/fontaineo.eu\/wp-content\/uploads\/2025\/02\/fontaine-a-eau-reseau-light.jpg","type":"image\/jpeg"}],"twitter_card":"summary_large_image","twitter_misc":{"Est. reading time":"1 minute"},"schema":{"@context":"https:\/\/schema.org","@graph":[{"@type":"WebPage","@id":"https:\/\/fontaineo.eu\/produit\/sourceo-light","url":"https:\/\/fontaineo.eu\/produit\/sourceo-light","name":"Sourceo light - Fontaineo","isPartOf":{"@id":"https:\/\/fontaineo.eu\/#website"},"primaryImageOfPage":{"@id":"https:\/\/fontaineo.eu\/produit\/sourceo-light#primaryimage"},"image":{"@id":"https:\/\/fontaineo.eu\/produit\/sourceo-light#primaryimage"},"thumbnailUrl":"https:\/\/fontaineo.eu\/wp-content\/uploads\/2025\/02\/fontaine-a-eau-reseau-light.jpg","datePublished":"2025-04-16T07:36:39+00:00","dateModified":"2025-07-24T14:32:51+00:00","breadcrumb":{"@id":"https:\/\/fontaineo.eu\/produit\/sourceo-light#breadcrumb"},"inLanguage":"en-US","potentialAction":[{"@type":"ReadAction","target":["https:\/\/fontaineo.eu\/produit\/sourceo-light"]}]},{"@type":"ImageObject","inLanguage":"en-US","@id":"https:\/\/fontaineo.eu\/produit\/sourceo-light#primaryimage","url":"https:\/\/fontaineo.eu\/wp-content\/uploads\/2025\/02\/fontaine-a-eau-reseau-light.jpg","contentUrl":"https:\/\/fontaineo.eu\/wp-content\/uploads\/2025\/02\/fontaine-a-eau-reseau-light.jpg","width":1200,"height":1600,"caption":"Un distributeur automatique blanc portant l'inscription \u00ab Fontaineo \u00bb est plac\u00e9 contre un mur. La machine est dot\u00e9e d'un \u00e9cran num\u00e9rique en haut et de diverses publicit\u00e9s en bas. Elle repose sur quatre petites roues sur un sol gris."},{"@type":"BreadcrumbList","@id":"https:\/\/fontaineo.eu\/produit\/sourceo-light#breadcrumb","itemListElement":[{"@type":"ListItem","position":1,"name":"Accueil","item":"https:\/\/fontaineo.eu\/"},{"@type":"ListItem","position":2,"name":"Boutique","item":"https:\/\/fontaineo.eu\/boutique"},{"@type":"ListItem","position":3,"name":"Sourceo light"}]},{"@type":"WebSite","@id":"https:\/\/fontaineo.eu\/#website","url":"https:\/\/fontaineo.eu\/","name":"Fontaineo","description":"Water fountains for all your projects","publisher":{"@id":"https:\/\/fontaineo.eu\/#organization"},"potentialAction":[{"@type":"SearchAction","target":{"@type":"EntryPoint","urlTemplate":"https:\/\/fontaineo.eu\/?s={search_term_string}"},"query-input":{"@type":"PropertyValueSpecification","valueRequired":true,"valueName":"search_term_string"}}],"inLanguage":"en-US"},{"@type":"Organization","@id":"https:\/\/fontaineo.eu\/#organization","name":"Fontaineo","url":"https:\/\/fontaineo.eu\/","logo":{"@type":"ImageObject","inLanguage":"en-US","@id":"https:\/\/fontaineo.eu\/#\/schema\/logo\/image\/","url":"https:\/\/fontaineo.eu\/wp-content\/uploads\/2020\/04\/cropped-Fontaineo-logo-1.png","contentUrl":"https:\/\/fontaineo.eu\/wp-content\/uploads\/2020\/04\/cropped-Fontaineo-logo-1.png","width":3208,"height":2692,"caption":"Fontaineo"},"image":{"@id":"https:\/\/fontaineo.eu\/#\/schema\/logo\/image\/"}}]}},"_links":{"self":[{"href":"https:\/\/fontaineo.eu\/en\/wp-json\/wp\/v2\/product\/12349","targetHints":{"allow":["GET"]}}],"collection":[{"href":"https:\/\/fontaineo.eu\/en\/wp-json\/wp\/v2\/product"}],"about":[{"href":"https:\/\/fontaineo.eu\/en\/wp-json\/wp\/v2\/types\/product"}],"replies":[{"embeddable":true,"href":"https:\/\/fontaineo.eu\/en\/wp-json\/wp\/v2\/comments?post=12349"}],"wp:featuredmedia":[{"embeddable":true,"href":"https:\/\/fontaineo.eu\/en\/wp-json\/wp\/v2\/media\/11977"}],"wp:attachment":[{"href":"https:\/\/fontaineo.eu\/en\/wp-json\/wp\/v2\/media?parent=12349"}],"wp:term":[{"taxonomy":"product_brand","embeddable":true,"href":"https:\/\/fontaineo.eu\/en\/wp-json\/wp\/v2\/product_brand?post=12349"},{"taxonomy":"product_cat","embeddable":true,"href":"https:\/\/fontaineo.eu\/en\/wp-json\/wp\/v2\/product_cat?post=12349"},{"taxonomy":"product_tag","embeddable":true,"href":"https:\/\/fontaineo.eu\/en\/wp-json\/wp\/v2\/product_tag?post=12349"}],"curies":[{"name":"wp","href":"https:\/\/api.w.org\/{rel}","templated":true}]}}