{"id":12345,"date":"2025-04-16T09:36:40","date_gmt":"2025-04-16T07:36:40","guid":{"rendered":"https:\/\/fontaineo.eu\/?post_type=product&#038;p=12345"},"modified":"2025-07-21T14:29:47","modified_gmt":"2025-07-21T12:29:47","slug":"built-in","status":"publish","type":"product","link":"https:\/\/fontaineo.eu\/en\/product\/built-in","title":{"rendered":"Built-in"},"content":{"rendered":"<p style=\"text-align: left\" class=\"translation-block\">Output: up to 200 liters of fresh water \/ hour<\/p>\n<p><span style=\"font-weight: bold;color: #4c4c4c;font-size: 17px\">Weight <\/span><span style=\"color: #4c4c4c;font-size: 17px\">100 kg<\/span><\/p>\n<p><span style=\"font-weight: bold;color: #4c4c4c;font-size: 17px\">Width <\/span><span style=\"color: #4c4c4c;font-size: 17px\">700 mm<\/span><\/p>\n<p><span style=\"font-weight: bold;color: #4c4c4c;font-size: 17px\">Height : <\/span><span style=\"color: #4c4c4c;font-size: 17px\">700 mm<\/span><span style=\"color: #4c4c4c;font-size: 17px\"><br \/>\n<\/span><\/p>\n<p><span style=\"font-family: var( --e-global-typography-text-font-family ), Sans-serif;font-weight: bold;color: #4c4c4c;font-size: 17px\">Panel : <\/span><span style=\"font-family: var( --e-global-typography-text-font-family ), Sans-serif;color: #4c4c4c;font-size: 17px\">04 L or 316 L stainless steel<\/span><\/p>\n<p><span style=\"font-family: var( --e-global-typography-text-font-family ), Sans-serif;font-weight: bold;color: #4c4c4c;font-size: 17px\">Carcass : <\/span><span style=\"font-family: var( --e-global-typography-text-font-family ), Sans-serif;color: #4c4c4c;font-size: 17px\">Painted steel<\/span><\/p>\n<p><span style=\"color: #4c4c4c\"><span style=\"font-size: 17px\"><span style=\"font-weight: bold\">Installation <\/span><\/span><\/span><span style=\"color: #4c4c4c\"><span style=\"font-size: 17px\">Indoor \/ outdoor, recessed: kiosk, container, wall<\/span><\/span><\/p>\n<p><span style=\"color: #93c11e;font-family: var( --e-global-typography-text-font-family ), Sans-serif;font-weight: bold;font-size: 17px\">Consumption <\/span><span style=\"color: #93c11e;font-family: var( --e-global-typography-text-font-family ), Sans-serif;font-size: 17px\">900 W<\/span><\/p>\n<p><span style=\"color: #93c11e\"><span style=\"font-weight: bold;font-size: 17px\">Power supply <\/span><span style=\"font-size: 17px\">230 V<\/span><\/span><\/p>","protected":false},"excerpt":{"rendered":"<p style=\"text-align: left\" class=\"translation-block\">Would you like an indoor or outdoor network water cooler that best serves your communication needs?<\/p>\n<p style=\"text-align: left\" class=\"translation-block\">Ideal for ports, it is designed to integrate into your architecture, on existing supports.<\/p>\n<p style=\"text-align: left\" class=\"translation-block\">A grid-connected distribution panel that can be 100% integrated into your architecture.<\/p>","protected":false},"featured_media":12394,"comment_status":"closed","ping_status":"closed","template":"","meta":{"_acf_changed":false},"product_brand":[],"product_cat":[33,29],"product_tag":[30,31,39,37,35,36,38],"class_list":{"0":"post-12345","1":"product","2":"type-product","3":"status-publish","4":"has-post-thumbnail","6":"product_cat-fontaine-a-eau-exterieure","7":"product_cat-fontaine-a-eau-reseau","8":"product_tag-fontaine-a-eau-exterieure","9":"product_tag-fontaine-compacte","10":"product_tag-fontaine-interieur","11":"product_tag-fontaine-pour-parc","12":"product_tag-fontaine-publique","13":"product_tag-fontaine-secteur-prive","14":"product_tag-fontaines-encastrable","16":"first","17":"instock","18":"shipping-taxable","19":"product-type-external"},"acf":[],"yoast_head":"<!-- This site is optimized with the Yoast SEO plugin v27.4 - https:\/\/yoast.com\/product\/yoast-seo-wordpress\/ -->\n<title>Encastrable - Fontaineo<\/title>\n<meta name=\"robots\" content=\"index, follow, max-snippet:-1, max-image-preview:large, max-video-preview:-1\" \/>\n<link rel=\"canonical\" href=\"https:\/\/fontaineo.eu\/en\/product\/built-in\" \/>\n<meta property=\"og:locale\" content=\"en_US\" \/>\n<meta property=\"og:type\" content=\"article\" \/>\n<meta property=\"og:title\" content=\"Encastrable - Fontaineo\" \/>\n<meta property=\"og:description\" content=\"Vous souhaitez une fontaine \u00e0 eau r\u00e9seau int\u00e9rieure et ext\u00e9rieure qui sert au mieux vos besoins de communication ?  Id\u00e9ale pour les ports, elle est con\u00e7ue pour s&#039;int\u00e9grer dans votre architecture, sur support existant. Un panneau de distribution raccord\u00e9 au r\u00e9seau 100% int\u00e9grable dans votre architecture.\" \/>\n<meta property=\"og:url\" content=\"https:\/\/fontaineo.eu\/en\/product\/built-in\" \/>\n<meta property=\"og:site_name\" content=\"Fontaineo\" \/>\n<meta property=\"article:modified_time\" content=\"2025-07-21T12:29:47+00:00\" \/>\n<meta property=\"og:image\" content=\"https:\/\/fontaineo.eu\/wp-content\/uploads\/2025\/03\/fontaine-encastrable-fontaineo.png\" \/>\n\t<meta property=\"og:image:width\" content=\"600\" \/>\n\t<meta property=\"og:image:height\" content=\"600\" \/>\n\t<meta property=\"og:image:type\" content=\"image\/png\" \/>\n<meta name=\"twitter:card\" content=\"summary_large_image\" \/>\n<meta name=\"twitter:label1\" content=\"Est. reading time\" \/>\n\t<meta name=\"twitter:data1\" content=\"1 minute\" \/>\n<script type=\"application\/ld+json\" class=\"yoast-schema-graph\">{\"@context\":\"https:\\\/\\\/schema.org\",\"@graph\":[{\"@type\":\"WebPage\",\"@id\":\"https:\\\/\\\/fontaineo.eu\\\/produit\\\/encastrable\",\"url\":\"https:\\\/\\\/fontaineo.eu\\\/produit\\\/encastrable\",\"name\":\"Encastrable - Fontaineo\",\"isPartOf\":{\"@id\":\"https:\\\/\\\/fontaineo.eu\\\/#website\"},\"primaryImageOfPage\":{\"@id\":\"https:\\\/\\\/fontaineo.eu\\\/produit\\\/encastrable#primaryimage\"},\"image\":{\"@id\":\"https:\\\/\\\/fontaineo.eu\\\/produit\\\/encastrable#primaryimage\"},\"thumbnailUrl\":\"https:\\\/\\\/fontaineo.eu\\\/wp-content\\\/uploads\\\/2025\\\/03\\\/fontaine-encastrable-fontaineo.png\",\"datePublished\":\"2025-04-16T07:36:40+00:00\",\"dateModified\":\"2025-07-21T12:29:47+00:00\",\"breadcrumb\":{\"@id\":\"https:\\\/\\\/fontaineo.eu\\\/produit\\\/encastrable#breadcrumb\"},\"inLanguage\":\"en-US\",\"potentialAction\":[{\"@type\":\"ReadAction\",\"target\":[\"https:\\\/\\\/fontaineo.eu\\\/produit\\\/encastrable\"]}]},{\"@type\":\"ImageObject\",\"inLanguage\":\"en-US\",\"@id\":\"https:\\\/\\\/fontaineo.eu\\\/produit\\\/encastrable#primaryimage\",\"url\":\"https:\\\/\\\/fontaineo.eu\\\/wp-content\\\/uploads\\\/2025\\\/03\\\/fontaine-encastrable-fontaineo.png\",\"contentUrl\":\"https:\\\/\\\/fontaineo.eu\\\/wp-content\\\/uploads\\\/2025\\\/03\\\/fontaine-encastrable-fontaineo.png\",\"width\":600,\"height\":600,\"caption\":\"Station de remplissage murale pour bouteilles d'eau, \u00e9quip\u00e9e de deux distributeurs et de boutons \u00e9tiquet\u00e9s pour l'eau du robinet et l'eau gazeuse. L'appareil est install\u00e9 sur un panneau ext\u00e9rieur en bois, surmont\u00e9 d'un \u00e9clairage circulaire.\"},{\"@type\":\"BreadcrumbList\",\"@id\":\"https:\\\/\\\/fontaineo.eu\\\/produit\\\/encastrable#breadcrumb\",\"itemListElement\":[{\"@type\":\"ListItem\",\"position\":1,\"name\":\"Accueil\",\"item\":\"https:\\\/\\\/fontaineo.eu\\\/\"},{\"@type\":\"ListItem\",\"position\":2,\"name\":\"Boutique\",\"item\":\"https:\\\/\\\/fontaineo.eu\\\/boutique\"},{\"@type\":\"ListItem\",\"position\":3,\"name\":\"Encastrable\"}]},{\"@type\":\"WebSite\",\"@id\":\"https:\\\/\\\/fontaineo.eu\\\/#website\",\"url\":\"https:\\\/\\\/fontaineo.eu\\\/\",\"name\":\"Fontaineo\",\"description\":\"Des fontaines \u00e0 eau pour tous vos projets\",\"publisher\":{\"@id\":\"https:\\\/\\\/fontaineo.eu\\\/#organization\"},\"potentialAction\":[{\"@type\":\"SearchAction\",\"target\":{\"@type\":\"EntryPoint\",\"urlTemplate\":\"https:\\\/\\\/fontaineo.eu\\\/?s={search_term_string}\"},\"query-input\":{\"@type\":\"PropertyValueSpecification\",\"valueRequired\":true,\"valueName\":\"search_term_string\"}}],\"inLanguage\":\"en-US\"},{\"@type\":\"Organization\",\"@id\":\"https:\\\/\\\/fontaineo.eu\\\/#organization\",\"name\":\"Fontaineo\",\"url\":\"https:\\\/\\\/fontaineo.eu\\\/\",\"logo\":{\"@type\":\"ImageObject\",\"inLanguage\":\"en-US\",\"@id\":\"https:\\\/\\\/fontaineo.eu\\\/#\\\/schema\\\/logo\\\/image\\\/\",\"url\":\"https:\\\/\\\/fontaineo.eu\\\/wp-content\\\/uploads\\\/2020\\\/04\\\/cropped-Fontaineo-logo-1.png\",\"contentUrl\":\"https:\\\/\\\/fontaineo.eu\\\/wp-content\\\/uploads\\\/2020\\\/04\\\/cropped-Fontaineo-logo-1.png\",\"width\":3208,\"height\":2692,\"caption\":\"Fontaineo\"},\"image\":{\"@id\":\"https:\\\/\\\/fontaineo.eu\\\/#\\\/schema\\\/logo\\\/image\\\/\"}}]}<\/script>\n<!-- \/ Yoast SEO plugin. -->","yoast_head_json":{"title":"Encastrable - Fontaineo","robots":{"index":"index","follow":"follow","max-snippet":"max-snippet:-1","max-image-preview":"max-image-preview:large","max-video-preview":"max-video-preview:-1"},"canonical":"https:\/\/fontaineo.eu\/en\/product\/built-in","og_locale":"en_US","og_type":"article","og_title":"Encastrable - Fontaineo","og_description":"Vous souhaitez une fontaine \u00e0 eau r\u00e9seau int\u00e9rieure et ext\u00e9rieure qui sert au mieux vos besoins de communication ?  Id\u00e9ale pour les ports, elle est con\u00e7ue pour s'int\u00e9grer dans votre architecture, sur support existant. Un panneau de distribution raccord\u00e9 au r\u00e9seau 100% int\u00e9grable dans votre architecture.","og_url":"https:\/\/fontaineo.eu\/en\/product\/built-in","og_site_name":"Fontaineo","article_modified_time":"2025-07-21T12:29:47+00:00","og_image":[{"width":600,"height":600,"url":"https:\/\/fontaineo.eu\/wp-content\/uploads\/2025\/03\/fontaine-encastrable-fontaineo.png","type":"image\/png"}],"twitter_card":"summary_large_image","twitter_misc":{"Est. reading time":"1 minute"},"schema":{"@context":"https:\/\/schema.org","@graph":[{"@type":"WebPage","@id":"https:\/\/fontaineo.eu\/produit\/encastrable","url":"https:\/\/fontaineo.eu\/produit\/encastrable","name":"Encastrable - Fontaineo","isPartOf":{"@id":"https:\/\/fontaineo.eu\/#website"},"primaryImageOfPage":{"@id":"https:\/\/fontaineo.eu\/produit\/encastrable#primaryimage"},"image":{"@id":"https:\/\/fontaineo.eu\/produit\/encastrable#primaryimage"},"thumbnailUrl":"https:\/\/fontaineo.eu\/wp-content\/uploads\/2025\/03\/fontaine-encastrable-fontaineo.png","datePublished":"2025-04-16T07:36:40+00:00","dateModified":"2025-07-21T12:29:47+00:00","breadcrumb":{"@id":"https:\/\/fontaineo.eu\/produit\/encastrable#breadcrumb"},"inLanguage":"en-US","potentialAction":[{"@type":"ReadAction","target":["https:\/\/fontaineo.eu\/produit\/encastrable"]}]},{"@type":"ImageObject","inLanguage":"en-US","@id":"https:\/\/fontaineo.eu\/produit\/encastrable#primaryimage","url":"https:\/\/fontaineo.eu\/wp-content\/uploads\/2025\/03\/fontaine-encastrable-fontaineo.png","contentUrl":"https:\/\/fontaineo.eu\/wp-content\/uploads\/2025\/03\/fontaine-encastrable-fontaineo.png","width":600,"height":600,"caption":"Station de remplissage murale pour bouteilles d'eau, \u00e9quip\u00e9e de deux distributeurs et de boutons \u00e9tiquet\u00e9s pour l'eau du robinet et l'eau gazeuse. L'appareil est install\u00e9 sur un panneau ext\u00e9rieur en bois, surmont\u00e9 d'un \u00e9clairage circulaire."},{"@type":"BreadcrumbList","@id":"https:\/\/fontaineo.eu\/produit\/encastrable#breadcrumb","itemListElement":[{"@type":"ListItem","position":1,"name":"Accueil","item":"https:\/\/fontaineo.eu\/"},{"@type":"ListItem","position":2,"name":"Boutique","item":"https:\/\/fontaineo.eu\/boutique"},{"@type":"ListItem","position":3,"name":"Encastrable"}]},{"@type":"WebSite","@id":"https:\/\/fontaineo.eu\/#website","url":"https:\/\/fontaineo.eu\/","name":"Fontaineo","description":"Water fountains for all your projects","publisher":{"@id":"https:\/\/fontaineo.eu\/#organization"},"potentialAction":[{"@type":"SearchAction","target":{"@type":"EntryPoint","urlTemplate":"https:\/\/fontaineo.eu\/?s={search_term_string}"},"query-input":{"@type":"PropertyValueSpecification","valueRequired":true,"valueName":"search_term_string"}}],"inLanguage":"en-US"},{"@type":"Organization","@id":"https:\/\/fontaineo.eu\/#organization","name":"Fontaineo","url":"https:\/\/fontaineo.eu\/","logo":{"@type":"ImageObject","inLanguage":"en-US","@id":"https:\/\/fontaineo.eu\/#\/schema\/logo\/image\/","url":"https:\/\/fontaineo.eu\/wp-content\/uploads\/2020\/04\/cropped-Fontaineo-logo-1.png","contentUrl":"https:\/\/fontaineo.eu\/wp-content\/uploads\/2020\/04\/cropped-Fontaineo-logo-1.png","width":3208,"height":2692,"caption":"Fontaineo"},"image":{"@id":"https:\/\/fontaineo.eu\/#\/schema\/logo\/image\/"}}]}},"_links":{"self":[{"href":"https:\/\/fontaineo.eu\/en\/wp-json\/wp\/v2\/product\/12345","targetHints":{"allow":["GET"]}}],"collection":[{"href":"https:\/\/fontaineo.eu\/en\/wp-json\/wp\/v2\/product"}],"about":[{"href":"https:\/\/fontaineo.eu\/en\/wp-json\/wp\/v2\/types\/product"}],"replies":[{"embeddable":true,"href":"https:\/\/fontaineo.eu\/en\/wp-json\/wp\/v2\/comments?post=12345"}],"wp:featuredmedia":[{"embeddable":true,"href":"https:\/\/fontaineo.eu\/en\/wp-json\/wp\/v2\/media\/12394"}],"wp:attachment":[{"href":"https:\/\/fontaineo.eu\/en\/wp-json\/wp\/v2\/media?parent=12345"}],"wp:term":[{"taxonomy":"product_brand","embeddable":true,"href":"https:\/\/fontaineo.eu\/en\/wp-json\/wp\/v2\/product_brand?post=12345"},{"taxonomy":"product_cat","embeddable":true,"href":"https:\/\/fontaineo.eu\/en\/wp-json\/wp\/v2\/product_cat?post=12345"},{"taxonomy":"product_tag","embeddable":true,"href":"https:\/\/fontaineo.eu\/en\/wp-json\/wp\/v2\/product_tag?post=12345"}],"curies":[{"name":"wp","href":"https:\/\/api.w.org\/{rel}","templated":true}]}}