{"id":12343,"date":"2025-04-16T09:36:40","date_gmt":"2025-04-16T07:36:40","guid":{"rendered":"https:\/\/fontaineo.eu\/?post_type=product&#038;p=12343"},"modified":"2025-06-06T14:13:58","modified_gmt":"2025-06-06T12:13:58","slug":"sourceo","status":"publish","type":"product","link":"https:\/\/fontaineo.eu\/en\/product\/sourceo","title":{"rendered":"Sourceo"},"content":{"rendered":"<p style=\"text-align: left\"><span style=\"color: #4c4c4c\"><span style=\"font-size: 17px\"><b>Carcass <\/b>100 liters of fresh water per hour<\/span><\/span><\/p>\n<p><span style=\"font-weight: bold;color: #4c4c4c;font-size: 17px\">Weight <\/span><span style=\"color: #4c4c4c;font-size: 17px\">230 kg <\/span><\/p>\n<p><span style=\"font-weight: bold;color: #4c4c4c;font-size: 17px\">Width <\/span><span style=\"color: #4c4c4c;font-size: 17px\">600 mm <\/span><span style=\"color: #4c4c4c;font-size: 17px\"><br \/>\n<\/span><\/p>\n<p><span style=\"color: #4c4c4c;font-size: 17px\"><b>Longueur :<\/b> 600 mm<\/span><\/p>\n<p><span style=\"font-weight: bold;color: #4c4c4c;font-size: 17px\">Height : <\/span><span style=\"color: #4c4c4c;font-size: 17px\">1 800 mm<\/span><span style=\"color: #4c4c4c;font-size: 17px\"><br \/>\n<\/span><\/p>\n<p><span style=\"font-weight: bold;color: #4c4c4c;font-size: 17px\">Panel : <\/span><span style=\"color: #4c4c4c;font-size: 17px\">304 L or 316 L stainless steel, m<\/span><span style=\"color: #4c4c4c;font-size: 17px;font-family: var( --e-global-typography-text-font-family ), Sans-serif\">Recycled and recyclable materials<\/span><\/p>\n<p><span style=\"font-weight: bold;color: #4c4c4c;font-size: 17px\">Carcass : <\/span><span style=\"color: #4c4c4c;font-size: 17px\">Painted steel<\/span><\/p>\n<p><span style=\"color: #4c4c4c\"><span style=\"font-size: 17px\"><span style=\"font-weight: bold\">Installation <\/span><\/span><\/span><span style=\"color: #4c4c4c\"><span style=\"font-size: 17px\">Outdoor, floor-standing on adjustable feet<\/span><\/span><span style=\"color: #4c4c4c;font-size: 17px\"><br \/>\n<\/span><\/p>\n<p><span style=\"color: #93c11e\"><span style=\"font-weight: bold;font-size: 17px\">Consumption <\/span><span style=\"font-size: 17px\">900 W<\/span><\/span><\/p>\n<p><span style=\"color: #93c11e\"><span style=\"font-weight: bold;font-size: 17px\">Power supply <\/span><span style=\"font-size: 17px\">230 V<\/span><\/span><\/p>\n<p>&nbsp;<\/p>","protected":false},"excerpt":{"rendered":"<p style=\"text-align: left\" class=\"translation-block\">Are you looking for a mobile and lightweight communication device?<\/p>\n<p style=\"text-align: left\"><span style=\"color: #4c4c4c\"><span style=\"font-size: 17px\">Do all traditional methods seem basic, unoriginal, and lacking in social commitment to you? <\/span><\/span><\/p>\n<p style=\"text-align: left\"><span style=\"color: #4c4c4c\"><span style=\"font-size: 17px\">La <\/span><\/span><a href=\"https:\/\/fontaineo.eu\/en\/fontaines-reseau\/\" target=\"_blank\" rel=\"noopener\">Network water cooler<\/a><span style=\"color: #4c4c4c\"><span style=\"font-size: 17px\"> <strong>Sourceo <\/strong>r\u00e9pond \u00e0 vos attentes en proposant un support <strong>compact<\/strong> adapt\u00e9 \u00e0 vos objectifs tout en restant <strong>\u00e9l\u00e9gant<\/strong> !<\/span><\/span><\/p>\n<p class=\"translation-block\">The Sourceo water cooler is a mains-connected water cooler designed for both indoor and outdoor use. Manufactured in France, it stands out for its elegant design and high-performance technical features.<\/p>","protected":false},"featured_media":4409,"comment_status":"closed","ping_status":"closed","template":"","meta":{"_acf_changed":false},"product_brand":[],"product_cat":[33,29],"product_tag":[30,31,37,35,36,32],"class_list":{"0":"post-12343","1":"product","2":"type-product","3":"status-publish","4":"has-post-thumbnail","6":"product_cat-fontaine-a-eau-exterieure","7":"product_cat-fontaine-a-eau-reseau","8":"product_tag-fontaine-a-eau-exterieure","9":"product_tag-fontaine-compacte","10":"product_tag-fontaine-pour-parc","11":"product_tag-fontaine-publique","12":"product_tag-fontaine-secteur-prive","13":"product_tag-primo","15":"first","16":"instock","17":"shipping-taxable","18":"product-type-external"},"acf":[],"yoast_head":"<!-- This site is optimized with the Yoast SEO plugin v27.4 - https:\/\/yoast.com\/product\/yoast-seo-wordpress\/ -->\n<title>Sourceo - Fontaineo<\/title>\n<meta name=\"robots\" content=\"index, follow, max-snippet:-1, max-image-preview:large, max-video-preview:-1\" \/>\n<link rel=\"canonical\" href=\"https:\/\/fontaineo.eu\/en\/product\/sourceo\" \/>\n<meta property=\"og:locale\" content=\"en_US\" \/>\n<meta property=\"og:type\" content=\"article\" \/>\n<meta property=\"og:title\" content=\"Sourceo - Fontaineo\" \/>\n<meta property=\"og:description\" content=\"Vous souhaitez un support de communication mobile et l\u00e9ger ?  Toutes les m\u00e9thodes traditionnelles vous paraissent basiques, peu originales et d\u00e9nu\u00e9es d&#039;engagement social ?  La fontaine \u00e0 eau r\u00e9seau Sourceo r\u00e9pond \u00e0 vos attentes en proposant un support compacte adapt\u00e9 \u00e0 vos objectifs tout en restant \u00e9l\u00e9gant ! La fontaine Sourceo est une fontaine \u00e0 eau raccord\u00e9e au r\u00e9seau, con\u00e7ue pour une utilisation aussi bien int\u00e9rieure qu&#039;ext\u00e9rieure. Fabriqu\u00e9e en France, elle se distingue par son design \u00e9l\u00e9gant et ses caract\u00e9ristiques techniques performantes.\" \/>\n<meta property=\"og:url\" content=\"https:\/\/fontaineo.eu\/en\/product\/sourceo\" \/>\n<meta property=\"og:site_name\" content=\"Fontaineo\" \/>\n<meta property=\"article:modified_time\" content=\"2025-06-06T12:13:58+00:00\" \/>\n<meta property=\"og:image\" content=\"https:\/\/fontaineo.eu\/wp-content\/uploads\/2023\/02\/sourceo-plus-fontaineo.jpeg\" \/>\n\t<meta property=\"og:image:width\" content=\"524\" \/>\n\t<meta property=\"og:image:height\" content=\"699\" \/>\n\t<meta property=\"og:image:type\" content=\"image\/jpeg\" \/>\n<meta name=\"twitter:card\" content=\"summary_large_image\" \/>\n<meta name=\"twitter:label1\" content=\"Est. reading time\" \/>\n\t<meta name=\"twitter:data1\" content=\"1 minute\" \/>\n<script type=\"application\/ld+json\" class=\"yoast-schema-graph\">{\"@context\":\"https:\\\/\\\/schema.org\",\"@graph\":[{\"@type\":\"WebPage\",\"@id\":\"https:\\\/\\\/fontaineo.eu\\\/produit\\\/sourceo\",\"url\":\"https:\\\/\\\/fontaineo.eu\\\/produit\\\/sourceo\",\"name\":\"Sourceo - Fontaineo\",\"isPartOf\":{\"@id\":\"https:\\\/\\\/fontaineo.eu\\\/#website\"},\"primaryImageOfPage\":{\"@id\":\"https:\\\/\\\/fontaineo.eu\\\/produit\\\/sourceo#primaryimage\"},\"image\":{\"@id\":\"https:\\\/\\\/fontaineo.eu\\\/produit\\\/sourceo#primaryimage\"},\"thumbnailUrl\":\"https:\\\/\\\/fontaineo.eu\\\/wp-content\\\/uploads\\\/2023\\\/02\\\/sourceo-plus-fontaineo.jpeg\",\"datePublished\":\"2025-04-16T07:36:40+00:00\",\"dateModified\":\"2025-06-06T12:13:58+00:00\",\"breadcrumb\":{\"@id\":\"https:\\\/\\\/fontaineo.eu\\\/produit\\\/sourceo#breadcrumb\"},\"inLanguage\":\"en-US\",\"potentialAction\":[{\"@type\":\"ReadAction\",\"target\":[\"https:\\\/\\\/fontaineo.eu\\\/produit\\\/sourceo\"]}]},{\"@type\":\"ImageObject\",\"inLanguage\":\"en-US\",\"@id\":\"https:\\\/\\\/fontaineo.eu\\\/produit\\\/sourceo#primaryimage\",\"url\":\"https:\\\/\\\/fontaineo.eu\\\/wp-content\\\/uploads\\\/2023\\\/02\\\/sourceo-plus-fontaineo.jpeg\",\"contentUrl\":\"https:\\\/\\\/fontaineo.eu\\\/wp-content\\\/uploads\\\/2023\\\/02\\\/sourceo-plus-fontaineo.jpeg\",\"width\":524,\"height\":699},{\"@type\":\"BreadcrumbList\",\"@id\":\"https:\\\/\\\/fontaineo.eu\\\/produit\\\/sourceo#breadcrumb\",\"itemListElement\":[{\"@type\":\"ListItem\",\"position\":1,\"name\":\"Accueil\",\"item\":\"https:\\\/\\\/fontaineo.eu\\\/\"},{\"@type\":\"ListItem\",\"position\":2,\"name\":\"Boutique\",\"item\":\"https:\\\/\\\/fontaineo.eu\\\/boutique\"},{\"@type\":\"ListItem\",\"position\":3,\"name\":\"Sourceo\"}]},{\"@type\":\"WebSite\",\"@id\":\"https:\\\/\\\/fontaineo.eu\\\/#website\",\"url\":\"https:\\\/\\\/fontaineo.eu\\\/\",\"name\":\"Fontaineo\",\"description\":\"Des fontaines \u00e0 eau pour tous vos projets\",\"publisher\":{\"@id\":\"https:\\\/\\\/fontaineo.eu\\\/#organization\"},\"potentialAction\":[{\"@type\":\"SearchAction\",\"target\":{\"@type\":\"EntryPoint\",\"urlTemplate\":\"https:\\\/\\\/fontaineo.eu\\\/?s={search_term_string}\"},\"query-input\":{\"@type\":\"PropertyValueSpecification\",\"valueRequired\":true,\"valueName\":\"search_term_string\"}}],\"inLanguage\":\"en-US\"},{\"@type\":\"Organization\",\"@id\":\"https:\\\/\\\/fontaineo.eu\\\/#organization\",\"name\":\"Fontaineo\",\"url\":\"https:\\\/\\\/fontaineo.eu\\\/\",\"logo\":{\"@type\":\"ImageObject\",\"inLanguage\":\"en-US\",\"@id\":\"https:\\\/\\\/fontaineo.eu\\\/#\\\/schema\\\/logo\\\/image\\\/\",\"url\":\"https:\\\/\\\/fontaineo.eu\\\/wp-content\\\/uploads\\\/2020\\\/04\\\/cropped-Fontaineo-logo-1.png\",\"contentUrl\":\"https:\\\/\\\/fontaineo.eu\\\/wp-content\\\/uploads\\\/2020\\\/04\\\/cropped-Fontaineo-logo-1.png\",\"width\":3208,\"height\":2692,\"caption\":\"Fontaineo\"},\"image\":{\"@id\":\"https:\\\/\\\/fontaineo.eu\\\/#\\\/schema\\\/logo\\\/image\\\/\"}}]}<\/script>\n<!-- \/ Yoast SEO plugin. -->","yoast_head_json":{"title":"Sourceo - Fontaineo","robots":{"index":"index","follow":"follow","max-snippet":"max-snippet:-1","max-image-preview":"max-image-preview:large","max-video-preview":"max-video-preview:-1"},"canonical":"https:\/\/fontaineo.eu\/en\/product\/sourceo","og_locale":"en_US","og_type":"article","og_title":"Sourceo - Fontaineo","og_description":"Vous souhaitez un support de communication mobile et l\u00e9ger ?  Toutes les m\u00e9thodes traditionnelles vous paraissent basiques, peu originales et d\u00e9nu\u00e9es d'engagement social ?  La fontaine \u00e0 eau r\u00e9seau Sourceo r\u00e9pond \u00e0 vos attentes en proposant un support compacte adapt\u00e9 \u00e0 vos objectifs tout en restant \u00e9l\u00e9gant ! La fontaine Sourceo est une fontaine \u00e0 eau raccord\u00e9e au r\u00e9seau, con\u00e7ue pour une utilisation aussi bien int\u00e9rieure qu'ext\u00e9rieure. Fabriqu\u00e9e en France, elle se distingue par son design \u00e9l\u00e9gant et ses caract\u00e9ristiques techniques performantes.","og_url":"https:\/\/fontaineo.eu\/en\/product\/sourceo","og_site_name":"Fontaineo","article_modified_time":"2025-06-06T12:13:58+00:00","og_image":[{"width":524,"height":699,"url":"https:\/\/fontaineo.eu\/wp-content\/uploads\/2023\/02\/sourceo-plus-fontaineo.jpeg","type":"image\/jpeg"}],"twitter_card":"summary_large_image","twitter_misc":{"Est. reading time":"1 minute"},"schema":{"@context":"https:\/\/schema.org","@graph":[{"@type":"WebPage","@id":"https:\/\/fontaineo.eu\/produit\/sourceo","url":"https:\/\/fontaineo.eu\/produit\/sourceo","name":"Sourceo - Fontaineo","isPartOf":{"@id":"https:\/\/fontaineo.eu\/#website"},"primaryImageOfPage":{"@id":"https:\/\/fontaineo.eu\/produit\/sourceo#primaryimage"},"image":{"@id":"https:\/\/fontaineo.eu\/produit\/sourceo#primaryimage"},"thumbnailUrl":"https:\/\/fontaineo.eu\/wp-content\/uploads\/2023\/02\/sourceo-plus-fontaineo.jpeg","datePublished":"2025-04-16T07:36:40+00:00","dateModified":"2025-06-06T12:13:58+00:00","breadcrumb":{"@id":"https:\/\/fontaineo.eu\/produit\/sourceo#breadcrumb"},"inLanguage":"en-US","potentialAction":[{"@type":"ReadAction","target":["https:\/\/fontaineo.eu\/produit\/sourceo"]}]},{"@type":"ImageObject","inLanguage":"en-US","@id":"https:\/\/fontaineo.eu\/produit\/sourceo#primaryimage","url":"https:\/\/fontaineo.eu\/wp-content\/uploads\/2023\/02\/sourceo-plus-fontaineo.jpeg","contentUrl":"https:\/\/fontaineo.eu\/wp-content\/uploads\/2023\/02\/sourceo-plus-fontaineo.jpeg","width":524,"height":699},{"@type":"BreadcrumbList","@id":"https:\/\/fontaineo.eu\/produit\/sourceo#breadcrumb","itemListElement":[{"@type":"ListItem","position":1,"name":"Accueil","item":"https:\/\/fontaineo.eu\/"},{"@type":"ListItem","position":2,"name":"Boutique","item":"https:\/\/fontaineo.eu\/boutique"},{"@type":"ListItem","position":3,"name":"Sourceo"}]},{"@type":"WebSite","@id":"https:\/\/fontaineo.eu\/#website","url":"https:\/\/fontaineo.eu\/","name":"Fontaineo","description":"Water fountains for all your projects","publisher":{"@id":"https:\/\/fontaineo.eu\/#organization"},"potentialAction":[{"@type":"SearchAction","target":{"@type":"EntryPoint","urlTemplate":"https:\/\/fontaineo.eu\/?s={search_term_string}"},"query-input":{"@type":"PropertyValueSpecification","valueRequired":true,"valueName":"search_term_string"}}],"inLanguage":"en-US"},{"@type":"Organization","@id":"https:\/\/fontaineo.eu\/#organization","name":"Fontaineo","url":"https:\/\/fontaineo.eu\/","logo":{"@type":"ImageObject","inLanguage":"en-US","@id":"https:\/\/fontaineo.eu\/#\/schema\/logo\/image\/","url":"https:\/\/fontaineo.eu\/wp-content\/uploads\/2020\/04\/cropped-Fontaineo-logo-1.png","contentUrl":"https:\/\/fontaineo.eu\/wp-content\/uploads\/2020\/04\/cropped-Fontaineo-logo-1.png","width":3208,"height":2692,"caption":"Fontaineo"},"image":{"@id":"https:\/\/fontaineo.eu\/#\/schema\/logo\/image\/"}}]}},"_links":{"self":[{"href":"https:\/\/fontaineo.eu\/en\/wp-json\/wp\/v2\/product\/12343","targetHints":{"allow":["GET"]}}],"collection":[{"href":"https:\/\/fontaineo.eu\/en\/wp-json\/wp\/v2\/product"}],"about":[{"href":"https:\/\/fontaineo.eu\/en\/wp-json\/wp\/v2\/types\/product"}],"replies":[{"embeddable":true,"href":"https:\/\/fontaineo.eu\/en\/wp-json\/wp\/v2\/comments?post=12343"}],"wp:featuredmedia":[{"embeddable":true,"href":"https:\/\/fontaineo.eu\/en\/wp-json\/wp\/v2\/media\/4409"}],"wp:attachment":[{"href":"https:\/\/fontaineo.eu\/en\/wp-json\/wp\/v2\/media?parent=12343"}],"wp:term":[{"taxonomy":"product_brand","embeddable":true,"href":"https:\/\/fontaineo.eu\/en\/wp-json\/wp\/v2\/product_brand?post=12343"},{"taxonomy":"product_cat","embeddable":true,"href":"https:\/\/fontaineo.eu\/en\/wp-json\/wp\/v2\/product_cat?post=12343"},{"taxonomy":"product_tag","embeddable":true,"href":"https:\/\/fontaineo.eu\/en\/wp-json\/wp\/v2\/product_tag?post=12343"}],"curies":[{"name":"wp","href":"https:\/\/api.w.org\/{rel}","templated":true}]}}