{"id":12340,"date":"2025-04-16T09:36:40","date_gmt":"2025-04-16T07:36:40","guid":{"rendered":"https:\/\/fontaineo.eu\/?post_type=product&#038;p=12340"},"modified":"2025-06-06T14:12:36","modified_gmt":"2025-06-06T12:12:36","slug":"primo","status":"publish","type":"product","link":"https:\/\/fontaineo.eu\/en\/product\/primo","title":{"rendered":"Prim'O"},"content":{"rendered":"<p style=\"text-align: left\"><span style=\"color: #4c4c4c\"><span style=\"font-size: 17px\"><b>Distribution:<\/b> Unlimited still water from your network<\/span><\/span><\/p>\n<div class=\"elementor-element elementor-element-f78baca elementor-widget elementor-widget-text-editor\" data-id=\"f78baca\" data-element_type=\"widget\" data-widget_type=\"text-editor.default\">\n<div class=\"elementor-widget-container\">\n<p style=\"text-align: left\"><span style=\"color: #4c4c4c\"><span style=\"font-size: 17px\"><b>Carcass <\/b>Up to 20 to 30 liters of fresh water per hour<\/span><\/span><\/p>\n<p><span style=\"font-weight: bold;color: #4c4c4c;font-size: 17px\">Weight <\/span><span style=\"color: #4c4c4c;font-size: 17px\">100 kg \/ 80 kg<\/span><\/p>\n<p><span style=\"font-weight: bold;color: #4c4c4c;font-size: 17px\">Width <\/span><span style=\"color: #4c4c4c;font-size: 17px\">400 mm<\/span><span style=\"color: #4c4c4c;font-size: 17px\"><br \/>\n<\/span><\/p>\n<p><span style=\"font-weight: bold;color: #4c4c4c;font-size: 17px\">Height : <\/span><span style=\"color: #4c4c4c;font-size: 17px\">1 900 mm \/ 1 300 mm<\/span><span style=\"color: #4c4c4c;font-size: 17px\"><br \/>\n<\/span><\/p>\n<p><span style=\"font-weight: bold;color: #4c4c4c;font-size: 17px\">Panel : <\/span><span style=\"color: #4c4c4c;font-size: 17px\">304 L or 316 L stainless steel, m<\/span><span style=\"color: #4c4c4c;font-size: 17px;font-family: var( --e-global-typography-text-font-family ), Sans-serif\">Recycled and recyclable materials<\/span><\/p>\n<p><span style=\"font-weight: bold;color: #4c4c4c;font-size: 17px\">Carcass : <\/span><span style=\"color: #4c4c4c;font-size: 17px\">Electrogalvanized steel<\/span><\/p>\n<p><span style=\"color: #4c4c4c\"><span style=\"font-size: 17px\"><span style=\"font-weight: bold\">Installation <\/span><\/span><\/span><span style=\"color: #4c4c4c\"><span style=\"font-size: 17px\">Outdoor, floor mounting or with concrete\/metal base (depending on installation)<\/span><\/span><span style=\"color: #4c4c4c;font-size: 17px\"><br \/>\n<\/span><\/p>\n<p><span style=\"color: #93c11e\"><span style=\"font-weight: bold;font-size: 17px\">Consumption <\/span><span style=\"font-size: 17px\">30 W<\/span><\/span><\/p>\n<p><span style=\"color: #93c11e\"><span style=\"font-weight: bold;font-size: 17px\">Power supply <\/span><span style=\"font-size: 17px\">12 Vdc ou 24 Vdc<\/span><\/span><\/p>\n<\/div>\n<p>&nbsp;<\/p>\n<\/div>","protected":false},"excerpt":{"rendered":"<p class=\"translation-block\">The PRIM'O fountain is a genuine \"https:\/\/fontaineo.eu\/en\/fontaines-reseau\" target=\" mains water fountain that combines modern design, compactness, and ease of use.<\/p>\n<p>Its container detection system, integrated into the bottom of the panel, guarantees a smooth and intuitive experience. 100% customizable, it adapts perfectly to its environment for seamless integration.<\/p>\n<p>Ideal for parks, stadiums, streets, and squares, it offers an elegant and pratical solution for outdoor access to water<\/p>","protected":false},"featured_media":4415,"comment_status":"closed","ping_status":"closed","template":"","meta":{"_acf_changed":false},"product_brand":[],"product_cat":[33,29],"product_tag":[30,31,37,35,36,32],"class_list":{"0":"post-12340","1":"product","2":"type-product","3":"status-publish","4":"has-post-thumbnail","6":"product_cat-fontaine-a-eau-exterieure","7":"product_cat-fontaine-a-eau-reseau","8":"product_tag-fontaine-a-eau-exterieure","9":"product_tag-fontaine-compacte","10":"product_tag-fontaine-pour-parc","11":"product_tag-fontaine-publique","12":"product_tag-fontaine-secteur-prive","13":"product_tag-primo","15":"first","16":"instock","17":"shipping-taxable","18":"product-type-external"},"acf":[],"yoast_head":"<!-- This site is optimized with the Yoast SEO plugin v27.4 - https:\/\/yoast.com\/product\/yoast-seo-wordpress\/ -->\n<title>Prim&#039;O - Fontaineo<\/title>\n<meta name=\"robots\" content=\"index, follow, max-snippet:-1, max-image-preview:large, max-video-preview:-1\" \/>\n<link rel=\"canonical\" href=\"https:\/\/fontaineo.eu\/en\/product\/primo\" \/>\n<meta property=\"og:locale\" content=\"en_US\" \/>\n<meta property=\"og:type\" content=\"article\" \/>\n<meta property=\"og:title\" content=\"Prim&#039;O - Fontaineo\" \/>\n<meta property=\"og:description\" content=\"La fontaine PRIM\u2019O une v\u00e9ritable fontaine \u00e0 eau r\u00e9seau allie design moderne, compacit\u00e9 et simplicit\u00e9 d\u2019utilisation.  Son syst\u00e8me de d\u00e9tection des contenants, int\u00e9gr\u00e9 en fond de panneau, garantit une exp\u00e9rience fluide et intuitive. 100 % personnalisable, elle s\u2019adapte parfaitement \u00e0 son environnement pour une int\u00e9gration harmonieuse.  Id\u00e9ale pour les parcs, stades, rues et places, elle offre une solution \u00e9l\u00e9gante et pratique pour l\u2019acc\u00e8s \u00e0 l\u2019eau\u00a0en\u00a0ext\u00e9rieur.\" \/>\n<meta property=\"og:url\" content=\"https:\/\/fontaineo.eu\/en\/product\/primo\" \/>\n<meta property=\"og:site_name\" content=\"Fontaineo\" \/>\n<meta property=\"article:modified_time\" content=\"2025-06-06T12:12:36+00:00\" \/>\n<meta property=\"og:image\" content=\"https:\/\/fontaineo.eu\/wp-content\/uploads\/2023\/02\/fontaine-a-eau-primo.jpeg\" \/>\n\t<meta property=\"og:image:width\" content=\"720\" \/>\n\t<meta property=\"og:image:height\" content=\"1600\" \/>\n\t<meta property=\"og:image:type\" content=\"image\/jpeg\" \/>\n<meta name=\"twitter:card\" content=\"summary_large_image\" \/>\n<meta name=\"twitter:label1\" content=\"Est. reading time\" \/>\n\t<meta name=\"twitter:data1\" content=\"1 minute\" \/>\n<script type=\"application\/ld+json\" class=\"yoast-schema-graph\">{\"@context\":\"https:\\\/\\\/schema.org\",\"@graph\":[{\"@type\":\"WebPage\",\"@id\":\"https:\\\/\\\/fontaineo.eu\\\/produit\\\/primo\",\"url\":\"https:\\\/\\\/fontaineo.eu\\\/produit\\\/primo\",\"name\":\"Prim'O - Fontaineo\",\"isPartOf\":{\"@id\":\"https:\\\/\\\/fontaineo.eu\\\/#website\"},\"primaryImageOfPage\":{\"@id\":\"https:\\\/\\\/fontaineo.eu\\\/produit\\\/primo#primaryimage\"},\"image\":{\"@id\":\"https:\\\/\\\/fontaineo.eu\\\/produit\\\/primo#primaryimage\"},\"thumbnailUrl\":\"https:\\\/\\\/fontaineo.eu\\\/wp-content\\\/uploads\\\/2023\\\/02\\\/fontaine-a-eau-primo.jpeg\",\"datePublished\":\"2025-04-16T07:36:40+00:00\",\"dateModified\":\"2025-06-06T12:12:36+00:00\",\"breadcrumb\":{\"@id\":\"https:\\\/\\\/fontaineo.eu\\\/produit\\\/primo#breadcrumb\"},\"inLanguage\":\"en-US\",\"potentialAction\":[{\"@type\":\"ReadAction\",\"target\":[\"https:\\\/\\\/fontaineo.eu\\\/produit\\\/primo\"]}]},{\"@type\":\"ImageObject\",\"inLanguage\":\"en-US\",\"@id\":\"https:\\\/\\\/fontaineo.eu\\\/produit\\\/primo#primaryimage\",\"url\":\"https:\\\/\\\/fontaineo.eu\\\/wp-content\\\/uploads\\\/2023\\\/02\\\/fontaine-a-eau-primo.jpeg\",\"contentUrl\":\"https:\\\/\\\/fontaineo.eu\\\/wp-content\\\/uploads\\\/2023\\\/02\\\/fontaine-a-eau-primo.jpeg\",\"width\":720,\"height\":1600},{\"@type\":\"BreadcrumbList\",\"@id\":\"https:\\\/\\\/fontaineo.eu\\\/produit\\\/primo#breadcrumb\",\"itemListElement\":[{\"@type\":\"ListItem\",\"position\":1,\"name\":\"Accueil\",\"item\":\"https:\\\/\\\/fontaineo.eu\\\/\"},{\"@type\":\"ListItem\",\"position\":2,\"name\":\"Boutique\",\"item\":\"https:\\\/\\\/fontaineo.eu\\\/boutique\"},{\"@type\":\"ListItem\",\"position\":3,\"name\":\"Prim&rsquo;O\"}]},{\"@type\":\"WebSite\",\"@id\":\"https:\\\/\\\/fontaineo.eu\\\/#website\",\"url\":\"https:\\\/\\\/fontaineo.eu\\\/\",\"name\":\"Fontaineo\",\"description\":\"Des fontaines \u00e0 eau pour tous vos projets\",\"publisher\":{\"@id\":\"https:\\\/\\\/fontaineo.eu\\\/#organization\"},\"potentialAction\":[{\"@type\":\"SearchAction\",\"target\":{\"@type\":\"EntryPoint\",\"urlTemplate\":\"https:\\\/\\\/fontaineo.eu\\\/?s={search_term_string}\"},\"query-input\":{\"@type\":\"PropertyValueSpecification\",\"valueRequired\":true,\"valueName\":\"search_term_string\"}}],\"inLanguage\":\"en-US\"},{\"@type\":\"Organization\",\"@id\":\"https:\\\/\\\/fontaineo.eu\\\/#organization\",\"name\":\"Fontaineo\",\"url\":\"https:\\\/\\\/fontaineo.eu\\\/\",\"logo\":{\"@type\":\"ImageObject\",\"inLanguage\":\"en-US\",\"@id\":\"https:\\\/\\\/fontaineo.eu\\\/#\\\/schema\\\/logo\\\/image\\\/\",\"url\":\"https:\\\/\\\/fontaineo.eu\\\/wp-content\\\/uploads\\\/2020\\\/04\\\/cropped-Fontaineo-logo-1.png\",\"contentUrl\":\"https:\\\/\\\/fontaineo.eu\\\/wp-content\\\/uploads\\\/2020\\\/04\\\/cropped-Fontaineo-logo-1.png\",\"width\":3208,\"height\":2692,\"caption\":\"Fontaineo\"},\"image\":{\"@id\":\"https:\\\/\\\/fontaineo.eu\\\/#\\\/schema\\\/logo\\\/image\\\/\"}}]}<\/script>\n<!-- \/ Yoast SEO plugin. -->","yoast_head_json":{"title":"Prim'O - Fontaineo","robots":{"index":"index","follow":"follow","max-snippet":"max-snippet:-1","max-image-preview":"max-image-preview:large","max-video-preview":"max-video-preview:-1"},"canonical":"https:\/\/fontaineo.eu\/en\/product\/primo","og_locale":"en_US","og_type":"article","og_title":"Prim'O - Fontaineo","og_description":"La fontaine PRIM\u2019O une v\u00e9ritable fontaine \u00e0 eau r\u00e9seau allie design moderne, compacit\u00e9 et simplicit\u00e9 d\u2019utilisation.  Son syst\u00e8me de d\u00e9tection des contenants, int\u00e9gr\u00e9 en fond de panneau, garantit une exp\u00e9rience fluide et intuitive. 100 % personnalisable, elle s\u2019adapte parfaitement \u00e0 son environnement pour une int\u00e9gration harmonieuse.  Id\u00e9ale pour les parcs, stades, rues et places, elle offre une solution \u00e9l\u00e9gante et pratique pour l\u2019acc\u00e8s \u00e0 l\u2019eau\u00a0en\u00a0ext\u00e9rieur.","og_url":"https:\/\/fontaineo.eu\/en\/product\/primo","og_site_name":"Fontaineo","article_modified_time":"2025-06-06T12:12:36+00:00","og_image":[{"width":720,"height":1600,"url":"https:\/\/fontaineo.eu\/wp-content\/uploads\/2023\/02\/fontaine-a-eau-primo.jpeg","type":"image\/jpeg"}],"twitter_card":"summary_large_image","twitter_misc":{"Est. reading time":"1 minute"},"schema":{"@context":"https:\/\/schema.org","@graph":[{"@type":"WebPage","@id":"https:\/\/fontaineo.eu\/produit\/primo","url":"https:\/\/fontaineo.eu\/produit\/primo","name":"Prim'O - Fontaineo","isPartOf":{"@id":"https:\/\/fontaineo.eu\/#website"},"primaryImageOfPage":{"@id":"https:\/\/fontaineo.eu\/produit\/primo#primaryimage"},"image":{"@id":"https:\/\/fontaineo.eu\/produit\/primo#primaryimage"},"thumbnailUrl":"https:\/\/fontaineo.eu\/wp-content\/uploads\/2023\/02\/fontaine-a-eau-primo.jpeg","datePublished":"2025-04-16T07:36:40+00:00","dateModified":"2025-06-06T12:12:36+00:00","breadcrumb":{"@id":"https:\/\/fontaineo.eu\/produit\/primo#breadcrumb"},"inLanguage":"en-US","potentialAction":[{"@type":"ReadAction","target":["https:\/\/fontaineo.eu\/produit\/primo"]}]},{"@type":"ImageObject","inLanguage":"en-US","@id":"https:\/\/fontaineo.eu\/produit\/primo#primaryimage","url":"https:\/\/fontaineo.eu\/wp-content\/uploads\/2023\/02\/fontaine-a-eau-primo.jpeg","contentUrl":"https:\/\/fontaineo.eu\/wp-content\/uploads\/2023\/02\/fontaine-a-eau-primo.jpeg","width":720,"height":1600},{"@type":"BreadcrumbList","@id":"https:\/\/fontaineo.eu\/produit\/primo#breadcrumb","itemListElement":[{"@type":"ListItem","position":1,"name":"Accueil","item":"https:\/\/fontaineo.eu\/"},{"@type":"ListItem","position":2,"name":"Boutique","item":"https:\/\/fontaineo.eu\/boutique"},{"@type":"ListItem","position":3,"name":"Prim&rsquo;O"}]},{"@type":"WebSite","@id":"https:\/\/fontaineo.eu\/#website","url":"https:\/\/fontaineo.eu\/","name":"Fontaineo","description":"Water fountains for all your projects","publisher":{"@id":"https:\/\/fontaineo.eu\/#organization"},"potentialAction":[{"@type":"SearchAction","target":{"@type":"EntryPoint","urlTemplate":"https:\/\/fontaineo.eu\/?s={search_term_string}"},"query-input":{"@type":"PropertyValueSpecification","valueRequired":true,"valueName":"search_term_string"}}],"inLanguage":"en-US"},{"@type":"Organization","@id":"https:\/\/fontaineo.eu\/#organization","name":"Fontaineo","url":"https:\/\/fontaineo.eu\/","logo":{"@type":"ImageObject","inLanguage":"en-US","@id":"https:\/\/fontaineo.eu\/#\/schema\/logo\/image\/","url":"https:\/\/fontaineo.eu\/wp-content\/uploads\/2020\/04\/cropped-Fontaineo-logo-1.png","contentUrl":"https:\/\/fontaineo.eu\/wp-content\/uploads\/2020\/04\/cropped-Fontaineo-logo-1.png","width":3208,"height":2692,"caption":"Fontaineo"},"image":{"@id":"https:\/\/fontaineo.eu\/#\/schema\/logo\/image\/"}}]}},"_links":{"self":[{"href":"https:\/\/fontaineo.eu\/en\/wp-json\/wp\/v2\/product\/12340","targetHints":{"allow":["GET"]}}],"collection":[{"href":"https:\/\/fontaineo.eu\/en\/wp-json\/wp\/v2\/product"}],"about":[{"href":"https:\/\/fontaineo.eu\/en\/wp-json\/wp\/v2\/types\/product"}],"replies":[{"embeddable":true,"href":"https:\/\/fontaineo.eu\/en\/wp-json\/wp\/v2\/comments?post=12340"}],"wp:featuredmedia":[{"embeddable":true,"href":"https:\/\/fontaineo.eu\/en\/wp-json\/wp\/v2\/media\/4415"}],"wp:attachment":[{"href":"https:\/\/fontaineo.eu\/en\/wp-json\/wp\/v2\/media?parent=12340"}],"wp:term":[{"taxonomy":"product_brand","embeddable":true,"href":"https:\/\/fontaineo.eu\/en\/wp-json\/wp\/v2\/product_brand?post=12340"},{"taxonomy":"product_cat","embeddable":true,"href":"https:\/\/fontaineo.eu\/en\/wp-json\/wp\/v2\/product_cat?post=12340"},{"taxonomy":"product_tag","embeddable":true,"href":"https:\/\/fontaineo.eu\/en\/wp-json\/wp\/v2\/product_tag?post=12340"}],"curies":[{"name":"wp","href":"https:\/\/api.w.org\/{rel}","templated":true}]}}