{"id":535,"date":"2020-04-27T16:20:22","date_gmt":"2020-04-27T14:20:22","guid":{"rendered":"https:\/\/fontaineo.live-website.com\/?page_id=535"},"modified":"2020-04-27T16:25:08","modified_gmt":"2020-04-27T14:25:08","slug":"sitemap","status":"publish","type":"page","link":"https:\/\/fontaineo.eu\/en\/sitemap","title":{"rendered":"Sitemap"},"content":{"rendered":"<div data-elementor-type=\"wp-page\" data-elementor-id=\"535\" class=\"elementor elementor-535\" data-elementor-post-type=\"page\">\n\t\t\t\t\t\t<section class=\"elementor-section elementor-top-section elementor-element elementor-element-37a6f6a elementor-section-boxed elementor-section-height-default elementor-section-height-default\" data-id=\"37a6f6a\" data-element_type=\"section\" data-e-type=\"section\">\n\t\t\t\t\t\t<div class=\"elementor-container elementor-column-gap-default\">\n\t\t\t\t\t<div class=\"elementor-column elementor-col-100 elementor-top-column elementor-element elementor-element-1cdc022\" data-id=\"1cdc022\" data-element_type=\"column\" data-e-type=\"column\">\n\t\t\t<div class=\"elementor-widget-wrap elementor-element-populated\">\n\t\t\t\t\t\t<div class=\"elementor-element elementor-element-9889576 elementor-widget elementor-widget-heading\" data-id=\"9889576\" data-element_type=\"widget\" data-e-type=\"widget\" data-widget_type=\"heading.default\">\n\t\t\t\t<div class=\"elementor-widget-container\">\n\t\t\t\t\t<h2 class=\"elementor-heading-title elementor-size-default\">Sitemap<\/h2>\t\t\t\t<\/div>\n\t\t\t\t<\/div>\n\t\t\t\t\t<\/div>\n\t\t<\/div>\n\t\t\t\t\t<\/div>\n\t\t<\/section>\n\t\t\t\t<section class=\"elementor-section elementor-top-section elementor-element elementor-element-02b9290 elementor-section-boxed elementor-section-height-default elementor-section-height-default\" data-id=\"02b9290\" data-element_type=\"section\" data-e-type=\"section\">\n\t\t\t\t\t\t<div class=\"elementor-container elementor-column-gap-default\">\n\t\t\t\t\t<div class=\"elementor-column elementor-col-100 elementor-top-column elementor-element elementor-element-ee9c42e\" data-id=\"ee9c42e\" data-element_type=\"column\" data-e-type=\"column\">\n\t\t\t<div class=\"elementor-widget-wrap elementor-element-populated\">\n\t\t\t\t\t\t<div class=\"elementor-element elementor-element-78b1692 elementor-widget elementor-widget-sitemap\" data-id=\"78b1692\" data-element_type=\"widget\" data-e-type=\"widget\" data-widget_type=\"sitemap.default\">\n\t\t\t\t<div class=\"elementor-widget-container\">\n\t\t\t\t\t<div class=\"elementor-sitemap-wrap\"><div class=\"elementor-sitemap-section\"><h2 class=\"elementor-sitemap-title elementor-sitemap-page-title\"> <\/h2><ul class=\"elementor-sitemap-list elementor-sitemap-page-list\"><li class=\"elementor-sitemap-item elementor-sitemap-item-page page_item page-item-256\"><a href=\"https:\/\/fontaineo.eu\/en\/financing\">Financement<\/a><\/li><li class=\"elementor-sitemap-item elementor-sitemap-item-page page_item page-item-516\"><a href=\"https:\/\/fontaineo.eu\/en\/legal-notices\">Legal notices<\/a><\/li><li class=\"elementor-sitemap-item elementor-sitemap-item-page page_item page-item-8452\"><a href=\"https:\/\/fontaineo.eu\/en\/festivals-and-outdoor-events\">Festivals and outdoor events<\/a><\/li><li class=\"elementor-sitemap-item elementor-sitemap-item-page page_item page-item-7430\"><a href=\"https:\/\/fontaineo.eu\/en\/water-fountains-for-factory\">Factory water cooler<\/a><\/li><li class=\"elementor-sitemap-item elementor-sitemap-item-page page_item page-item-1800\"><a href=\"https:\/\/fontaineo.eu\/en\/outdoor-drinking-water-fountains\">Fontaine \u00e0 eau potable ext\u00e9rieure<\/a><\/li><li class=\"elementor-sitemap-item elementor-sitemap-item-page page_item page-item-265\"><a href=\"https:\/\/fontaineo.eu\/en\/install-fontaineo-water-fountains\">Installation d&rsquo;une fontaine \u00e0 eau raccord\u00e9e<\/a><\/li><li class=\"elementor-sitemap-item elementor-sitemap-item-page page_item page-item-525\"><a href=\"https:\/\/fontaineo.eu\/en\/privacy-policies\">Privacy Policy<\/a><\/li><li class=\"elementor-sitemap-item elementor-sitemap-item-page page_item page-item-529\"><a href=\"https:\/\/fontaineo.eu\/en\/cookies\">Cookies<\/a><\/li><li class=\"elementor-sitemap-item elementor-sitemap-item-page page_item page-item-13075\"><a href=\"https:\/\/fontaineo.eu\/en\/fontaine-a-eau-stade\">Fontaine \u00e0 eau stades<\/a><\/li><li class=\"elementor-sitemap-item elementor-sitemap-item-page page_item page-item-5653\"><a href=\"https:\/\/fontaineo.eu\/en\/drinking-water-fountains\">Water coolers<\/a><\/li><li class=\"elementor-sitemap-item elementor-sitemap-item-page page_item page-item-535\"><a href=\"https:\/\/fontaineo.eu\/en\/sitemap\">Sitemap<\/a><\/li><li class=\"elementor-sitemap-item elementor-sitemap-item-page page_item page-item-287\"><a href=\"https:\/\/fontaineo.eu\/en\/security-system\">Syst\u00e8me de s\u00e9curit\u00e9<\/a><\/li><li class=\"elementor-sitemap-item elementor-sitemap-item-page page_item page-item-7458\"><a href=\"https:\/\/fontaineo.eu\/en\/airport-water-fountains\">Water fountain for airports<\/a><\/li><li class=\"elementor-sitemap-item elementor-sitemap-item-page page_item page-item-11311\"><a href=\"https:\/\/fontaineo.eu\/en\/drinking-water-fountains\/sparkling-water\">Sparkling water option<\/a><\/li><li class=\"elementor-sitemap-item elementor-sitemap-item-page page_item page-item-308\"><a href=\"https:\/\/fontaineo.eu\/en\/consumables\">Consommables et Entretiens<\/a><\/li><li class=\"elementor-sitemap-item elementor-sitemap-item-page page_item page-item-822\"><a href=\"https:\/\/fontaineo.eu\/en\/sectors-and-industries\">Our sectors<\/a><\/li><li class=\"elementor-sitemap-item elementor-sitemap-item-page page_item page-item-7480\"><a href=\"https:\/\/fontaineo.eu\/en\/water-fountains-for-public-access-facilities\">Water fountain for public-access buildings<\/a><\/li><li class=\"elementor-sitemap-item elementor-sitemap-item-page page_item page-item-13378\"><a href=\"https:\/\/fontaineo.eu\/en\/fontaine-a-eau-parcs-dattractions-zoo\">Fontaine \u00e0 eau Parcs d&rsquo;attractions &amp; Zoo<\/a><\/li><li class=\"elementor-sitemap-item elementor-sitemap-item-page page_item page-item-4167\"><a href=\"https:\/\/fontaineo.eu\/en\/locations\">Locations<\/a><\/li><li class=\"elementor-sitemap-item elementor-sitemap-item-page page_item page-item-11338\"><a href=\"https:\/\/fontaineo.eu\/en\/drinking-water-fountains\/chilled-water\">Chilled water<\/a><\/li><li class=\"elementor-sitemap-item elementor-sitemap-item-page page_item page-item-13134\"><a href=\"https:\/\/fontaineo.eu\/en\/maintenance-fontaine-a-eau\">Maintenance fontaine \u00e0 eau r\u00e9seau<\/a><\/li><li class=\"elementor-sitemap-item elementor-sitemap-item-page page_item page-item-10575\"><a href=\"https:\/\/fontaineo.eu\/en\/drinking-water-fountains\/money-o\">Mod\u00e8le Money&rsquo;O<\/a><\/li><li class=\"elementor-sitemap-item elementor-sitemap-item-page page_item page-item-3664\"><a href=\"https:\/\/fontaineo.eu\/en\/map\">Implantations Fontaineo<\/a><\/li><li class=\"elementor-sitemap-item elementor-sitemap-item-page page_item page-item-5714\"><a href=\"https:\/\/fontaineo.eu\/en\/public-sector\">Public sector<\/a><\/li><li class=\"elementor-sitemap-item elementor-sitemap-item-page page_item page-item-1882\"><a href=\"https:\/\/fontaineo.eu\/en\/indoor-drinking-water-fountains\">Indoor water fountain<\/a><\/li><li class=\"elementor-sitemap-item elementor-sitemap-item-page page_item page-item-1887\"><a href=\"https:\/\/fontaineo.eu\/en\/campsites-and-leisure-facilities\">Water fountain Campings &amp; Loisirs<\/a><\/li><li class=\"elementor-sitemap-item elementor-sitemap-item-page page_item page-item-96\"><a href=\"https:\/\/fontaineo.eu\/en\">Home<\/a><\/li><li class=\"elementor-sitemap-item elementor-sitemap-item-page page_item page-item-2400\"><a href=\"https:\/\/fontaineo.eu\/en\/schedule-a-meeting\">Make an appointment<\/a><\/li><li class=\"elementor-sitemap-item elementor-sitemap-item-page page_item page-item-355\"><a href=\"https:\/\/fontaineo.eu\/en\/fontaineo-accessories\">our accessories<\/a><\/li><li class=\"elementor-sitemap-item elementor-sitemap-item-page page_item page-item-5732\"><a href=\"https:\/\/fontaineo.eu\/en\/private-industries\">Private sector<\/a><\/li><li class=\"elementor-sitemap-item elementor-sitemap-item-page page_item page-item-5480\"><a href=\"https:\/\/fontaineo.eu\/en\/water-fountain-construction-site\">Water fountain for construction and civil engineering works<\/a><\/li><li class=\"elementor-sitemap-item elementor-sitemap-item-page page_item page-item-362\"><a href=\"https:\/\/fontaineo.eu\/en\/faq\">FAQ<\/a><\/li><li class=\"elementor-sitemap-item elementor-sitemap-item-page page_item page-item-11116\"><a href=\"https:\/\/fontaineo.eu\/en\/water-fountains-train-stations\">Water fountain for railway stations<\/a><\/li><li class=\"elementor-sitemap-item elementor-sitemap-item-page page_item page-item-11630\"><a href=\"https:\/\/fontaineo.eu\/en\/drinking-water-fountains\/aquatys\">Aqua'tys<\/a><\/li><li class=\"elementor-sitemap-item elementor-sitemap-item-page page_item page-item-13169\"><a href=\"https:\/\/fontaineo.eu\/en\/fontaine-a-eau-reseau-pour-centre-commercial\">Fontaine \u00e0 eau r\u00e9seau pour centre commercial<\/a><\/li><li class=\"elementor-sitemap-item elementor-sitemap-item-page page_item page-item-1650\"><a href=\"https:\/\/fontaineo.eu\/en\/cities\">City<\/a><\/li><li class=\"elementor-sitemap-item elementor-sitemap-item-page page_item page-item-373 current_page_parent\"><a href=\"https:\/\/fontaineo.eu\/en\/blog\">News<\/a><\/li><li class=\"elementor-sitemap-item elementor-sitemap-item-page page_item page-item-629\"><a href=\"https:\/\/fontaineo.eu\/en\/contact\">contact<\/a><\/li><li class=\"elementor-sitemap-item elementor-sitemap-item-page page_item page-item-6261\"><a href=\"https:\/\/fontaineo.eu\/en\/drinking-water-fountains\/cascatello\">Cascatell'O<\/a><\/li><li class=\"elementor-sitemap-item elementor-sitemap-item-page page_item page-item-12150\"><a href=\"https:\/\/fontaineo.eu\/en\/store\">Store<\/a><\/li><li class=\"elementor-sitemap-item elementor-sitemap-item-page page_item page-item-12151\"><a href=\"https:\/\/fontaineo.eu\/en\/basket\">Panier<\/a><\/li><li class=\"elementor-sitemap-item elementor-sitemap-item-page page_item page-item-12152\"><a href=\"https:\/\/fontaineo.eu\/en\/commander\">Validation de la commande<\/a><\/li><li class=\"elementor-sitemap-item elementor-sitemap-item-page page_item page-item-12153\"><a href=\"https:\/\/fontaineo.eu\/en\/mon-compte\">Mon compte<\/a><\/li><li class=\"elementor-sitemap-item elementor-sitemap-item-page page_item page-item-6268\"><a href=\"https:\/\/fontaineo.eu\/en\/drinking-water-fountains\/built-in\">Built-in<\/a><\/li><li class=\"elementor-sitemap-item elementor-sitemap-item-page page_item page-item-7809\"><a href=\"https:\/\/fontaineo.eu\/en\/water-fountains-hotel\">Water fountain Hotel<\/a><\/li><li class=\"elementor-sitemap-item elementor-sitemap-item-page page_item page-item-12676\"><a href=\"https:\/\/fontaineo.eu\/en\/rent-a-drinking-water-fountains\">Water cooler rental<\/a><\/li><li class=\"elementor-sitemap-item elementor-sitemap-item-page page_item page-item-5765\"><a href=\"https:\/\/fontaineo.eu\/en\/outdoor-recreation\">Leisure &amp; Outdoor Activities<\/a><\/li><li class=\"elementor-sitemap-item elementor-sitemap-item-page page_item page-item-11660\"><a href=\"https:\/\/fontaineo.eu\/en\/water-fountain-for-companies\">Network water cooler<\/a><\/li><li class=\"elementor-sitemap-item elementor-sitemap-item-page page_item page-item-145\"><a href=\"https:\/\/fontaineo.eu\/en\/fountains\">Networked water fountains, islands of freshness: Discover the world of Fontaineo<\/a><\/li><li class=\"elementor-sitemap-item elementor-sitemap-item-page page_item page-item-408\"><a href=\"https:\/\/fontaineo.eu\/en\/newsletter\">Newsletter<\/a><\/li><li class=\"elementor-sitemap-item elementor-sitemap-item-page page_item page-item-10648\"><a href=\"https:\/\/fontaineo.eu\/en\/water-fountain-for-port-and-marina\">Harbor<\/a><\/li><li class=\"elementor-sitemap-item elementor-sitemap-item-page page_item page-item-674\"><a href=\"https:\/\/fontaineo.eu\/en\/newsletter-contact-page\">Newsletter contact page<\/a><\/li><li class=\"elementor-sitemap-item elementor-sitemap-item-page page_item page-item-1954\"><a href=\"https:\/\/fontaineo.eu\/en\/drinkable-water-fountains-misting-system\">islands of freshness<\/a><\/li><li class=\"elementor-sitemap-item elementor-sitemap-item-page page_item page-item-7330\"><a href=\"https:\/\/fontaineo.eu\/en\/local-authorities\">Local authorities<\/a><\/li><li class=\"elementor-sitemap-item elementor-sitemap-item-page page_item page-item-419\"><a href=\"https:\/\/fontaineo.eu\/en\/reviews\">Avis clients<\/a><\/li><li class=\"elementor-sitemap-item elementor-sitemap-item-page page_item page-item-11939\"><a href=\"https:\/\/fontaineo.eu\/en\/drinking-water-fountains\/barao\">BARA\u2019O<\/a><\/li><li class=\"elementor-sitemap-item elementor-sitemap-item-page page_item page-item-13475\"><a href=\"https:\/\/fontaineo.eu\/en\/catalogues\">Catalogues<\/a><\/li><li class=\"elementor-sitemap-item elementor-sitemap-item-page page_item page-item-11947\"><a href=\"https:\/\/fontaineo.eu\/en\/drinking-water-fountains\/trailo\">Trail'o<\/a><\/li><li class=\"elementor-sitemap-item elementor-sitemap-item-page page_item page-item-5805\"><a href=\"https:\/\/fontaineo.eu\/en\/drinking-water-fountains\/sourceo\">Sourceo<\/a><\/li><li class=\"elementor-sitemap-item elementor-sitemap-item-page page_item page-item-6319\"><a href=\"https:\/\/fontaineo.eu\/en\/drinking-water-fountains\/primo\">Prim'O<\/a><\/li><li class=\"elementor-sitemap-item elementor-sitemap-item-page page_item page-item-6064\"><a href=\"https:\/\/fontaineo.eu\/en\/ressources\">Ressources<\/a><\/li><li class=\"elementor-sitemap-item elementor-sitemap-item-page page_item page-item-7348\"><a href=\"https:\/\/fontaineo.eu\/en\/water-fountain-schools-and-recreation-centers\">Water fountains for schools and leisure centers<\/a><\/li><li class=\"elementor-sitemap-item elementor-sitemap-item-page page_item page-item-11961\"><a href=\"https:\/\/fontaineo.eu\/en\/drinking-water-fountains\/sourceo-plus\">Sourceo +<\/a><\/li><li class=\"elementor-sitemap-item elementor-sitemap-item-page page_item page-item-956\"><a href=\"https:\/\/fontaineo.eu\/en\/qr-code\">QR Code<\/a><\/li><li class=\"elementor-sitemap-item elementor-sitemap-item-page page_item page-item-6334\"><a href=\"https:\/\/fontaineo.eu\/en\/drinking-water-fountains\/contemporaine-plus\">Contemporary +<\/a><\/li><li class=\"elementor-sitemap-item elementor-sitemap-item-page page_item page-item-10432\"><a href=\"https:\/\/fontaineo.eu\/en\/water-fountains-for-banks\">Water fountain Banks<\/a><\/li><li class=\"elementor-sitemap-item elementor-sitemap-item-page page_item page-item-5570\"><a href=\"https:\/\/fontaineo.eu\/en\/water-fountains-golf\">Golf water cooler<\/a><\/li><li class=\"elementor-sitemap-item elementor-sitemap-item-page page_item page-item-1732\"><a href=\"https:\/\/fontaineo.eu\/en\/water-fountains-events\">Events<\/a><\/li><li class=\"elementor-sitemap-item elementor-sitemap-item-page page_item page-item-7366\"><a href=\"https:\/\/fontaineo.eu\/en\/water-authorities\">Water authorities<\/a><\/li><li class=\"elementor-sitemap-item elementor-sitemap-item-page page_item page-item-199\"><a href=\"https:\/\/fontaineo.eu\/en\/why-choose-us\">Our mission<\/a><\/li><li class=\"elementor-sitemap-item elementor-sitemap-item-page page_item page-item-11975\"><a href=\"https:\/\/fontaineo.eu\/en\/drinking-water-fountains\/sourceo-light\">Sourceo light<\/a><\/li><li class=\"elementor-sitemap-item elementor-sitemap-item-page page_item page-item-712\"><a href=\"https:\/\/fontaineo.eu\/en\/city-news\">News in your towns<\/a><\/li><li class=\"elementor-sitemap-item elementor-sitemap-item-page page_item page-item-1225\"><a href=\"https:\/\/fontaineo.eu\/en\/shops\">Water fountain for shops and stores<\/a><\/li><li class=\"elementor-sitemap-item elementor-sitemap-item-page page_item page-item-6347\"><a href=\"https:\/\/fontaineo.eu\/en\/water-fountains-for-marathon\">Fontaine \u00e0 eau marathon<\/a><\/li><li class=\"elementor-sitemap-item elementor-sitemap-item-page page_item page-item-6353\"><a href=\"https:\/\/fontaineo.eu\/en\/water-fountains-health-facility\">Fontaine \u00e0 eau pour \u00e9tablissement de sant\u00e9<\/a><\/li><li class=\"elementor-sitemap-item elementor-sitemap-item-page page_item page-item-7387\"><a href=\"https:\/\/fontaineo.eu\/en\/water-fountains-for-gyms\">Water fountain for gym<\/a><\/li><li class=\"elementor-sitemap-item elementor-sitemap-item-page page_item page-item-10982\"><a href=\"https:\/\/fontaineo.eu\/en\/water-fountains-hospital\">Fontaine \u00e0 eau pour h\u00f4pital<\/a><\/li><li class=\"elementor-sitemap-item elementor-sitemap-item-page page_item page-item-3564\"><a href=\"https:\/\/fontaineo.eu\/en\/facilities-map\">Carte des installations<\/a><\/li><li class=\"elementor-sitemap-item elementor-sitemap-item-page page_item page-item-6639\"><a href=\"https:\/\/fontaineo.eu\/en\/drinking-water-fountains\/fontaineo\">Mod\u00e8le Fontaineo<\/a><\/li><li class=\"elementor-sitemap-item elementor-sitemap-item-page page_item page-item-12016\"><a href=\"https:\/\/fontaineo.eu\/en\/drinking-water-fountains\/primo-light\">Prim'O Light<\/a><\/li><li class=\"elementor-sitemap-item elementor-sitemap-item-page page_item page-item-7409\"><a href=\"https:\/\/fontaineo.eu\/en\/water-fountains-catering-cantine\">Water fountain for catering and canteens<\/a><\/li><li class=\"elementor-sitemap-item elementor-sitemap-item-page page_item page-item-506\"><a href=\"https:\/\/fontaineo.eu\/en\/confirmation\">Confirmation<\/a><\/li><li class=\"elementor-sitemap-item elementor-sitemap-item-page page_item page-item-511\"><a href=\"https:\/\/fontaineo.eu\/en\/contact-directory\">Contact directory<\/a><\/li><\/ul><\/div><\/div>\t\t\t\t<\/div>\n\t\t\t\t<\/div>\n\t\t\t\t\t<\/div>\n\t\t<\/div>\n\t\t\t\t\t<\/div>\n\t\t<\/section>\n\t\t\t\t<\/div>","protected":false},"excerpt":{"rendered":"<p>Sitemap<\/p>","protected":false},"author":2,"featured_media":0,"parent":0,"menu_order":0,"comment_status":"closed","ping_status":"closed","template":"elementor_header_footer","meta":{"_acf_changed":false,"footnotes":""},"class_list":["post-535","page","type-page","status-publish","hentry"],"acf":[],"yoast_head":"<!-- This site is optimized with the Yoast SEO plugin v27.4 - https:\/\/yoast.com\/product\/yoast-seo-wordpress\/ -->\n<title>Plan du site - Fontaineo<\/title>\n<meta name=\"robots\" content=\"index, follow, max-snippet:-1, max-image-preview:large, max-video-preview:-1\" \/>\n<link rel=\"canonical\" href=\"https:\/\/fontaineo.eu\/en\/sitemap\" \/>\n<meta property=\"og:locale\" content=\"en_US\" \/>\n<meta property=\"og:type\" content=\"article\" \/>\n<meta property=\"og:title\" content=\"Plan du site - Fontaineo\" \/>\n<meta property=\"og:description\" content=\"Plan du site\" \/>\n<meta property=\"og:url\" content=\"https:\/\/fontaineo.eu\/en\/sitemap\" \/>\n<meta property=\"og:site_name\" content=\"Fontaineo\" \/>\n<meta property=\"article:modified_time\" content=\"2020-04-27T14:25:08+00:00\" \/>\n<meta name=\"twitter:card\" content=\"summary_large_image\" \/>\n<script type=\"application\/ld+json\" class=\"yoast-schema-graph\">{\"@context\":\"https:\\\/\\\/schema.org\",\"@graph\":[{\"@type\":\"WebPage\",\"@id\":\"https:\\\/\\\/fontaineo.eu\\\/plan-du-site\",\"url\":\"https:\\\/\\\/fontaineo.eu\\\/plan-du-site\",\"name\":\"Plan du site - Fontaineo\",\"isPartOf\":{\"@id\":\"https:\\\/\\\/fontaineo.eu\\\/#website\"},\"datePublished\":\"2020-04-27T14:20:22+00:00\",\"dateModified\":\"2020-04-27T14:25:08+00:00\",\"breadcrumb\":{\"@id\":\"https:\\\/\\\/fontaineo.eu\\\/plan-du-site#breadcrumb\"},\"inLanguage\":\"en-US\",\"potentialAction\":[{\"@type\":\"ReadAction\",\"target\":[\"https:\\\/\\\/fontaineo.eu\\\/plan-du-site\"]}]},{\"@type\":\"BreadcrumbList\",\"@id\":\"https:\\\/\\\/fontaineo.eu\\\/plan-du-site#breadcrumb\",\"itemListElement\":[{\"@type\":\"ListItem\",\"position\":1,\"name\":\"Accueil\",\"item\":\"https:\\\/\\\/fontaineo.eu\\\/\"},{\"@type\":\"ListItem\",\"position\":2,\"name\":\"Plan du site\"}]},{\"@type\":\"WebSite\",\"@id\":\"https:\\\/\\\/fontaineo.eu\\\/#website\",\"url\":\"https:\\\/\\\/fontaineo.eu\\\/\",\"name\":\"Fontaineo\",\"description\":\"Des fontaines \u00e0 eau pour tous vos projets\",\"publisher\":{\"@id\":\"https:\\\/\\\/fontaineo.eu\\\/#organization\"},\"potentialAction\":[{\"@type\":\"SearchAction\",\"target\":{\"@type\":\"EntryPoint\",\"urlTemplate\":\"https:\\\/\\\/fontaineo.eu\\\/?s={search_term_string}\"},\"query-input\":{\"@type\":\"PropertyValueSpecification\",\"valueRequired\":true,\"valueName\":\"search_term_string\"}}],\"inLanguage\":\"en-US\"},{\"@type\":\"Organization\",\"@id\":\"https:\\\/\\\/fontaineo.eu\\\/#organization\",\"name\":\"Fontaineo\",\"url\":\"https:\\\/\\\/fontaineo.eu\\\/\",\"logo\":{\"@type\":\"ImageObject\",\"inLanguage\":\"en-US\",\"@id\":\"https:\\\/\\\/fontaineo.eu\\\/#\\\/schema\\\/logo\\\/image\\\/\",\"url\":\"https:\\\/\\\/fontaineo.eu\\\/wp-content\\\/uploads\\\/2020\\\/04\\\/cropped-Fontaineo-logo-1.png\",\"contentUrl\":\"https:\\\/\\\/fontaineo.eu\\\/wp-content\\\/uploads\\\/2020\\\/04\\\/cropped-Fontaineo-logo-1.png\",\"width\":3208,\"height\":2692,\"caption\":\"Fontaineo\"},\"image\":{\"@id\":\"https:\\\/\\\/fontaineo.eu\\\/#\\\/schema\\\/logo\\\/image\\\/\"}}]}<\/script>\n<!-- \/ Yoast SEO plugin. -->","yoast_head_json":{"title":"Plan du site - Fontaineo","robots":{"index":"index","follow":"follow","max-snippet":"max-snippet:-1","max-image-preview":"max-image-preview:large","max-video-preview":"max-video-preview:-1"},"canonical":"https:\/\/fontaineo.eu\/en\/sitemap","og_locale":"en_US","og_type":"article","og_title":"Plan du site - Fontaineo","og_description":"Plan du site","og_url":"https:\/\/fontaineo.eu\/en\/sitemap","og_site_name":"Fontaineo","article_modified_time":"2020-04-27T14:25:08+00:00","twitter_card":"summary_large_image","schema":{"@context":"https:\/\/schema.org","@graph":[{"@type":"WebPage","@id":"https:\/\/fontaineo.eu\/plan-du-site","url":"https:\/\/fontaineo.eu\/plan-du-site","name":"Plan du site - Fontaineo","isPartOf":{"@id":"https:\/\/fontaineo.eu\/#website"},"datePublished":"2020-04-27T14:20:22+00:00","dateModified":"2020-04-27T14:25:08+00:00","breadcrumb":{"@id":"https:\/\/fontaineo.eu\/plan-du-site#breadcrumb"},"inLanguage":"en-US","potentialAction":[{"@type":"ReadAction","target":["https:\/\/fontaineo.eu\/plan-du-site"]}]},{"@type":"BreadcrumbList","@id":"https:\/\/fontaineo.eu\/plan-du-site#breadcrumb","itemListElement":[{"@type":"ListItem","position":1,"name":"Accueil","item":"https:\/\/fontaineo.eu\/"},{"@type":"ListItem","position":2,"name":"Plan du site"}]},{"@type":"WebSite","@id":"https:\/\/fontaineo.eu\/#website","url":"https:\/\/fontaineo.eu\/","name":"Fontaineo","description":"Water fountains for all your projects","publisher":{"@id":"https:\/\/fontaineo.eu\/#organization"},"potentialAction":[{"@type":"SearchAction","target":{"@type":"EntryPoint","urlTemplate":"https:\/\/fontaineo.eu\/?s={search_term_string}"},"query-input":{"@type":"PropertyValueSpecification","valueRequired":true,"valueName":"search_term_string"}}],"inLanguage":"en-US"},{"@type":"Organization","@id":"https:\/\/fontaineo.eu\/#organization","name":"Fontaineo","url":"https:\/\/fontaineo.eu\/","logo":{"@type":"ImageObject","inLanguage":"en-US","@id":"https:\/\/fontaineo.eu\/#\/schema\/logo\/image\/","url":"https:\/\/fontaineo.eu\/wp-content\/uploads\/2020\/04\/cropped-Fontaineo-logo-1.png","contentUrl":"https:\/\/fontaineo.eu\/wp-content\/uploads\/2020\/04\/cropped-Fontaineo-logo-1.png","width":3208,"height":2692,"caption":"Fontaineo"},"image":{"@id":"https:\/\/fontaineo.eu\/#\/schema\/logo\/image\/"}}]}},"_links":{"self":[{"href":"https:\/\/fontaineo.eu\/en\/wp-json\/wp\/v2\/pages\/535","targetHints":{"allow":["GET"]}}],"collection":[{"href":"https:\/\/fontaineo.eu\/en\/wp-json\/wp\/v2\/pages"}],"about":[{"href":"https:\/\/fontaineo.eu\/en\/wp-json\/wp\/v2\/types\/page"}],"author":[{"embeddable":true,"href":"https:\/\/fontaineo.eu\/en\/wp-json\/wp\/v2\/users\/2"}],"replies":[{"embeddable":true,"href":"https:\/\/fontaineo.eu\/en\/wp-json\/wp\/v2\/comments?post=535"}],"version-history":[{"count":0,"href":"https:\/\/fontaineo.eu\/en\/wp-json\/wp\/v2\/pages\/535\/revisions"}],"wp:attachment":[{"href":"https:\/\/fontaineo.eu\/en\/wp-json\/wp\/v2\/media?parent=535"}],"curies":[{"name":"wp","href":"https:\/\/api.w.org\/{rel}","templated":true}]}}