{"id":525,"date":"2020-04-27T13:33:36","date_gmt":"2020-04-27T11:33:36","guid":{"rendered":"https:\/\/fontaineo.live-website.com\/?page_id=525"},"modified":"2020-04-27T13:35:48","modified_gmt":"2020-04-27T11:35:48","slug":"privacy-policies","status":"publish","type":"page","link":"https:\/\/fontaineo.eu\/en\/privacy-policies","title":{"rendered":"Privacy Policy"},"content":{"rendered":"<div data-elementor-type=\"wp-page\" data-elementor-id=\"525\" class=\"elementor elementor-525\" data-elementor-post-type=\"page\">\n\t\t\t\t\t\t<section class=\"elementor-section elementor-top-section elementor-element elementor-element-9f7ce08 elementor-section-boxed elementor-section-height-default elementor-section-height-default\" data-id=\"9f7ce08\" data-element_type=\"section\" data-e-type=\"section\">\n\t\t\t\t\t\t<div class=\"elementor-container elementor-column-gap-default\">\n\t\t\t\t\t<div class=\"elementor-column elementor-col-100 elementor-top-column elementor-element elementor-element-90fdd3d\" data-id=\"90fdd3d\" data-element_type=\"column\" data-e-type=\"column\">\n\t\t\t<div class=\"elementor-widget-wrap elementor-element-populated\">\n\t\t\t\t\t\t<div class=\"elementor-element elementor-element-7bfcc8e elementor-widget elementor-widget-heading\" data-id=\"7bfcc8e\" data-element_type=\"widget\" data-e-type=\"widget\" data-widget_type=\"heading.default\">\n\t\t\t\t<div class=\"elementor-widget-container\">\n\t\t\t\t\t<h2 class=\"elementor-heading-title elementor-size-default\">Privacy Policy<\/h2>\t\t\t\t<\/div>\n\t\t\t\t<\/div>\n\t\t\t\t<div class=\"elementor-element elementor-element-630bd11 elementor-widget elementor-widget-text-editor\" data-id=\"630bd11\" data-element_type=\"widget\" data-e-type=\"widget\" data-widget_type=\"text-editor.default\">\n\t\t\t\t<div class=\"elementor-widget-container\">\n\t\t\t\t\t\t\t\t\t<p>In accordance with the French Data Protection Act no. 78-17 of January 6, 1978, as amended, and the General Regulation on the Protection of Personal Data (hereinafter \"RGPD\") no. 2016\/679\/EU of April 27, 2016, Fontaineo, in its capacity as data controller, guarantees respect for the privacy of Users of the Site.<\/p><p>The User, a natural person, is hereby informed that the information he or she communicates via the Site, either on the basis of pre-contractual measures or the execution of a contract, or on the basis of the legitimate interest pursued by Fontaineo in order to be able to respond to his or her requests, is intended for use by Fontaineo's authorized departments for the purpose of managing customer and prospective customer relations.<\/p><p>When consulting the Site or accessing Fontaineo's online services, the User may be asked to voluntarily provide certain personal data (surname, first name, company, e-mail address, telephone number, identifiers). The collection forms on the Site specify the purpose, the recipients, the retention period and the mandatory or optional nature of the data requested by means of an asterisk.<\/p><p>Personal data collected and processed on the Site is protected by appropriate technical and organizational measures to ensure a level of security appropriate to the risk.<\/p><p>Users of the Site are informed that they have the right to access, rectify, delete, limit, port (where applicable) and object to data concerning them. The User may exercise these rights by contacting Fontaineo's DPO department at contact@fontaineo.eu .<\/p><p>The User also has the right to lodge a complaint with the CNIL.<\/p><p>In addition, each newsletter sent by Fontaineo tells you how to unsubscribe.<\/p><p>Users of the Site are required to comply with the provisions of the Data Protection Act and the RGPD, in particular by refraining from any collection or misuse of personal data to which they have access.<\/p>\t\t\t\t\t\t\t\t<\/div>\n\t\t\t\t<\/div>\n\t\t\t\t\t<\/div>\n\t\t<\/div>\n\t\t\t\t\t<\/div>\n\t\t<\/section>\n\t\t\t\t<\/div>","protected":false},"excerpt":{"rendered":"<p>Politique de confidentialit\u00e9 Conform\u00e9ment \u00e0 la loi Informatique et Libert\u00e9s n\u00b078-17 du 6 janvier 1978 modifi\u00e9e et au R\u00e8glement G\u00e9n\u00e9ral sur la Protection des Donn\u00e9es \u00e0 caract\u00e8re personnel (ci-apr\u00e8s \u00ab RGPD \u00bb) n\u00b0 2016\/679\/UE du 27 avril 2016, Fontaineo, en qualit\u00e9 de responsable de traitement, garantit le respect de la vie priv\u00e9e des Utilisateurs du [&hellip;]<\/p>","protected":false},"author":2,"featured_media":0,"parent":0,"menu_order":0,"comment_status":"closed","ping_status":"closed","template":"elementor_header_footer","meta":{"_acf_changed":false,"footnotes":""},"class_list":["post-525","page","type-page","status-publish","hentry"],"acf":[],"yoast_head":"<!-- This site is optimized with the Yoast SEO plugin v27.4 - https:\/\/yoast.com\/product\/yoast-seo-wordpress\/ -->\n<title>Politique de confidentialit\u00e9 - Fontaineo<\/title>\n<meta name=\"robots\" content=\"index, follow, max-snippet:-1, max-image-preview:large, max-video-preview:-1\" \/>\n<link rel=\"canonical\" href=\"https:\/\/fontaineo.eu\/en\/privacy-policies\" \/>\n<meta property=\"og:locale\" content=\"en_US\" \/>\n<meta property=\"og:type\" content=\"article\" \/>\n<meta property=\"og:title\" content=\"Politique de confidentialit\u00e9 - Fontaineo\" \/>\n<meta property=\"og:description\" content=\"Politique de confidentialit\u00e9 Conform\u00e9ment \u00e0 la loi Informatique et Libert\u00e9s n\u00b078-17 du 6 janvier 1978 modifi\u00e9e et au R\u00e8glement G\u00e9n\u00e9ral sur la Protection des Donn\u00e9es \u00e0 caract\u00e8re personnel (ci-apr\u00e8s \u00ab RGPD \u00bb) n\u00b0 2016\/679\/UE du 27 avril 2016, Fontaineo, en qualit\u00e9 de responsable de traitement, garantit le respect de la vie priv\u00e9e des Utilisateurs du [&hellip;]\" \/>\n<meta property=\"og:url\" content=\"https:\/\/fontaineo.eu\/en\/privacy-policies\" \/>\n<meta property=\"og:site_name\" content=\"Fontaineo\" \/>\n<meta property=\"article:modified_time\" content=\"2020-04-27T11:35:48+00:00\" \/>\n<meta name=\"twitter:card\" content=\"summary_large_image\" \/>\n<meta name=\"twitter:label1\" content=\"Est. reading time\" \/>\n\t<meta name=\"twitter:data1\" content=\"2 minutes\" \/>\n<script type=\"application\/ld+json\" class=\"yoast-schema-graph\">{\"@context\":\"https:\\\/\\\/schema.org\",\"@graph\":[{\"@type\":\"WebPage\",\"@id\":\"https:\\\/\\\/fontaineo.eu\\\/politique-de-confidentialite\",\"url\":\"https:\\\/\\\/fontaineo.eu\\\/politique-de-confidentialite\",\"name\":\"Politique de confidentialit\u00e9 - Fontaineo\",\"isPartOf\":{\"@id\":\"https:\\\/\\\/fontaineo.eu\\\/#website\"},\"datePublished\":\"2020-04-27T11:33:36+00:00\",\"dateModified\":\"2020-04-27T11:35:48+00:00\",\"breadcrumb\":{\"@id\":\"https:\\\/\\\/fontaineo.eu\\\/politique-de-confidentialite#breadcrumb\"},\"inLanguage\":\"en-US\",\"potentialAction\":[{\"@type\":\"ReadAction\",\"target\":[\"https:\\\/\\\/fontaineo.eu\\\/politique-de-confidentialite\"]}]},{\"@type\":\"BreadcrumbList\",\"@id\":\"https:\\\/\\\/fontaineo.eu\\\/politique-de-confidentialite#breadcrumb\",\"itemListElement\":[{\"@type\":\"ListItem\",\"position\":1,\"name\":\"Accueil\",\"item\":\"https:\\\/\\\/fontaineo.eu\\\/\"},{\"@type\":\"ListItem\",\"position\":2,\"name\":\"Politique de confidentialit\u00e9\"}]},{\"@type\":\"WebSite\",\"@id\":\"https:\\\/\\\/fontaineo.eu\\\/#website\",\"url\":\"https:\\\/\\\/fontaineo.eu\\\/\",\"name\":\"Fontaineo\",\"description\":\"Des fontaines \u00e0 eau pour tous vos projets\",\"publisher\":{\"@id\":\"https:\\\/\\\/fontaineo.eu\\\/#organization\"},\"potentialAction\":[{\"@type\":\"SearchAction\",\"target\":{\"@type\":\"EntryPoint\",\"urlTemplate\":\"https:\\\/\\\/fontaineo.eu\\\/?s={search_term_string}\"},\"query-input\":{\"@type\":\"PropertyValueSpecification\",\"valueRequired\":true,\"valueName\":\"search_term_string\"}}],\"inLanguage\":\"en-US\"},{\"@type\":\"Organization\",\"@id\":\"https:\\\/\\\/fontaineo.eu\\\/#organization\",\"name\":\"Fontaineo\",\"url\":\"https:\\\/\\\/fontaineo.eu\\\/\",\"logo\":{\"@type\":\"ImageObject\",\"inLanguage\":\"en-US\",\"@id\":\"https:\\\/\\\/fontaineo.eu\\\/#\\\/schema\\\/logo\\\/image\\\/\",\"url\":\"https:\\\/\\\/fontaineo.eu\\\/wp-content\\\/uploads\\\/2020\\\/04\\\/cropped-Fontaineo-logo-1.png\",\"contentUrl\":\"https:\\\/\\\/fontaineo.eu\\\/wp-content\\\/uploads\\\/2020\\\/04\\\/cropped-Fontaineo-logo-1.png\",\"width\":3208,\"height\":2692,\"caption\":\"Fontaineo\"},\"image\":{\"@id\":\"https:\\\/\\\/fontaineo.eu\\\/#\\\/schema\\\/logo\\\/image\\\/\"}}]}<\/script>\n<!-- \/ Yoast SEO plugin. -->","yoast_head_json":{"title":"Privacy policy - Fontaineo","robots":{"index":"index","follow":"follow","max-snippet":"max-snippet:-1","max-image-preview":"max-image-preview:large","max-video-preview":"max-video-preview:-1"},"canonical":"https:\/\/fontaineo.eu\/en\/privacy-policies","og_locale":"en_US","og_type":"article","og_title":"Politique de confidentialit\u00e9 - Fontaineo","og_description":"Politique de confidentialit\u00e9 Conform\u00e9ment \u00e0 la loi Informatique et Libert\u00e9s n\u00b078-17 du 6 janvier 1978 modifi\u00e9e et au R\u00e8glement G\u00e9n\u00e9ral sur la Protection des Donn\u00e9es \u00e0 caract\u00e8re personnel (ci-apr\u00e8s \u00ab RGPD \u00bb) n\u00b0 2016\/679\/UE du 27 avril 2016, Fontaineo, en qualit\u00e9 de responsable de traitement, garantit le respect de la vie priv\u00e9e des Utilisateurs du [&hellip;]","og_url":"https:\/\/fontaineo.eu\/en\/privacy-policies","og_site_name":"Fontaineo","article_modified_time":"2020-04-27T11:35:48+00:00","twitter_card":"summary_large_image","twitter_misc":{"Est. reading time":"2 minutes"},"schema":{"@context":"https:\/\/schema.org","@graph":[{"@type":"WebPage","@id":"https:\/\/fontaineo.eu\/politique-de-confidentialite","url":"https:\/\/fontaineo.eu\/politique-de-confidentialite","name":"Privacy policy - Fontaineo","isPartOf":{"@id":"https:\/\/fontaineo.eu\/#website"},"datePublished":"2020-04-27T11:33:36+00:00","dateModified":"2020-04-27T11:35:48+00:00","breadcrumb":{"@id":"https:\/\/fontaineo.eu\/politique-de-confidentialite#breadcrumb"},"inLanguage":"en-US","potentialAction":[{"@type":"ReadAction","target":["https:\/\/fontaineo.eu\/politique-de-confidentialite"]}]},{"@type":"BreadcrumbList","@id":"https:\/\/fontaineo.eu\/politique-de-confidentialite#breadcrumb","itemListElement":[{"@type":"ListItem","position":1,"name":"Accueil","item":"https:\/\/fontaineo.eu\/"},{"@type":"ListItem","position":2,"name":"Politique de confidentialit\u00e9"}]},{"@type":"WebSite","@id":"https:\/\/fontaineo.eu\/#website","url":"https:\/\/fontaineo.eu\/","name":"Fontaineo","description":"Water fountains for all your projects","publisher":{"@id":"https:\/\/fontaineo.eu\/#organization"},"potentialAction":[{"@type":"SearchAction","target":{"@type":"EntryPoint","urlTemplate":"https:\/\/fontaineo.eu\/?s={search_term_string}"},"query-input":{"@type":"PropertyValueSpecification","valueRequired":true,"valueName":"search_term_string"}}],"inLanguage":"en-US"},{"@type":"Organization","@id":"https:\/\/fontaineo.eu\/#organization","name":"Fontaineo","url":"https:\/\/fontaineo.eu\/","logo":{"@type":"ImageObject","inLanguage":"en-US","@id":"https:\/\/fontaineo.eu\/#\/schema\/logo\/image\/","url":"https:\/\/fontaineo.eu\/wp-content\/uploads\/2020\/04\/cropped-Fontaineo-logo-1.png","contentUrl":"https:\/\/fontaineo.eu\/wp-content\/uploads\/2020\/04\/cropped-Fontaineo-logo-1.png","width":3208,"height":2692,"caption":"Fontaineo"},"image":{"@id":"https:\/\/fontaineo.eu\/#\/schema\/logo\/image\/"}}]}},"_links":{"self":[{"href":"https:\/\/fontaineo.eu\/en\/wp-json\/wp\/v2\/pages\/525","targetHints":{"allow":["GET"]}}],"collection":[{"href":"https:\/\/fontaineo.eu\/en\/wp-json\/wp\/v2\/pages"}],"about":[{"href":"https:\/\/fontaineo.eu\/en\/wp-json\/wp\/v2\/types\/page"}],"author":[{"embeddable":true,"href":"https:\/\/fontaineo.eu\/en\/wp-json\/wp\/v2\/users\/2"}],"replies":[{"embeddable":true,"href":"https:\/\/fontaineo.eu\/en\/wp-json\/wp\/v2\/comments?post=525"}],"version-history":[{"count":0,"href":"https:\/\/fontaineo.eu\/en\/wp-json\/wp\/v2\/pages\/525\/revisions"}],"wp:attachment":[{"href":"https:\/\/fontaineo.eu\/en\/wp-json\/wp\/v2\/media?parent=525"}],"curies":[{"name":"wp","href":"https:\/\/api.w.org\/{rel}","templated":true}]}}