{"id":516,"date":"2020-04-27T13:17:14","date_gmt":"2020-04-27T11:17:14","guid":{"rendered":"https:\/\/fontaineo.live-website.com\/?page_id=516"},"modified":"2023-09-27T13:52:27","modified_gmt":"2023-09-27T11:52:27","slug":"legal-notices","status":"publish","type":"page","link":"https:\/\/fontaineo.eu\/en\/legal-notices","title":{"rendered":"Legal notices"},"content":{"rendered":"<div data-elementor-type=\"wp-page\" data-elementor-id=\"516\" class=\"elementor elementor-516\" data-elementor-post-type=\"page\">\n\t\t\t\t\t\t<section class=\"elementor-section elementor-top-section elementor-element elementor-element-a4b5531 elementor-section-boxed elementor-section-height-default elementor-section-height-default\" data-id=\"a4b5531\" data-element_type=\"section\" data-e-type=\"section\">\n\t\t\t\t\t\t<div class=\"elementor-container elementor-column-gap-default\">\n\t\t\t\t\t<div class=\"elementor-column elementor-col-100 elementor-top-column elementor-element elementor-element-25c3ccf\" data-id=\"25c3ccf\" data-element_type=\"column\" data-e-type=\"column\">\n\t\t\t<div class=\"elementor-widget-wrap elementor-element-populated\">\n\t\t\t\t\t\t<div class=\"elementor-element elementor-element-18e7033 elementor-widget elementor-widget-heading\" data-id=\"18e7033\" data-element_type=\"widget\" data-e-type=\"widget\" data-widget_type=\"heading.default\">\n\t\t\t\t<div class=\"elementor-widget-container\">\n\t\t\t\t\t<h1 class=\"elementor-heading-title elementor-size-default\">Legal notices<\/h1>\t\t\t\t<\/div>\n\t\t\t\t<\/div>\n\t\t\t\t\t<\/div>\n\t\t<\/div>\n\t\t\t\t\t<\/div>\n\t\t<\/section>\n\t\t\t\t<section class=\"elementor-section elementor-top-section elementor-element elementor-element-b749b23 elementor-section-boxed elementor-section-height-default elementor-section-height-default\" data-id=\"b749b23\" data-element_type=\"section\" data-e-type=\"section\">\n\t\t\t\t\t\t<div class=\"elementor-container elementor-column-gap-default\">\n\t\t\t\t\t<div class=\"elementor-column elementor-col-100 elementor-top-column elementor-element elementor-element-4409827\" data-id=\"4409827\" data-element_type=\"column\" data-e-type=\"column\">\n\t\t\t<div class=\"elementor-widget-wrap elementor-element-populated\">\n\t\t\t\t\t\t<div class=\"elementor-element elementor-element-abf482b elementor-widget elementor-widget-text-editor\" data-id=\"abf482b\" data-element_type=\"widget\" data-e-type=\"widget\" data-widget_type=\"text-editor.default\">\n\t\t\t\t<div class=\"elementor-widget-container\">\n\t\t\t\t\t\t\t\t\t<p><em><strong>Le Propri\u00e9taire du site et Responsable Publication est :<\/strong>\u00a0<\/em><\/p><p>Bernard Canonne<\/p><p>Pr\u00e9sident Fondateur Fontaineo<\/p><p>SIRET 798285591200019<\/p><p><a>20 rue Armand Japy 25460 \u00c9TUPES-MONTBELIARD<\/a><\/p><p>\u00a0<\/p><p><em><strong>L\u2019h\u00e9bergeur du site est :<\/strong><\/em><\/p><p>1 &amp; 1 Ionos SARL<br \/>7 Place de la Gare BP 70109\u00a0<br \/>57201 Sarreguemines Cedex<\/p><p><em><strong>Le Webmaster est :<\/strong><\/em><\/p><p>Alexandre Missonnier &#8211; Agence Newton<\/p><p>alexandre@agencenewton.fr<\/p><p><em><strong>\u200b<\/strong><\/em><\/p><p><em><strong>Propri\u00e9t\u00e9 intellectuelle et contrefa\u00e7ons :<\/strong><\/em><\/p><p>Le propri\u00e9taire du site est propri\u00e9taire des droits de propri\u00e9t\u00e9 intellectuelle ou d\u00e9tient les droits d\u2019usage sur tous les \u00e9l\u00e9ments accessibles sur le site, notamment les textes, images, graphismes, logo, ic\u00f4nes, sons, logiciels\u2026 Toute reproduction, repr\u00e9sentation, modification, publication, adaptation totale ou partielle des \u00e9l\u00e9ments du site, quel que soit le moyen ou le proc\u00e9d\u00e9 utilis\u00e9, est interdite. Toute exploitation non autoris\u00e9e du site ou d\u2019un quelconque de ces \u00e9l\u00e9ments qu\u2019il contient sera consid\u00e9r\u00e9e comme constitutive d\u2019une contrefa\u00e7on et poursuivie conform\u00e9ment aux dispositions des articles L.335-2 et suivants du Code de Propri\u00e9t\u00e9 Intellectuelle.<\/p><p><em><strong>Cookies :<\/strong><\/em><\/p><p>L\u2019utilisateur est inform\u00e9 que lors de ses visites sur le site, un ou des cookies sont susceptible de s\u2019installer automatiquement sur son ordinateur. Un cookie est un fichier de petite taille, qui ne permet pas l\u2019identification de l\u2019utilisateur, mais qui enregistre des informations relatives \u00e0 la navigation d\u2019un ordinateur sur un site. Les donn\u00e9es ainsi obtenues visent \u00e0 faciliter la navigation ult\u00e9rieure sur le site et ont \u00e9galement vocation \u00e0 permettre diverses mesures de fr\u00e9quentation.<br \/>Le param\u00e9trage du logiciel de navigation permet d\u2019informer de la pr\u00e9sence de cookie et \u00e9ventuellement, de refuser de la mani\u00e8re d\u00e9crite \u00e0 l\u2019adresse suivante :\u00a0<a href=\"https:\/\/l.facebook.com\/l.php?u=http%3A%2F%2Fwww.cnil.fr%2F&amp;h=AT1lrqX8JAjH-EaVjtDCY2C1NEQrAq66fewOLH3sefktdO7yKYwgGck0N3pJ1-G1BloQ5kvLFyN0Ug8t7hux-dpHoMvgMWetBrcI6url0wvHA2GDR2ha8QzoQNyKqMJvyrTsB36QOto\" target=\"_blank\" rel=\"nofollow noopener\" data-lynx-mode=\"hover\">www.cnil.fr<\/a>. Le refus d\u2019installation d\u2019un cookie peut entra\u00eener l\u2019impossibilit\u00e9 d\u2019acc\u00e9der \u00e0 certains services.<\/p>\t\t\t\t\t\t\t\t<\/div>\n\t\t\t\t<\/div>\n\t\t\t\t\t<\/div>\n\t\t<\/div>\n\t\t\t\t\t<\/div>\n\t\t<\/section>\n\t\t\t\t<\/div>","protected":false},"excerpt":{"rendered":"<p>Mentions l\u00e9gales Le Propri\u00e9taire du site et Responsable Publication est :\u00a0 Bernard Canonne Pr\u00e9sident Fondateur Fontaineo SIRET 798285591200019 20 rue Armand Japy 25460 \u00c9TUPES-MONTBELIARD \u00a0 L\u2019h\u00e9bergeur du site est : 1 &amp; 1 Ionos SARL7 Place de la Gare BP 70109\u00a057201 Sarreguemines Cedex Le Webmaster est : Alexandre Missonnier &#8211; Agence Newton alexandre@agencenewton.fr \u200b Propri\u00e9t\u00e9 [&hellip;]<\/p>","protected":false},"author":2,"featured_media":0,"parent":0,"menu_order":0,"comment_status":"closed","ping_status":"closed","template":"elementor_header_footer","meta":{"_acf_changed":false,"footnotes":""},"class_list":["post-516","page","type-page","status-publish","hentry"],"acf":[],"yoast_head":"<!-- This site is optimized with the Yoast SEO plugin v27.4 - https:\/\/yoast.com\/product\/yoast-seo-wordpress\/ -->\n<title>Mentions l\u00e9gales - Fontaineo<\/title>\n<meta name=\"robots\" content=\"index, follow, max-snippet:-1, max-image-preview:large, max-video-preview:-1\" \/>\n<link rel=\"canonical\" href=\"https:\/\/fontaineo.eu\/en\/legal-notices\" \/>\n<meta property=\"og:locale\" content=\"en_US\" \/>\n<meta property=\"og:type\" content=\"article\" \/>\n<meta property=\"og:title\" content=\"Mentions l\u00e9gales - Fontaineo\" \/>\n<meta property=\"og:description\" content=\"Mentions l\u00e9gales Le Propri\u00e9taire du site et Responsable Publication est :\u00a0 Bernard Canonne Pr\u00e9sident Fondateur Fontaineo SIRET 798285591200019 20 rue Armand Japy 25460 \u00c9TUPES-MONTBELIARD \u00a0 L\u2019h\u00e9bergeur du site est : 1 &amp; 1 Ionos SARL7 Place de la Gare BP 70109\u00a057201 Sarreguemines Cedex Le Webmaster est : Alexandre Missonnier &#8211; Agence Newton alexandre@agencenewton.fr \u200b Propri\u00e9t\u00e9 [&hellip;]\" \/>\n<meta property=\"og:url\" content=\"https:\/\/fontaineo.eu\/en\/legal-notices\" \/>\n<meta property=\"og:site_name\" content=\"Fontaineo\" \/>\n<meta property=\"article:modified_time\" content=\"2023-09-27T11:52:27+00:00\" \/>\n<meta name=\"twitter:card\" content=\"summary_large_image\" \/>\n<meta name=\"twitter:label1\" content=\"Est. reading time\" \/>\n\t<meta name=\"twitter:data1\" content=\"2 minutes\" \/>\n<script type=\"application\/ld+json\" class=\"yoast-schema-graph\">{\"@context\":\"https:\\\/\\\/schema.org\",\"@graph\":[{\"@type\":\"WebPage\",\"@id\":\"https:\\\/\\\/fontaineo.eu\\\/mentions-legales\",\"url\":\"https:\\\/\\\/fontaineo.eu\\\/mentions-legales\",\"name\":\"Mentions l\u00e9gales - Fontaineo\",\"isPartOf\":{\"@id\":\"https:\\\/\\\/fontaineo.eu\\\/#website\"},\"datePublished\":\"2020-04-27T11:17:14+00:00\",\"dateModified\":\"2023-09-27T11:52:27+00:00\",\"breadcrumb\":{\"@id\":\"https:\\\/\\\/fontaineo.eu\\\/mentions-legales#breadcrumb\"},\"inLanguage\":\"en-US\",\"potentialAction\":[{\"@type\":\"ReadAction\",\"target\":[\"https:\\\/\\\/fontaineo.eu\\\/mentions-legales\"]}]},{\"@type\":\"BreadcrumbList\",\"@id\":\"https:\\\/\\\/fontaineo.eu\\\/mentions-legales#breadcrumb\",\"itemListElement\":[{\"@type\":\"ListItem\",\"position\":1,\"name\":\"Accueil\",\"item\":\"https:\\\/\\\/fontaineo.eu\\\/\"},{\"@type\":\"ListItem\",\"position\":2,\"name\":\"Mentions l\u00e9gales\"}]},{\"@type\":\"WebSite\",\"@id\":\"https:\\\/\\\/fontaineo.eu\\\/#website\",\"url\":\"https:\\\/\\\/fontaineo.eu\\\/\",\"name\":\"Fontaineo\",\"description\":\"Des fontaines \u00e0 eau pour tous vos projets\",\"publisher\":{\"@id\":\"https:\\\/\\\/fontaineo.eu\\\/#organization\"},\"potentialAction\":[{\"@type\":\"SearchAction\",\"target\":{\"@type\":\"EntryPoint\",\"urlTemplate\":\"https:\\\/\\\/fontaineo.eu\\\/?s={search_term_string}\"},\"query-input\":{\"@type\":\"PropertyValueSpecification\",\"valueRequired\":true,\"valueName\":\"search_term_string\"}}],\"inLanguage\":\"en-US\"},{\"@type\":\"Organization\",\"@id\":\"https:\\\/\\\/fontaineo.eu\\\/#organization\",\"name\":\"Fontaineo\",\"url\":\"https:\\\/\\\/fontaineo.eu\\\/\",\"logo\":{\"@type\":\"ImageObject\",\"inLanguage\":\"en-US\",\"@id\":\"https:\\\/\\\/fontaineo.eu\\\/#\\\/schema\\\/logo\\\/image\\\/\",\"url\":\"https:\\\/\\\/fontaineo.eu\\\/wp-content\\\/uploads\\\/2020\\\/04\\\/cropped-Fontaineo-logo-1.png\",\"contentUrl\":\"https:\\\/\\\/fontaineo.eu\\\/wp-content\\\/uploads\\\/2020\\\/04\\\/cropped-Fontaineo-logo-1.png\",\"width\":3208,\"height\":2692,\"caption\":\"Fontaineo\"},\"image\":{\"@id\":\"https:\\\/\\\/fontaineo.eu\\\/#\\\/schema\\\/logo\\\/image\\\/\"}}]}<\/script>\n<!-- \/ Yoast SEO plugin. -->","yoast_head_json":{"title":"Mentions l\u00e9gales - Fontaineo","robots":{"index":"index","follow":"follow","max-snippet":"max-snippet:-1","max-image-preview":"max-image-preview:large","max-video-preview":"max-video-preview:-1"},"canonical":"https:\/\/fontaineo.eu\/en\/legal-notices","og_locale":"en_US","og_type":"article","og_title":"Mentions l\u00e9gales - Fontaineo","og_description":"Mentions l\u00e9gales Le Propri\u00e9taire du site et Responsable Publication est :\u00a0 Bernard Canonne Pr\u00e9sident Fondateur Fontaineo SIRET 798285591200019 20 rue Armand Japy 25460 \u00c9TUPES-MONTBELIARD \u00a0 L\u2019h\u00e9bergeur du site est : 1 &amp; 1 Ionos SARL7 Place de la Gare BP 70109\u00a057201 Sarreguemines Cedex Le Webmaster est : Alexandre Missonnier &#8211; Agence Newton alexandre@agencenewton.fr \u200b Propri\u00e9t\u00e9 [&hellip;]","og_url":"https:\/\/fontaineo.eu\/en\/legal-notices","og_site_name":"Fontaineo","article_modified_time":"2023-09-27T11:52:27+00:00","twitter_card":"summary_large_image","twitter_misc":{"Est. reading time":"2 minutes"},"schema":{"@context":"https:\/\/schema.org","@graph":[{"@type":"WebPage","@id":"https:\/\/fontaineo.eu\/mentions-legales","url":"https:\/\/fontaineo.eu\/mentions-legales","name":"Mentions l\u00e9gales - Fontaineo","isPartOf":{"@id":"https:\/\/fontaineo.eu\/#website"},"datePublished":"2020-04-27T11:17:14+00:00","dateModified":"2023-09-27T11:52:27+00:00","breadcrumb":{"@id":"https:\/\/fontaineo.eu\/mentions-legales#breadcrumb"},"inLanguage":"en-US","potentialAction":[{"@type":"ReadAction","target":["https:\/\/fontaineo.eu\/mentions-legales"]}]},{"@type":"BreadcrumbList","@id":"https:\/\/fontaineo.eu\/mentions-legales#breadcrumb","itemListElement":[{"@type":"ListItem","position":1,"name":"Accueil","item":"https:\/\/fontaineo.eu\/"},{"@type":"ListItem","position":2,"name":"Mentions l\u00e9gales"}]},{"@type":"WebSite","@id":"https:\/\/fontaineo.eu\/#website","url":"https:\/\/fontaineo.eu\/","name":"Fontaineo","description":"Water fountains for all your projects","publisher":{"@id":"https:\/\/fontaineo.eu\/#organization"},"potentialAction":[{"@type":"SearchAction","target":{"@type":"EntryPoint","urlTemplate":"https:\/\/fontaineo.eu\/?s={search_term_string}"},"query-input":{"@type":"PropertyValueSpecification","valueRequired":true,"valueName":"search_term_string"}}],"inLanguage":"en-US"},{"@type":"Organization","@id":"https:\/\/fontaineo.eu\/#organization","name":"Fontaineo","url":"https:\/\/fontaineo.eu\/","logo":{"@type":"ImageObject","inLanguage":"en-US","@id":"https:\/\/fontaineo.eu\/#\/schema\/logo\/image\/","url":"https:\/\/fontaineo.eu\/wp-content\/uploads\/2020\/04\/cropped-Fontaineo-logo-1.png","contentUrl":"https:\/\/fontaineo.eu\/wp-content\/uploads\/2020\/04\/cropped-Fontaineo-logo-1.png","width":3208,"height":2692,"caption":"Fontaineo"},"image":{"@id":"https:\/\/fontaineo.eu\/#\/schema\/logo\/image\/"}}]}},"_links":{"self":[{"href":"https:\/\/fontaineo.eu\/en\/wp-json\/wp\/v2\/pages\/516","targetHints":{"allow":["GET"]}}],"collection":[{"href":"https:\/\/fontaineo.eu\/en\/wp-json\/wp\/v2\/pages"}],"about":[{"href":"https:\/\/fontaineo.eu\/en\/wp-json\/wp\/v2\/types\/page"}],"author":[{"embeddable":true,"href":"https:\/\/fontaineo.eu\/en\/wp-json\/wp\/v2\/users\/2"}],"replies":[{"embeddable":true,"href":"https:\/\/fontaineo.eu\/en\/wp-json\/wp\/v2\/comments?post=516"}],"version-history":[{"count":0,"href":"https:\/\/fontaineo.eu\/en\/wp-json\/wp\/v2\/pages\/516\/revisions"}],"wp:attachment":[{"href":"https:\/\/fontaineo.eu\/en\/wp-json\/wp\/v2\/media?parent=516"}],"curies":[{"name":"wp","href":"https:\/\/api.w.org\/{rel}","templated":true}]}}